{"id":4220,"date":"2022-09-01T08:04:19","date_gmt":"2022-09-01T08:04:19","guid":{"rendered":"https:\/\/kursy-udt.pl\/?page_id=4220"},"modified":"2023-03-20T20:56:43","modified_gmt":"2023-03-20T19:56:43","slug":"pressure-equipment","status":"publish","type":"page","link":"https:\/\/kursy-udt.pl\/en\/szkolenia\/udt-wdt-tdt\/urzadzenia-cisnieniowe\/","title":{"rendered":"Pressure equipment operation course"},"content":{"rendered":"<div class=\"wp-block-image\">\n<figure class=\"alignright size-large is-resized\"><img loading=\"lazy\" decoding=\"async\" src=\"https:\/\/kursy-udt.pl\/wp-content\/uploads\/2022\/09\/1.jpeg\" alt=\"UDT qualifications\" width=\"400\" height=\"214\"\/><\/figure>\n<\/div>\n\n\n<p>Ergon invites you to a training course preparing you for work as a pressure equipment operator. During theoretical and practical classes you will learn about the construction of such equipment and how to operate it. Our experienced training staff will provide you with the knowledge you need to pass the state examination.&nbsp;<\/p>\n\n\n\n<h2 class=\"wp-block-heading\">Training program&nbsp;<\/h2>\n\n\n\n<p>To be able to operate the above-mentioned equipment, you need special qualifications. That is why we offer a course to help you obtain them. The aim of the training course is to prepare you for the independent filling and use of equipment and pressure vessels. Our training is both practical and theoretical. You will acquire knowledge concerning:&nbsp;<\/p>\n\n\n\n<ul class=\"wp-block-list\">\n<li>gases, their chemical and physical properties,&nbsp;<\/li>\n\n\n\n<li>technical supervision applicable to portable tanks,&nbsp;<\/li>\n\n\n\n<li>repairs to portable tanks, their design and performance,&nbsp;<\/li>\n\n\n\n<li>warning labels, marking, colour coding of portable tanks,&nbsp;<\/li>\n\n\n\n<li>accessories,&nbsp;<\/li>\n\n\n\n<li>filling tanks (control and working procedures),&nbsp;<\/li>\n\n\n\n<li>health and safety rules,&nbsp;<\/li>\n\n\n\n<li>storage of portable tanks.&nbsp;<\/li>\n<\/ul>\n\n\n\n<p>Practical activities concern:&nbsp;<\/p>\n\n\n\n<ol class=\"wp-block-list\" start=\"1\">\n<li>filling and use of pressure vessels - cylinders and bundles with gases:&nbsp;<\/li>\n<\/ol>\n\n\n\n<ul class=\"wp-block-list\">\n<li>dissolved (acetylene),&nbsp;<\/li>\n\n\n\n<li>compressed (air, oxygen, argon, nitrogen),&nbsp;<\/li>\n\n\n\n<li>liquefied (ammonia, nitrous oxide, carbon dioxide);&nbsp;<\/li>\n<\/ul>\n\n\n\n<ol class=\"wp-block-list\" start=\"2\">\n<li>filling and using cryogenic tanks with gases;&nbsp;<\/li>\n<\/ol>\n\n\n\n<ol class=\"wp-block-list\" start=\"3\">\n<li>handling and filling of pressure vessels with gases: argon, oxygen.&nbsp;<\/li>\n<\/ol>\n\n\n\n<p>Our training courses include elements of practice and a theoretical part. They are conducted by experienced instructors with many years of experience. The knowledge is conveyed in a very understandable way and in such a way that the UDT state exam is not a challenge for you, but only an element of gaining the necessary professional qualifications. <a href=\"https:\/\/kursy-udt.pl\/en\/kontakt\/\">Feel free to contact us<\/a> with us. Our staff will easily provide you with all the information you need. The prices with us are marketable, affordable and we always set them individually with the customer. For groups that are large and organised, we have discounts.&nbsp;&nbsp;<\/p>\n\n\n\n<figure class=\"wp-block-image size-large is-resized\"><img loading=\"lazy\" decoding=\"async\" src=\"https:\/\/kursy-udt.pl\/wp-content\/uploads\/2022\/09\/3.jpeg\" alt=\"pressure equipment\" width=\"772\" height=\"579\"\/><\/figure>\n\n\n\n<h2 class=\"wp-block-heading\">Place of training&nbsp;<\/h2>\n\n\n\n<p><a href=\"https:\/\/kursy-udt.pl\/en\/o-firmie\/\">ERGON Personnel Training Center<\/a> provides open training and closed courses. Our head office is in Warsaw, but this is not the only city where we operate. We are also present in Krakow, Katowice, Lodz, Poznan, Bydgoszcz, Gdansk, Lublin, Torun, Wroclaw, among others. We conduct trainings all over the country. If it is a closed training, we are able to travel to practically any place in Poland.&nbsp;&nbsp;<\/p>\n\n\n\n<h2 class=\"wp-block-heading\">Pressure equipment&nbsp;<\/h2>\n\n\n\n<p>The most varied pressure equipment is used virtually everywhere. They serve both domestic and professional use. If we are talking about industrial pressure equipment, we have such equipment that is subject to technical supervision, i.e. listed in the directive of the Council of Ministers of 7 December 2012. These include, for example:&nbsp;<\/p>\n\n\n\n<ul class=\"wp-block-list\">\n<li>tanks for liquefied gas,&nbsp;<\/li>\n\n\n\n<li>steam and water boilers,&nbsp;<\/li>\n\n\n\n<li>pipelines (steam, transmission, process),&nbsp;<\/li>\n\n\n\n<li>tank installation, heat exchange equipment, water boiler plant equipment,&nbsp;<\/li>\n\n\n\n<li>portable pressure vessels (greater than 0.35 dm3), including gas cylinders.&nbsp;<\/li>\n<\/ul>\n\n\n\n<p>One of the devices mentioned above is pressure vessels. What is it? Compressed air can be used in many ways. It is used in almost every branch of industry. Compressors are used to increase air pressure. However, without pressure vessels, compressors would be useless. Reservoirs are devices that are usually manufactured from stainless steel (a very strong material), and their function is primarily to relieve the compressors. Besides: they take part in the cooling of the compressors and are responsible for the constant quality control of their operation. These units store gases or liquids, or processes take place in them.&nbsp;<\/p>\n\n\n\n<h2 class=\"wp-block-heading\">Pressure vessels and UDT&nbsp;<\/h2>\n\n\n\n<p>There are many types of pressure vessels. Each can have a different capacity, and they can be horizontal or vertical. Small capacity tanks can, for example, be used in cars, agricultural or industrial vehicles. Equipment such as tanks is subject to technical supervision. They must be reported to the Office of Technical Inspection (UDT), which operates on the basis of a legal act, in particular the Act of 21 December 2000 on Technical Inspection. The UDT certificate describes the qualifications of each individual person employed in the sphere of maintenance or operation of equipment subject to technical supervision. Portable pressure vessels with a volume greater than 0.35 dm3 are also subject to UDT. They contain gases or liquids at a pressure that is higher than atmospheric. These devices:&nbsp;<\/p>\n\n\n<div class=\"wp-block-image\">\n<figure class=\"alignright size-large is-resized\"><img loading=\"lazy\" decoding=\"async\" src=\"https:\/\/kursy-udt.pl\/wp-content\/uploads\/2022\/09\/2.jpeg\" alt=\"gas cylinder\" width=\"361\" height=\"241\"\/><\/figure>\n<\/div>\n\n\n<ul class=\"wp-block-list\">\n<li>are permanently connected to mobile equipment (they serve only to transport the liquids contained in these tanks),&nbsp;<\/li>\n\n\n\n<li>change their position between filling and emptying,&nbsp;<\/li>\n\n\n\n<li>store fuel for the propulsion of the vehicles to which they are permanently connected.&nbsp;<\/li>\n<\/ul>\n\n\n\n<p>These include, for example, a fire extinguisher tank, an oxygen cylinder or a special appliance tank. Another type of tank is the cryogenic tank. These are used to store liquid gases (oxygen nitrogen argon).&nbsp;<\/p>\n\n\n\n<h2 class=\"wp-block-heading\">Our offer&nbsp;<\/h2>\n\n\n\n<p>For many professions, you need to have <a href=\"https:\/\/kursy-udt.pl\/en\/uprawnienia-udt\/kategorie-uprawnien-2\/\">UDT qualifications<\/a>to be performed. For example, for the operation of technical equipment (cranes, overhead cranes, cranes), the operation of fibre optic cables or the filling and operation of pressure equipment. ERGON, our training centre, has a variety of vocational courses for you, after which you will acquire the necessary knowledge and competence for the profession in which you wish to work. After completing the courses, you will have to take the UDT (Office of Technical Inspection) examination. Once you have passed this, you will have the necessary authorisation to work.<\/p>\n\n\n\n<p>Amongst others, we offer training:\u00a0<\/p>\n\n\n\n<ul class=\"wp-block-list\">\n<li>Occupational health and safety - initial and periodic training,&nbsp;<\/li>\n\n\n\n<li>PPE,&nbsp;<\/li>\n\n\n\n<li>for cranes,\u00a0<\/li>\n\n\n\n<li>for mobile platforms (including aerial work platforms and scissor lifts),\u00a0<\/li>\n\n\n\n<li>fibre optic welding,\u00a0<\/li>\n\n\n\n<li>maintenance and repair of UDT equipment.<\/li>\n<\/ul>\n\n\n\n<p>Examples of courses offered by ERGON&nbsp;<\/p>\n\n\n\n<figure class=\"wp-block-table\"><table><tbody><tr><td><strong>Type:<\/strong>&nbsp;<\/td><td><strong>For whom:<\/strong>&nbsp;<\/td><td><strong>Training description:<\/strong>&nbsp;<\/td><\/tr><tr><td>Mobile platforms&nbsp;<\/td><td>E.g.: for workers performing assembly work, inspecting ships.&nbsp;<\/td><td>construction and variety of suspension platforms, safety in handling equipment, strength tests,&nbsp;<\/td><\/tr><tr><td><a href=\"https:\/\/kursy-udt.pl\/en\/szkolenia\/wysokosciowe-na-uprawnienia-alpinistyczne\/\">Altitude training<\/a>&nbsp;<\/td><td>For people who want to work at heights, for example as an industrial climber.&nbsp;<\/td><td>rescue techniques, skills needed, equipment: its selection, control and handling, health and safety, legal requirements, individual and collective belaying, hazards.&nbsp;<\/td><\/tr><\/tbody><\/table><\/figure>\n\n\n\n<p><strong>We invite you to find out more about our offer and to contact us.<\/strong><\/p>\n\n\n\n<figure class=\"wp-block-image size-large is-resized\"><img loading=\"lazy\" decoding=\"async\" src=\"https:\/\/kursy-udt.pl\/wp-content\/uploads\/2022\/12\/84-Urzadzenia-cisnieniowe-Zbiorniki-przenosne-kursy-udt.pl_.png\" alt=\"ERGON training\" width=\"824\" height=\"515\"\/><\/figure>","protected":false},"excerpt":{"rendered":"<p>Firma Ergon zaprasza na szkolenie przygotowuj\u0105ce do pracy jako operator urz\u0105dze\u0144 ci\u015bnieniowych. Podczas zaj\u0119\u0107 teoretycznych i praktycznych poznacie budow\u0119 takich urz\u0105dze\u0144 oraz nauczycie si\u0119 je obs\u0142ugiwa\u0107. Nasza do\u015bwiadczona kadra szkoleniowa przeka\u017ce Pa\u0144stwu wiedz\u0119, kt\u00f3ra jest niezb\u0119dna do zdania pa\u0144stwowego egzaminu.&nbsp; Program szkolenia&nbsp; Aby m\u00f3c obs\u0142ugiwa\u0107 wy\u017cej wymienione urz\u0105dzenia, potrzebne s\u0105 specjalne uprawnienia. Dlatego te\u017c oferujemy kurs, kt\u00f3ry pomo\u017ce je zdoby\u0107. Celem szkolenia jest przygotowanie do samodzielnego nape\u0142niania oraz u\u017cytkowania urz\u0105dze\u0144 i zbiornik\u00f3w ci\u015bnieniowych. Nasze szkolenie to zar\u00f3wno cz\u0119\u015b\u0107 praktyczna jak i teoretyczna. Zdob\u0119d\u0105 Pa\u0144stwo wiedz\u0119 dotycz\u0105c\u0105:&nbsp; Zaj\u0119cia praktyczne dotycz\u0105:&nbsp; Nasze szkolenia to elementy praktyki oraz cz\u0119\u015b\u0107 teoretyczna. Prowadzone s\u0105 przez do\u015bwiadczonych instruktor\u00f3w z wieloletnim sta\u017cem. Wiedza przekazywana jest w spos\u00f3b bardzo zrozumia\u0142y i tak\u0105 metod\u0105, aby egzamin pa\u0144stwowy UDT nie by\u0142 dla Pa\u0144stwa wyzwaniem, a tylko elementem do zdobycia niezb\u0119dnych uprawnie\u0144 zawodowych. Zach\u0119camy do kontaktu z nami. Bez problemu nasi pracownicy udziel\u0105 Pa\u0144stwu wszystkich potrzebnych informacji. Ceny u nas s\u0105 rynkowe, przyst\u0119pne i zawsze ustalamy je indywidualnie z klientem. Dla grup, kt\u00f3re s\u0105 du\u017ce i zorganizowane, mamy zni\u017cki.&nbsp;&nbsp; Miejsce szkolenia&nbsp; O\u015brodek Doskonalenia Kadr ERGON przeprowadza szkolenia otwarte oraz kursy zamkni\u0119te. G\u0142\u00f3wna siedziba naszego o\u015brodka jest w Warszawie, ale to nie jedyne miasto, gdzie dzia\u0142amy. Jeste\u015bmy tak\u017ce mi\u0119dzy innymi w Krakowie, Katowicach, \u0141odzi, Poznaniu, Bydgoszczy, Gda\u0144sku, Lublinie, Toruniu, Wroc\u0142awiu. Szkolenia prowadzimy na terenie ca\u0142ego kraju. W przypadku, gdy jest to szkolenie zamkni\u0119te, jeste\u015bmy w stanie dojecha\u0107 praktycznie w ka\u017cde miejsce w Polsce.&nbsp;&nbsp; Urz\u0105dzenia ci\u015bnieniowe&nbsp; Najrozmaitsze urz\u0105dzenia ci\u015bnieniowe maj\u0105 zastosowanie praktycznie wsz\u0119dzie. S\u0142u\u017c\u0105 one zar\u00f3wno do u\u017cytku domowego jak i profesjonalnego. Je\u017celi mowa o urz\u0105dzeniach ci\u015bnieniowych przemys\u0142owych, [&hellip;]<\/p>\n","protected":false},"author":6,"featured_media":4222,"parent":2721,"menu_order":0,"comment_status":"closed","ping_status":"closed","template":"","meta":{"sfsi_plus_gutenberg_text_before_share":"","sfsi_plus_gutenberg_show_text_before_share":"","sfsi_plus_gutenberg_icon_type":"","sfsi_plus_gutenberg_icon_alignemt":"","sfsi_plus_gutenburg_max_per_row":"","footnotes":""},"class_list":["post-4220","page","type-page","status-publish","has-post-thumbnail","hentry","has_thumb"],"aioseo_notices":[],"_links":{"self":[{"href":"https:\/\/kursy-udt.pl\/en\/wp-json\/wp\/v2\/pages\/4220","targetHints":{"allow":["GET"]}}],"collection":[{"href":"https:\/\/kursy-udt.pl\/en\/wp-json\/wp\/v2\/pages"}],"about":[{"href":"https:\/\/kursy-udt.pl\/en\/wp-json\/wp\/v2\/types\/page"}],"author":[{"embeddable":true,"href":"https:\/\/kursy-udt.pl\/en\/wp-json\/wp\/v2\/users\/6"}],"replies":[{"embeddable":true,"href":"https:\/\/kursy-udt.pl\/en\/wp-json\/wp\/v2\/comments?post=4220"}],"version-history":[{"count":5,"href":"https:\/\/kursy-udt.pl\/en\/wp-json\/wp\/v2\/pages\/4220\/revisions"}],"predecessor-version":[{"id":5563,"href":"https:\/\/kursy-udt.pl\/en\/wp-json\/wp\/v2\/pages\/4220\/revisions\/5563"}],"up":[{"embeddable":true,"href":"https:\/\/kursy-udt.pl\/en\/wp-json\/wp\/v2\/pages\/2721"}],"wp:featuredmedia":[{"embeddable":true,"href":"https:\/\/kursy-udt.pl\/en\/wp-json\/wp\/v2\/media\/4222"}],"wp:attachment":[{"href":"https:\/\/kursy-udt.pl\/en\/wp-json\/wp\/v2\/media?parent=4220"}],"curies":[{"name":"wp","href":"https:\/\/api.w.org\/{rel}","templated":true}]}}