{"id":4197,"date":"2022-08-30T06:43:44","date_gmt":"2022-08-30T06:43:44","guid":{"rendered":"https:\/\/kursy-udt.pl\/?page_id=4197"},"modified":"2023-03-20T20:32:31","modified_gmt":"2023-03-20T19:32:31","slug":"course-for-container-handlers","status":"publish","type":"page","link":"https:\/\/kursy-udt.pl\/en\/szkolenia\/udt-wdt-tdt\/kurs-na-wozki-kontenerowe\/","title":{"rendered":"Container trucks course"},"content":{"rendered":"<div class=\"wp-block-image\">\n<figure class=\"alignright size-large is-resized\"><img loading=\"lazy\" decoding=\"async\" src=\"https:\/\/kursy-udt.pl\/wp-content\/uploads\/2022\/08\/3-6.jpeg\" alt=\"UDT and TDT authorisations\" width=\"360\" height=\"267\"\/><\/figure>\n<\/div>\n\n\n<p>We organise a course through which you can acquire <a href=\"https:\/\/kursy-udt.pl\/en\/uprawnienia-udt\/kategorie-uprawnien-2\/\">entitlements<\/a> to become a container handling forklift operator. If we are going to operate container forklifts, it will be necessary to obtain the appropriate qualifications. Usually, employers promote an employee to the position of forklift operator and want that person to be qualified to do so. However, you can be prepared beforehand and do a course. This will broaden your competence and increase your chances of employment. Training as a container forklift operator is provided by <a href=\"https:\/\/kursy-udt.pl\/en\/o-firmie\/\">ERGON Personnel Training Center<\/a>.&nbsp;<\/p>\n\n\n\n<h2 class=\"wp-block-heading\">Requirements to start training&nbsp;<\/h2>\n\n\n\n<p>A person wishing to become a trainee must meet basic requirements. First of all, such a person must be of legal age. Also, he or she should have at least an elementary education. In addition, it is important that he or she does not have any health contraindications to drive this type of equipment. It is advisable to have a category B driving licence, which will help with learning how to operate the forklift. Category C, on the other hand, will enable the participant to drive the machine on public roads. If you meet all the requirements, it will be easy to sign up for the course.&nbsp;<\/p>\n\n\n\n<h2 class=\"wp-block-heading\">Topics of classes&nbsp;<\/h2>\n\n\n\n<p>Our training guarantees both theoretical and practical learning. Sound training is the basis for a well passed examination and - consequently - the acquisition of your licence. These are the topics we cover during the course:\u00a0<\/p>\n\n\n\n<figure class=\"wp-block-table\"><table><tbody><tr><td><strong>Issue<\/strong>&nbsp;<\/td><td><strong>Brief overview<\/strong>&nbsp;<\/td><\/tr><tr><td>Technical inspection&nbsp;<\/td><td>The participant learns about the rules of supervision and legal standards that are regulated by the authorities - UDT and TDT.&nbsp;<\/td><\/tr><tr><td>Cargo transportation&nbsp;<\/td><td>Getting to know the parameters of the transport.&nbsp;<\/td><\/tr><tr><td>Construction of the device&nbsp;<\/td><td>Students learn how a container truck is constructed and what the instruments are used for.&nbsp;<\/td><\/tr><tr><td>Health and Safety&nbsp;<\/td><td>Learning about health and safety regulations and activities that must be performed before and after operating the machine.&nbsp;<\/td><\/tr><tr><td>Practice&nbsp;<\/td><td>Operating the equipment, i.e. driving the trolley, moving the container, among other things.&nbsp;<\/td><\/tr><\/tbody><\/table><\/figure>\n\n\n\n<p>We therefore have a full range of topics that you can learn about through training at our centre. The theoretical knowledge will have its application when driving a forklift, which is why it is so necessary. Importantly, it is required by the UDT and TDT. Our company guarantees full training in this area.&nbsp;<\/p>\n\n\n\n<figure class=\"wp-block-image size-large is-resized\"><img loading=\"lazy\" decoding=\"async\" src=\"https:\/\/kursy-udt.pl\/wp-content\/uploads\/2022\/08\/2-9.jpeg\" alt=\"Kalmar container trolley\" width=\"777\" height=\"517\"\/><\/figure>\n\n\n\n<h2 class=\"wp-block-heading\">Exam&nbsp;<\/h2>\n\n\n\n<p>As you already know, in order to acquire a licence to operate a container forklift, you first have to pass an examination. Once you have completed all the training classes, you can take it. Normally, you can take the exam about two weeks after completing your training. The waiting period depends on the specific branch of the Technical Inspection Authority or Transport Technical Inspection. The exam consists of a theoretical part, which requires knowledge of the concepts learnt on the course, and a practical part, where you perform operations on the machine. A positive result of the exam will ensure that you are qualified.&nbsp;<\/p>\n\n\n\n<h2 class=\"wp-block-heading\">What makes us stand out?&nbsp;<\/h2>\n\n\n\n<p>The ERGON Centre for Staff Development has experienced and qualified staff who will train you accordingly. Learning with us is fun and interesting thanks to the various forms of participant activation. The equipment on which we conduct our courses is state-of-the-art. This also contributes to its ease of use by the trainees. Everything is explained in detail and, if necessary, a topic is discussed again if it is not understood. The aforementioned topics can be freely developed depending on the needs of our clients. Training can be open or closed. The former means that it is available to anyone interested and is organised on the date specified in our schedule. The closed form, on the other hand, is the most tailored to your needs. We organise it for specific groups, e.g. from one workplace.&nbsp;<\/p>\n\n\n\n<h2 class=\"wp-block-heading\">Price&nbsp;<\/h2>\n\n\n\n<p>Our centre guarantees that the price of training is competitive and beneficial for everyone. We set it individually, as we adapt it to the number of course participants. We also offer discounts for organised groups. We conduct the course for container handlers at our branches. However, if there is a need for on-site training, there is no problem. We are able to travel to any location in Poland!\u00a0<\/p>\n\n\n\n<figure class=\"wp-block-image size-large is-resized\"><img loading=\"lazy\" decoding=\"async\" src=\"https:\/\/kursy-udt.pl\/wp-content\/uploads\/2022\/08\/1-12.jpeg\" alt=\"container handling equipment operator\" width=\"753\" height=\"501\"\/><\/figure>\n\n\n\n<h2 class=\"wp-block-heading\">Who issues the allowances?&nbsp;<\/h2>\n\n\n\n<p>Let's start with where specifically we are dealing with container handling trucks. They can be used at port terminals and rail transhipment terminals. In this case, the authorisations are issued by the Transport Technical Supervision. In other situations, you can apply for a certificate of qualification from the Office of Technical Inspection. Regardless of where you will be using the container forklift, you will become qualified through training. For those with the TDT, no specific category is required.&nbsp;&nbsp;<\/p>\n\n\n\n<h2 class=\"wp-block-heading\">Characteristics of container trucks&nbsp;&nbsp;<\/h2>\n\n\n\n<p>A Reachstacker is what we call a forklift that can carry goods weighing up to 45 tonnes. The lifting height on this unit can be up to sixteen metres. Container trucks are designed to withstand such weights. They are colloquially referred to as 'squids' because Kalmar is the name of the leading company that manufactures this type of equipment. Trolleys of this brand are the most common on the market, but others such as Konecranes are also in operation. Nevertheless, 'squids' are the most common in material handling, so it is worth learning practical skills on these machines. We can confidently guarantee - we will train you in the use of reachstackers so that this knowledge will pay off in the future!\u00a0\u00a0<\/p>\n\n\n\n<p>Are you interested in this offer? Do you have any questions? We invite you to make an appointment for specific dates and to determine the price of the course!&nbsp;<\/p>\n\n\n\n<figure class=\"wp-block-image size-large is-resized\"><img loading=\"lazy\" decoding=\"async\" src=\"https:\/\/kursy-udt.pl\/wp-content\/uploads\/2022\/12\/67-Urzadzenia-do-manipulacji-kontenerami-kursy-udt.pl_.png\" alt=\"ERGON course\" width=\"775\" height=\"485\"\/><\/figure>","protected":false},"excerpt":{"rendered":"<p>Organizujemy kurs, dzi\u0119ki kt\u00f3remu mo\u017cna naby\u0107 uprawnienia na operatora w\u00f3zk\u00f3w do manipulacji kontenerami. Je\u015bli mamy zamiar obs\u0142ugiwa\u0107 w\u00f3zki kontenerowe, niezb\u0119dne b\u0119dzie uzyskanie odpowiednich uprawnie\u0144. Zwykle pracodawcy awansuj\u0105 pracownika na stanowisko operatora w\u00f3zk\u00f3w wysokiego sk\u0142adowania i chc\u0105, aby taka osoba mia\u0142a do tego kwalifikacje. Mo\u017cna jednak by\u0107 przygotowanym ju\u017c wcze\u015bniej i zrobi\u0107 kurs. Dzi\u0119ki temu poszerzysz swoje kompetencje i zwi\u0119kszysz swoje szanse na zatrudnienie. Szkolenie na operatora w\u00f3zk\u00f3w kontenerowych prowadzi O\u015brodek Doskonalenia Kadr ERGON.&nbsp; Wymagania do rozpocz\u0119cia szkolenia&nbsp; Osoba chc\u0105ca zosta\u0107 uczestnikiem szkolenia, musi spe\u0142ni\u0107 podstawowe wymagania. Przede wszystkim taka osoba musi by\u0107 pe\u0142noletnia. R\u00f3wnie\u017c powinna mie\u0107 co najmniej wykszta\u0142cenie podstawowe. Poza tym wa\u017cne jest, aby nie mia\u0142a przeciwwskaza\u0144 zdrowotnych do prowadzenia tego typu urz\u0105dzenia. Warto mie\u0107 prawo jazdy kategorii B, kt\u00f3re wspomo\u017ce przy nauce operowania w\u00f3zkiem. Z kolei kategoria C umo\u017cliwi uczestnikowi jazd\u0119 maszyn\u0105 po publicznych drogach. Je\u015bli spe\u0142niasz wszystkie wymagania, bez trudu zapiszesz si\u0119 na kurs.&nbsp; Tematyka zaj\u0119\u0107&nbsp; Nasze szkolenie gwarantuje zar\u00f3wno nauk\u0119 pod k\u0105tem teoretycznym, jak i praktycznym. Solidne przeszkolenie to podstawa dobrze zdanego egzaminu i \u2013 co za tym idzie \u2013 nabycia uprawnie\u0144. Oto zagadnienia, jakie poruszamy w trakcie kursu:\u00a0 Zagadnienie&nbsp; Kr\u00f3tkie om\u00f3wienie&nbsp; Doz\u00f3r techniczny&nbsp; Uczestnik zapoznaje si\u0119 z zasadami dozoru i normami prawnymi, kt\u00f3re reguluj\u0105 organy \u2013 UDT i TDT.&nbsp; Przew\u00f3z \u0142adunk\u00f3w&nbsp; Zapoznanie si\u0119 z parametrami przewozu.&nbsp; Budowa urz\u0105dzenia&nbsp; Kursanci dowiaduj\u0105 si\u0119, jak w\u00f3zek kontenerowy jest skonstruowany i do czego s\u0142u\u017c\u0105 dane przyrz\u0105dy.&nbsp; BHP&nbsp; Nauka na temat przepis\u00f3w bezpiecze\u0144stwa i higieny pracy oraz zapoznanie z czynno\u015bciami, jakie nale\u017cy wykonywa\u0107 przed rozpocz\u0119ciem i po zako\u0144czeniu kierowania urz\u0105dzeniem.&nbsp; Praktyka&nbsp; Obs\u0142ugiwanie urz\u0105dzenia, czyli m.in. [&hellip;]<\/p>\n","protected":false},"author":6,"featured_media":4200,"parent":2721,"menu_order":0,"comment_status":"closed","ping_status":"closed","template":"","meta":{"sfsi_plus_gutenberg_text_before_share":"","sfsi_plus_gutenberg_show_text_before_share":"","sfsi_plus_gutenberg_icon_type":"","sfsi_plus_gutenberg_icon_alignemt":"","sfsi_plus_gutenburg_max_per_row":"","footnotes":""},"class_list":["post-4197","page","type-page","status-publish","has-post-thumbnail","hentry","has_thumb"],"aioseo_notices":[],"_links":{"self":[{"href":"https:\/\/kursy-udt.pl\/en\/wp-json\/wp\/v2\/pages\/4197","targetHints":{"allow":["GET"]}}],"collection":[{"href":"https:\/\/kursy-udt.pl\/en\/wp-json\/wp\/v2\/pages"}],"about":[{"href":"https:\/\/kursy-udt.pl\/en\/wp-json\/wp\/v2\/types\/page"}],"author":[{"embeddable":true,"href":"https:\/\/kursy-udt.pl\/en\/wp-json\/wp\/v2\/users\/6"}],"replies":[{"embeddable":true,"href":"https:\/\/kursy-udt.pl\/en\/wp-json\/wp\/v2\/comments?post=4197"}],"version-history":[{"count":4,"href":"https:\/\/kursy-udt.pl\/en\/wp-json\/wp\/v2\/pages\/4197\/revisions"}],"predecessor-version":[{"id":5561,"href":"https:\/\/kursy-udt.pl\/en\/wp-json\/wp\/v2\/pages\/4197\/revisions\/5561"}],"up":[{"embeddable":true,"href":"https:\/\/kursy-udt.pl\/en\/wp-json\/wp\/v2\/pages\/2721"}],"wp:featuredmedia":[{"embeddable":true,"href":"https:\/\/kursy-udt.pl\/en\/wp-json\/wp\/v2\/media\/4200"}],"wp:attachment":[{"href":"https:\/\/kursy-udt.pl\/en\/wp-json\/wp\/v2\/media?parent=4197"}],"curies":[{"name":"wp","href":"https:\/\/api.w.org\/{rel}","templated":true}]}}