{"id":4187,"date":"2022-08-23T10:02:09","date_gmt":"2022-08-23T10:02:09","guid":{"rendered":"https:\/\/kursy-udt.pl\/?page_id=4187"},"modified":"2023-03-21T13:31:22","modified_gmt":"2023-03-21T12:31:22","slug":"entitlements-tdt-uno","status":"publish","type":"page","link":"https:\/\/kursy-udt.pl\/en\/szkolenia\/udt-wdt-tdt\/uprawnienia-tdt-uno\/","title":{"rendered":"TDT authorisations, UNO - training courses"},"content":{"rendered":"<figure class=\"wp-block-image size-large is-resized\"><img loading=\"lazy\" decoding=\"async\" src=\"https:\/\/kursy-udt.pl\/wp-content\/uploads\/2022\/08\/3-5.jpeg\" alt=\"tankers and fillers - course\" width=\"771\" height=\"515\"\/><\/figure>\n\n\n\n<h2 class=\"wp-block-heading\">Tank filling and emptying course&nbsp;<\/h2>\n\n\n\n<p><a href=\"https:\/\/kursy-udt.pl\/en\/o-firmie\/\">ERGON Personnel Training Center<\/a> organises TDT training for filling and emptying tanks. This is an important skill for those who transport or spill various substances - especially dangerous ones - by means of tanks. In order to do this job, you must have the right <a href=\"https:\/\/kursy-udt.pl\/en\/uprawnienia-udt\/kategorie-uprawnien-2\/\">entitlements<\/a>. If you don't have them, you face severe penalties in the event of an inspection. So it's not worth the risk, take the training!&nbsp;<\/p>\n\n\n\n<h2 class=\"wp-block-heading\">Who should be trained?&nbsp;<\/h2>\n\n\n\n<p><a href=\"https:\/\/kursy-udt.pl\/en\/szkolenia\/udt-wdt-tdt\/tdt\/\">TDT course<\/a> (also known as the UNO course) is intended for anyone interested. In particular, it should be attended by those who are professional drivers who transport goods in tanks. Such drivers already have the appropriate authorization to transport dangerous products, i.e. in the field of ADR. However, the transport itself may be insufficient in special cases, so it is worth acquiring additional licenses for self-filling tankers. The training is also intended for employees serving bottlers of dangerous goods. These types of devices are usually placed in companies that produce such goods.&nbsp;<\/p>\n\n\n<div class=\"wp-block-image\">\n<figure class=\"alignright size-large is-resized\"><img loading=\"lazy\" decoding=\"async\" src=\"https:\/\/kursy-udt.pl\/wp-content\/uploads\/2022\/08\/2-8.jpeg\" alt=\"UNO operating licence\" width=\"297\" height=\"297\"\/><\/figure>\n<\/div>\n\n\n<h2 class=\"wp-block-heading\">Requirements for the trainee&nbsp;<\/h2>\n\n\n\n<p>First and foremost, a person who can participate in the course must be at least 18 years old. Such a person must also know Polish - an important criterion for foreigners, as the TDT examination is not translated into other languages. If the knowledge of Polish is not at an adequate level, it is acceptable for an interpreter to be provided. However, it is more important that the participant has at least vocational training. A certificate of qualification as a skilled worker can also take care of this. The final criterion is the completion of the examination application. This document must be submitted at the start of the training along with proof of training (or being a skilled worker).&nbsp;<\/p>\n\n\n\n<h2 class=\"wp-block-heading\">The range of topics&nbsp;<\/h2>\n\n\n\n<p>TDT training covers both theoretical and practical issues. These include, among others:&nbsp;<\/p>\n\n\n\n<figure class=\"wp-block-table\"><table><tbody><tr><td><strong>Issue<\/strong>&nbsp;<\/td><td><strong>Explanation<\/strong>&nbsp;<\/td><\/tr><tr><td><a href=\"https:\/\/kursy-udt.pl\/en\/szkolenia\/bhp-bezpieczenstwo-pracy\/prawna-ochrona-pracy\/\">Health and Safety<\/a> and fire protection&nbsp;<\/td><td>Familiarise yourself with health and safety and fire regulations.&nbsp;<\/td><\/tr><tr><td>Dangerous materials&nbsp;<\/td><td>Acquisition of knowledge about hazardous materials and, above all, their chemical or physical properties.&nbsp;<\/td><\/tr><tr><td>Tank markings&nbsp;<\/td><td>Instructing participants on how to describe and read the markings on tanks for transport.&nbsp;<\/td><\/tr><tr><td>Construction and supervision&nbsp;<\/td><td>Familiarisation with the design of the tanks and the technical supervision of all equipment.&nbsp;<\/td><\/tr><tr><td>UNO support&nbsp;<\/td><td>Practical learning how to operate filling machines and how to fill and empty tankers.&nbsp;<\/td><\/tr><\/tbody><\/table><\/figure>\n\n\n\n<p>Regardless of the class of materials to which we are certified, the issues are the same. The only difference is the amount of material to be mastered during the course.&nbsp;<\/p>\n\n\n\n<h2 class=\"wp-block-heading\">Course of training and examination&nbsp;<\/h2>\n\n\n<div class=\"wp-block-image\">\n<figure class=\"alignright size-large is-resized\"><img loading=\"lazy\" decoding=\"async\" src=\"https:\/\/kursy-udt.pl\/wp-content\/uploads\/2022\/08\/1-11.jpeg\" alt=\"filling with hazardous substances\" width=\"253\" height=\"378\"\/><\/figure>\n<\/div>\n\n\n<p>Once the formal requirements have been met, training can begin. Theoretical topics are discussed at the beginning. In a later stage, attention is given to practical aspects, which are crucial to the entire learning process. Once all the material has been covered, an examination awaits you. The Transport Technical Supervision has its own qualification board and it is this board that the trainee faces. A positive result of the exam ensures that you receive a certificate of qualification to operate UNO equipment. It is worth mentioning that equipment authorisations are valid indefinitely. Therefore, it does not need to be renewed periodically, as is the case with other equipment. It is also important to know that it is possible to carry out authorisations for several classes of hazardous materials. This is a good solution for those who have to handle different types of goods in their work.&nbsp;&nbsp;<\/p>\n\n\n\n<h2 class=\"wp-block-heading\">Why choose us?&nbsp;<\/h2>\n\n\n\n<p>Our centre will train you in the use of TDT and UNO equipment. Our staff of well-trained specialists and the materials we have will ensure that you are properly prepared for and pass the exam. We organise training courses at our branches, but if you want to hold them at your workplace, this is possible. We will come to any place in Poland! The ERGON Personnel Development Centre encourages you to take part in a course! &nbsp;<br>&nbsp;<br>&nbsp;<\/p>\n\n\n\n<h2 class=\"wp-block-heading\">Dangerous goods - what are they?&nbsp;<\/h2>\n\n\n\n<p>The ERGON Centre for the Development of Human Resources organises training courses for various products classified as hazardous. These include, for example, gases or flammable liquids - these are class two and three respectively. Class four includes solid flammable materials, as well as self-reacting, spontaneously combustible materials and those that form flammable gases when in contact with water. Oxidising materials and organic peroxides, on the other hand, are class five hazardous materials. We also train in the handling of poisonous and infectious materials - class six - and corrosive materials belonging to class eight. Last in the classification are various non-hazardous goods, i.e. flour, oils, petrygo, asphalt, bituminous masses, but filled under pressure.\u00a0<\/p>\n\n\n\n<p><strong>If you have any questions, please do not hesitate to contact us.<\/strong><\/p>\n\n\n\n<figure class=\"wp-block-image size-large is-resized\"><img loading=\"lazy\" decoding=\"async\" src=\"https:\/\/kursy-udt.pl\/wp-content\/uploads\/2023\/01\/80-TDT-kursy-udt.pl_.png\" alt=\"ERGON training\" width=\"743\" height=\"464\"\/><\/figure>","protected":false},"excerpt":{"rendered":"<p>Kurs nape\u0142niania i opr\u00f3\u017cniania cystern&nbsp; O\u015brodek Doskonalenia Kadr ERGON organizuje szkolenie TDT na nape\u0142nianie i opr\u00f3\u017cnianie cystern. Jest to wa\u017cna umiej\u0119tno\u015b\u0107 dla tych, kt\u00f3rzy przewo\u017c\u0105 b\u0105d\u017a rozlewaj\u0105 r\u00f3\u017cne substancje \u2013 w szczeg\u00f3lno\u015bci niebezpieczne \u2013 za pomoc\u0105 zbiornik\u00f3w. Aby wykonywa\u0107 t\u0119 prac\u0119, nale\u017cy mie\u0107 odpowiednie uprawnienia. Je\u015bli nie b\u0119dziesz ich mie\u0107, gro\u017c\u0105 Ci surowe kary w razie kontroli. Nie warto wi\u0119c ryzykowa\u0107, we\u017a udzia\u0142 w szkoleniu!&nbsp; Kto powinien si\u0119 przeszkoli\u0107?&nbsp; Kurs TDT (nazywany te\u017c kursem UNO) jest przeznaczony dla ka\u017cdego zainteresowanego. W szczeg\u00f3lno\u015bci powinny wzi\u0105\u0107 w nim udzia\u0142 osoby, kt\u00f3re s\u0105 zawodowymi kierowcami przewo\u017c\u0105cymi towary w zbiornikach. Tacy kierowcy maj\u0105 ju\u017c odpowiednie uprawnienia do przewozu produkt\u00f3w niebezpiecznych, czyli z zakresu ADR. Samo przewo\u017cenie mo\u017ce by\u0107 jednak niewystarczaj\u0105ce w szczeg\u00f3lnych przypadkach, dlatego warto wtedy naby\u0107 dodatkowe uprawnienia na samodzielne nape\u0142nianie cystern. Szkolenie tak\u017ce jest przeznaczone dla pracownik\u00f3w obs\u0142uguj\u0105cych rozlewnie towar\u00f3w niebezpiecznych. Tego typu urz\u0105dzenia s\u0105 zazwyczaj umieszczane w firmach, kt\u00f3re produkuj\u0105 takie w\u0142a\u015bnie towary.&nbsp; Wymagania wobec kursanta&nbsp; Przede wszystkim osoba, kt\u00f3ra mo\u017ce by\u0107 uczestnikiem kursu musi mie\u0107 uko\u0144czone 18 lat. Taka osoba musi te\u017c zna\u0107 j\u0119zyk polski \u2013 to wa\u017cne kryterium dla obcokrajowc\u00f3w, poniewa\u017c egzamin TDT nie jest t\u0142umaczony na inne j\u0119zyki. Je\u015bli znajomo\u015b\u0107 polskiego nie jest na odpowiednim poziomie, dopuszcza si\u0119 sytuacj\u0119, w kt\u00f3rej zapewniony jest t\u0142umacz. Wa\u017cniejsze jest jednak to, \u017ceby uczestnik mia\u0142 co najmniej wykszta\u0142cenie zawodowe. Spraw\u0119 w tym przypadku mo\u017ce za\u0142atwi\u0107 tak\u017ce za\u015bwiadczenie o byciu wykwalifikowanym robotnikiem. Ostatnie kryterium stanowi wype\u0142nienie wniosku o przeprowadzenie egzaminu. Ten w\u0142a\u015bnie dokument wraz z po\u015bwiadczeniem wykszta\u0142cenia (b\u0105d\u017a bycia robotnikiem wykwalifikowanym), nale\u017cy przed\u0142o\u017cy\u0107 przy rozpocz\u0119ciu szkolenia.&nbsp; Zakres temat\u00f3w&nbsp; [&hellip;]<\/p>\n","protected":false},"author":6,"featured_media":4188,"parent":2721,"menu_order":0,"comment_status":"closed","ping_status":"closed","template":"","meta":{"sfsi_plus_gutenberg_text_before_share":"","sfsi_plus_gutenberg_show_text_before_share":"","sfsi_plus_gutenberg_icon_type":"","sfsi_plus_gutenberg_icon_alignemt":"","sfsi_plus_gutenburg_max_per_row":"","footnotes":""},"class_list":["post-4187","page","type-page","status-publish","has-post-thumbnail","hentry","has_thumb"],"aioseo_notices":[],"_links":{"self":[{"href":"https:\/\/kursy-udt.pl\/en\/wp-json\/wp\/v2\/pages\/4187","targetHints":{"allow":["GET"]}}],"collection":[{"href":"https:\/\/kursy-udt.pl\/en\/wp-json\/wp\/v2\/pages"}],"about":[{"href":"https:\/\/kursy-udt.pl\/en\/wp-json\/wp\/v2\/types\/page"}],"author":[{"embeddable":true,"href":"https:\/\/kursy-udt.pl\/en\/wp-json\/wp\/v2\/users\/6"}],"replies":[{"embeddable":true,"href":"https:\/\/kursy-udt.pl\/en\/wp-json\/wp\/v2\/comments?post=4187"}],"version-history":[{"count":6,"href":"https:\/\/kursy-udt.pl\/en\/wp-json\/wp\/v2\/pages\/4187\/revisions"}],"predecessor-version":[{"id":5625,"href":"https:\/\/kursy-udt.pl\/en\/wp-json\/wp\/v2\/pages\/4187\/revisions\/5625"}],"up":[{"embeddable":true,"href":"https:\/\/kursy-udt.pl\/en\/wp-json\/wp\/v2\/pages\/2721"}],"wp:featuredmedia":[{"embeddable":true,"href":"https:\/\/kursy-udt.pl\/en\/wp-json\/wp\/v2\/media\/4188"}],"wp:attachment":[{"href":"https:\/\/kursy-udt.pl\/en\/wp-json\/wp\/v2\/media?parent=4187"}],"curies":[{"name":"wp","href":"https:\/\/api.w.org\/{rel}","templated":true}]}}