{"id":4149,"date":"2022-08-19T07:37:12","date_gmt":"2022-08-19T07:37:12","guid":{"rendered":"https:\/\/kursy-udt.pl\/?page_id=4149"},"modified":"2023-03-20T15:23:34","modified_gmt":"2023-03-20T14:23:34","slug":"maintenance-of-fire-fighting-equipment","status":"publish","type":"page","link":"https:\/\/kursy-udt.pl\/en\/szkolenia\/sprzet-gasniczy\/konserwacja-sprzetu-gasniczego\/","title":{"rendered":"Fire-fighting equipment maintenance course"},"content":{"rendered":"<figure class=\"wp-block-image size-large is-resized\"><img loading=\"lazy\" decoding=\"async\" src=\"https:\/\/kursy-udt.pl\/wp-content\/uploads\/2022\/08\/3-4.jpeg\" alt=\"smoke extractors\" width=\"800\" height=\"534\"\/><\/figure>\n\n\n\n<h2 class=\"wp-block-heading\">Safe maintenance of firefighting equipment&nbsp;<\/h2>\n\n\n\n<p>We provide training in firefighting equipment maintenance. We use the knowledge and experience of our lecturers and instructors to provide you with the material\/curriculum for the fire extinguisher equipment maintenance course. In our classes, the lecturers carry out an assessment of the correct technical condition of fire extinguishers and also show you how to restore their operational functions. The maintenance of this type of equipment requires specialised knowledge and skills, so you should be one hundred per cent focused in our classes.\u00a0<\/p>\n\n\n\n<h2 class=\"wp-block-heading\">Obligation to maintain firefighting equipment&nbsp;<\/h2>\n\n\n\n<p>Anyone in possession of fire-fighting equipment or fire extinguishers is obliged to subject them to maintenance in accordance with the principles laid down in the Polish Standards for fire-fighting equipment and fire extinguishers. We should not carry out technical inspections and maintenance activities less frequently than once a year, or better: in accordance with the instructions laid down by the manufacturer. In the first phase of a fire, the handy <a href=\"https:\/\/kursy-udt.pl\/en\/szkolenia\/sprzet-gasniczy\/\">firefighting equipment<\/a>. We then use fire extinguishers, small fire extinguishing units or fire extinguishing balls or blankets. Fire extinguishing balls disperse the contained extinguishing material within a radius of 5m.&nbsp;<\/p>\n\n\n\n<h2 class=\"wp-block-heading\">Fire equipment maintenance training topics:&nbsp;<\/h2>\n\n\n\n<ul class=\"wp-block-list\">\n<li>professional ethics,&nbsp;<\/li>\n\n\n\n<li>standards and legislation,&nbsp;<\/li>\n\n\n\n<li><a href=\"https:\/\/kursy-udt.pl\/en\/szkolenia\/bhp-bezpieczenstwo-pracy\/prawna-ochrona-pracy\/\">Health and Safety<\/a> during maintenance operations,&nbsp;<\/li>\n\n\n\n<li>construction and operation of portable and mobile fire extinguishers,&nbsp;<\/li>\n\n\n\n<li>maintenance activities.&nbsp;<\/li>\n<\/ul>\n\n\n\n<h2 class=\"wp-block-heading\">Technical fire protection requirements&nbsp;<\/h2>\n\n\n<div class=\"wp-block-image\">\n<figure class=\"alignright size-large is-resized\"><img loading=\"lazy\" decoding=\"async\" src=\"https:\/\/kursy-udt.pl\/wp-content\/uploads\/2022\/08\/1-6.jpeg\" alt=\"firefighting equipment\" width=\"437\" height=\"188\"\/><\/figure>\n<\/div>\n\n\n<p>Each extinguisher should be regularly maintained according to the manufacturer's recommendations. As far as the standards are concerned, maintenance of an extinguisher in Poland should take place every 12 months if it is a maintenance technician with a licence for hand-held firefighting equipment. Depending on the type of work, the maintenance interval may be shorter. Not everyone is aware of this, so it is worth reminding again. Maintenance of fire extinguishers must only be carried out by authorised persons! The manufacturer issues maintenance instructions and these should be taken as supreme!&nbsp;<\/p>\n\n\n\n<h2 class=\"wp-block-heading\">Purpose of fire extinguisher maintenance training&nbsp;<\/h2>\n\n\n\n<p>To impart knowledge on the maintenance and operation of hand-held firefighting equipment to all our students.&nbsp;<\/p>\n\n\n\n<h2 class=\"wp-block-heading\">What will you get from us during the training?&nbsp;<\/h2>\n\n\n\n<ul class=\"wp-block-list\">\n<li>Detailed instructions for the inspection, maintenance and repair of portable and mobile fire extinguishers.&nbsp;<\/li>\n\n\n\n<li>Competences: knowledge and skills which are preparation for the examination.&nbsp;<\/li>\n<\/ul>\n\n\n\n<h2 class=\"wp-block-heading\">Entitlements&nbsp;<\/h2>\n\n\n\n<p>After passing the examination, the trainee is awarded a certificate of competence in the maintenance of portable firefighting equipment.&nbsp;<\/p>\n\n\n\n<h2 class=\"wp-block-heading\">Price&nbsp;<\/h2>\n\n\n\n<p>The price depends on the number of participants enrolled in our classes. Individual clients and organised groups are welcome. In the case of organised groups, we offer travel to the client if a sufficient number of people is gathered.&nbsp;<\/p>\n\n\n<div class=\"wp-block-image\">\n<figure class=\"alignright size-large is-resized\"><img loading=\"lazy\" decoding=\"async\" src=\"https:\/\/kursy-udt.pl\/wp-content\/uploads\/2022\/08\/2-5.jpeg\" alt=\"maintenance of fire extinguishers\" width=\"257\" height=\"400\"\/><\/figure>\n<\/div>\n\n\n<h2 class=\"wp-block-heading\">Where you can find us&nbsp;<\/h2>\n\n\n\n<p>We have centres in various regions of Poland. For more information - please do not hesitate to contact us.<strong> <\/strong><\/p>\n\n\n\n<h2 class=\"wp-block-heading\">Trainees will gain practical skills:\u00a0<\/h2>\n\n\n\n<ul class=\"wp-block-list\">\n<li>carrying out periodic and control inspections of portable fire-fighting equipment, including fire extinguishers of various types,&nbsp;<\/li>\n\n\n\n<li>carry out maintenance and repair work, including dismantling and assembling equipment, replacing extinguishing agent and marking equipment.&nbsp;<\/li>\n<\/ul>\n\n\n\n<h2 class=\"wp-block-heading\">Operation of the extinguisher&nbsp;<\/h2>\n\n\n\n<p>A fire extinguisher consists of 3 components: a valve, an extinguishing agent and a pressure vessel. We divide fire extinguishers into types based on what their composition is. Hand-held extinguishers work by storing an extinguishing agent inside them, which is released outwards towards the fire source.&nbsp;<\/p>\n\n\n\n<h2 class=\"wp-block-heading\">Mandatory inspections&nbsp;<\/h2>\n\n\n\n<p>Regular maintenance of equipment such as:&nbsp;<\/p>\n\n\n\n<ul class=\"wp-block-list\">\n<li>fixed and semi-permanent fire-fighting systems,&nbsp;<\/li>\n\n\n\n<li>internal hydrants and associated system components,&nbsp;<\/li>\n\n\n\n<li>portable and mobile fire extinguishers,&nbsp;<\/li>\n\n\n\n<li>fire doors and gates,&nbsp;<\/li>\n\n\n\n<li>smoke extraction devices,&nbsp;<\/li>\n\n\n\n<li>evacuation lighting installations and components,&nbsp;<\/li>\n\n\n\n<li>warning systems and voice messaging for security.&nbsp;<\/li>\n<\/ul>\n\n\n\n<p>To inspect or repair fire extinguishers, this task should be outsourced to specialist companies or fire equipment maintainers who are qualified and will carry out the inspection in accordance with all safety standards. Often fire extinguishing equipment is used by people who have no experience in firefighting or handling this equipment. We take the opportunity to address such incidents and would like to invite you to <a href=\"https:\/\/kursy-udt.pl\/en\/o-firmie\/\">ERGON Personnel Training Center<\/a> for a course in firefighting equipment maintenance, in which we provide specialised training. Find out the details of the offer by contacting us by phone or email.&nbsp;&nbsp;<\/p>\n\n\n\n<h2 class=\"wp-block-heading\">About the work of the firefighting equipment maintainer&nbsp;<\/h2>\n\n\n\n<p>Safety is of the utmost importance to everyone, which is why fire-fighting equipment inspections should only be carried out by a person who is competent to do so. <a href=\"https:\/\/kursy-udt.pl\/en\/uprawnienia-udt\/kategorie-uprawnien-2\/\">entitlements<\/a>. Confirmation that maintenance, repair or overhaul of the equipment has been carried out is provided by the maintenance man signing a protocol. On the other hand, fire extinguishers or hydrants should be given an update mark - a so-called inspection tag. This is usually a sticker with the name of the company, the name and signature of the maintainer and the date on which the inspection was carried out and valid.&nbsp;<\/p>\n\n\n\n<h2 class=\"wp-block-heading\">Our training&nbsp;<\/h2>\n\n\n\n<p>We also invite you to our ERGON centre for training courses in, among other things, forklifts, mobile platforms, cranes, tower cranes and HDS or fibre optic welding.<\/p>\n\n\n\n<figure class=\"wp-block-image size-large is-resized\"><img loading=\"lazy\" decoding=\"async\" src=\"https:\/\/kursy-udt.pl\/wp-content\/uploads\/2023\/01\/Reklama-Na-Kursy-7.png\" alt=\"ERGON course\" width=\"822\" height=\"514\"\/><\/figure>","protected":false},"excerpt":{"rendered":"<p>Bezpieczna konserwacja sprz\u0119tu ga\u015bniczego&nbsp; Organizujemy szkolenie z konserwacji sprz\u0119tu ga\u015bniczego. Wykorzystujemy wiedz\u0119 i do\u015bwiadczenie naszych wyk\u0142adowc\u00f3w i instruktor\u00f3w, aby mogli Pa\u0144stwo zapozna\u0107 si\u0119 z materia\u0142em\/programem zaj\u0119\u0107 na kursie konserwatora sprz\u0119tu ga\u015bniczego. Na naszych zaj\u0119ciach wyk\u0142adowcy przeprowadzaj\u0105 ocen\u0119 prawid\u0142owego stanu technicznego ga\u015bnic, a tak\u017ce pokazuj\u0105 w jaki spos\u00f3b mo\u017cna przywr\u00f3ci\u0107 ich funkcje u\u017cytkowe. Konserwacja tego rodzaju urz\u0105dze\u0144 wymaga specjalistycznej wiedzy i umiej\u0119tno\u015bci, dlatego warto by\u0107 skupionym w stu procentach na naszych zaj\u0119ciach.\u00a0 Obowi\u0105zek konserwacji sprz\u0119tu ga\u015bniczego&nbsp; Ka\u017cda osoba posiadaj\u0105ca urz\u0105dzenia przeciwpo\u017carowe czy ga\u015bnice, ma obowi\u0105zek poddawa\u0107 je czynno\u015bciom konserwacyjnym zgodnie z zasadami okre\u015blonymi w Polskich Normach dotycz\u0105cych urz\u0105dze\u0144 przeciwpo\u017carowych i ga\u015bnic. Nie powinni\u015bmy przeprowadza\u0107 przegl\u0105d\u00f3w technicznych i czynno\u015bci konserwacyjnych rzadziej ni\u017c raz do roku, lub lepiej: zgodnie z instrukcj\u0105 ustalon\u0105 przez producenta. W pierwszej fazie powstania po\u017caru wykorzystuje si\u0119 podr\u0119czny sprz\u0119t ga\u015bniczy. Stosujemy wtedy ga\u015bnice, ma\u0142e agregaty ga\u015bnicze, czy kule lub koce ga\u015bnicze. Kule ga\u015bnicze rozpraszaj\u0105 zawarty w niej materia\u0142 ga\u015bniczy w promieniu 5m.&nbsp; Tematyka szkolenia na konserwatora sprz\u0119tu ga\u015bniczego:&nbsp; Wymagania techniczne przeciwpo\u017carowe&nbsp; Ka\u017cda ga\u015bnica powinna by\u0107 regularnie konserwowana zgodnie z zaleceniami producenta. Je\u015bli chodzi o normy, konserwacja ga\u015bnicy w Polsce powinna odbywa\u0107 si\u0119 co 12 miesi\u0119cy, je\u017celi jest to konserwator z uprawnieniami podr\u0119cznego sprz\u0119tu ga\u015bniczego. W zale\u017cno\u015bci od rodzaju pracy, okres mi\u0119dzykonserwacyjny mo\u017ce by\u0107 kr\u00f3tszy. Nie ka\u017cdy zdaje sobie z tego spraw\u0119, dlatego warto przypomnie\u0107 jeszcze raz. Konserwacja ga\u015bnic mo\u017ce by\u0107 wykonywana tylko przez uprawnione osoby! Producent wydaje instrukcj\u0119 konserwacji i nale\u017cy j\u0105 traktowa\u0107 jako nadrz\u0119dn\u0105!&nbsp; Cel szkolenia z zakresu konserwacji ga\u015bnic&nbsp; Przekazanie wiedzy dotycz\u0105cej konserwacji i obs\u0142ugi podr\u0119cznego sprz\u0119tu ga\u015bniczego wszystkim naszym s\u0142uchaczom.&nbsp; Co [&hellip;]<\/p>\n","protected":false},"author":6,"featured_media":4152,"parent":3957,"menu_order":0,"comment_status":"closed","ping_status":"closed","template":"","meta":{"sfsi_plus_gutenberg_text_before_share":"","sfsi_plus_gutenberg_show_text_before_share":"","sfsi_plus_gutenberg_icon_type":"","sfsi_plus_gutenberg_icon_alignemt":"","sfsi_plus_gutenburg_max_per_row":"","footnotes":""},"class_list":["post-4149","page","type-page","status-publish","has-post-thumbnail","hentry","has_thumb"],"aioseo_notices":[],"_links":{"self":[{"href":"https:\/\/kursy-udt.pl\/en\/wp-json\/wp\/v2\/pages\/4149","targetHints":{"allow":["GET"]}}],"collection":[{"href":"https:\/\/kursy-udt.pl\/en\/wp-json\/wp\/v2\/pages"}],"about":[{"href":"https:\/\/kursy-udt.pl\/en\/wp-json\/wp\/v2\/types\/page"}],"author":[{"embeddable":true,"href":"https:\/\/kursy-udt.pl\/en\/wp-json\/wp\/v2\/users\/6"}],"replies":[{"embeddable":true,"href":"https:\/\/kursy-udt.pl\/en\/wp-json\/wp\/v2\/comments?post=4149"}],"version-history":[{"count":5,"href":"https:\/\/kursy-udt.pl\/en\/wp-json\/wp\/v2\/pages\/4149\/revisions"}],"predecessor-version":[{"id":5545,"href":"https:\/\/kursy-udt.pl\/en\/wp-json\/wp\/v2\/pages\/4149\/revisions\/5545"}],"up":[{"embeddable":true,"href":"https:\/\/kursy-udt.pl\/en\/wp-json\/wp\/v2\/pages\/3957"}],"wp:featuredmedia":[{"embeddable":true,"href":"https:\/\/kursy-udt.pl\/en\/wp-json\/wp\/v2\/media\/4152"}],"wp:attachment":[{"href":"https:\/\/kursy-udt.pl\/en\/wp-json\/wp\/v2\/media?parent=4149"}],"curies":[{"name":"wp","href":"https:\/\/api.w.org\/{rel}","templated":true}]}}