{"id":4134,"date":"2022-08-16T07:38:51","date_gmt":"2022-08-16T07:38:51","guid":{"rendered":"https:\/\/kursy-udt.pl\/?page_id=4134"},"modified":"2023-03-20T11:14:38","modified_gmt":"2023-03-20T10:14:38","slug":"evacuation-of-people","status":"publish","type":"page","link":"https:\/\/kursy-udt.pl\/en\/szkolenia\/bhp-bezpieczenstwo-pracy\/ewakuacjia-ludzi\/","title":{"rendered":"Power to evacuate people from a confined space"},"content":{"rendered":"<figure class=\"wp-block-image size-large is-resized\"><img loading=\"lazy\" decoding=\"async\" src=\"https:\/\/kursy-udt.pl\/wp-content\/uploads\/2022\/08\/1-4.jpeg\" alt=\"evacuation of people\" width=\"800\" height=\"534\"\/><\/figure>\n\n\n\n<h2 class=\"wp-block-heading\">Course on evacuation from confined spaces&nbsp;<\/h2>\n\n\n\n<p>You are cordially invited to attend training courses on evacuating people from confined spaces. The course is designed for people who take responsibility for guaranteeing safety when working in confined spaces, taking into account rescue operations which include searching for the injured person, assisting with stretchers and installing extraction systems. The training is open to those who work in confined spaces and wish to improve their qualifications.&nbsp;<br>Evacuations of people from confined spaces should only be carried out by people with the appropriate training, experience and skills, as they involve a high degree of risk.&nbsp;&nbsp;<\/p>\n\n\n\n<h2 class=\"wp-block-heading\">Requirements for the candidate&nbsp;<\/h2>\n\n\n\n<p>To take part in the training courses, you must meet the following requirements: you must not have any medical contraindications to working in confined spaces and at heights above 3 metres, and you must have completed CS3 training. Please note that the training requires good physical shape - trainees undergo practical exercises in breathing apparatus. Willing participants who have a beard or wear glasses <a href=\"https:\/\/kursy-udt.pl\/en\/kontakt\/\">please contact us<\/a> prior to the start of the course.\u00a0\u00a0<\/p>\n\n\n\n<h2 class=\"wp-block-heading\">Training program&nbsp;<\/h2>\n\n\n<div class=\"wp-block-image\">\n<figure class=\"alignright size-large is-resized\"><img loading=\"lazy\" decoding=\"async\" src=\"https:\/\/kursy-udt.pl\/wp-content\/uploads\/2022\/08\/2-3.jpeg\" alt=\"enclosed space\" width=\"400\" height=\"267\"\/><\/figure>\n<\/div>\n\n\n<p>There are two parts to the training - the theoretical part, where participants gain knowledge of rescue and evacuation techniques from confined spaces, and the practical part, where trainees learn how to properly enter a confined space using breathing apparatus. During the course, participants gain practical knowledge of how to carry out operations with winches and other rescue systems, what actions to take in zero visibility and how to handle an emergency situation. During training, participants also become familiar with different types of search and rescue procedures, legal regulations, vertical and lateral access techniques to confined spaces. They learn how to install and use rescue stretcher retraction systems and how to select the correct gas detector. On completion of the course, participants receive a certificate and a badge, which is valid for three years.\u00a0<\/p>\n\n\n\n<h2 class=\"wp-block-heading\">Enclosed space&nbsp;<\/h2>\n\n\n\n<p>An enclosed space is a health and safety term referring to a space that is confined on all sides, whose entrances and exits are blocked or restricted and prevent the rapid movement of workers and the exchange of air. These include, for example, manholes, sewers, tanks, various industrial passages and tunnels, the interior of industrial plants, etc. Confined spaces are not designed for long-term human habitation. When descending, a worker may be exposed to hazards such as:&nbsp;<\/p>\n\n\n\n<ul class=\"wp-block-list\">\n<li>pollution, dust, lack of oxygen - caused by rust, decomposition and the accumulation of heavy gases;&nbsp;<\/li>\n\n\n\n<li>Risk of explosion when working with flammable gas or steam;&nbsp;<\/li>\n\n\n\n<li>Difficulty getting out - fire, injury or ill health may prevent the worker from getting out on their own;&nbsp;<\/li>\n\n\n\n<li>risk of falls from height;&nbsp;<\/li>\n\n\n\n<li>danger of backfilling or flooding;&nbsp;<\/li>\n\n\n\n<li>awkward posture, cramped conditions, risk of injury;&nbsp;<\/li>\n\n\n\n<li>uncomfortable temperatures - temperature fluctuations, increased humidity;&nbsp;<\/li>\n\n\n\n<li>Communication difficulties - walls excessively reflect and amplify noise;&nbsp;<\/li>\n\n\n\n<li>darkness.&nbsp;<\/li>\n<\/ul>\n\n\n\n<figure class=\"wp-block-image size-large is-resized\"><img loading=\"lazy\" decoding=\"async\" src=\"https:\/\/kursy-udt.pl\/wp-content\/uploads\/2022\/08\/3-3.jpeg\" alt=\"people in helmets\" width=\"800\" height=\"502\"\/><\/figure>\n\n\n\n<h2 class=\"wp-block-heading\">Rescue operations&nbsp;<\/h2>\n\n\n\n<p>In the event of an incident in an enclosed space, the first priority is to ensure that the victim has access to air. The second task is to provide first aid in such a way as not to cause more damage to health and life. Rescue operations must follow a pre-developed plan. It must be decided what action to take, taking into account the following conditions:&nbsp;&nbsp;<\/p>\n\n\n\n<ul class=\"wp-block-list\">\n<li>available human resources,&nbsp;&nbsp;<\/li>\n\n\n\n<li>room size,&nbsp;&nbsp;<\/li>\n\n\n\n<li>ease or difficulty of access.&nbsp;&nbsp;<\/li>\n<\/ul>\n\n\n\n<p>When rescuing a person from an enclosed space, it is suggested that rescue operations are carried out, which may vary depending on the specific situation. The rescue squad leader remains outside and directs the actions at the scene. It is his\/her responsibility to organise those entering to carry out the rescue operation and to control the timing of the entry and exit of those wearing breathing apparatus from the confined space. When the team is ready, one rescuer with breathing apparatus and CPR equipment enters the confined space. He or she must be equipped with radio equipment to transmit information. A second rescuer with breathing apparatus enters and remains downstairs to retrieve additional equipment that will be needed for the operation. The third rescuer, also equipped with a breathing apparatus, enters the confined space and remains in place from where, if necessary, he can quickly rush to the aid of the first two rescuers or use ropes to evacuate the casualty. The fourth and fifth rescuers are outside ready to help if necessary. The other members of the team are responsible for providing additional equipment, such as a rescue rope, and assisting in the extraction of the casualty by means of a hoist. Two additional conditions should be kept in mind.&nbsp;<\/p>\n\n\n\n<figure class=\"wp-block-table\"><table><tbody><tr><td><strong>Condition<\/strong>&nbsp;<\/td><td><strong>Description<\/strong>&nbsp;<\/td><\/tr><tr><td>First&nbsp;<\/td><td>About 10 people are needed for such a rescue operation, three or four of whom will be indoors during the operation.&nbsp;<\/td><\/tr><tr><td>Secondly&nbsp;<\/td><td>Oxygen deficiency occurs suddenly, so rescuers must wear breathing apparatus at all times.&nbsp;<\/td><\/tr><\/tbody><\/table><\/figure>\n\n\n\n<p>To safely perform routine as well as emergency rescue work in confined spaces, the following equipment should be used:&nbsp;<\/p>\n\n\n\n<ul class=\"wp-block-list\">\n<li>personal protective equipment for the respiratory system, including for emergency evacuation - breathing apparatus, portable compressed air supply systems, self-rescuers with compressed air for emergency evacuation;&nbsp;<\/li>\n\n\n\n<li>safety equipment and accessories for working in unsupported spaces - ropes, carabiners, harnesses, helmets, belay and safety equipment, pulley rolls;&nbsp;<\/li>\n\n\n\n<li>evacuation equipment - winches, tripods, stretchers and suspension systems;&nbsp;<\/li>\n\n\n\n<li>air monitoring equipment.&nbsp;<\/li>\n<\/ul>\n\n\n\n<p>You are more than welcome to sign up for our training courses! For more information, please feel free to contact us.&nbsp;<\/p>\n\n\n\n<figure class=\"wp-block-image size-large is-resized\"><img loading=\"lazy\" decoding=\"async\" src=\"https:\/\/kursy-udt.pl\/wp-content\/uploads\/2023\/01\/Uprawnienia-do-ewakuacji-ludzi-z-przestrzeni-zamknietej-kursy-udt.pl_.png\" alt=\"ERGON training\" width=\"832\" height=\"520\"\/><\/figure>","protected":false},"excerpt":{"rendered":"<p>Kurs ewakuacji z przestrzeni zamkni\u0119tych&nbsp; Serdecznie zapraszamy na szkolenia z ewakuacji ludzi z przestrzeni zamkni\u0119tych. Kurs jest przeznaczony dla os\u00f3b, kt\u00f3re bior\u0105 odpowiedzialno\u015b\u0107 za zagwarantowanie bezpiecze\u0144stwa podczas pracy w przestrzeniach zamkni\u0119tych, uwzgl\u0119dniaj\u0105c dzia\u0142ania ratownicze, kt\u00f3re obejmuj\u0105 poszukiwanie poszkodowanego, pomoc z u\u017cyciem noszy oraz montowanie system\u00f3w wyci\u0105gowych. W szkoleniu mog\u0105 wzi\u0105\u0107 udzia\u0142 osoby, kt\u00f3re pracuj\u0105 w przestrzeniach zamkni\u0119tych i chc\u0105 podwy\u017cszy\u0107 swoje kwalifikacje.&nbsp;Ewakuacje ludzi z przestrzeni zamkni\u0119tych mog\u0105 przeprowadza\u0107 tylko osoby posiadaj\u0105ce odpowiednie wykszta\u0142cenie, do\u015bwiadczenie i umiej\u0119tno\u015bci, gdy\u017c wi\u0105\u017c\u0105 si\u0119 one z du\u017cym ryzykiem.&nbsp;&nbsp; Wymogi wobec kandydata&nbsp; Aby wzi\u0105\u0107 udzia\u0142 w szkoleniach nale\u017cy spe\u0142nia\u0107 nast\u0119puj\u0105ce wymagania: nie posiada\u0107 \u017cadnych medycznych przeciwskaza\u0144 do pracy w ograniczonej przestrzeni oraz na wysoko\u015bci powy\u017cej 3 metr\u00f3w, a tak\u017ce przej\u015b\u0107 szkolenie CS3. Nale\u017cy pami\u0119ta\u0107, \u017ce szkolenie wymaga dobrej formy fizycznej \u2013 kursanci przechodz\u0105 \u0107wiczenia praktyczne w aparatach oddechowych. Ch\u0119tne osoby, kt\u00f3re maj\u0105 brod\u0119 lub nosz\u0105 okulary prosimy o kontakt przed rozpocz\u0119ciem kursu.\u00a0\u00a0 Program szkolenia&nbsp; Szkolenia obejmuj\u0105 dwie cz\u0119\u015bci \u2013 teoretyczn\u0105, podczas kt\u00f3rej uczestnicy zdobywaj\u0105 wiedz\u0119 z zakresu technik ratowania i ewakuacji z przestrzeni zamkni\u0119tych, a tak\u017ce cz\u0119\u015b\u0107 praktyczn\u0105, na kt\u00f3rej kursanci ucz\u0105 si\u0119 jak prawid\u0142owo wej\u015b\u0107 do przestrzeni zamkni\u0119tej u\u017cywaj\u0105c aparatu oddechowego. Podczas kursu uczestnicy w praktyce zdobywaj\u0105 wiedz\u0119 w jaki spos\u00f3b przeprowadza\u0107 operacje z wci\u0105garkami i innymi systemami ratowniczymi, jakie dzia\u0142ania podejmowa\u0107 w zerowej widoczno\u015bci i jak radzi\u0107 sobie w awaryjnej sytuacji. W trakcie szkole\u0144 uczestnicy zaznajamiaj\u0105 si\u0119 r\u00f3wnie\u017c z r\u00f3\u017cnego rodzaju procedurami poszukiwawczo\u2013ratowniczymi, regulacjami prawnymi, pionow\u0105 i boczn\u0105 technik\u0105 dost\u0119pu do przestrzeni zamkni\u0119tych. Dowiaduj\u0105 si\u0119 w jaki spos\u00f3b montowa\u0107 i u\u017cywa\u0107 ratowniczych system\u00f3w do wci\u0105gania noszy ratowniczych oraz w [&hellip;]<\/p>\n","protected":false},"author":6,"featured_media":4135,"parent":2792,"menu_order":0,"comment_status":"closed","ping_status":"closed","template":"","meta":{"sfsi_plus_gutenberg_text_before_share":"","sfsi_plus_gutenberg_show_text_before_share":"","sfsi_plus_gutenberg_icon_type":"","sfsi_plus_gutenberg_icon_alignemt":"","sfsi_plus_gutenburg_max_per_row":"","footnotes":""},"class_list":["post-4134","page","type-page","status-publish","has-post-thumbnail","hentry","has_thumb"],"aioseo_notices":[],"_links":{"self":[{"href":"https:\/\/kursy-udt.pl\/en\/wp-json\/wp\/v2\/pages\/4134","targetHints":{"allow":["GET"]}}],"collection":[{"href":"https:\/\/kursy-udt.pl\/en\/wp-json\/wp\/v2\/pages"}],"about":[{"href":"https:\/\/kursy-udt.pl\/en\/wp-json\/wp\/v2\/types\/page"}],"author":[{"embeddable":true,"href":"https:\/\/kursy-udt.pl\/en\/wp-json\/wp\/v2\/users\/6"}],"replies":[{"embeddable":true,"href":"https:\/\/kursy-udt.pl\/en\/wp-json\/wp\/v2\/comments?post=4134"}],"version-history":[{"count":4,"href":"https:\/\/kursy-udt.pl\/en\/wp-json\/wp\/v2\/pages\/4134\/revisions"}],"predecessor-version":[{"id":5519,"href":"https:\/\/kursy-udt.pl\/en\/wp-json\/wp\/v2\/pages\/4134\/revisions\/5519"}],"up":[{"embeddable":true,"href":"https:\/\/kursy-udt.pl\/en\/wp-json\/wp\/v2\/pages\/2792"}],"wp:featuredmedia":[{"embeddable":true,"href":"https:\/\/kursy-udt.pl\/en\/wp-json\/wp\/v2\/media\/4135"}],"wp:attachment":[{"href":"https:\/\/kursy-udt.pl\/en\/wp-json\/wp\/v2\/media?parent=4134"}],"curies":[{"name":"wp","href":"https:\/\/api.w.org\/{rel}","templated":true}]}}