{"id":4125,"date":"2022-08-12T13:10:08","date_gmt":"2022-08-12T13:10:08","guid":{"rendered":"https:\/\/kursy-udt.pl\/?page_id=4125"},"modified":"2023-03-20T10:52:26","modified_gmt":"2023-03-20T09:52:26","slug":"first-aid-and-operations","status":"publish","type":"page","link":"https:\/\/kursy-udt.pl\/en\/szkolenia\/bhp-bezpieczenstwo-pracy\/pierwsza-pomoc-i-dzialania\/","title":{"rendered":"First aid course"},"content":{"rendered":"<div class=\"wp-block-image\">\n<figure class=\"alignleft size-large is-resized\"><img loading=\"lazy\" decoding=\"async\" src=\"https:\/\/kursy-udt.pl\/wp-content\/uploads\/2022\/08\/3-2.jpeg\" alt=\"basic first aid information\" width=\"400\" height=\"267\"\/><\/figure>\n<\/div>\n\n\n<p>We offer first aid courses that will demonstrate first aid in both theory and practice. The skills acquired in the course, will enable you to discharge your responsibilities in terms of the need for first aid.&nbsp;<\/p>\n\n\n\n<p>First aid is the action that aims to save a human life until emergency medical services arrive. It prevents further exposure of the victim to danger and the development of serious complications. It is effective when given immediately or as soon as possible after the incident. First aid can be given to an injured person by anyone who is nearby at the time. This skill is basic and also very important. In an emergency, it can save lives. Come along to our first aid courses.&nbsp;<\/p>\n\n\n\n<h2 class=\"wp-block-heading\">First aid training&nbsp;<\/h2>\n\n\n\n<p>Our courses are perfect if you want to train your employees. <a href=\"https:\/\/kursy-udt.pl\/en\/o-firmie\/\">ERGON Personnel Training Center<\/a> offers professional training in \"Life and Health First Aid\". We have many years of experience and our instructors are available to the trainees throughout the course. Our staff are suitably qualified to provide thorough training. A feature of our qualification courses is their flexibility, which provides the opportunity to adapt them to specific training needs. It is possible to choose a convenient date. We have fully equipped training rooms, resuscitation manikins, training equipment and other accessories to ensure effective training. Our courses are held all over Poland, e.g. in Warsaw, Krakow, Pozna\u0144, \u0141\u00f3d\u017a, Gda\u0144sk, Lublin, Bydgoszcz, Szczecin. The courses we offer consist of two parts: theoretical and practical. <\/p>\n\n\n\n<p><strong>During the theoretical part, the following topics are discussed:<\/strong>&nbsp;<\/p>\n\n\n\n<ul class=\"wp-block-list\">\n<li>Legal aspects in first aid;&nbsp;<\/li>\n\n\n\n<li>evacuation of injured persons;&nbsp;<\/li>\n\n\n\n<li>emergency numbers and how to properly call and notify the emergency services;&nbsp;<\/li>\n\n\n\n<li>securing the accident scene;&nbsp;<\/li>\n\n\n\n<li>the steps needed to treat different types of injuries such as bleeding, fracture, burn, frostbite, foreign body in wound, head, abdominal or chest trauma;&nbsp;<\/li>\n\n\n\n<li>cardiopulmonary resuscitation, how to perform cardiac massage and artificial respiration in adults as well as children;&nbsp;<\/li>\n\n\n\n<li>assessment of vital functions in injured persons;&nbsp;<\/li>\n\n\n\n<li>actions necessary in life and health-threatening situations such as: epilepsy attack, choking, poisoning, heart attack, fainting, electrocution or lightning.&nbsp;<\/li>\n<\/ul>\n\n\n\n<p><strong>The practical part includes:&nbsp;<\/strong><\/p>\n\n\n<div class=\"wp-block-image\">\n<figure class=\"alignright size-large is-resized\"><img loading=\"lazy\" decoding=\"async\" src=\"https:\/\/kursy-udt.pl\/wp-content\/uploads\/2022\/08\/2-2.jpeg\" alt=\"exercise room\" width=\"400\" height=\"267\"\/><\/figure>\n<\/div>\n\n\n<ul class=\"wp-block-list\">\n<li>criteria for the selection and evacuation of casualties;&nbsp;<\/li>\n\n\n\n<li>drills in positioning a casualty in the safe side position;&nbsp;<\/li>\n\n\n\n<li>principles of cardiopulmonary resuscitation - cardiac massage and artificial respiration;&nbsp;<\/li>\n\n\n\n<li>rules of action with a victim involved in a traffic accident;&nbsp;<\/li>\n\n\n\n<li>behavioural criteria for suspected spinal injury;&nbsp;<\/li>\n\n\n\n<li>dealing with life-threatening situations such as drowning, electrocution or lightning, fainting, epilepsy, choking.&nbsp;<\/li>\n<\/ul>\n\n\n\n<h2 class=\"wp-block-heading\">Forms of first aid training available to you&nbsp;<\/h2>\n\n\n\n<p>'Life and health first aid' training is available in two forms:&nbsp;<\/p>\n\n\n\n<figure class=\"wp-block-table\"><table><tbody><tr><td>Course formats&nbsp;<\/td><td>Definition&nbsp;<\/td><\/tr><tr><td>Open&nbsp;<\/td><td>They are available to any interested person, including those who want to gain skills and knowledge in a particular subject on their own.&nbsp;<\/td><\/tr><tr><td>Closed&nbsp;<\/td><td>They are dedicated to groups. They are courses that have been organised by employers or institutions.&nbsp;<\/td><\/tr><\/tbody><\/table><\/figure>\n\n\n\n<h2 class=\"wp-block-heading\">Where can you find us?&nbsp;<\/h2>\n\n\n\n<p>We would like to invite you to 'First Aid' training at ERGON. These are classes that are permanently on offer. We conduct training courses all over the country, including in Warsaw, Krakow, Katowice, Bydgoszcz, Gda\u0144sk, Toru\u0144, \u0141\u00f3d\u017a, Pozna\u0144 and Lublin. In the case of closed courses, we are able to travel and conduct them anywhere in Poland. Just call us and ask about available dates. The price is set individually depending on the number of people. For larger groups there is the possibility of discounts. We invite you to enrol and participate in our training courses!<\/p>\n\n\n\n<h2 class=\"wp-block-heading\">The following actions should be taken when administering first aid:<\/h2>\n\n\n\n<ul class=\"wp-block-list\">\n<li>assess the situation and ensure safe conditions for providing assistance;&nbsp;&nbsp;<\/li>\n\n\n\n<li>determine whether the victim is conscious;&nbsp;&nbsp;<\/li>\n\n\n\n<li>restore airway patency and determine vital signs;&nbsp;&nbsp;<\/li>\n\n\n\n<li>call an ambulance or other special services;&nbsp;&nbsp;<\/li>\n\n\n\n<li>start CPR;&nbsp;&nbsp;<\/li>\n\n\n\n<li>carefully examine the casualty and take appropriate action in the event of bleeding, trauma, poisoning or other life-threatening conditions;&nbsp;&nbsp;<\/li>\n\n\n\n<li>place the victim in the lateral safety position;&nbsp;&nbsp;<\/li>\n\n\n\n<li>continuously monitor the victim's condition and provide psychological support.&nbsp;<\/li>\n<\/ul>\n\n\n\n<figure class=\"wp-block-image size-large is-resized\"><img loading=\"lazy\" decoding=\"async\" src=\"https:\/\/kursy-udt.pl\/wp-content\/uploads\/2022\/08\/1-2.jpeg\" alt=\"people wearing reflective waistcoats\" width=\"800\" height=\"534\"\/><\/figure>\n\n\n\n<h2 class=\"wp-block-heading\">Workplace and first aid&nbsp;<\/h2>\n\n\n\n<p>The admission of a person to work is linked to a number of obligations that employers must fulfil in order to ensure that work is safe in all respects. According to the Labour Code, every employer in a given workplace has the task of providing a first-aid kit and designating a person from among the employees who would be responsible for providing first aid. According to the regulations, the employer is obliged to provide all first-aid, fire-fighting and evacuation measures and to guarantee contact with fire protection and emergency medical services and with external services that are specifically specialised in first aid. <\/p>\n\n\n\n<p>It is important that every workplace has a person who is suitably qualified to administer first aid. You need to have the right skills to respond adequately to various life and health emergencies such as bleeding, fracture, fainting, burns, frostbite or any other type of injury that may occur on the job. Also, knowledge of CPR, artificial respiration or the safe side position is crucial when saving lives. The necessary knowledge and skills can be acquired in first aid training courses run by our company.&nbsp;&nbsp;<\/p>\n\n\n\n<p>We also welcome training courses in occupational health and safety (initial and periodic) and fire safety. Please do not hesitate to contact us if you have any questions.&nbsp;<\/p>\n\n\n\n<figure class=\"wp-block-image size-large is-resized\"><img loading=\"lazy\" decoding=\"async\" src=\"https:\/\/kursy-udt.pl\/wp-content\/uploads\/2023\/01\/95-Pierwsza-pomoc-kursy-udt.pl_.png\" alt=\"first aid training\" width=\"838\" height=\"524\"\/><\/figure>","protected":false},"excerpt":{"rendered":"<p>Oferujemy kursy pierwszej pomocy, kt\u00f3re zar\u00f3wno w teorii jak i w praktyce poka\u017c\u0105, jak wygl\u0105da pierwsza pomoc. Zdobyte w trakcie zaj\u0119\u0107 umiej\u0119tno\u015bci, pozwol\u0105 wywi\u0105za\u0107 si\u0119 z obowi\u0105zk\u00f3w w zakresie konieczno\u015bci udzielenia pierwszej pomocy.&nbsp; Pierwsza pomoc to dzia\u0142ania, kt\u00f3re maj\u0105 na celu ratowanie ludzkiego \u017cycia do czasu przyjazdu ratownictwa medycznego. Zapobiega ona dalszemu nara\u017ceniu poszkodowanego na niebezpiecze\u0144stwo oraz rozwojowi powa\u017cnych powik\u0142a\u0144. Jest ona skuteczna, gdy zostanie udzielona natychmiast lub mo\u017cliwie jak najszybciej od momentu zdarzenia. Pierwszej pomocy osobie poszkodowanej mo\u017ce udzieli\u0107 ka\u017cdy, kto w danym momencie b\u0119dzie si\u0119 znajdowa\u0142 w pobli\u017cu. Umiej\u0119tno\u015b\u0107 ta jest podstawowa, a tak\u017ce bardzo wa\u017cna. W nag\u0142ych wypadkach mo\u017ce uratowa\u0107 \u017cycie. Zapraszamy na nasze kursy z udzielania pierwszej pomocy.&nbsp; Szkolenia z pierwszej pomocy&nbsp; Nasze kursy \u015bwietnie si\u0119 sprawdz\u0105 w sytuacji, gdy chcesz przeszkoli\u0107 swoich pracownik\u00f3w. O\u015brodek Doskonalenia Kadr ERGON oferuje profesjonalne szkolenia \u201ePierwsza pomoc w stanach zagro\u017cenia \u017cycia i zdrowia\u201d. Posiadamy wieloletni sta\u017c, a nasi instruktorzy s\u0105 do dyspozycji kursant\u00f3w w trakcie trwania kursu. Nasza kadra jest odpowiednio wykwalifikowana, aby przeprowadzi\u0107 dok\u0142adne szkolenie. Cech\u0105 naszych kurs\u00f3w kwalifikacyjnych jest ich elastyczno\u015b\u0107, kt\u00f3ra stwarza mo\u017cliwo\u015b\u0107 dostosowania ich do specyficznych potrzeb szkoleniowych. Istnieje mo\u017cliwo\u015b\u0107 wyboru dogodnego terminu. Do dyspozycji s\u0142uchaczy posiadamy w pe\u0142ni wyposa\u017cone sale \u0107wiczeniowe, manekiny do resuscytacji, sprz\u0119t szkoleniowy i inne akcesoria, dzi\u0119ki kt\u00f3rym zapewniamy skuteczne szkolenie. Nasze kursy odbywaj\u0105 si\u0119 na terenie ca\u0142ej Polski m.in. w Warszawie, Krakowie, Poznaniu, \u0141odzi, Gda\u0144sku, Lublinie, Bydgoszczy, Szczecinie. Oferowane przez nas kursy sk\u0142adaj\u0105 si\u0119 z dw\u00f3ch cz\u0119\u015bci: teoretycznej i praktycznej. Podczas cz\u0119\u015bci teoretycznej omawiane s\u0105 nast\u0119puj\u0105ce tematy:&nbsp; Cz\u0119\u015b\u0107 praktyczna obejmuje:&nbsp; Formy szkolenia pierwszej pomocy dost\u0119pne dla [&hellip;]<\/p>\n","protected":false},"author":6,"featured_media":4128,"parent":2792,"menu_order":0,"comment_status":"closed","ping_status":"closed","template":"","meta":{"sfsi_plus_gutenberg_text_before_share":"","sfsi_plus_gutenberg_show_text_before_share":"","sfsi_plus_gutenberg_icon_type":"","sfsi_plus_gutenberg_icon_alignemt":"","sfsi_plus_gutenburg_max_per_row":"","footnotes":""},"class_list":["post-4125","page","type-page","status-publish","has-post-thumbnail","hentry","has_thumb"],"aioseo_notices":[],"_links":{"self":[{"href":"https:\/\/kursy-udt.pl\/en\/wp-json\/wp\/v2\/pages\/4125","targetHints":{"allow":["GET"]}}],"collection":[{"href":"https:\/\/kursy-udt.pl\/en\/wp-json\/wp\/v2\/pages"}],"about":[{"href":"https:\/\/kursy-udt.pl\/en\/wp-json\/wp\/v2\/types\/page"}],"author":[{"embeddable":true,"href":"https:\/\/kursy-udt.pl\/en\/wp-json\/wp\/v2\/users\/6"}],"replies":[{"embeddable":true,"href":"https:\/\/kursy-udt.pl\/en\/wp-json\/wp\/v2\/comments?post=4125"}],"version-history":[{"count":4,"href":"https:\/\/kursy-udt.pl\/en\/wp-json\/wp\/v2\/pages\/4125\/revisions"}],"predecessor-version":[{"id":5515,"href":"https:\/\/kursy-udt.pl\/en\/wp-json\/wp\/v2\/pages\/4125\/revisions\/5515"}],"up":[{"embeddable":true,"href":"https:\/\/kursy-udt.pl\/en\/wp-json\/wp\/v2\/pages\/2792"}],"wp:featuredmedia":[{"embeddable":true,"href":"https:\/\/kursy-udt.pl\/en\/wp-json\/wp\/v2\/media\/4128"}],"wp:attachment":[{"href":"https:\/\/kursy-udt.pl\/en\/wp-json\/wp\/v2\/media?parent=4125"}],"curies":[{"name":"wp","href":"https:\/\/api.w.org\/{rel}","templated":true}]}}