{"id":4119,"date":"2022-08-12T12:31:58","date_gmt":"2022-08-12T12:31:58","guid":{"rendered":"https:\/\/kursy-udt.pl\/?page_id=4119"},"modified":"2023-03-20T15:36:11","modified_gmt":"2023-03-20T14:36:11","slug":"tdt","status":"publish","type":"page","link":"https:\/\/kursy-udt.pl\/en\/szkolenia\/udt-wdt-tdt\/tdt\/","title":{"rendered":"TDT certification course"},"content":{"rendered":"<div class=\"wp-block-image\">\n<figure class=\"alignright size-large is-resized\"><img loading=\"lazy\" decoding=\"async\" src=\"https:\/\/kursy-udt.pl\/wp-content\/uploads\/2022\/08\/12-1.jpeg\" alt=\"equipment subject to TDT\" width=\"234\" height=\"306\"\/><\/figure>\n<\/div>\n\n\n<p>&nbsp;<br>We provide professional training courses for employees nationwide. Our company offers professional courses that will allow you to obtain <a href=\"https:\/\/kursy-udt.pl\/en\/uprawnienia-udt\/kategorie-uprawnien-2\/\">entitlements<\/a> Transport Technical Supervision and, in the next step, start working as an operator of equipment requiring this authorisation.&nbsp;<\/p>\n\n\n\n<h2 class=\"wp-block-heading\">What is TDT?&nbsp;<\/h2>\n\n\n\n<p>Transportowy Doz\u00f3r Techniczny (abbreviated as TDT) is a technical supervision unit that was established under the Act of 21 December 2000 on technical supervision. It is an amalgamation of the Shipping Technical Supervision and the Railway Technical Supervision. The main tasks of the TDT include, inter alia: issuing a certificate of approval of a vehicle for the carriage of dangerous goods; verifying that the equipment and conditions of vehicle inspection stations comply with the requirements of regulatory provisions; carrying out activities related to the approval of vehicles. The Transport Technical Supervision also conducts examinations authorising the performance of the above-mentioned tasks. <\/p>\n\n\n\n<p>The TDT carries out tasks in the following stages: design, manufacture, repair, modernisation, marketing and operation. Transport Technical Inspection covers equipment such as: <a href=\"https:\/\/kursy-udt.pl\/en\/szkolenia\/udt-wdt-tdt\/urzadzenia-cisnieniowe\/\">pressure equipment<\/a>, specialised continuous and materials handling equipment, for the transport of dangerous goods, storage tanks, rope handling equipment, NO equipment, pipelines, fuel vapour recovery and materials handling equipment. Material handling equipment subject to TDT includes: overhead cranes, platforms, <a href=\"https:\/\/kursy-udt.pl\/en\/szkolenia\/wozkiwidlowe\/\">forklift trucks<\/a>, railway vehicle cranes.\u00a0<\/p>\n\n\n\n<h2 class=\"wp-block-heading\">TDT training - offer&nbsp;&nbsp;<\/h2>\n\n\n\n<p>Only well-qualified and professional employees are a guarantee of a well-functioning workplace. It is the people working in a company who create its image and stature, which has an impact on increasing profits. To achieve this, it is worth investing in and systematically improving the qualifications of your employees. Also, all kinds of equipment that are subject to technical supervision require the people using it to have the right qualifications. Only a qualified person is authorised to repair, manufacture and operate technical equipment. For this reason, we have created courses that are ideal for people who want to acquire the qualifications needed to do a specific job.&nbsp;<\/p>\n\n\n\n<figure class=\"wp-block-image size-large is-resized\"><img loading=\"lazy\" decoding=\"async\" src=\"https:\/\/kursy-udt.pl\/wp-content\/uploads\/2022\/08\/13-1.jpeg\" alt=\"TDT authorisation training\" width=\"803\" height=\"482\"\/><\/figure>\n\n\n\n<h2 class=\"wp-block-heading\">Requirements for candidates&nbsp;<\/h2>\n\n\n\n<p>To be eligible for the TDT course, you must first of all be over 18, have at least an elementary education and have completed the applications correctly. You should also not have any health contraindications to the profession.&nbsp;<\/p>\n\n\n\n<h2 class=\"wp-block-heading\">Why choose us?&nbsp;<\/h2>\n\n\n\n<p>Our training courses are distinguished by the fact that we employ highly qualified instructors who teach based on programmes developed in collaboration with the licensing authorities. Each participant receives access to training materials, as well as professional support. We provide comprehensive training through theoretical classes that impart knowledge and practical classes that allow participants to assimilate the information. <\/p>\n\n\n\n<h2 class=\"wp-block-heading\">Topics covered in the lectures include:\u00a0\u00a0<\/h2>\n\n\n\n<ul class=\"wp-block-list\">\n<li>safe maintenance and operation of equipment: pressurised, transport and storage of dangerous goods, continuous transport, pressurised feeding of liquid concrete;&nbsp;&nbsp;<\/li>\n\n\n\n<li>operating a vehicle inspection station;&nbsp;&nbsp;<\/li>\n\n\n\n<li>empowering establishments;&nbsp;&nbsp;<\/li>\n\n\n\n<li>technical testing of vehicles;&nbsp;&nbsp;<\/li>\n\n\n\n<li>descriptions and markings on transport tanks and certification.&nbsp;&nbsp;<\/li>\n<\/ul>\n\n\n\n<p>The classes also cover how to operate compressed natural gas filling stations and how to fill portable pressure vessels with compressed and liquefied gas. The price of the classes is set individually depending on the number of people, with attractive discounts for larger groups. We are also prepared to negotiate. For more information or questions, <a href=\"https:\/\/kursy-udt.pl\/en\/kontakt\/\">please contact us<\/a>.&nbsp;<\/p>\n\n\n\n<figure class=\"wp-block-image size-large is-resized\"><img loading=\"lazy\" decoding=\"async\" src=\"https:\/\/kursy-udt.pl\/wp-content\/uploads\/2022\/08\/14.jpeg\" alt=\"participants at the training\" width=\"800\" height=\"534\"\/><\/figure>\n\n\n\n<h2 class=\"wp-block-heading\">Form of classes&nbsp;<\/h2>\n\n\n\n<figure class=\"wp-block-table\"><table><tbody><tr><td><strong>Form<\/strong>&nbsp;<\/td><td><strong>For whom?<\/strong>&nbsp;<\/td><\/tr><tr><td>Open&nbsp;<\/td><td>They are intended for all interested persons and are carried out according to the schedule posted on our website.&nbsp;<\/td><\/tr><tr><td>Closed&nbsp;<\/td><td>Designed for groups formed by employers or institutions, they are available both in our branches but also anywhere in Poland - we can easily travel.&nbsp;<\/td><\/tr><\/tbody><\/table><\/figure>\n\n\n\n<h2 class=\"wp-block-heading\">TDT permissions&nbsp;<\/h2>\n\n\n\n<p>TDT authorisations are issued to domestic and foreign companies. Only entities holding such authorisations can manufacture, repair and modernise technical equipment and materials and components used for these purposes. They are issued in the form of an administrative decision when the applicant meets the requirements stipulated in Article 9(2) of the Technical Supervision Act, such as:&nbsp;<\/p>\n\n\n\n<ul class=\"wp-block-list\">\n<li>has introduced appropriate production, repair or upgrading technology;&nbsp;<\/li>\n\n\n\n<li>has equipment for production, repair and modernisation;&nbsp;<\/li>\n\n\n\n<li>gives employment to staff with the appropriate qualifications as specified in the individual regulations;&nbsp;<\/li>\n\n\n\n<li>quality control is organised;&nbsp;<\/li>\n\n\n\n<li>is able to carry out destructive and non-destructive testing of manufactured, upgraded or repaired technical equipment in its laboratory or in a laboratory approved by the relevant technical inspection body.&nbsp;<\/li>\n<\/ul>\n\n\n\n<p>You are more than welcome to contact us and sign up for training!&nbsp;<\/p>\n\n\n\n<figure class=\"wp-block-image size-large is-resized\"><img loading=\"lazy\" decoding=\"async\" src=\"https:\/\/kursy-udt.pl\/wp-content\/uploads\/2023\/01\/80-TDT-kursy-udt.pl_.png\" alt=\"ERGON training\" width=\"793\" height=\"496\"\/><\/figure>","protected":false},"excerpt":{"rendered":"<p>&nbsp;Prowadzimy profesjonalne szkolenia dla pracownik\u00f3w na terenie ca\u0142ej Polski. Nasza firma oferuje profesjonalne kursy, kt\u00f3re pozwol\u0105 uzyska\u0107 uprawnienia Transportowego Dozoru Technicznego, a w kolejnym kroku rozpocz\u0105\u0107 prace jako operator urz\u0105dze\u0144 wymagaj\u0105cych tych uprawnie\u0144.&nbsp; Co to jest TDT?&nbsp; Transportowy Doz\u00f3r Techniczny (w skr\u00f3cie TDT) jest to jednostka dozoru technicznego, kt\u00f3ra zosta\u0142a utworzona na mocy ustawy z dnia 21 grudnia 2000 r. o dozorze technicznym. Jest to po\u0142\u0105czenie Dozoru Technicznego \u017beglugi Morskiej i Kolejowego Dozoru Technicznego. Do g\u0142\u00f3wnych zada\u0144 TDT nale\u017cy mi\u0119dzy innymi: wydawanie \u015bwiadectwa o dopuszczeniu pojazdu do przewozu towar\u00f3w niebezpiecznych; sprawdzanie czy wyposa\u017cenie i warunki stacji kontroli pojazd\u00f3w s\u0105 zgodne z wymaganiami przepis\u00f3w wykonawczych; prowadzenie dzia\u0142a\u0144 zwi\u0105zanych z homologacj\u0105 pojazd\u00f3w. Transportowy Doz\u00f3r Techniczny przeprowadza r\u00f3wnie\u017c egzaminy uprawniaj\u0105ce do wykonywania wy\u017cej wymienionych zada\u0144. TDT realizuje zadania na etapach: projektowania, wytwarzania, naprawy, modernizacji, obrotu i eksploatacji. Transportowy Doz\u00f3r Techniczny obejmuje urz\u0105dzenia takie jak: urz\u0105dzenia ci\u015bnieniowe, specjalistyczne urz\u0105dzenia transportu ci\u0105g\u0142ego i bliskiego, do transportu towar\u00f3w niebezpiecznych, zbiorniki magazynowe, urz\u0105dzenia transportu linowego, urz\u0105dzenia NO, ruroci\u0105gi, do odzyskiwania par paliwa oraz transportu bliskiego. Do urz\u0105dze\u0144 transportu bliskiego podlegaj\u0105cych pod TDT nale\u017c\u0105: suwnice, podesty, w\u00f3zki jezdniowe podno\u015bnikowe, d\u017awignice pojazd\u00f3w kolejowych.\u00a0 Szkolenia TDT \u2013 oferta&nbsp;&nbsp; Tylko dobrze wykwalifikowani i profesjonalni pracownicy s\u0105 gwarancj\u0105 dobrze funkcjonuj\u0105cego zak\u0142adu pracy. To w\u0142a\u015bnie osoby pracuj\u0105ce w firmie tworz\u0105 jej wizerunek i rang\u0119, co ma wp\u0142yw na zwi\u0119kszenie zysk\u00f3w. Aby to osi\u0105gn\u0105\u0107, warto zainwestowa\u0107 i systematycznie podnosi\u0107 kwalifikacje swoich pracownik\u00f3w. R\u00f3wnie\u017c wszelkiego rodzaju urz\u0105dzenia, kt\u00f3re obj\u0119te s\u0105 dozorem technicznym wymagaj\u0105 od os\u00f3b ich u\u017cywaj\u0105cych odpowiednich kwalifikacji. Tylko osoba posiadaj\u0105ca uprawnienia ma prawo naprawia\u0107, wytwarza\u0107 i eksploatowa\u0107 urz\u0105dzenia [&hellip;]<\/p>\n","protected":false},"author":6,"featured_media":4120,"parent":2721,"menu_order":0,"comment_status":"closed","ping_status":"closed","template":"","meta":{"sfsi_plus_gutenberg_text_before_share":"","sfsi_plus_gutenberg_show_text_before_share":"","sfsi_plus_gutenberg_icon_type":"","sfsi_plus_gutenberg_icon_alignemt":"","sfsi_plus_gutenburg_max_per_row":"","footnotes":""},"class_list":["post-4119","page","type-page","status-publish","has-post-thumbnail","hentry","has_thumb"],"aioseo_notices":[],"_links":{"self":[{"href":"https:\/\/kursy-udt.pl\/en\/wp-json\/wp\/v2\/pages\/4119","targetHints":{"allow":["GET"]}}],"collection":[{"href":"https:\/\/kursy-udt.pl\/en\/wp-json\/wp\/v2\/pages"}],"about":[{"href":"https:\/\/kursy-udt.pl\/en\/wp-json\/wp\/v2\/types\/page"}],"author":[{"embeddable":true,"href":"https:\/\/kursy-udt.pl\/en\/wp-json\/wp\/v2\/users\/6"}],"replies":[{"embeddable":true,"href":"https:\/\/kursy-udt.pl\/en\/wp-json\/wp\/v2\/comments?post=4119"}],"version-history":[{"count":5,"href":"https:\/\/kursy-udt.pl\/en\/wp-json\/wp\/v2\/pages\/4119\/revisions"}],"predecessor-version":[{"id":5551,"href":"https:\/\/kursy-udt.pl\/en\/wp-json\/wp\/v2\/pages\/4119\/revisions\/5551"}],"up":[{"embeddable":true,"href":"https:\/\/kursy-udt.pl\/en\/wp-json\/wp\/v2\/pages\/2721"}],"wp:featuredmedia":[{"embeddable":true,"href":"https:\/\/kursy-udt.pl\/en\/wp-json\/wp\/v2\/media\/4120"}],"wp:attachment":[{"href":"https:\/\/kursy-udt.pl\/en\/wp-json\/wp\/v2\/media?parent=4119"}],"curies":[{"name":"wp","href":"https:\/\/api.w.org\/{rel}","templated":true}]}}