{"id":4111,"date":"2022-08-11T12:09:12","date_gmt":"2022-08-11T12:09:12","guid":{"rendered":"https:\/\/kursy-udt.pl\/?page_id=4111"},"modified":"2023-03-21T11:51:06","modified_gmt":"2023-03-21T10:51:06","slug":"loading-equipment","status":"publish","type":"page","link":"https:\/\/kursy-udt.pl\/en\/szkolenia\/udt-wdt-tdt\/urzadzenia-zaladowcze\/","title":{"rendered":"Training in the operation of loading, unloading and feeding equipment"},"content":{"rendered":"<p>We organise a training course aimed at acquiring the necessary knowledge needed to perform loading and unloading operations. On successful completion of the training course and a successfully passed examination, participants receive a standard certificate authorising them to operate the equipment. The courses are designed for people who are new to loading and unloading equipment, but also for those wishing to improve their qualifications.\u00a0\u00a0<\/p>\n\n\n\n<figure class=\"wp-block-image size-large is-resized\"><img loading=\"lazy\" decoding=\"async\" src=\"https:\/\/kursy-udt.pl\/wp-content\/uploads\/2022\/08\/2-1.jpeg\" alt=\"maintenance of the machine\" width=\"717\" height=\"479\"\/><\/figure>\n\n\n\n<h2 class=\"wp-block-heading\">UDT qualifications&nbsp;<\/h2>\n\n\n\n<p>All loading, unloading or feeding equipment is subject to technical supervision. They may only be operated, maintained and repaired by highly qualified and experienced persons with <a href=\"https:\/\/kursy-udt.pl\/en\/uprawnienia-udt\/kategorie-uprawnien-2\/\">entitlements<\/a> granted by the Office of Technical Inspection. These authorisations can be obtained by undergoing training in the operation of these devices and then passing an examination before a commission from the Office of Technical Inspection. We have therefore developed ideal courses for the operation of loading, unloading or handling equipment. During our training courses, we guarantee professional training and a good chance of passing the exam on the first try.&nbsp;&nbsp;<\/p>\n\n\n\n<h2 class=\"wp-block-heading\">Training program&nbsp;<\/h2>\n\n\n\n<p>Loading and unloading training includes a lecture-based course. We work closely with the Office of Technical Inspection, so it is easy to arrange examination dates to suit our clients' needs. During the course, students receive all the necessary teaching materials. Our instructors have many years of experience and many of them are experts in their field. Each participant can count on an individual approach.&nbsp;&nbsp;<\/p>\n\n\n\n<p>The following topics are included in the training programme:&nbsp;&nbsp;<\/p>\n\n\n<div class=\"wp-block-image\">\n<figure class=\"alignright size-large is-resized\"><img loading=\"lazy\" decoding=\"async\" src=\"https:\/\/kursy-udt.pl\/wp-content\/uploads\/2022\/08\/3-1.jpeg\" alt=\"discharge devices\" width=\"330\" height=\"220\"\/><\/figure>\n<\/div>\n\n\n<ul class=\"wp-block-list\">\n<li>labour protection and safety regulations,&nbsp;&nbsp;<\/li>\n\n\n\n<li>research into lifting and transport mechanisms,&nbsp;&nbsp;<\/li>\n\n\n\n<li>construction and operation of the device,&nbsp;<\/li>\n\n\n\n<li>fire safety rules,&nbsp;&nbsp;<\/li>\n\n\n\n<li>compliance with sanitary conditions and working methods,&nbsp;<\/li>\n\n\n\n<li>operator responsibilities,&nbsp;<\/li>\n\n\n\n<li>Health, Safety and Security.&nbsp;<\/li>\n<\/ul>\n\n\n\n<p>The course provides detailed information including the principles of protection and safety when operating equipment. Participants in the course will be familiar with all the features of the equipment used in this type of work, will know how to position the vehicle and mechanisms correctly in the workplace and how to organise all processes properly.&nbsp;<\/p>\n\n\n\n<h2 class=\"wp-block-heading\">Maintenance of loading, unloading and feeding devices&nbsp;<\/h2>\n\n\n\n<p>An important place among the maintenance activities for loading and unloading machinery is given to a system of preventive maintenance and repairs. Warehouse equipment, including loading and unloading equipment, needs to be regularly checked for malfunctions. Proper operation of machinery and loading and unloading equipment ensures high productivity and reliability. Minor damage, deterioration in performance can be repaired without major cost if detected in time. <\/p>\n\n\n\n<p>Depending on the type of service, inspections and fault finding are carried out by both specially trained employees and service centre staff. The person directly responsible for the technical condition and its correct operation is the person who operates the machine entrusted to him. According to the standards in force, a preventive maintenance system is a set of interconnected tools and documentation necessary to maintain and restore the quality of machines under specific operating conditions. It is also a set of organisational and technical measures to ensure that the machine is kept in good working order, that operating costs are reduced and that the lowest cost of handling loads is achieved.\u00a0\u00a0<\/p>\n\n\n\n<p>Maintenance is the set of activities that creates the most favourable <a href=\"https:\/\/kursy-udt.pl\/en\/szkolenia\/udt-wdt-tdt\/wyciagi-towarowe-kurs\/\">operating conditions<\/a> parts and subassemblies of the machine, preventing faults in good time and eliminating the defects detected. A repair is a series of technical operations aimed at removing faults that have arisen during the use of machinery.&nbsp;&nbsp;<\/p>\n\n\n\n<p>Maintenance of storage equipment involves a series of operations that are carried out over a specific period of time. All work is regulated by the manufacturer and is reflected in the technical documents accompanying the equipment.&nbsp;&nbsp;&nbsp;<\/p>\n\n\n\n<h2 class=\"wp-block-heading\">Inspection of equipment&nbsp;<\/h2>\n\n\n\n<p>Shift maintenance is carried out daily while the loading equipment is in operation, according to the manufacturer's recommendations. The operator checks the external and internal condition of each unit of the equipment, petrol level, oil, coolant, chassis and drives. Seasonal maintenance of the equipment takes place twice a year, usually in autumn and spring. Scheduled maintenance should be carried out according to the schedule in the manufacturer's technical documentation. It is carried out after a certain number of operating hours.&nbsp;<\/p>\n\n\n\n<figure class=\"wp-block-image size-large is-resized\"><img loading=\"lazy\" decoding=\"async\" src=\"https:\/\/kursy-udt.pl\/wp-content\/uploads\/2022\/08\/1-1.jpeg\" alt=\"loading devices\" width=\"727\" height=\"485\"\/><\/figure>\n\n\n\n<h2 class=\"wp-block-heading\">Loading, unloading and feeding devices&nbsp;<\/h2>\n\n\n\n<p>Loading, unloading and feeding equipment is used for loading, unloading and handling operations. The use of efficient equipment, allows commercial and warehouse companies to significantly optimise and streamline their operations. All processes are made simpler, without the risk of damaging the transport of goods. Depending on their purpose and scope of work, we can mention:&nbsp;<\/p>\n\n\n\n<figure class=\"wp-block-table\"><table><tbody><tr><td><strong>Type<\/strong>&nbsp;<\/td><td><strong>Description<\/strong>&nbsp;<\/td><\/tr><tr><td>loaders, forks&nbsp;<\/td><td>They are used to load a variety of materials onto transport equipment and place them in storage, as well as to move materials in warehouses during the sorting process and in the course of the production process. During operation, loaders perform material capture, movement and unloading. Depending on the type of work, we distinguish between cyclic and continuous machines. Cyclic loaders can be divided into general-purpose machines, which handle a wide range of bulk and general-purpose materials, and special machines, which are designed to handle a specific type of material only.&nbsp;<\/td><\/tr><tr><td>stackers&nbsp;<\/td><td>This equipment is used when it is necessary to lift and place loads at height. They are equipped with a lifting mechanism. Many different pavers are used in warehouse operations. There are electric, hydraulic, electromechanical, etc. stackers.&nbsp;<\/td><\/tr><\/tbody><\/table><\/figure>\n\n\n\n<p>We invite you to contact us and sign up for training!<\/p>\n\n\n\n<figure class=\"wp-block-image size-large is-resized\"><img loading=\"lazy\" decoding=\"async\" src=\"https:\/\/kursy-udt.pl\/wp-content\/uploads\/2022\/12\/urzadzenia-zaladowcze-wyladowcze-i-podajacych-kursy-udt.pl_.png\" alt=\"ERGON training\" width=\"753\" height=\"471\"\/><\/figure>","protected":false},"excerpt":{"rendered":"<p>Organizujemy szkolenie, kt\u00f3rego celem jest nabycie przez uczestnik\u00f3w niezb\u0119dnej wiedzy potrzebnej podczas wykonywania operacji za\u0142adunku i roz\u0142adunku. Kursanci po pomy\u015blnym zako\u0144czeniu szkolenia i pozytywnie zdanym egzaminie otrzymuj\u0105 standardowe \u015bwiadectwo uprawniaj\u0105ce do obs\u0142ugi urz\u0105dze\u0144. Kursy przeznaczone s\u0105 zar\u00f3wno dla os\u00f3b zaczynaj\u0105cych swoj\u0105 przygod\u0119 z urz\u0105dzeniami za\u0142adowczymi i wy\u0142adowczymi, ale tak\u017ce dla os\u00f3b chc\u0105cych podwy\u017cszy\u0107 swoje kwalifikacje.\u00a0\u00a0 Uprawnienia UDT&nbsp; Wszystkie urz\u0105dzenia za\u0142adunkowe, wy\u0142adunkowe lub podaj\u0105ce podlegaj\u0105 dozorowi technicznemu. Ich obs\u0142ug\u0105, konserwacj\u0105 i napraw\u0105 mog\u0105 zajmowa\u0107 si\u0119 wy\u0142\u0105cznie osoby wysoko wykwalifikowane z du\u017cym do\u015bwiadczeniem, posiadaj\u0105ce uprawnienia nadane przez Urz\u0105d Dozoru Technicznego. Uprawnienia te mo\u017cna uzyska\u0107 poprzez przej\u015bcie szkolenia z obs\u0142ugi tych urz\u0105dze\u0144, a nast\u0119pnie zdanie egzaminu przed komisj\u0105 Urz\u0119du Dozoru Technicznego. W zwi\u0105zku z tym stworzyli\u015bmy idealne kursy z obs\u0142ugi urz\u0105dze\u0144 za\u0142adowczych, wy\u0142adowczych lub podaj\u0105cych \u0142adunki w ci\u0105gach technologicznych prze\u0142adowczych. Podczas naszych szkole\u0144 gwarantujemy profesjonalne przeszkolenie oraz du\u017c\u0105 szans\u0119 na pozytywne zdanie egzaminu za pierwszym razem.&nbsp;&nbsp; Program szkolenia&nbsp; Szkolenie w zakresie za\u0142adunku i roz\u0142adunku obejmuje kurs w formie wyk\u0142ad\u00f3w. \u015aci\u015ble wsp\u00f3\u0142pracujemy z Urz\u0119dem Dozoru Technicznego, dzi\u0119ki czemu z \u0142atwo\u015bci\u0105 mo\u017cna zorganizowa\u0107 termin egzamin\u00f3w w zale\u017cno\u015bci od potrzeb naszych klient\u00f3w. Podczas zaj\u0119\u0107 kursanci otrzymuj\u0105 wszystkie niezb\u0119dne materia\u0142y dydaktyczne. Nasi instruktorzy posiadaj\u0105 wieloletnie do\u015bwiadczenie, a wielu z nich jest ekspertami w swojej dziedzinie. Ka\u017cdy uczestnik mo\u017ce liczy\u0107 na indywidualne podej\u015bcie.&nbsp;&nbsp; W programie szkolenia uwzgl\u0119dniono nast\u0119puj\u0105ce zagadnienia:&nbsp;&nbsp; Kurs dostarcza szczeg\u00f3\u0142owych informacji z uwzgl\u0119dnieniem zasad ochrony i bezpiecze\u0144stwa pracy przy obs\u0142udze urz\u0105dze\u0144. Uczestnicy kursu b\u0119d\u0105 znali wszystkie cechy sprz\u0119tu wykorzystywanego w tego typu pracach, b\u0119d\u0105 wiedzieli jak prawid\u0142owo rozmie\u015bci\u0107 pojazd i mechanizmy w miejscu pracy oraz jak w\u0142a\u015bciwie zorganizowa\u0107 wszystkie procesy.&nbsp; Konserwacja [&hellip;]<\/p>\n","protected":false},"author":6,"featured_media":4113,"parent":2721,"menu_order":0,"comment_status":"closed","ping_status":"closed","template":"","meta":{"sfsi_plus_gutenberg_text_before_share":"","sfsi_plus_gutenberg_show_text_before_share":"","sfsi_plus_gutenberg_icon_type":"","sfsi_plus_gutenberg_icon_alignemt":"","sfsi_plus_gutenburg_max_per_row":"","footnotes":""},"class_list":["post-4111","page","type-page","status-publish","has-post-thumbnail","hentry","has_thumb"],"aioseo_notices":[],"_links":{"self":[{"href":"https:\/\/kursy-udt.pl\/en\/wp-json\/wp\/v2\/pages\/4111","targetHints":{"allow":["GET"]}}],"collection":[{"href":"https:\/\/kursy-udt.pl\/en\/wp-json\/wp\/v2\/pages"}],"about":[{"href":"https:\/\/kursy-udt.pl\/en\/wp-json\/wp\/v2\/types\/page"}],"author":[{"embeddable":true,"href":"https:\/\/kursy-udt.pl\/en\/wp-json\/wp\/v2\/users\/6"}],"replies":[{"embeddable":true,"href":"https:\/\/kursy-udt.pl\/en\/wp-json\/wp\/v2\/comments?post=4111"}],"version-history":[{"count":5,"href":"https:\/\/kursy-udt.pl\/en\/wp-json\/wp\/v2\/pages\/4111\/revisions"}],"predecessor-version":[{"id":5595,"href":"https:\/\/kursy-udt.pl\/en\/wp-json\/wp\/v2\/pages\/4111\/revisions\/5595"}],"up":[{"embeddable":true,"href":"https:\/\/kursy-udt.pl\/en\/wp-json\/wp\/v2\/pages\/2721"}],"wp:featuredmedia":[{"embeddable":true,"href":"https:\/\/kursy-udt.pl\/en\/wp-json\/wp\/v2\/media\/4113"}],"wp:attachment":[{"href":"https:\/\/kursy-udt.pl\/en\/wp-json\/wp\/v2\/media?parent=4111"}],"curies":[{"name":"wp","href":"https:\/\/api.w.org\/{rel}","templated":true}]}}