{"id":3964,"date":"2022-06-27T11:37:48","date_gmt":"2022-06-27T11:37:48","guid":{"rendered":"https:\/\/kursy-udt.pl\/?page_id=3964"},"modified":"2023-03-21T14:27:21","modified_gmt":"2023-03-21T13:27:21","slug":"hds-cranes","status":"publish","type":"page","link":"https:\/\/kursy-udt.pl\/en\/szkolenia\/udt-wdt-tdt\/zurawie-hds\/","title":{"rendered":"HDS cranes - course"},"content":{"rendered":"<figure class=\"wp-block-image size-large is-resized\"><img loading=\"lazy\" decoding=\"async\" src=\"https:\/\/kursy-udt.pl\/wp-content\/uploads\/2022\/06\/0039-oso.edu_.pl-oudemanfh460_06.jpg\" alt=\"device characteristics\" width=\"718\" height=\"380\"\/><\/figure>\n\n\n\n<h2 class=\"wp-block-heading\">Purpose of the training&nbsp;<\/h2>\n\n\n\n<p>With a course at our training centre, you will receive your HDS qualification, which entitles you to activities such as operating hydraulic truck cranes. At our company, we provide comprehensive quality training, and by choosing a course with us, you can easily get the knowledge you need to gain the <a href=\"https:\/\/kursy-udt.pl\/en\/uprawnienia-udt\/kategorie-uprawnien-2\/\">UDT qualifications<\/a> to work as an operator.&nbsp;<\/p>\n\n\n<div class=\"wp-block-image\">\n<figure class=\"alignleft size-large is-resized\"><img loading=\"lazy\" decoding=\"async\" src=\"https:\/\/kursy-udt.pl\/wp-content\/uploads\/2022\/06\/20171022_06L.jpg\" alt=\"HDS crane\" width=\"369\" height=\"277\"\/><\/figure>\n<\/div>\n\n\n<h2 class=\"wp-block-heading\">Requirements&nbsp;<\/h2>\n\n\n\n<p>To become an HDS operator, you must have at least an elementary school education, be of legal age and have no contraindications, certified by a doctor, to working in the job.&nbsp;<\/p>\n\n\n\n<h2 class=\"wp-block-heading\">Place of classes&nbsp;<\/h2>\n\n\n\n<p>Classes are held at our branches throughout the country, but we also organise training for closed groups with travel to the client. Courses take place according to the current information on our website.&nbsp;<\/p>\n\n\n\n<figure class=\"wp-block-embed is-type-video is-provider-youtube wp-block-embed-youtube wp-embed-aspect-16-9 wp-has-aspect-ratio\"><div class=\"wp-block-embed__wrapper\">\n<iframe loading=\"lazy\" title=\"CRANE OPERATOR UDT CERTIFICATION INTERNATIONAL CERTIFICATES COMPLETE YOUR TRAINING WITH US\" width=\"500\" height=\"281\" src=\"https:\/\/www.youtube.com\/embed\/I0-deFLsRSA?feature=oembed\" frameborder=\"0\" allow=\"accelerometer; autoplay; clipboard-write; encrypted-media; gyroscope; picture-in-picture; web-share\" referrerpolicy=\"strict-origin-when-cross-origin\" allowfullscreen><\/iframe>\n<\/div><\/figure>\n\n\n\n<h2 class=\"wp-block-heading\">Duties of the HDS crane operator\u00a0<\/h2>\n\n\n\n<p>It is essential for the operator of a loading crane to hold a specialised HDS licence. These are awarded to people who have completed a training course and successfully passed an examination before an UDT commission. The operator must have knowledge of the duties to be carried out before, during and after work, which we also teach in our company's courses.&nbsp;<\/p>\n\n\n\n<figure class=\"wp-block-table\"><table><tbody><tr><td>Operator responsibilities before starting work&nbsp;<\/td><td>It is essential for the driver to familiarise himself with the crane's technical and operating documents and the crane's certificate of approval. If any of these documents are missing, he must not undertake his work.\u00a0<br>Also, it must carry out proper maintenance in accordance with the manufacturer's instructions. Namely, check carefully the equipment, the tightness of the components, the operation of the hydraulic locks, the safety and locking devices and the sliding of the supports.\u00a0<br>If he or she notices any irregularities, it is his or her responsibility to report this to a superior.\u00a0\u00a0\u00a0<\/td><\/tr><tr><td>Responsibilities of the operator during operation&nbsp;<\/td><td>Checking the location of the site and the extent of the crane.\u00a0<br>Preparation of the crane for loading works.\u00a0<br>Adequate load hooking and securing.\u00a0<br>All the while keeping a close eye on the crane in operation and its lifting capacity.\u00a0<br>Adherence to signs and signals.\u00a0<br>Responding in the event of an accident or emergency.\u00a0<\/td><\/tr><tr><td>Operator responsibilities after work&nbsp;<\/td><td>Folding the crane and supports and securing them in the transport position.\u00a0<br>Careful checking that the load does not pose any danger.\u00a0<br>Taking the crane to the garage and cleaning the working elements of dirt.\u00a0<br>Comprehensive protection of the machine against use by inappropriate people.\u00a0<br>Handing over documents to an authorized person.\u00a0<\/td><\/tr><\/tbody><\/table><\/figure>\n\n\n\n<p>By following the above rules, work usually runs smoothly. The operator is able to work safely and not endanger himself or other workers or the environment. However, in order to be mindful of the fact that accidents do occur when the crane operator is working, he should be aware of the safety requirements and prohibited activities when working with an HDS crane and the regulations of the <a href=\"https:\/\/kursy-udt.pl\/en\/szkolenia\/bhp-bezpieczenstwo-pracy\/prawna-ochrona-pracy\/\">Health and Safety<\/a>. By taking the HDS training course, the trainee is always provided with knowledge on the subject, and this is the basis for obtaining certification before the UDT commission in knowledge of hydraulic truck cranes.&nbsp;<\/p>\n\n\n\n<figure class=\"wp-block-image size-large is-resized\"><img loading=\"lazy\" decoding=\"async\" src=\"https:\/\/kursy-udt.pl\/wp-content\/uploads\/2022\/06\/csm_180607_p11__laden_hang_2_f18df7d055.jpg\" alt=\"course information\" width=\"750\" height=\"421\"\/><\/figure>\n\n\n\n<h2 class=\"wp-block-heading\">Description of the device&nbsp;<\/h2>\n\n\n\n<p>HDS are truck-mounted hydraulic cranes, most commonly used in transhipment. Transshipment cranes are characterised by the fact that they have a mechanical drive constructed on the basis of a column that rotates on a base, and another important element of this drive is the boom mechanism.Division of HDS cranes according to their design:&nbsp;<\/p>\n\n\n\n<ul class=\"wp-block-list\">\n<li>loading cranes mounted on the centre section of the vehicle,&nbsp;<\/li>\n\n\n\n<li>reloading cranes mounted at the rear of the vehicle behind the load box on the car,&nbsp;<\/li>\n\n\n\n<li>reloading cranes mounted behind the driver&#039;s cabin on the vehicle,&nbsp;<\/li>\n\n\n\n<li>HDS cranes for loading timber called forestry cranes, especially as they are equipped with a special gripper instead of hooks to carry and lift boards or timber,&nbsp;<\/li>\n\n\n\n<li>general-purpose cranes rigidly mounted on a vehicle chassis, the boom works horizontally by rotating as well as vertically by lowering and lifting loads.&nbsp;<\/li>\n<\/ul>\n\n\n\n<h2 class=\"wp-block-heading\">Division of HDS cranes in terms of their structural elements:&nbsp;<\/h2>\n\n\n\n<ul class=\"wp-block-list\">\n<li>the jib - an adjustable element to which the load is attached, is extended manually or hydraulically,\u00a0<\/li>\n\n\n\n<li>columns - the vertical element of the crane located on the base, the boom attached to it performs movements in the horizontal range,\u00a0<\/li>\n\n\n\n<li>bases - are mounted on the base of the crane,\u00a0<\/li>\n\n\n\n<li>Supports - serve to stabilise the unit and prevent it from wobbling,\u00a0<\/li>\n\n\n\n<li>accessories - auxiliary equipment.\u00a0<\/li>\n<\/ul>\n\n\n\n<figure class=\"wp-block-video\"><video controls src=\"https:\/\/kursy-udt.pl\/wp-content\/uploads\/2023\/03\/ACCEPTED-zrurawia-przenosnego-4K-kursy-udt.mp4\"><\/video><\/figure>\n\n\n\n<h2 class=\"wp-block-heading\">Auxiliary equipment used when working with the HDS crane&nbsp;<\/h2>\n\n\n\n<p>On every HDS crane course, we cover a very important topic, which includes the use of hooks, ropes and slings on which the ballast is attached accordingly. This is essential knowledge, as very often the UDT instructors test your knowledge of them during the exam. They are used in order to handle loads with ease and, thanks to them, we are able to place them anywhere with ease. However, it is important to remember to maintain them frequently. Otherwise, they may become the cause of an accident. What types of auxiliary equipment are there?&nbsp;<\/p>\n\n\n\n<ul class=\"wp-block-list\">\n<li>Ropes are used when HDSs are equipped with winches. They must meet specific requirements. Only approved ropes approved for production by the manufacturer are used.\u00a0<\/li>\n\n\n\n<li>Slings are the main auxiliary equipment used when securing a load. A distinction is made between closed-circuit slings, single-pull slings, double-pull slings, three-pull slings and four-pull slings.&nbsp;<\/li>\n\n\n\n<li>The load is assembled according to its weight, position, centre of gravity, as well as its shape and dimensions.&nbsp;<\/li>\n\n\n\n<li>Hooks, like previous ancillary equipment, must also be checked before use. They are components in the construction of the crane. The operator operates the crane directly using them, or indirectly using the slings, to transport the load with ease.&nbsp;<\/li>\n<\/ul>\n\n\n\n<p><strong>We would like to invite you to our other training courses for operators and maintainers of UDT equipment, including forklifts, mobile platforms, telehandlers or cranes. We also provide occupational health and safety training (initial and periodic) and fire safety training.<\/strong>&nbsp;<\/p>\n\n\n\n<p><strong>If you have any questions, please feel free to contact us.<\/strong><\/p>\n\n\n\n<figure class=\"wp-block-image size-large is-resized\"><img loading=\"lazy\" decoding=\"async\" src=\"https:\/\/kursy-udt.pl\/wp-content\/uploads\/2022\/12\/41-Zurawie-przenosne-HDS-kursy-udt.pl_.png\" alt=\"ERGON training\" width=\"744\" height=\"465\"\/><\/figure>","protected":false},"excerpt":{"rendered":"<p>Cel szkolenia&nbsp; Dzi\u0119ki kursowi w naszym o\u015brodku szkoleniowym otrzymasz uprawnienia HDS, kt\u00f3re upowa\u017cniaj\u0105 do czynno\u015bci takich jak obs\u0142uga hydraulicznych d\u017awig\u00f3w samochodowych. W naszej firmie zapewniamy kompleksow\u0105 jako\u015b\u0107 kszta\u0142cenia, a wybieraj\u0105c u nas kurs, mo\u017cesz z \u0142atwo\u015bci\u0105 uzyska\u0107 potrzebn\u0105 wiedz\u0119, aby zdoby\u0107 uprawnienia UDT do pracy na stanowisku operatora.&nbsp; Wymagania&nbsp; Aby zosta\u0107 operatorem HDS, nale\u017cy mie\u0107 przynajmniej wykszta\u0142cenie podstawowe, by\u0107 osob\u0105 pe\u0142noletni\u0105 i nie posiada\u0107 przeciwwskaza\u0144, po\u015bwiadczonych dokumentem od lekarza, do wykonywania pracy na danym stanowisku.&nbsp; Miejsce prowadzonych zaj\u0119\u0107&nbsp; Zaj\u0119cia odbywaj\u0105 si\u0119 w naszych oddzia\u0142ach na terenie ca\u0142ego kraju, jednak organizujemy r\u00f3wnie\u017c szkolenia dla grup zamkni\u0119tych z dojazdem do klienta. Kursy odbywaj\u0105 si\u0119 zgodnie z aktualnymi informacjami na naszej stronie.&nbsp; Obowi\u0105zki operatora d\u017awigu HDS\u00a0 Operator d\u017awigu prze\u0142adunkowego koniecznie musi posiada\u0107 specjalistyczne uprawnienia HDS. Przyznawane s\u0105 one osobom, kt\u00f3re uko\u0144czy\u0142y szkolenie i zda\u0142y pozytywnie egzamin przed komisj\u0105 UDT. Operator musi posiada\u0107 wiedz\u0119 na temat obowi\u0105zk\u00f3w jakie nale\u017cy wykona\u0107 przed, w trakcie oraz po zako\u0144czeniu pracy, kt\u00f3rych r\u00f3wnie\u017c nauczamy na kursie w naszej firmie.&nbsp; Obowi\u0105zki operatora przed rozpocz\u0119ciem pracy&nbsp; Maszynista koniecznie musi zapozna\u0107 s\u0105 z dokumentacj\u0105 techniczno\u2013ruchow\u0105 \u017curawia i instrukcj\u0105 obs\u0142ugi oraz \u015bwiadectwem dopuszczania \u017curawia do eksploatacji. Je\u017celi brakuje kt\u00f3rego\u015b z wymienionych dokument\u00f3w, nie mo\u017ce on podj\u0105\u0107 swojej pracy.\u00a0R\u00f3wnie\u017c musi dokona\u0107 odpowiedniej konserwacji zgodnie z instrukcj\u0105 producenta. Mianowicie sprawdzi\u0107 dok\u0142adnie sprz\u0119t, szczelno\u015b\u0107 element\u00f3w, dzia\u0142anie zamk\u00f3w hydraulicznych, zabezpieczenia i blokady oraz przesuwanie podp\u00f3r.\u00a0Je\u017celi zauwa\u017cy jakie\u015b nieprawid\u0142owo\u015bci, jego powinno\u015bci\u0105 jest zg\u0142oszenie to prze\u0142o\u017conemu.\u00a0\u00a0\u00a0 Obowi\u0105zki operatora w trakcie pracy&nbsp; Sprawdzenie po\u0142o\u017cenia terenu i zasi\u0119gu \u017curawia.\u00a0Przygotowanie d\u017awigu do prac \u0142adunkowych.\u00a0Odpowiednie zaczepienie \u0142adunku i jego zabezpieczenia.\u00a0Ca\u0142y czas baczne obserwuje \u017curawia w trakcie pracy [&hellip;]<\/p>\n","protected":false},"author":6,"featured_media":3965,"parent":2721,"menu_order":0,"comment_status":"closed","ping_status":"closed","template":"","meta":{"sfsi_plus_gutenberg_text_before_share":"","sfsi_plus_gutenberg_show_text_before_share":"","sfsi_plus_gutenberg_icon_type":"","sfsi_plus_gutenberg_icon_alignemt":"","sfsi_plus_gutenburg_max_per_row":"","footnotes":""},"class_list":["post-3964","page","type-page","status-publish","has-post-thumbnail","hentry","has_thumb"],"aioseo_notices":[],"_links":{"self":[{"href":"https:\/\/kursy-udt.pl\/en\/wp-json\/wp\/v2\/pages\/3964","targetHints":{"allow":["GET"]}}],"collection":[{"href":"https:\/\/kursy-udt.pl\/en\/wp-json\/wp\/v2\/pages"}],"about":[{"href":"https:\/\/kursy-udt.pl\/en\/wp-json\/wp\/v2\/types\/page"}],"author":[{"embeddable":true,"href":"https:\/\/kursy-udt.pl\/en\/wp-json\/wp\/v2\/users\/6"}],"replies":[{"embeddable":true,"href":"https:\/\/kursy-udt.pl\/en\/wp-json\/wp\/v2\/comments?post=3964"}],"version-history":[{"count":7,"href":"https:\/\/kursy-udt.pl\/en\/wp-json\/wp\/v2\/pages\/3964\/revisions"}],"predecessor-version":[{"id":5638,"href":"https:\/\/kursy-udt.pl\/en\/wp-json\/wp\/v2\/pages\/3964\/revisions\/5638"}],"up":[{"embeddable":true,"href":"https:\/\/kursy-udt.pl\/en\/wp-json\/wp\/v2\/pages\/2721"}],"wp:featuredmedia":[{"embeddable":true,"href":"https:\/\/kursy-udt.pl\/en\/wp-json\/wp\/v2\/media\/3965"}],"wp:attachment":[{"href":"https:\/\/kursy-udt.pl\/en\/wp-json\/wp\/v2\/media?parent=3964"}],"curies":[{"name":"wp","href":"https:\/\/api.w.org\/{rel}","templated":true}]}}