{"id":3957,"date":"2022-06-27T11:14:50","date_gmt":"2022-06-27T11:14:50","guid":{"rendered":"https:\/\/kursy-udt.pl\/?page_id=3957"},"modified":"2023-03-20T15:05:34","modified_gmt":"2023-03-20T14:05:34","slug":"firefighting-equipment","status":"publish","type":"page","link":"https:\/\/kursy-udt.pl\/en\/szkolenia\/sprzet-gasniczy\/","title":{"rendered":"Training for a maintenance technician of firefighting equipment"},"content":{"rendered":"<p>Join us for a professional course in firefighting equipment maintenance. Our qualified training staff will prepare you for your job as a firefighting equipment maintainer. Our company has been providing professional training for many years, so you can trust us. By attending the course you will gain new knowledge and skills and improve your professional qualifications.&nbsp;<\/p>\n\n\n\n<figure class=\"wp-block-image size-large is-resized\"><img loading=\"lazy\" decoding=\"async\" src=\"https:\/\/kursy-udt.pl\/wp-content\/uploads\/2022\/06\/extinguisher.jpeg\" alt=\"fire protection\" width=\"818\" height=\"545\"\/><\/figure>\n\n\n\n<h2 class=\"wp-block-heading\">Training program&nbsp;<\/h2>\n\n\n\n<p>Responsibility for fire protection of a building or site is borne by the manager or user on the basis of a civil law contract. The aim of the training <a href=\"https:\/\/kursy-udt.pl\/en\/szkolenia\/bhp-bezpieczenstwo-pracy\/prawna-ochrona-pracy\/\">Health and Safety<\/a> is to provide the employee concerned with information on firefighting equipment as well as knowledge of how to behave in the event of a fire.&nbsp;<\/p>\n\n\n\n<p><strong>The theoretical part includes:<\/strong>&nbsp;<\/p>\n\n\n\n<ul class=\"wp-block-list\">\n<li>help for the injured,&nbsp;<\/li>\n\n\n\n<li>emergency procedures and evacuation,&nbsp;<\/li>\n\n\n\n<li>operation of handheld firefighting equipment,&nbsp;<\/li>\n\n\n\n<li>distribution of fire-fighting equipment in the facility,&nbsp;<\/li>\n\n\n\n<li>fire and evacuation signage,&nbsp;<\/li>\n\n\n\n<li>getting to know the fire instructions of the facility,&nbsp;<\/li>\n\n\n\n<li>fire hazards.&nbsp;<\/li>\n<\/ul>\n\n\n\n<p><strong>The practical part includes:<\/strong>&nbsp;<\/p>\n\n\n\n<ul class=\"wp-block-list\">\n<li>evacuation exercises,&nbsp;<\/li>\n\n\n\n<li>drills on the use of internal hydrants as well as fire extinguishers.&nbsp;<\/li>\n<\/ul>\n\n\n\n<h2 class=\"wp-block-heading\">Who can take part in the course?&nbsp;<\/h2>\n\n\n\n<p>The training is open to any adult with at least primary education.&nbsp;<\/p>\n\n\n<div class=\"wp-block-image\">\n<figure class=\"alignright size-large is-resized\"><img loading=\"lazy\" decoding=\"async\" src=\"https:\/\/kursy-udt.pl\/wp-content\/uploads\/2022\/06\/Teplootrazhatelnyiy-kostyum-e1470220583985.jpeg\" alt=\"protective clothing\" width=\"350\" height=\"251\"\/><\/figure>\n<\/div>\n\n\n<h2 class=\"wp-block-heading\">Date and place of classes&nbsp;<\/h2>\n\n\n\n<p>The next class date is always published on our website. Classes are held stationary at our headquarters in Warsaw or branches throughout the country. We also organize individual trainings at the client&#039;s premises.&nbsp;<\/p>\n\n\n\n<h2 class=\"wp-block-heading\">Fire fighting methods&nbsp;<\/h2>\n\n\n\n<p>In the event of a fire, the relevant services must first be informed and the firefighting operation started. With the help of the handy fire extinguishing equipment found on the premises, namely internal hydrants or fire extinguishers, we are able to minimise the danger. However, in order to start extinguishing a fire, it is important to remember to use an extinguisher that is properly labelled.&nbsp;<\/p>\n\n\n\n<figure class=\"wp-block-table\"><table><tbody><tr><td><strong>AND<\/strong>&nbsp;<\/td><td>To group <strong>AND<\/strong> The fire is a burning organic solid that burns when it glows, such as wood or paper. To adequately extinguish the fire, we use an extinguishing agent such as carbon dioxide (snow extinguisher), extinguishing powder, extinguishing foam or water.&nbsp;<\/td><\/tr><tr><td><strong>B<\/strong>&nbsp;<\/td><td>In the case of combustion of flammable liquids or solid substances melting due to heat (solvents, melting plastics, floor polishes), we use fire extinguishers from the <strong>B<\/strong> by choosing an extinguishing agent such as halon, carbon dioxide, dry powder or foam.&nbsp;<\/td><\/tr><tr><td><strong>C.<\/strong>&nbsp;<\/td><td>When a fire has occurred and flammable gas (acetylene, natural gas, propane-butane) is present, the following group of extinguishing agents should be used <strong>C.<\/strong>: carbon dioxide, dry powder and halon.\u00a0<\/td><\/tr><tr><td><strong>D<\/strong>&nbsp;<\/td><td>Flammable metals (uranium, magnesium, sodium) are extinguished with a powder extinguisher of the group <strong>D<\/strong>.&nbsp;<\/td><\/tr><tr><td><strong>E.<\/strong>&nbsp;<\/td><td>Group extinguishers <strong>E.<\/strong> used to be used to extinguish fires caused by or in the presence of live equipment. Now the symbol is not used, as we are informed by the writing on the extinguisher label.&nbsp;<\/td><\/tr><tr><td><strong>F.<\/strong>&nbsp;<\/td><td>Oils and fats in kitchen appliances should be extinguished with fire extinguishers from the group <strong>F,<\/strong> for example by means of a vertical, powder or snow extinguisher marked with F.&nbsp;<\/td><\/tr><\/tbody><\/table><\/figure>\n\n\n\n<p>Hand-held fire extinguishing equipment includes the aforementioned fire extinguishers weighing up to 20 kg and extinguishing agents weighing up to 12 kg, as well as fire blankets. The fire extinguishing operation itself, when carried out correctly, depends among other things on the choice of the right extinguishing agent. However, in order to carry it out safely, it is necessary to recognise the type of fire being extinguished and to have a minimum of knowledge about the action of the extinguishing agent.&nbsp;&nbsp;<\/p>\n\n\n\n<p><strong>Internal hydrant<\/strong> is a water supply valve installed on a special network, enclosed in a cabinet and equipped with a nozzle and fire hose. Its diameter is 25 or 50 mm. It is used to locate a fire in the nucleus, and water is used as the extinguishing agent. Two people should be involved in operating the hydrant. One doses the amount of water through the hydrant and the other uses the nozzles. Water must not be used to extinguish the aforementioned live electrical equipment and in its vicinity, as well as substances that form a flammable gas when bonded with water.&nbsp;&nbsp;<\/p>\n\n\n\n<p><strong>Vertical water extinguisher <\/strong>is a cylindrical container containing a water-foam-forming substance. To use the equipment in question, the safety seal must be broken and the striker pressed in, directing the foam jet into the centre of the fire and remembering that the extinguisher only works in the vertical position. If you stop the extinguisher from operating, you should release the lever of the nozzle.\u00a0\u00a0<\/p>\n\n\n\n<figure class=\"wp-block-image size-large is-resized\"><img loading=\"lazy\" decoding=\"async\" src=\"https:\/\/kursy-udt.pl\/wp-content\/uploads\/2022\/06\/info_mobile.png\" alt=\"powder extinguisher\" width=\"809\" height=\"804\"\/><\/figure>\n\n\n\n<p><strong>Powder fire extinguisher<\/strong> also with a cylindrical receiver, is provided with a lever that activates a valve or an impactor with propellant. In order to use it, the seal and locking pin must be broken and the lever or knocker must be operated towards the fire focus. As with the previous extinguisher, this one also works correctly in the upright position and, in order to stop its operation, the actuating lever or the striker lever must be released.&nbsp;&nbsp;<\/p>\n\n\n\n<p><strong>Snow fire extinguisher<\/strong> is a cylindrical container fitted with a hose and a valve ending in an outlet nozzle. Inside it there is liquefied carbon dioxide. To make the extinguisher stop working, close the valve. It is also important to remember that it must not be used to extinguish people and must only be held by the handle in an upright position.&nbsp;&nbsp;<\/p>\n\n\n\n<p><strong>Fire blanket<\/strong> is a sheet made of fibreglass, a completely non-flammable fabric with a surface area of approximately 2 m\u00b2.  It nips the fire in the bud by cutting off the airflow to the glowing object. To use it, it must be removed from its case and unfolded, tightly covering the burning object. When using it on a person, they should first be turned over and then impermeably covered with a blanket.&nbsp;<\/p>\n\n\n\n<p>&nbsp;<br><strong>If you have any questions about the course, please feel free to contact us.<\/strong>&nbsp;<br><strong><\/strong>&nbsp;<\/p>\n\n\n\n<figure class=\"wp-block-image size-large is-resized\"><img loading=\"lazy\" decoding=\"async\" src=\"https:\/\/kursy-udt.pl\/wp-content\/uploads\/2023\/01\/Reklama-Na-Kursy-7.png\" alt=\"ERGON training\" width=\"784\" height=\"490\"\/><\/figure>","protected":false},"excerpt":{"rendered":"<p>Zapraszamy na profesjonalny kurs z konserwacji sprz\u0119tu ga\u015bniczego. Nasza wykwalifikowana kadra szkoleniowa przygotuje Ci\u0119 do pracy jako konserwator sprz\u0119tu ga\u015bniczego. Nasza firma przeprowadza szkolenia zawodowe od wielu lat, dlatego mo\u017cesz nam zaufa\u0107. Uczestnicz\u0105c w kursie zdob\u0119dziesz now\u0105 wiedz\u0119 i umiej\u0119tno\u015bci oraz podniesiesz swoje kwalifikacje zawodowe.&nbsp; Program szkolenia&nbsp; Odpowiedzialno\u015b\u0107 z zakresu ochrony przeciwpo\u017carowej obiektu lub terenu ponosi zarz\u0105dca b\u0105d\u017a u\u017cytkownik na podstawie umowy cywilnoprawnej. Celem szkolenia BHP jest przekazanie danemu pracownikowi informacji z zakresu sprz\u0119tu ga\u015bniczego, jak i wiedzy na temat zachowania si\u0119 w przypadku wyst\u0105pienia po\u017caru.&nbsp; Cz\u0119\u015b\u0107 teoretyczna obejmuje:&nbsp; Cz\u0119\u015b\u0107 praktyczna zawiera:&nbsp; Kto mo\u017ce wzi\u0105\u0107 udzia\u0142 w kursie?&nbsp; W szkoleniu mo\u017ce wzi\u0105\u0107 udzia\u0142 ka\u017cda pe\u0142noletnia osoba, kt\u00f3ra posiada wykszta\u0142cenie co najmniej podstawowe.&nbsp; Termin oraz miejsce zaj\u0119\u0107&nbsp; Najbli\u017cszy termin zaj\u0119\u0107 publikowany jest zawsze na naszej stronie internetowej. Zaj\u0119cia odbywaj\u0105 si\u0119 stacjonarnie w naszej siedzibie w Warszawie lub oddzia\u0142ach na terenie ca\u0142ego kraju. Organizujemy r\u00f3wnie\u017c indywidualne szkolenia w siedzibie firmy klienta.&nbsp; Sposoby gaszenia po\u017car\u00f3w&nbsp; W przypadku zaistnienia po\u017caru nale\u017cy poinformowa\u0107 najpierw odpowiednie s\u0142u\u017cby i przyst\u0105pi\u0107 do akcji ga\u015bniczej. Korzystaj\u0105c z pomocy podr\u0119cznego sprz\u0119tu ga\u015bniczego, kt\u00f3ry znajduje si\u0119 na terenie obiektu, a mianowicie hydrant\u00f3w wewn\u0119trznych lub ga\u015bnic, jeste\u015bmy w stanie zminimalizowa\u0107 zagro\u017cenie. Jednak, aby zacz\u0105\u0107 gasi\u0107 po\u017car nale\u017cy pami\u0119ta\u0107 o zastosowaniu odpowiednio oznaczonej na etykiecie ga\u015bnicy.&nbsp; A&nbsp; Do grupy A zaliczamy pal\u0105ce si\u0119 cia\u0142a sta\u0142e pochodzenia organicznego przy kt\u00f3rych spalaniu wyst\u0119puje zjawisko roz\u017carzenia na przyk\u0142ad drewno lub papier. Aby odpowiednio ugasi\u0107 po\u017car, stosujemy \u015brodek ga\u015bniczy taki jak dwutlenek w\u0119gla (ga\u015bnica \u015bniegowa), proszek ga\u015bniczy, pian\u0119 ga\u015bnicz\u0105 b\u0105d\u017a wod\u0119.&nbsp; B&nbsp; W przypadku spalania si\u0119 cieczy palnych b\u0105d\u017a substancji sta\u0142ych topniej\u0105cych [&hellip;]<\/p>\n","protected":false},"author":6,"featured_media":3958,"parent":65,"menu_order":0,"comment_status":"closed","ping_status":"closed","template":"page-templates\/template-podkategorie.php","meta":{"sfsi_plus_gutenberg_text_before_share":"","sfsi_plus_gutenberg_show_text_before_share":"","sfsi_plus_gutenberg_icon_type":"","sfsi_plus_gutenberg_icon_alignemt":"","sfsi_plus_gutenburg_max_per_row":"","footnotes":""},"class_list":["post-3957","page","type-page","status-publish","has-post-thumbnail","hentry","has_thumb"],"aioseo_notices":[],"_links":{"self":[{"href":"https:\/\/kursy-udt.pl\/en\/wp-json\/wp\/v2\/pages\/3957","targetHints":{"allow":["GET"]}}],"collection":[{"href":"https:\/\/kursy-udt.pl\/en\/wp-json\/wp\/v2\/pages"}],"about":[{"href":"https:\/\/kursy-udt.pl\/en\/wp-json\/wp\/v2\/types\/page"}],"author":[{"embeddable":true,"href":"https:\/\/kursy-udt.pl\/en\/wp-json\/wp\/v2\/users\/6"}],"replies":[{"embeddable":true,"href":"https:\/\/kursy-udt.pl\/en\/wp-json\/wp\/v2\/comments?post=3957"}],"version-history":[{"count":3,"href":"https:\/\/kursy-udt.pl\/en\/wp-json\/wp\/v2\/pages\/3957\/revisions"}],"predecessor-version":[{"id":5542,"href":"https:\/\/kursy-udt.pl\/en\/wp-json\/wp\/v2\/pages\/3957\/revisions\/5542"}],"up":[{"embeddable":true,"href":"https:\/\/kursy-udt.pl\/en\/wp-json\/wp\/v2\/pages\/65"}],"wp:featuredmedia":[{"embeddable":true,"href":"https:\/\/kursy-udt.pl\/en\/wp-json\/wp\/v2\/media\/3958"}],"wp:attachment":[{"href":"https:\/\/kursy-udt.pl\/en\/wp-json\/wp\/v2\/media?parent=3957"}],"curies":[{"name":"wp","href":"https:\/\/api.w.org\/{rel}","templated":true}]}}