{"id":3934,"date":"2022-06-23T13:36:14","date_gmt":"2022-06-23T13:36:14","guid":{"rendered":"https:\/\/kursy-udt.pl\/?page_id=3934"},"modified":"2023-03-20T11:03:14","modified_gmt":"2023-03-20T10:03:14","slug":"particularly-hazardous-work","status":"publish","type":"page","link":"https:\/\/kursy-udt.pl\/en\/szkolenia\/bhp-bezpieczenstwo-pracy\/prace-szczegolnie-niebezpieczne\/","title":{"rendered":"Training of employees performing particularly dangerous work"},"content":{"rendered":"<p>We invite you to take advantage of our training offer <a href=\"https:\/\/kursy-udt.pl\/en\/szkolenia\/bhp-bezpieczenstwo-pracy\/prawna-ochrona-pracy\/\">Health and Safety<\/a> in ODK ERGON! We would like to remind you that company managers and employees are obliged to be aware of the applicable regulations for carrying out particularly hazardous work. This knowledge can only be acquired by attending an appropriate course. We offer comprehensive and professional periodic training in occupational health and safety.&nbsp;<\/p>\n\n\n\n<figure class=\"wp-block-image size-large is-resized\"><img loading=\"lazy\" decoding=\"async\" src=\"https:\/\/kursy-udt.pl\/wp-content\/uploads\/2022\/06\/3.jpg\" alt=\"particularly dangerous work\" width=\"849\" height=\"386\"\/><\/figure>\n\n\n\n<h2 class=\"wp-block-heading\">What are the most dangerous jobs?\u00a0<\/h2>\n\n\n\n<p>According to occupational health and safety regulations, particularly hazardous work is work whose performance increases the risk of accidents due to its nature, the hazardous materials used or the place where it is performed. Particularly hazardous means:&nbsp;<\/p>\n\n\n\n<ul class=\"wp-block-list\">\n<li>construction, demolition, renovation and assembly works carried out without stopping the operation of the workplace or its part;&nbsp;<\/li>\n\n\n\n<li>work in tanks, ducts, inside technical equipment and other dangerous confined spaces, as well as work with hazardous materials and work at height;&nbsp;<\/li>\n\n\n\n<li>work recognised as particularly hazardous by other health and safety legislation or by instructions for the operation of equipment and installations, and other work with increased hazards or performed under difficult conditions, recognised as particularly hazardous by the employer.&nbsp;<\/li>\n<\/ul>\n\n\n\n<h2 class=\"wp-block-heading\">Purpose of the training&nbsp;<\/h2>\n\n\n\n<p>According to the Labour Code, employers are obliged to refer their employees to periodic training on occupational health and safety. The aim of the training we offer is to provide participants with the knowledge of creating safe and hygienic working conditions in accordance with current legislation and legal acts. The trainee will be able to define, assess, plan, control and suggest solutions to health and safety problems occurring in the workplace. Following the training offered by ERGON, trainees will be able to independently investigate, analyse and reduce the causes of risks. Participants will learn how to cooperate with employers and employees in identifying possible risks.&nbsp;&nbsp;&nbsp;<\/p>\n\n\n\n<figure class=\"wp-block-image size-large is-resized\"><img loading=\"lazy\" decoding=\"async\" src=\"https:\/\/kursy-udt.pl\/wp-content\/uploads\/2022\/06\/dfvd.jpg\" alt=\"OSH training\" width=\"824\" height=\"549\"\/><\/figure>\n\n\n\n<h2 class=\"wp-block-heading\">Periodic training program&nbsp;<\/h2>\n\n\n\n<p>The following issues will be discussed during the training:&nbsp;<\/p>\n\n\n\n<ul class=\"wp-block-list\">\n<li>particularly hazardous work;&nbsp;<\/li>\n\n\n\n<li>regulations,&nbsp;<\/li>\n\n\n\n<li>general division of particularly dangerous works,&nbsp;<\/li>\n\n\n\n<li>responsibilities of the management and managerial staff,&nbsp;<\/li>\n\n\n\n<li>procedures,&nbsp;<\/li>\n\n\n\n<li>other work and supervision over employees.&nbsp;<\/li>\n\n\n\n<li>Legal labour protection - management supervision;&nbsp;<\/li>\n\n\n\n<li>basic information on labor law,&nbsp;<\/li>\n\n\n\n<li>current regulations on the rights and obligations of employers and employees,&nbsp;<\/li>\n\n\n\n<li>Current legislation in the field of preventive health care for employees and occupational health and safety training and the impact on management responsibility,&nbsp;<\/li>\n\n\n\n<li>the role of a manager in disciplinary dismissal.&nbsp;<\/li>\n\n\n\n<li>Accidents at work - the role of the manager;&nbsp;<\/li>\n\n\n\n<li>current legal status,&nbsp;<\/li>\n\n\n\n<li>the concept of an accident at work,&nbsp;<\/li>\n\n\n\n<li>the concept of an accident treated as equal to an accident at work,&nbsp;<\/li>\n\n\n\n<li>the concept of a near miss,&nbsp;<\/li>\n\n\n\n<li>breakdown of accidents according to their consequences (fatal, heavy, collective),&nbsp;<\/li>\n\n\n\n<li>accidents at work and other employment-related accidents in the light of the judicature of the Supreme Court,&nbsp;<\/li>\n\n\n\n<li>consumption of alcohol, intoxicants and an accident at work,&nbsp;<\/li>\n\n\n\n<li>pursuing an accident claim under civil law,&nbsp;<\/li>\n\n\n\n<li>the responsibilities of managers, health and safety services, maintenance services, the wider plant management.&nbsp;<\/li>\n\n\n\n<li>employees' material and personal liability;&nbsp;<\/li>\n\n\n\n<li>types of penalties,&nbsp;<\/li>\n\n\n\n<li>the possibility of their use,&nbsp;<\/li>\n\n\n\n<li>the mode of imposing ordinal penalties.&nbsp;<\/li>\n<\/ul>\n\n\n\n<figure class=\"wp-block-image size-large is-resized\"><img loading=\"lazy\" decoding=\"async\" src=\"https:\/\/kursy-udt.pl\/wp-content\/uploads\/2022\/06\/Promoting-Safety-Behavior-at-Work.jpg\" alt=\"periodic health and safety training\" width=\"834\" height=\"475\"\/><\/figure>\n\n\n\n<h2 class=\"wp-block-heading\">Benefits of choosing an ERGON offer&nbsp;<\/h2>\n\n\n\n<p>The courses offered by ODK ERGON guarantee professional staff consisting of experts in occupational health and safety and fire safety. During training, we use the latest teaching methods, e.g. activation methods, thanks to which participants take an active part in classes, which allows them to see the possibility of building a safety culture in their workplace.&nbsp;<\/p>\n\n\n\n<h2 class=\"wp-block-heading\">How often should occupational health and safety training be organized and attended?&nbsp;<\/h2>\n\n\n\n<p>Periodic training courses are carried out to update knowledge on health and safety at work. They are carried out in accordance with the provisions of the regulation (Dz.U.2004.180.1860.).&nbsp;<\/p>\n\n\n\n<figure class=\"wp-block-table\"><table><tbody><tr><td><strong>Position held in the workplace<\/strong>&nbsp;<\/td><td><strong>The frequency of periodic training<\/strong>&nbsp;<\/td><\/tr><tr><td>employers and executives&nbsp;<\/td><td>once every 5 years&nbsp;<\/td><\/tr><tr><td>engineering and technical staff\u00a0<\/td><td>once every 5 years&nbsp;<\/td><\/tr><tr><td>people employed in the health and safety service&nbsp;<\/td><td>once every 5 years&nbsp;<\/td><\/tr><tr><td>workers in blue-collar positions (high health and accident risk)&nbsp;<\/td><td>once every 1 year&nbsp;<\/td><\/tr><tr><td>workers in blue-collar positions&nbsp;<\/td><td>once every 3 years&nbsp;<\/td><\/tr><tr><td>administrative and clerical staff and others\u00a0<\/td><td>once every 6 years&nbsp;<\/td><\/tr><\/tbody><\/table><\/figure>\n\n\n\n<h2 class=\"wp-block-heading\">Who is subject to health and safety training?&nbsp;<\/h2>\n\n\n\n<p>The need to train an employee in health and safety before allowing him or her to work, and to organise periodic training in this area, is imposed by the Labour Code on the employer. If an employee does not have the necessary qualifications and <a href=\"https:\/\/kursy-udt.pl\/en\/uprawnienia-udt\/kategorie-uprawnien-2\/\">permissions<\/a> or required skills, as well as knowledge of the regulations, he\/she may not be allowed to work for safety reasons. Health and safety training shall be provided to all employed persons, regardless of the type of work carried out, including:&nbsp;<\/p>\n\n\n\n<ul class=\"wp-block-list\">\n<li>persons employed under civil law contracts;&nbsp;<\/li>\n\n\n\n<li>persons employed for the purpose of training to perform a specific job.&nbsp;<\/li>\n<\/ul>\n\n\n\n<h2 class=\"wp-block-heading\">Why is it worth training at ERGON?&nbsp;<\/h2>\n\n\n\n<p>By choosing our training, you can be assured that your employees will gain a sound knowledge of the health and safety requirements for specific positions, especially those that are particularly hazardous. Should you have any questions about our offer <a href=\"https:\/\/kursy-udt.pl\/en\/kontakt\/\">please contact us<\/a> - our staff will be happy to help clarify any doubts. We encourage you to choose our services! The  team <a href=\"https:\/\/kursy-udt.pl\/en\/o-firmie\/\">ERGON Personnel Training Center<\/a>&nbsp;<\/p>\n\n\n\n<figure class=\"wp-block-image size-large is-resized\"><img loading=\"lazy\" decoding=\"async\" src=\"https:\/\/kursy-udt.pl\/wp-content\/uploads\/2023\/01\/86-BHP-kursy-udt.pl_.png\" alt=\"ERGON training\" width=\"835\" height=\"522\"\/><\/figure>","protected":false},"excerpt":{"rendered":"<p>Zapraszamy do skorzystania z oferty szkole\u0144 BHP w ODK ERGON! Przypominamy, \u017ce kadra zarz\u0105dzaj\u0105ca przedsi\u0119biorstwem oraz pracownicy s\u0105 zobowi\u0105zani do znajomo\u015bci obowi\u0105zuj\u0105cych przepis\u00f3w dotycz\u0105cych wykonywania prac szczeg\u00f3lnie niebezpiecznych. Wiedz\u0119 t\u0119 mo\u017cna zdoby\u0107 jedynie przez uczestnictwo w odpowiednim kursie. Oferujemy kompleksowe i profesjonalne szkolenia okresowe z zakresu bezpiecze\u0144stwa i higieny pracy.&nbsp; Jakie prace zaliczamy do szczeg\u00f3lnie niebezpiecznych?\u00a0 Wed\u0142ug przepis\u00f3w BHP prace szczeg\u00f3lnie niebezpieczne to takie zadania, kt\u00f3rych wykonywanie zwi\u0119ksza zagro\u017cenie wypadkowe ze wzgl\u0119du na ich specyfik\u0119, wykorzystywane materia\u0142y niebezpieczne lub miejsce ich wykonywania. Przez szczeg\u00f3lnie niebezpieczne rozumie si\u0119:&nbsp; Cel szkolenia&nbsp; Zgodnie z kodeksem pracy pracodawca ma obowi\u0105zek skierowa\u0107 swoich pracownik\u00f3w na okresowe szkolenie z zakresu bezpiecze\u0144stwa i higieny pracy. Celem oferowanego przez nas szkolenia jest przekazanie uczestnikom wiedzy o tworzeniu bezpiecznych i higienicznych warunk\u00f3w pracy zgodnie z obowi\u0105zuj\u0105cymi przepisami i aktami prawnymi. Kursant b\u0119dzie potrafi\u0142 definiowa\u0107, ocenia\u0107, planowa\u0107, kontrolowa\u0107 i sugerowa\u0107 rozwi\u0105zania problem\u00f3w BHP wyst\u0119puj\u0105cych w zak\u0142adzie pracy. Po przej\u015bciu oferowanego przez ERGON szkolenia, kursanci b\u0119d\u0105 w stanie samodzielnie bada\u0107, analizowa\u0107 oraz redukowa\u0107 przyczyny zagro\u017ce\u0144. Uczestnicy naucz\u0105 si\u0119 jak wsp\u00f3\u0142pracowa\u0107 z pracodawcami i pracownikami w okre\u015blaniu mo\u017cliwych zagro\u017ce\u0144.&nbsp;&nbsp;&nbsp; Program szkolenia okresowego&nbsp; W trakcie szkolenia zostan\u0105 poruszone nast\u0119puj\u0105ce zagadnienia:&nbsp; Korzy\u015bci z wyboru oferty ERGON&nbsp; Oferowane przez ODK ERGON kursy gwarantuj\u0105 profesjonaln\u0105 kadr\u0119 z\u0142o\u017con\u0105 z ekspert\u00f3w z dziedziny BHP i PPO\u017b. Podczas szkole\u0144 korzystamy z najnowszych metod nauczania np. aktywizacyjnych, dzi\u0119ki czemu uczestnicy bior\u0105 aktywny udzia\u0142 w zaj\u0119ciach, co pozwala im dostrzec mo\u017cliwo\u015b\u0107 budowania w swoim miejscu pracy kultury bezpiecze\u0144stwa.&nbsp; Jak cz\u0119sto nale\u017cy organizowa\u0107 i uczestniczy\u0107 w szkoleniach BHP?&nbsp; Szkolenia okresowe przeprowadza si\u0119, by aktualizowa\u0107 wiedz\u0119 z zakresu [&hellip;]<\/p>\n","protected":false},"author":6,"featured_media":3937,"parent":2792,"menu_order":0,"comment_status":"closed","ping_status":"closed","template":"","meta":{"sfsi_plus_gutenberg_text_before_share":"","sfsi_plus_gutenberg_show_text_before_share":"","sfsi_plus_gutenberg_icon_type":"","sfsi_plus_gutenberg_icon_alignemt":"","sfsi_plus_gutenburg_max_per_row":"","footnotes":""},"class_list":["post-3934","page","type-page","status-publish","has-post-thumbnail","hentry","has_thumb"],"aioseo_notices":[],"_links":{"self":[{"href":"https:\/\/kursy-udt.pl\/en\/wp-json\/wp\/v2\/pages\/3934","targetHints":{"allow":["GET"]}}],"collection":[{"href":"https:\/\/kursy-udt.pl\/en\/wp-json\/wp\/v2\/pages"}],"about":[{"href":"https:\/\/kursy-udt.pl\/en\/wp-json\/wp\/v2\/types\/page"}],"author":[{"embeddable":true,"href":"https:\/\/kursy-udt.pl\/en\/wp-json\/wp\/v2\/users\/6"}],"replies":[{"embeddable":true,"href":"https:\/\/kursy-udt.pl\/en\/wp-json\/wp\/v2\/comments?post=3934"}],"version-history":[{"count":3,"href":"https:\/\/kursy-udt.pl\/en\/wp-json\/wp\/v2\/pages\/3934\/revisions"}],"predecessor-version":[{"id":5517,"href":"https:\/\/kursy-udt.pl\/en\/wp-json\/wp\/v2\/pages\/3934\/revisions\/5517"}],"up":[{"embeddable":true,"href":"https:\/\/kursy-udt.pl\/en\/wp-json\/wp\/v2\/pages\/2792"}],"wp:featuredmedia":[{"embeddable":true,"href":"https:\/\/kursy-udt.pl\/en\/wp-json\/wp\/v2\/media\/3937"}],"wp:attachment":[{"href":"https:\/\/kursy-udt.pl\/en\/wp-json\/wp\/v2\/media?parent=3934"}],"curies":[{"name":"wp","href":"https:\/\/api.w.org\/{rel}","templated":true}]}}