{"id":3928,"date":"2022-06-23T13:24:17","date_gmt":"2022-06-23T13:24:17","guid":{"rendered":"https:\/\/kursy-udt.pl\/?page_id=3928"},"modified":"2023-03-20T13:37:41","modified_gmt":"2023-03-20T12:37:41","slug":"boiler-smoker","status":"publish","type":"page","link":"https:\/\/kursy-udt.pl\/en\/szkolenia\/sep-uprawnienia-do-1kv\/palacz-kotlow\/","title":{"rendered":"CO boiler stoker training - thermal energy qualifications"},"content":{"rendered":"<div class=\"wp-block-image\">\n<figure class=\"alignright size-large is-resized\"><img loading=\"lazy\" decoding=\"async\" src=\"https:\/\/kursy-udt.pl\/wp-content\/uploads\/2022\/06\/HTB1hi7WJmrqK1RjSZK9q6xyypXaN-scaled.jpg\" alt=\"obligations of the smoker\" width=\"304\" height=\"269\"\/><\/figure>\n<\/div>\n\n\n<p><a href=\"https:\/\/kursy-udt.pl\/en\/o-firmie\/\">ERGON Personnel Training Center<\/a> invites you to enrol for training as a G2 category central heating boiler and cooker burner. We provide professional and comprehensive preparation for the profession and for passing the state examination. If you want to work with heating installations, networks and equipment, you need to have the right qualifications. A person with <a href=\"https:\/\/kursy-udt.pl\/en\/uprawnienia-udt\/kategorie-uprawnien-2\/\">entitlements<\/a> CO stoker has a wide range of employment options and can work as a gas central heating boiler stoker, steam boiler operator, CO water grate boiler stoker and many others.\u00a0<\/p>\n\n\n\n<h2 class=\"wp-block-heading\">Purpose of the course&nbsp;<\/h2>\n\n\n\n<p>The training course is designed for people who are involved in the day-to-day operation and supervision of equipment that generates, processes, transmits and consumes heat, or who wish to start working as a CO burner. The course offered by ERGON provides theoretical and practical preparation for the operation of boilers as well as for the qualification examination to obtain authorisations for the operation and supervision of specific types of boilers.&nbsp;<strong>&nbsp;<\/strong>&nbsp;<\/p>\n\n\n\n<h2 class=\"wp-block-heading\">Knowledge gained during the course&nbsp;<\/h2>\n\n\n\n<p>During the course, trainees will learn about technical supervision regulations, the organisation of work on thermal equipment, thermal techniques, the duties of a central heating stoker, types and methods of boiler and cooker operation, types of fuel used and safety rules. In addition, the training will cover topics such as:&nbsp;<\/p>\n\n\n<div class=\"wp-block-image\">\n<figure class=\"alignright size-large is-resized\"><img loading=\"lazy\" decoding=\"async\" src=\"https:\/\/kursy-udt.pl\/wp-content\/uploads\/2022\/06\/Gas-Turbine.jpg\" alt=\"technical supervision\" width=\"405\" height=\"269\"\/><\/figure>\n<\/div>\n\n\n<ul class=\"wp-block-list\">\n<li>general provisions and information on technical supervision,&nbsp;<\/li>\n\n\n\n<li>organizing the workplace in accordance with the rules and regulations of safety,&nbsp;<\/li>\n\n\n\n<li>duties as a boiler and central heating cooker stoker,&nbsp;<\/li>\n\n\n\n<li>methods of keeping boilers in constant technical efficiency,&nbsp;<\/li>\n\n\n\n<li>CO boiler plant diagrams,&nbsp;<\/li>\n\n\n\n<li>operation of control and measuring equipment,\u00a0<\/li>\n\n\n\n<li>heat networks and installations,&nbsp;<\/li>\n\n\n\n<li>industrial steam and hot water devices,&nbsp;<\/li>\n\n\n\n<li>rules <a href=\"https:\/\/kursy-udt.pl\/en\/szkolenia\/bhp-bezpieczenstwo-pracy\/prawna-ochrona-pracy\/\">Health and Safety<\/a> as a central heating boiler stoker.&nbsp;<\/li>\n<\/ul>\n\n\n\n<h2 class=\"wp-block-heading\">Training price&nbsp;<\/h2>\n\n\n\n<p>Training at ERGON guarantees a professional approach and attractive prices. The cost of group training for companies depends on the number of participants and the length of the course. Please contact us for more information. Our staff will answer all your questions.&nbsp;<\/p>\n\n\n\n<h2 class=\"wp-block-heading\">Place of training&nbsp;<\/h2>\n\n\n\n<p>Heating training takes place in Warsaw and in our branches throughout the country. We also offer closed training for organized groups - then we reach the client after agreeing the terms.&nbsp;<strong>&nbsp;<\/strong>&nbsp;<\/p>\n\n\n\n<h2 class=\"wp-block-heading\">Requirements&nbsp;<\/h2>\n\n\n<div class=\"wp-block-image\">\n<figure class=\"alignright size-large is-resized\"><img loading=\"lazy\" decoding=\"async\" src=\"https:\/\/kursy-udt.pl\/wp-content\/uploads\/2022\/06\/preview-123.jpg\" alt=\"SEP exam\" width=\"359\" height=\"222\"\/><\/figure>\n<\/div>\n\n\n<p>The CH boiler stoker training course is dedicated to people who need to acquire skills in supervising or operating heating equipment, installations and networks. In order to take the examination for the G2 qualification, you must meet three conditions: to be at least 18 years old, to have at least a basic education and to have a health certificate that there are no contraindications to work in this position.&nbsp;<strong>&nbsp;<\/strong>&nbsp;<\/p>\n\n\n\n<h2 class=\"wp-block-heading\">Entitlements&nbsp;<\/h2>\n\n\n\n<p>The course concludes with an examination testing the acquired knowledge before a qualification board of SEP or PSE, SIMP, SITPS. A positive result results in receiving a certificate confirming the acquired qualifications. They are valid for 5 years.&nbsp;<strong>&nbsp;<\/strong>&nbsp;<\/p>\n\n\n\n<h2 class=\"wp-block-heading\">Tasks of a central heating boiler stoker&nbsp;<\/h2>\n\n\n\n<p>This occupation involves the operation and constant supervision of various types of boilers depending on the fuel used for supply. The stoker performs his or her duties by observing the instructions for the respective equipment, fittings and auxiliaries, as well as the instructions for the operation of the boiler room. The way in which this job is carried out and the duties are dependent on the type of boiler.&nbsp;<strong>&nbsp;<\/strong>&nbsp;<\/p>\n\n\n\n<figure class=\"wp-block-table\"><table><tbody><tr><td><strong>Boiler type<\/strong>&nbsp;<\/td><td><strong>Job description<\/strong>&nbsp;<\/td><td><strong>Manner of execution<\/strong>&nbsp;<\/td><\/tr><tr><td><strong>gas boiler<\/strong>&nbsp;<\/td><td>The gas boiler stoker starts, monitors and controls its operation, turns on the burners, monitors the temperature, and monitors the combustion process.&nbsp;<\/td><td>keeping boilers in constant technical efficiency;\u00a0<br>lighting the burners;\u00a0<br>checking and reading the indications of control and measurement apparatus;\u00a0<br>control and supervision of the start-up and operation of gas central heating boilers and fuel delivery systems;\u00a0<br>pressure and temperature monitoring;\u00a0<br>replenishment of substances for bed regeneration in water softening installations;\u00a0<br>regulation of fittings and gas path of the boiler;\u00a0<br>keeping filters, exhaust pipes and heat exchange surfaces clean.\u00a0<\/td><\/tr><tr><td><strong>steam boiler<\/strong>&nbsp;<\/td><td>The steam boiler stoker transports the fuel mass to the containers, irrigates the boilers and nets, and ignites the fire in the furnace. His duties also include rinsing and desludging of boilers.&nbsp;<\/td><td>conducting the correct combustion process and exhaust gas discharge;\u00a0<br>keeping boilers in constant technical efficiency;\u00a0<br>starting steam boilers and supervising the operation of fuel delivery systems;\u00a0<br>monitoring of pressure, temperature and air draft meters;\u00a0<br>selecting optimal parameters of the boiler operation.\u00a0<\/td><\/tr><\/tbody><\/table><\/figure>\n\n\n\n<h2 class=\"wp-block-heading\">It is worth training with us because:<\/h2>\n\n\n\n<ul class=\"wp-block-list\">\n<li>we have many years of experience in preparing operators of thermal devices;\u00a0<\/li>\n\n\n\n<li>the training staff consists of specialists and qualified employees of large enterprises using heat networks;&nbsp;<\/li>\n\n\n\n<li>we focus on practical skills.&nbsp;<\/li>\n<\/ul>\n\n\n\n<p>If you have any questions about our offer, <a href=\"https:\/\/kursy-udt.pl\/en\/kontakt\/\">please contact us<\/a> - our staff will be happy to help clarify any doubts. We encourage you to choose our services!\u00a0<\/p>\n\n\n\n<figure class=\"wp-block-image size-large is-resized\"><img loading=\"lazy\" decoding=\"async\" src=\"https:\/\/kursy-udt.pl\/wp-content\/uploads\/2023\/01\/Palacz-kotlow-CO-kursy-udt.pl_.png\" alt=\"ERGON courses\" width=\"781\" height=\"488\"\/><\/figure>","protected":false},"excerpt":{"rendered":"<p>O\u015brodek Doskonalenia Kadr ERGON zaprasza do zapis\u00f3w na szkolenie palacza kot\u0142\u00f3w i piec\u00f3w centralnego ogrzewania z kategorii G2. Zajmujemy si\u0119 profesjonalnym i kompleksowym przygotowaniem do zawodu oraz pozytywnego zdania egzaminu pa\u0144stwowego. Je\u015bli chcesz pracowa\u0107 z instalacjami, sieciami i urz\u0105dzeniami cieplnymi, musisz posiada\u0107 odpowiednie kwalifikacje. Osoba posiadaj\u0105ca uprawnienia palacza CO ma wiele opcji zatrudnienia i mo\u017ce pracowa\u0107 mi\u0119dzy innymi na stanowisku palacza gazowych kot\u0142\u00f3w centralnego ogrzewania, operatora kot\u0142\u00f3w parowych, palacza wodnych rusztowych kot\u0142\u00f3w CO i na wielu innych.\u00a0 Cel kursu&nbsp; Szkolenie przeznaczone jest dla os\u00f3b, kt\u00f3re na co dzie\u0144 zajmuj\u0105 si\u0119 eksploatacj\u0105 i dozorem urz\u0105dze\u0144 wytwarzaj\u0105cych, przetwarzaj\u0105cych, przesy\u0142aj\u0105cych i zu\u017cywaj\u0105cych ciep\u0142o lub pragn\u0105 rozpocz\u0105\u0107 prac\u0119 na stanowisku palacza CO. Kurs oferowany przez ERGON zapewnia teoretyczne i praktyczne przygotowanie do obs\u0142ugi kot\u0142\u00f3w oraz egzaminu kwalifikacyjnego, by uzyska\u0107 uprawnienia eksploatacji i dozoru poszczeg\u00f3lnych rodzaj\u00f3w kot\u0142\u00f3w.&nbsp;&nbsp;&nbsp; Wiedza zdobyta w trakcie kursu&nbsp; Kursanci w trakcie szkolenia poznaj\u0105 przepisy o dozorze technicznym, organizacji pracy przy urz\u0105dzeniach cieplnych, techniki cieplne, obowi\u0105zki palacza CO, rodzaje i metody eksploatacji kot\u0142\u00f3w i piec\u00f3w, typy u\u017cywanych paliw oraz zasady bezpiecze\u0144stwa. Ponadto w trakcie szkolenia zostan\u0105 poruszone zagadnienia takie jak:&nbsp; Cena szkolenia&nbsp; Szkolenia w ERGON gwarantuj\u0105 profesjonalne podej\u015bcie oraz atrakcyjne ceny. Koszt szkolenia grupowego dla firm zale\u017cy od ilo\u015bci zg\u0142oszonych os\u00f3b i d\u0142ugo\u015bci kursu. W celu uzyskania szczeg\u00f3\u0142owych informacji zapraszamy do kontaktu. Nasi pracownicy odpowiedz\u0105 na wszelkie Pa\u0144stwa pytania.&nbsp; Miejsce szkolenia&nbsp; Szkolenia ciep\u0142ownicze odbywaj\u0105 si\u0119 w Warszawie oraz w naszych oddzia\u0142ach na terenie ca\u0142ego kraju. Oferujemy r\u00f3wnie\u017c szkolenia w formie zamkni\u0119tej dla grup zorganizowanych \u2013 w\u00f3wczas doje\u017cd\u017camy do klienta, po uzgodnieniu warunk\u00f3w.&nbsp;&nbsp;&nbsp; Wymagania&nbsp; Szkolenie palacza kot\u0142\u00f3w CO [&hellip;]<\/p>\n","protected":false},"author":6,"featured_media":3929,"parent":2411,"menu_order":0,"comment_status":"closed","ping_status":"closed","template":"","meta":{"sfsi_plus_gutenberg_text_before_share":"","sfsi_plus_gutenberg_show_text_before_share":"","sfsi_plus_gutenberg_icon_type":"","sfsi_plus_gutenberg_icon_alignemt":"","sfsi_plus_gutenburg_max_per_row":"","footnotes":""},"class_list":["post-3928","page","type-page","status-publish","has-post-thumbnail","hentry","has_thumb"],"aioseo_notices":[],"_links":{"self":[{"href":"https:\/\/kursy-udt.pl\/en\/wp-json\/wp\/v2\/pages\/3928","targetHints":{"allow":["GET"]}}],"collection":[{"href":"https:\/\/kursy-udt.pl\/en\/wp-json\/wp\/v2\/pages"}],"about":[{"href":"https:\/\/kursy-udt.pl\/en\/wp-json\/wp\/v2\/types\/page"}],"author":[{"embeddable":true,"href":"https:\/\/kursy-udt.pl\/en\/wp-json\/wp\/v2\/users\/6"}],"replies":[{"embeddable":true,"href":"https:\/\/kursy-udt.pl\/en\/wp-json\/wp\/v2\/comments?post=3928"}],"version-history":[{"count":5,"href":"https:\/\/kursy-udt.pl\/en\/wp-json\/wp\/v2\/pages\/3928\/revisions"}],"predecessor-version":[{"id":5534,"href":"https:\/\/kursy-udt.pl\/en\/wp-json\/wp\/v2\/pages\/3928\/revisions\/5534"}],"up":[{"embeddable":true,"href":"https:\/\/kursy-udt.pl\/en\/wp-json\/wp\/v2\/pages\/2411"}],"wp:featuredmedia":[{"embeddable":true,"href":"https:\/\/kursy-udt.pl\/en\/wp-json\/wp\/v2\/media\/3929"}],"wp:attachment":[{"href":"https:\/\/kursy-udt.pl\/en\/wp-json\/wp\/v2\/media?parent=3928"}],"curies":[{"name":"wp","href":"https:\/\/api.w.org\/{rel}","templated":true}]}}