{"id":3922,"date":"2022-06-23T12:05:08","date_gmt":"2022-06-23T12:05:08","guid":{"rendered":"https:\/\/kursy-udt.pl\/?page_id=3922"},"modified":"2023-03-21T11:25:17","modified_gmt":"2023-03-21T10:25:17","slug":"goods-and-passenger-cranes","status":"publish","type":"page","link":"https:\/\/kursy-udt.pl\/en\/szkolenia\/udt-wdt-tdt\/dzwigi-towarowo-osobowe\/","title":{"rendered":"Course in the operation of goods and passenger lifts"},"content":{"rendered":"\n<figure class=\"wp-block-image size-large is-resized\"><img loading=\"lazy\" decoding=\"async\" src=\"https:\/\/kursy-udt.pl\/wp-content\/uploads\/2022\/06\/adobestock_58157709.jpg_klein.jpg\" alt=\"winda towarowo\u2013osobowa\" width=\"744\" height=\"558\"\/><\/figure>\n\n\n\n<h2 class=\"wp-block-heading\">Czego dowiesz si\u0119 na kursie na operatora d\u017awig\u00f3w?&nbsp;<\/h2>\n\n\n\n<p>Celem naszego szkolenia jest zdobycie kwalifikacji oraz przygotowanie do egzaminu pa\u0144stwowego przed komisj\u0105 powo\u0142an\u0105 przez Urz\u0105d Dozoru Technicznego. Kurs przeznaczony jest dla os\u00f3b zatrudnionych w zak\u0142adach realizuj\u0105cych transport pionowy z u\u017cyciem wind towarowych oraz towarowo\u2013osobowych. Kandydaci na maszynist\u00f3w d\u017awig\u00f3w poznaj\u0105:\u00a0<\/p>\n\n\n\n<ul class=\"wp-block-list\">\n<li>szczeg\u00f3\u0142ow\u0105 budow\u0119 d\u017awigu,&nbsp;<\/li>\n\n\n\n<li>zasady obs\u0142ugi,&nbsp;<\/li>\n\n\n\n<li>obowi\u0105zki d\u017awigowego,&nbsp;<\/li>\n\n\n\n<li>przyczyny i skutki awarii,&nbsp;<\/li>\n\n\n\n<li>przepisy dozoru technicznego,&nbsp;<\/li>\n\n\n\n<li>metody konserwacji wind towarowych,&nbsp;<\/li>\n\n\n\n<li>przepisy <a href=\"https:\/\/kursy-udt.pl\/en\/szkolenia\/bhp-bezpieczenstwo-pracy\/prawna-ochrona-pracy\/\">BHP<\/a>.&nbsp;<\/li>\n<\/ul>\n\n\n\n<p>Pracodawca, kt\u00f3ry chcia\u0142by przeszkoli\u0107 swoich pracownik\u00f3w w tym kierunku, przy wyborze os\u00f3b powinien wzi\u0105\u0107 pod uwag\u0119 takie cechy charakterologiczne jak odporno\u015b\u0107 na stres, poczucie odpowiedzialno\u015bci czy r\u00f3wnowag\u0119 psychiczn\u0105.&nbsp;<br>&nbsp;<\/p>\n\n\n\n<h2 class=\"wp-block-heading\">Jak zdoby\u0107 uprawnienia?&nbsp;<\/h2>\n\n\n\n<p>Je\u015bli jeste\u015b zainteresowany prac\u0105 z d\u017awigami towarowymi, mo\u017cesz zapisa\u0107 si\u0119 na kurs operatora, dzi\u0119ki czemu pozyskasz wiedz\u0119 teoretyczn\u0105 oraz kluczowe umiej\u0119tno\u015bci potrzebne w tym zawodzie. Dysponuj\u0105c takimi kwalifikacjami mo\u017cesz zdoby\u0107 lepiej p\u0142atn\u0105 prac\u0119 lub ubiega\u0107 si\u0119 o awans i podwy\u017ck\u0119 w obecnym zak\u0142adzie pracy.&nbsp;<\/p>\n\n\n<div class=\"wp-block-image\">\n<figure class=\"alignright size-large is-resized\"><img loading=\"lazy\" decoding=\"async\" src=\"https:\/\/kursy-udt.pl\/wp-content\/uploads\/2022\/06\/tuv-rheinland-elevators-emergency-ad-272755982_core_4_3.jpg\" alt=\"kurs operatora d\u017awig\u00f3w\" width=\"349\" height=\"262\"\/><\/figure>\n<\/div>\n\n\n<p>Po uko\u0144czeniu szkolenia, kursant otrzymuje za\u015bwiadczenie kwalifikacyjne Urz\u0119du Dozoru Technicznego w jednej z dw\u00f3ch kategorii: wind budowlanych i towarowo-osobowych oraz wyci\u0105g\u00f3w towarowych i obs\u0142ugi d\u017awig\u00f3w towarowo-osobowych ze sterowaniem wewn\u0119trznym, a tak\u017ce d\u017awigi szpitalne (nie posiadaj\u0105 one kontroli obci\u0105\u017cenia kabiny). Szkolenia z obs\u0142ugi d\u017awig\u00f3w realizowane s\u0105 na mocy Ustawy z dnia 21 grudnia 2000 roku o dozorze technicznym. Przeprowadza si\u0119 je zgodnie z Rozporz\u0105dzeniem Ministra Gospodarki z dnia 18 lipca 2001 roku w kwestii trybu sprawdzenia kwalifikacji, wymaganych przy obs\u0142udze i konserwacji urz\u0105dze\u0144 technicznych.&nbsp;<\/p>\n\n\n\n<h2 class=\"wp-block-heading\">Wa\u017cno\u015b\u0107 za\u015bwiadczenia kwalifikacyjnego&nbsp;<\/h2>\n\n\n\n<p>Tak jak wi\u0119kszo\u015b\u0107 za\u015bwiadcze\u0144 kwalifikacyjnych UDT np. na w\u00f3zki wid\u0142owe, suwnice, \u017curawie, tak i <a href=\"https:\/\/kursy-udt.pl\/en\/uprawnienia-udt\/kategorie-uprawnien-2\/\">uprawnienia<\/a> na d\u017awigi towarowo\u2013osobowe maj\u0105 okre\u015blony termin wa\u017cno\u015bci. Od daty pozytywnie zdanego egzaminu, prac\u0119 na tym stanowisku mo\u017cna wykonywa\u0107 przez 10 lat. Nale\u017cy jednak pami\u0119ta\u0107, \u017ce wniosek o przed\u0142u\u017cenie wa\u017cno\u015bci za\u015bwiadczenia trzeba z\u0142o\u017cy\u0107 minimum 3 miesi\u0105ce przed terminem jego wyga\u015bni\u0119cia. Koniecznym wymogiem przy przed\u0142u\u017caniu uprawnie\u0144 jest za\u015bwiadczenie o tym, \u017ce w ci\u0105gu ostatnich 5 lat wykonywano prac\u0119 operatora d\u017awig\u00f3w i wind przez co najmniej 3 lata.\u00a0<\/p>\n\n\n\n<h2 class=\"wp-block-heading\">Gdzie i do czego wykorzystuje si\u0119 windy towarowe?&nbsp;<\/h2>\n\n\n\n<p>Dzi\u0119ki prostej i solidnej konstrukcji wykorzystuje si\u0119 je w wielu ga\u0142\u0119ziach przemys\u0142u. D\u017awigi towarowe u\u017cywane s\u0105 do transportu towar\u00f3w pomi\u0119dzy kondygnacjami w halach produkcyjnych i magazynach. Niekiedy stosowane s\u0105 na placach budowy do przenoszenia materia\u0142\u00f3w budowlanych. Skonstruowane s\u0105 w taki spos\u00f3b, by maksymalnie u\u0142atwi\u0107 transport. Osoby i \u0142adunek znajduj\u0105ce si\u0119 w kabinie, poruszaj\u0105 si\u0119 wzd\u0142u\u017c prowadnic w szybie d\u017awigowym. Urz\u0105dzeniem tym steruje si\u0119 przy pomocy korb, przestawnic lub dyspozycji. D\u017awigi pomocne s\u0105 szczeg\u00f3lnie w sytuacjach, kiedy trzeba w bezpieczny spos\u00f3b przemie\u015bci\u0107 lub podnie\u015b\u0107 ci\u0119\u017ckie \u0142adunki budowlane.&nbsp;<\/p>\n\n\n\n<h2 class=\"wp-block-heading\">D\u017awigi z nap\u0119dem elektrycznym i hydraulicznym&nbsp;<\/h2>\n\n\n\n<p>Je\u015bli we\u017amiemy pod uwag\u0119 rodzaj nap\u0119du, mo\u017cemy wyr\u00f3\u017cni\u0107 windy hydrauliczne i elektryczne. Te ostatnie stosuje si\u0119 w magazynach, sklepach, fabrykach, piekarniach, szpitalach itp. Szeroki wyb\u00f3r wymiar\u00f3w wind umo\u017cliwia dopasowanie urz\u0105dzenia do wymaga\u0144 budynku, w kt\u00f3rym b\u0119d\u0105 instalowane. D\u017awigi te umo\u017cliwiaj\u0105 transport wysokich element\u00f3w. Du\u017ca winda towarowa elektryczna wymaga zastosowania maszynowni nad szybem lub obok niego. W d\u017awigach elektrycznych zesp\u00f3\u0142 nap\u0119dowy sk\u0142ada si\u0119 z silnika i ko\u0142a ciernego, kt\u00f3re nap\u0119dzaj\u0105 liny po\u0142\u0105czone z ram\u0105 kabinow\u0105 oraz przeciwwag\u0105. Du\u017cy d\u017awig towarowy elektryczny idealnie sprawdzi si\u0119 przy transporcie poka\u017anych materia\u0142\u00f3w oraz maszyn i urz\u0105dze\u0144 produkcyjnych, ze wzgl\u0119du na swoje mo\u017cliwo\u015bci techniczne.&nbsp;<\/p>\n\n\n\n<figure class=\"wp-block-table\"><table><tbody><tr><td><strong>Rodzaj d\u017awigu<\/strong>&nbsp;<\/td><td><strong>Ud\u017awig [kg]<\/strong>&nbsp;<\/td><td><strong>[Pr\u0119dko\u015b\u0107<\/strong> <strong>m\/s]<\/strong>&nbsp;<\/td><\/tr><tr><td><strong>Towarowe du\u017ce<\/strong>&nbsp;<\/td><td>300\u20136000\u00a0<\/td><td>0,5 \u2013 1,6 i wi\u0119cej&nbsp;<\/td><\/tr><tr><td><strong>Towarowo\u2013osobowe<\/strong>\u00a0<\/td><td>100\u20136000\u00a0<\/td><td>0,5 \u2013 1,6 i wi\u0119cej&nbsp;<\/td><\/tr><\/tbody><\/table><\/figure>\n\n\n\n<p>Istniej\u0105 r\u00f3wnie\u017c ma\u0142e d\u017awigi towarowe stosowane w bibliotekach, bankach, biurach itp., gdzie s\u0142u\u017c\u0105 do transportu dokument\u00f3w, produkt\u00f3w spo\u017cywczych, ksi\u0105\u017cek i innych towar\u00f3w niewielkich gabaryt\u00f3w. Do ich zalet nale\u017c\u0105:&nbsp;<\/p>\n\n\n\n<ul class=\"wp-block-list\">\n<li>oszcz\u0119dno\u015b\u0107 czasu,&nbsp;<\/li>\n\n\n\n<li>usprawnienie pracy;&nbsp;<\/li>\n\n\n\n<li>prosta konstrukcja;&nbsp;<\/li>\n\n\n\n<li>brak maszynowni;&nbsp;<\/li>\n\n\n\n<li>w\u0142asna konstrukcja stalowa szybu.&nbsp;<\/li>\n<\/ul>\n\n\n\n<p><strong>Windy towarowe hydrauliczne<\/strong> mo\u017cna spotka\u0107 w hotelach, przychodniach oraz takich miejscach, gdzie nat\u0119\u017cenie ruchu jest ma\u0142e lub \u015brednie, poniewa\u017c ich wydajno\u015b\u0107 pracy si\u0119ga 60 start\u00f3w na godzin\u0119, a pr\u0119dko\u015b\u0107 maksymalnie do 6 metr\u00f3w na sekund\u0119. Stosuje si\u0119 je w budynkach o kilku kondygnacjach. Cz\u0119\u015bciej wykorzystuje si\u0119 je w przemy\u015ble do tranzytu masywnych \u0142adunk\u00f3w, a nawet wprowadzenia ca\u0142ego w\u00f3zka wid\u0142owego. Ich maszynownia zlokalizowana jest zazwyczaj na parterze obok szybu. Do zalet windy hydraulicznej nale\u017cy mo\u017cliwo\u015b\u0107 samoczynnego uwolnienia zablokowanych towar\u00f3w i os\u00f3b w przypadku zaniku napi\u0119cia. Por\u00f3wnuj\u0105c je z d\u017awigami elektrycznymi, d\u017awig hydrauliczny jest ta\u0144szym rozwi\u0105zaniem. Windy hydrauliczne r\u00f3\u017cni\u0105 si\u0119 od siebie maksymalnym ud\u017awigiem, pr\u0119dko\u015bci\u0105 i maksymaln\u0105 wysoko\u015bci\u0105 podnoszenia w zale\u017cno\u015bci od przeznaczenia. Poni\u017cej przedstawiono zestawienie r\u00f3\u017cnych typ\u00f3w d\u017awig\u00f3w hydraulicznych, by zobrazowa\u0107 r\u00f3\u017cnice w parametrach.\u00a0<\/p>\n\n\n\n<figure class=\"wp-block-table\"><table><tbody><tr><td><strong>Typ d\u017awigu<\/strong>&nbsp;<\/td><td><strong>Maksymalny ud\u017awig [kg]<\/strong>&nbsp;<\/td><td><strong>Maksymalna pr\u0119dko\u015b\u0107 [m\/s]<\/strong>&nbsp;<\/td><td><strong>Maksymalna wysoko\u015b\u0107 podnoszenia [m]<\/strong>&nbsp;<\/td><\/tr><tr><td><strong>osobowy<\/strong>&nbsp;<\/td><td>do 1600&nbsp;<\/td><td>1&nbsp;<\/td><td>30&nbsp;<\/td><\/tr><tr><td><strong>szpitalny<\/strong>&nbsp;<\/td><td>do 2500&nbsp;<\/td><td>1&nbsp;<\/td><td>30&nbsp;<\/td><\/tr><tr><td><strong>towarowy<\/strong>&nbsp;<\/td><td>do 6000&nbsp;<\/td><td>0,4&nbsp;<\/td><td>30&nbsp;<\/td><\/tr><tr><td><strong>bez maszynowni<\/strong>&nbsp;<\/td><td>do 1000&nbsp;<\/td><td>1&nbsp;<\/td><td>26&nbsp;<\/td><\/tr><\/tbody><\/table><\/figure>\n\n\n\n<figure class=\"wp-block-image size-large is-resized\"><img loading=\"lazy\" decoding=\"async\" src=\"https:\/\/kursy-udt.pl\/wp-content\/uploads\/2022\/06\/Railway-Accessories-MezzLight-Lift-being-used-1200x0-c-default.jpg\" alt=\"d\u017awigi towarowe\" width=\"760\" height=\"506\"\/><\/figure>\n\n\n\n<h2 class=\"wp-block-heading\">Wyci\u0105gi towarowe&nbsp;<\/h2>\n\n\n\n<p>Urz\u0105dzenia tego typu zaliczamy do maszyn transportu bliskiego i wykorzystywane s\u0105 do transportu towar\u00f3w w ograniczonym zasi\u0119gu. <a href=\"https:\/\/kursy-udt.pl\/en\/szkolenia\/udt-wdt-tdt\/wyciagi-towarowe-kurs\/\">Wyci\u0105gi towarowe<\/a> obj\u0119te s\u0105 dozorem technicznym. Zbudowane s\u0105 z przesuwanej po maszcie platformy o konstrukcji do z\u0142udzenia przypominaj\u0105c\u0105 drabin\u0119. Mocuje si\u0119 je do przewo\u017anego podwozia i opuszcza na strop budynku. Stanowi\u0105 najpopularniejszy \u015brodek transportu dla firm specjalizuj\u0105cych si\u0119 w pracach dachowych.&nbsp;<\/p>\n\n\n\n<h2 class=\"wp-block-heading\">Warunki eksploatacji d\u017awignic&nbsp;<\/h2>\n\n\n\n<p>Urz\u0105dzenia d\u017awignicowe podlegaj\u0105ce dozorowi technicznemu nale\u017cy:&nbsp;<\/p>\n\n\n\n<ul class=\"wp-block-list\">\n<li>stale utrzymywa\u0107 w sprawno\u015bci technicznej;&nbsp;<\/li>\n\n\n\n<li>u\u017cytkowa\u0107 zgodnie z instrukcj\u0105 i przeznaczeniem;&nbsp;<\/li>\n\n\n\n<li>poddawa\u0107 konserwacji przez osoby specjalnie w tym celu przeszkolone oraz posiadaj\u0105ce stosowne za\u015bwiadczenia kwalifikacyjne;&nbsp;<\/li>\n\n\n\n<li>zaopatrzy\u0107 w tablice informuj\u0105ce o dopuszczalnych ud\u017awigach.&nbsp;<\/li>\n<\/ul>\n\n\n\n<p><strong>Zapraszamy r\u00f3wnie\u017c na kursy na operatora i konserwatora suwnic, podest\u00f3w ruchomych (podno\u015bnik\u00f3w koszowych i no\u017cycowych), uk\u0142adnic, w\u00f3zka wid\u0142owego i innych urz\u0105dze\u0144 UDT. Oferujemy tak\u017ce szkolenia PPO\u017b oraz BHP (wst\u0119pne i okresowe).<\/strong>&nbsp;<\/p>\n\n\n\n<p><strong>W razie pyta\u0144, zach\u0119camy do kontaktu.<\/strong><\/p>\n\n\n\n<figure class=\"wp-block-image size-large is-resized\"><img loading=\"lazy\" decoding=\"async\" src=\"https:\/\/kursy-udt.pl\/wp-content\/uploads\/2022\/12\/69-Dzwigi-osobowe-towarowe-kursy-udt.pl_.png\" alt=\"szkolenie ERGON\" width=\"747\" height=\"467\"\/><\/figure>\n","protected":false},"excerpt":{"rendered":"<p>Czego dowiesz si\u0119 na kursie na operatora d\u017awig\u00f3w?&nbsp; Celem naszego szkolenia jest zdobycie kwalifikacji oraz przygotowanie do egzaminu pa\u0144stwowego przed komisj\u0105 powo\u0142an\u0105 przez Urz\u0105d Dozoru Technicznego. Kurs przeznaczony jest dla os\u00f3b zatrudnionych w zak\u0142adach realizuj\u0105cych transport pionowy z u\u017cyciem wind towarowych oraz towarowo\u2013osobowych. Kandydaci na maszynist\u00f3w d\u017awig\u00f3w poznaj\u0105:\u00a0 Pracodawca, kt\u00f3ry chcia\u0142by przeszkoli\u0107 swoich pracownik\u00f3w w tym kierunku, przy wyborze os\u00f3b powinien wzi\u0105\u0107 pod uwag\u0119 takie cechy charakterologiczne jak odporno\u015b\u0107 na stres, poczucie odpowiedzialno\u015bci czy r\u00f3wnowag\u0119 psychiczn\u0105.&nbsp;&nbsp; Jak zdoby\u0107 uprawnienia?&nbsp; Je\u015bli jeste\u015b zainteresowany prac\u0105 z d\u017awigami towarowymi, mo\u017cesz zapisa\u0107 si\u0119 na kurs operatora, dzi\u0119ki czemu pozyskasz wiedz\u0119 teoretyczn\u0105 oraz kluczowe umiej\u0119tno\u015bci potrzebne w tym zawodzie. Dysponuj\u0105c takimi kwalifikacjami mo\u017cesz zdoby\u0107 lepiej p\u0142atn\u0105 prac\u0119 lub ubiega\u0107 si\u0119 o awans i podwy\u017ck\u0119 w obecnym zak\u0142adzie pracy.&nbsp; Po uko\u0144czeniu szkolenia, kursant otrzymuje za\u015bwiadczenie kwalifikacyjne Urz\u0119du Dozoru Technicznego w jednej z dw\u00f3ch kategorii: wind budowlanych i towarowo-osobowych oraz wyci\u0105g\u00f3w towarowych i obs\u0142ugi d\u017awig\u00f3w towarowo-osobowych ze sterowaniem wewn\u0119trznym, a tak\u017ce d\u017awigi szpitalne (nie posiadaj\u0105 one kontroli obci\u0105\u017cenia kabiny). Szkolenia z obs\u0142ugi d\u017awig\u00f3w realizowane s\u0105 na mocy Ustawy z dnia 21 grudnia 2000 roku o dozorze technicznym. Przeprowadza si\u0119 je zgodnie z Rozporz\u0105dzeniem Ministra Gospodarki z dnia 18 lipca 2001 roku w kwestii trybu sprawdzenia kwalifikacji, wymaganych przy obs\u0142udze i konserwacji urz\u0105dze\u0144 technicznych.&nbsp; Wa\u017cno\u015b\u0107 za\u015bwiadczenia kwalifikacyjnego&nbsp; Tak jak wi\u0119kszo\u015b\u0107 za\u015bwiadcze\u0144 kwalifikacyjnych UDT np. na w\u00f3zki wid\u0142owe, suwnice, \u017curawie, tak i uprawnienia na d\u017awigi towarowo\u2013osobowe maj\u0105 okre\u015blony termin wa\u017cno\u015bci. Od daty pozytywnie zdanego egzaminu, prac\u0119 na tym stanowisku mo\u017cna wykonywa\u0107 przez 10 lat. Nale\u017cy jednak pami\u0119ta\u0107, \u017ce wniosek o przed\u0142u\u017cenie wa\u017cno\u015bci za\u015bwiadczenia trzeba [&hellip;]<\/p>\n","protected":false},"author":6,"featured_media":3923,"parent":2721,"menu_order":0,"comment_status":"closed","ping_status":"closed","template":"","meta":{"sfsi_plus_gutenberg_text_before_share":"","sfsi_plus_gutenberg_show_text_before_share":"","sfsi_plus_gutenberg_icon_type":"","sfsi_plus_gutenberg_icon_alignemt":"","sfsi_plus_gutenburg_max_per_row":"","footnotes":""},"class_list":["post-3922","page","type-page","status-publish","has-post-thumbnail","hentry","has_thumb"],"aioseo_notices":[],"_links":{"self":[{"href":"https:\/\/kursy-udt.pl\/en\/wp-json\/wp\/v2\/pages\/3922","targetHints":{"allow":["GET"]}}],"collection":[{"href":"https:\/\/kursy-udt.pl\/en\/wp-json\/wp\/v2\/pages"}],"about":[{"href":"https:\/\/kursy-udt.pl\/en\/wp-json\/wp\/v2\/types\/page"}],"author":[{"embeddable":true,"href":"https:\/\/kursy-udt.pl\/en\/wp-json\/wp\/v2\/users\/6"}],"replies":[{"embeddable":true,"href":"https:\/\/kursy-udt.pl\/en\/wp-json\/wp\/v2\/comments?post=3922"}],"version-history":[{"count":5,"href":"https:\/\/kursy-udt.pl\/en\/wp-json\/wp\/v2\/pages\/3922\/revisions"}],"predecessor-version":[{"id":5589,"href":"https:\/\/kursy-udt.pl\/en\/wp-json\/wp\/v2\/pages\/3922\/revisions\/5589"}],"up":[{"embeddable":true,"href":"https:\/\/kursy-udt.pl\/en\/wp-json\/wp\/v2\/pages\/2721"}],"wp:featuredmedia":[{"embeddable":true,"href":"https:\/\/kursy-udt.pl\/en\/wp-json\/wp\/v2\/media\/3923"}],"wp:attachment":[{"href":"https:\/\/kursy-udt.pl\/en\/wp-json\/wp\/v2\/media?parent=3922"}],"curies":[{"name":"wp","href":"https:\/\/api.w.org\/{rel}","templated":true}]}}