{"id":3915,"date":"2022-06-23T11:46:18","date_gmt":"2022-06-23T11:46:18","guid":{"rendered":"https:\/\/kursy-udt.pl\/?page_id=3915"},"modified":"2023-03-20T12:38:53","modified_gmt":"2023-03-20T11:38:53","slug":"scaffolder","status":"publish","type":"page","link":"https:\/\/kursy-udt.pl\/en\/szkolenia\/montazysta-rusztowan\/","title":{"rendered":"Professional course for ERGON scaffolding assembler"},"content":{"rendered":"<p>The training is dedicated to all aspects of a metal scaffolder. In order to work in this position, you will need to obtain a formal <a href=\"https:\/\/kursy-udt.pl\/en\/uprawnienia-udt\/kategorie-uprawnien-2\/\">entitlements<\/a> scaffolding assembler, which is only issued after passing an examination before a commission appointed by the Institute of Mechanised Construction and Rock Mining. A person with the relevant qualification can become a construction worker responsible for preparing the site for the construction of the structure, the selection of auxiliary elements and the installation of the scaffolding itself - the scaffolding assembler. Trust us and passing the state exam will not be difficult!\u00a0<\/p>\n\n\n\n<figure class=\"wp-block-video\"><video controls src=\"https:\/\/kursy-udt.pl\/wp-content\/uploads\/2023\/02\/ACCEPTED-montazysta-rusztowan-4K-kursy-udt.mp4\"><\/video><\/figure>\n\n\n\n<h2 class=\"wp-block-heading\">Prerequisites needed to start the course&nbsp;<\/h2>\n\n\n\n<p>Authorization to install building scaffolding may be obtained by a person who:&nbsp;<\/p>\n\n\n\n<ul class=\"wp-block-list\">\n<li>is over the age of 18,&nbsp;<\/li>\n\n\n\n<li>has a minimum of basic education,&nbsp;<\/li>\n\n\n\n<li>holds a valid medical certificate for work at a height of more than 3 metres.&nbsp;<\/li>\n<\/ul>\n\n\n\n<h2 class=\"wp-block-heading\">Additional criteria&nbsp;<\/h2>\n\n\n\n<p>A person wishing to start in this position must not have a fear of heights - this is the first and probably most important requirement, as the work takes place at considerable heights mainly outdoors, although there are occasional assignments inside tall buildings. Another required skill is reading technical plans. A good fitter is characterised by conscientiousness, accuracy and the ability to work as part of a team - such a person must be aware that his or her actions affect the safety of many people around the scaffolding.&nbsp;<\/p>\n\n\n\n<h2 class=\"wp-block-heading\">The thematic scope of the course&nbsp;<\/h2>\n\n\n\n<p>The course offered by ERGON provides knowledge about:&nbsp;<\/p>\n\n\n\n<ul class=\"wp-block-list\">\n<li>regulations <a href=\"https:\/\/kursy-udt.pl\/en\/szkolenia\/bhp-bezpieczenstwo-pracy\/prawna-ochrona-pracy\/\">Health and Safety<\/a> related to the assembly and use of scaffolding;&nbsp;<\/li>\n\n\n\n<li>creating technical documentation;&nbsp;<\/li>\n\n\n\n<li>ways of preparing the site for installation;&nbsp;<\/li>\n\n\n\n<li>rules for the construction of scaffolding made of system tubing and steel;\u00a0<\/li>\n\n\n\n<li>technologies used in assembly;&nbsp;<\/li>\n\n\n\n<li>methods of technical condition control;&nbsp;<\/li>\n\n\n\n<li>how to safely dismantle scaffolding.&nbsp;<\/li>\n<\/ul>\n\n\n\n<h2 class=\"wp-block-heading\">Scaffolding fitter&#039;s qualifications&nbsp;<\/h2>\n\n\n\n<p><a href=\"https:\/\/kursy-udt.pl\/en\/o-firmie\/\">ERGON Personnel Training Center<\/a> is accredited by the Institute of Mechanised Construction and Rock Mining to conduct a comprehensive vocational course for metal scaffolding erectors. Once you have passed the state examination, you will receive a certificate and an entry in the Working Machinery Operator's Booklet.\u00a0<\/p>\n\n\n\n<h2 class=\"wp-block-heading\">Worth knowing&nbsp;<\/h2>\n\n\n<div class=\"wp-block-image\">\n<figure class=\"alignright size-large is-resized\"><img loading=\"lazy\" decoding=\"async\" src=\"https:\/\/kursy-udt.pl\/wp-content\/uploads\/2022\/06\/vysh56.jpg\" alt=\"construction work\" width=\"264\" height=\"408\"\/><\/figure>\n<\/div>\n\n\n<p>Scaffolding is not only used in construction or renovation work, but it is also used at concerts and events - the stage is also the appropriate lighting and visual effects that are installed at heights. We can therefore conclude that a scaffolding installer will find work in almost every part of Poland, so don't wait and sign up for training today.\u00a0<\/p>\n\n\n\n<h2 class=\"wp-block-heading\">Why is it worth becoming a scaffolding fitter?&nbsp;<\/h2>\n\n\n\n<p>The job of a scaffolding fitter ensures easy and quick finding of a job, also abroad. People with specialist qualifications cannot complain about the lack of job offers. The Polish construction industry is constantly developing, therefore there is no shortage of employment opportunities as an installer.&nbsp;<\/p>\n\n\n\n<h2 class=\"wp-block-heading\">How much does a scaffolding fitter earn?&nbsp;<\/h2>\n\n\n\n<p>The earnings of a scaffolder in Poland can be classified as good. Abroad, for example in Germany or France, a scaffolder can expect to earn twice as much. However, it should be remembered that the more experienced and trained the worker, the higher the hourly rate.&nbsp;<strong>&nbsp;<\/strong>&nbsp;<\/p>\n\n\n\n<h2 class=\"wp-block-heading\">Duties of a scaffolder for building and construction work\u00a0<\/h2>\n\n\n\n<p>The main tasks are:&nbsp;<\/p>\n\n\n\n<ul class=\"wp-block-list\">\n<li>selection of the components of the planned construction and checking their quality,&nbsp;<\/li>\n\n\n\n<li>site preparation for the installation,&nbsp;<\/li>\n\n\n\n<li>assembling and dismantling building scaffolding while observing the necessary safety rules,&nbsp;<\/li>\n\n\n\n<li>reading technical plans,&nbsp;<\/li>\n\n\n\n<li>ancillary work.&nbsp;<\/li>\n<\/ul>\n\n\n\n<h2 class=\"wp-block-heading\">Conditions for professional assembly&nbsp;<\/h2>\n\n\n\n<p>Before any work on the scaffolding can begin, the construction must be approved by the site manager or other designated and authorised person, and this must be confirmed by an entry in the site log. To ensure that the erected installation meets safety standards, it is important to bear in mind:&nbsp;<\/p>\n\n\n\n<ul class=\"wp-block-list\">\n<li>assembly of the scaffolding in accordance with the requirements specified in the manufacturer&#039;s instructions or an individual project;&nbsp;<\/li>\n\n\n\n<li>inspection of the technical condition of even the smallest element - a distorted or bent rod or an element covered with rust cannot be used;&nbsp;<\/li>\n\n\n\n<li>securing the installation by anchoring it to the building and grounding it.&nbsp;<\/li>\n<\/ul>\n\n\n\n<h2 class=\"wp-block-heading\">Place of training&nbsp;<\/h2>\n\n\n\n<p>Scaffolder training courses are held in various locations throughout the country - we organise training in, among others, Warsaw, Krakow, Katowice, Gda\u0144sk, Wroc\u0142aw, Pozna\u0144, Rzesz\u00f3w, Lublin, \u0141\u00f3d\u017a and Bielsko-Bia\u0142a. We also offer closed-door training, which takes place at a location convenient to the client by prior arrangement.\u00a0<\/p>\n\n\n\n<h2 class=\"wp-block-heading\">Price&nbsp;<\/h2>\n\n\n\n<p>At ERGON, we guarantee a professional approach and a reasonable price. We have provided promising discounts for larger groups. For more information on prices, please contact <a href=\"https:\/\/kursy-udt.pl\/en\/kontakt\/\">contacting us<\/a> by phone.&nbsp;<\/p>\n\n\n\n<figure class=\"wp-block-image size-large is-resized\"><img loading=\"lazy\" decoding=\"async\" src=\"https:\/\/kursy-udt.pl\/wp-content\/uploads\/2022\/06\/Ramnye-stroitelnye-lesa.jpg\" alt=\"scaffolding fitter\" width=\"765\" height=\"510\"\/><\/figure>\n\n\n\n<h2 class=\"wp-block-heading\">Why is it worth training with ERGON?&nbsp;<\/h2>\n\n\n\n<p>By completing the training we organise, you can acquire the necessary knowledge to erect scaffolding independently and safely. The course we offer provides theoretical and practical preparation for the job. During training, we focus on the comprehensive qualification of our trainees. There is a noticeable tightening of safety regulations in the construction industry - the result of this is a growing demand for specialists with the right permits and authorisations. In order to legally practise this profession, you must have a qualification approved by the institutions set up for this purpose. Scaffolders who have completed a scaffolding assembly course will receive a certificate of completion, a state licence after passing an examination and an entry in the scaffolding operator's book, which confirms that they are qualified to work as a scaffolder.&nbsp;<\/p>\n\n\n\n<p>In addition, we offer courses for the operator and maintenance of UDT machines, as well as training in occupational health and safety and fire safety.&nbsp;<\/p>","protected":false},"excerpt":{"rendered":"<p>Szkolenie po\u015bwi\u0119cone jest wszystkim aspektom pracy montera rusztowa\u0144 metalowych. By podj\u0105\u0107 prac\u0119 na tym stanowisku, nale\u017cy zdoby\u0107 oficjalne uprawnienia montera rusztowa\u0144, kt\u00f3re wydawane s\u0105 jedynie po zdaniu egzaminu przed komisj\u0105 powo\u0142an\u0105 przez Instytut Mechanizacji Budownictwa i G\u00f3rnictwa Skalnego. Osoba z odpowiednimi uprawnieniami mo\u017ce zosta\u0107 pracownikiem budowlanym odpowiedzialnym za przygotowanie terenu pod budow\u0119 konstrukcji, wyb\u00f3r element\u00f3w pomocniczych oraz sam\u0105 instalacj\u0119 rusztowa\u0144 \u2013 monterem rusztowa\u0144. Zaufaj nam, a zdanie egzaminu pa\u0144stwowego nie b\u0119dzie trudne!\u00a0 Wymagania wst\u0119pne potrzebne do rozpocz\u0119cia kursu&nbsp; Uprawnienia do monta\u017cu rusztowa\u0144 budowlanych mo\u017ce uzyska\u0107 osoba, kt\u00f3ra:&nbsp; Dodatkowe kryteria&nbsp; Osoba chc\u0105ca rozpocz\u0105\u0107 prac\u0119 na tym stanowisku nie mo\u017ce mie\u0107 l\u0119ku wysoko\u015bci \u2013 jest to pierwszy i chyba najwa\u017cniejszy warunek, poniewa\u017c praca odbywa si\u0119 na znacznych wysoko\u015bciach g\u0142\u00f3wnie na zewn\u0105trz, cho\u0107 zdarzaj\u0105 si\u0119 zlecenia wewn\u0105trz wysokich budynk\u00f3w. Kolejn\u0105 wymagan\u0105 umiej\u0119tno\u015bci\u0105 jest czytanie plan\u00f3w technicznych. Dobry monter charakteryzuje si\u0119 sumienno\u015bci\u0105, dok\u0142adno\u015bci\u0105 oraz umiej\u0119tno\u015bci\u0105 pracy w zespole \u2013 taka osoba musi by\u0107 \u015bwiadoma, \u017ce jej dzia\u0142anie rzutuje na bezpiecze\u0144stwo wielu os\u00f3b w otoczeniu rusztowa\u0144.&nbsp; Zakres tematyczny kursu&nbsp; Oferowany przez ERGON kurs zapewnia zdobycie wiedzy o:&nbsp; Uprawnienia montera rusztowa\u0144&nbsp; O\u015brodek Doskonalenia Kadr ERGON posiada akredytacj\u0119 Instytutu Mechanizacji Budownictwa i G\u00f3rnictwa Skalnego na prowadzenie wszechstronnego kursu zawodowego dla monta\u017cyst\u00f3w metalowych rusztowa\u0144 budowlano\u2013monta\u017cowych. Po uzyskaniu pozytywnej oceny z egzaminu pa\u0144stwowego, otrzymuje si\u0119 \u015bwiadectwo oraz wpis do Ksi\u0105\u017ceczki Operatora Maszyn Roboczych.\u00a0 Warto wiedzie\u0107&nbsp; Rusztowania maj\u0105 zastosowanie nie tylko w pracach budowlanych czy renowacyjnych, ale wykorzystuje si\u0119 je r\u00f3wnie\u017c na koncertach i imprezach \u2013 scena to tak\u017ce odpowiednie o\u015bwietlenie i efekty wizualne, kt\u00f3re instaluje si\u0119 na wysoko\u015bciach. Mo\u017cemy wi\u0119c stwierdzi\u0107, \u017ce monta\u017cysta rusztowa\u0144 [&hellip;]<\/p>\n","protected":false},"author":6,"featured_media":3916,"parent":65,"menu_order":0,"comment_status":"closed","ping_status":"closed","template":"","meta":{"sfsi_plus_gutenberg_text_before_share":"","sfsi_plus_gutenberg_show_text_before_share":"","sfsi_plus_gutenberg_icon_type":"","sfsi_plus_gutenberg_icon_alignemt":"","sfsi_plus_gutenburg_max_per_row":"","footnotes":""},"class_list":["post-3915","page","type-page","status-publish","has-post-thumbnail","hentry","has_thumb"],"aioseo_notices":[],"_links":{"self":[{"href":"https:\/\/kursy-udt.pl\/en\/wp-json\/wp\/v2\/pages\/3915","targetHints":{"allow":["GET"]}}],"collection":[{"href":"https:\/\/kursy-udt.pl\/en\/wp-json\/wp\/v2\/pages"}],"about":[{"href":"https:\/\/kursy-udt.pl\/en\/wp-json\/wp\/v2\/types\/page"}],"author":[{"embeddable":true,"href":"https:\/\/kursy-udt.pl\/en\/wp-json\/wp\/v2\/users\/6"}],"replies":[{"embeddable":true,"href":"https:\/\/kursy-udt.pl\/en\/wp-json\/wp\/v2\/comments?post=3915"}],"version-history":[{"count":5,"href":"https:\/\/kursy-udt.pl\/en\/wp-json\/wp\/v2\/pages\/3915\/revisions"}],"predecessor-version":[{"id":5524,"href":"https:\/\/kursy-udt.pl\/en\/wp-json\/wp\/v2\/pages\/3915\/revisions\/5524"}],"up":[{"embeddable":true,"href":"https:\/\/kursy-udt.pl\/en\/wp-json\/wp\/v2\/pages\/65"}],"wp:featuredmedia":[{"embeddable":true,"href":"https:\/\/kursy-udt.pl\/en\/wp-json\/wp\/v2\/media\/3916"}],"wp:attachment":[{"href":"https:\/\/kursy-udt.pl\/en\/wp-json\/wp\/v2\/media?parent=3915"}],"curies":[{"name":"wp","href":"https:\/\/api.w.org\/{rel}","templated":true}]}}