{"id":389,"date":"2014-03-01T12:34:53","date_gmt":"2014-03-01T12:34:53","guid":{"rendered":"http:\/\/kursy-udt.kwiaty0.pl\/?page_id=389"},"modified":"2026-03-10T16:42:48","modified_gmt":"2026-03-10T15:42:48","slug":"price-list","status":"publish","type":"page","link":"https:\/\/kursy-udt.pl\/en\/cennik\/","title":{"rendered":"Price list"},"content":{"rendered":"<div class=\"wyjustuj\">\n<table border=\"1\" cellspacing=\"0\" cellpadding=\"7\">\n<tbody>\n<tr>\n<td bgcolor=\"#c6d9f1\">\n<p align=\"CENTER\"><b>Name of the course - training<\/b><br \/>\nThe offer includes the cost of the qualifying exam<br \/>\nbefore the UDT committee<\/p>\n<\/td>\n<td colspan=\"1\" valign=\"TOP\" bgcolor=\"#c6d9f1\">\n<p align=\"CENTER\"><b>The price depends on the number of people registered<br \/>\n<\/b>The given prices are gross costs ZW VAT<\/p>\n<\/td>\n<\/tr>\n<tr>\n<td bgcolor=\"#fde9d9\"><span style=\"text-decoration: underline;\">A course for forklifts<\/span> with replacement of LPG gas cylinders - IIWJO category<\/td>\n<td style=\"vertical-align: middle;\" rowspan=\"16\" bgcolor=\"#fde9d9\">\n<p align=\"CENTER\">1) <a href=\"https:\/\/platformaedukacji.pl\/panel\/login\/registered.php\">subscribe \/ pay online <\/a><\/p>\n<p align=\"CENTER\">2) <a href=\"https:\/\/kursy-udt.pl\/en\/enquiry\/\" data-wplink-edit=\"true\">e-mail offer <\/a><\/p>\n<p align=\"CENTER\">3) <a href=\"tel:+48222902909\">ask for the price by calling the hotline<\/a><\/p>\n<p align=\"CENTER\">4) <span class=\"kontakttel\">Ask to be contacted by phone<\/span><\/p>\n<\/td>\n<\/tr>\n<tr>\n<td><span style=\"text-decoration: underline;\">Specialized forklift course <\/span>- forklifts with a cabin lifting the operator - IWJO category<\/td>\n<\/tr>\n<tr>\n<td bgcolor=\"#fde9d9\"><span style=\"text-decoration: underline;\">Telescopic loaders course<\/span> - qualifications for the operator of telescopic loaders (specialized forklifts with variable reach) - IWJO category<\/td>\n<\/tr>\n<tr>\n<td><span style=\"text-decoration: underline;\">Mobile platform service course<\/span> - slow-moving mobile: scissor, articulated, telescopic, transportable - IP category<\/td>\n<\/tr>\n<tr>\n<td bgcolor=\"#fde9d9\"><span style=\"text-decoration: underline;\">Workshop on aerial work platforms<\/span> - operation of mobile platforms mounted on vehicles - IP category<\/td>\n<\/tr>\n<tr>\n<td><span style=\"text-decoration: underline;\">Hanging, mast and stationary platforms service course<\/span> - not constituting a technological line - category IIP<\/td>\n<\/tr>\n<tr>\n<td bgcolor=\"#fde9d9\"><span style=\"text-decoration: underline;\">HDS crane operator course<\/span> - service of portable and mobile cranes mounted on a HDS car chassis - cat. II\u017b<\/td>\n<\/tr>\n<tr>\n<td><span style=\"text-decoration: underline;\">Crane, hoists and winches operation course<\/span> - controlled from the working level - category IIS<\/td>\n<\/tr>\n<tr>\n<td bgcolor=\"#fde9d9\"><span style=\"text-decoration: underline;\">Course in the operation of hoists and winches<\/span> - operator of hoists and winches controlled from the working level, including wireless cat. IIW<\/td>\n<\/tr>\n<tr>\n<td><span style=\"text-decoration: underline;\">Stationary cranes service course<\/span> - license for the operator of stationary - workshop davits, category II\u017b<\/td>\n<\/tr>\n<tr>\n<td bgcolor=\"#fde9d9\"><span style=\"text-decoration: underline;\">Course in the use of goods and passenger lifts<\/span> - service of goods lifts with internal control and hospital or construction cranes issued before the Office of Technical Inspection (UDT) - ID and IID qualifications.<\/td>\n<\/tr>\n<tr>\n<td><span style=\"text-decoration: underline;\">Mobile crane operator course<\/span> - operation of mobile cranes mounted on cars<\/td>\n<\/tr>\n<tr>\n<td bgcolor=\"#fde9d9\"><span style=\"text-decoration: underline;\">Quick-erecting crane operator course <\/span> - I\u017b qualifications for the operator of cranes controlled wirelessly from the working level<\/td>\n<\/tr>\n<tr>\n<td><span style=\"text-decoration: underline;\">Tower crane operator course<\/span> - I\u017b qualifications for an operator of construction tower cranes of any type (insurance cost for practical training included in the price)<\/td>\n<\/tr>\n<tr>\n<td bgcolor=\"#fde9d9\"><span style=\"text-decoration: underline;\">Conservator course<\/span> - UDT authorisations for the maintenance, repair and servicing of materials handling equipment subject to Technical Inspection, e.g.: forklift trucks, cranes, overhead travelling cranes, mobile platforms and others.<\/td>\n<\/tr>\n<tr>\n<td><span style=\"text-decoration: underline;\">Hakowy and Signaller<\/span> - Safe operation - handling of general and special purpose hook slings - ISO 23853: 2018 Cranes - Training of slingers and signallers.<\/td>\n<\/tr>\n<tr>\n<td bgcolor=\"#fde9d9\"><span style=\"text-decoration: underline;\">Altitude training<\/span> - Safe operation - support of harnesses, industrial harnesses protecting against falls when working at height - BS8454 BS8454<\/td>\n<\/tr>\n<tr>\n<td colspan=\"5\" bgcolor=\"#c6d9f1\">\n<p align=\"CENTER\"><span style=\"font-size: small;\"><span style=\"font-weight: normal;\">The above price offer does not constitute an offer within the meaning of the Civil Code due to<br \/>\nthat each training cost can be negotiated individually. <\/span><\/span><\/p>\n<\/td>\n<\/tr>\n<\/tbody>\n<\/table>\n<\/div>","protected":false},"excerpt":{"rendered":"<p>Nazwa kursu &#8211; szkolenia Oferta zawiera koszt egzaminu kwalifikacyjnego przed komisj\u0105 UDT Cena jest uzale\u017cniona od ilo\u015bci zg\u0142oszonych os\u00f3b Podane ceny to koszt Brutto ZW VAT Kurs na w\u00f3zki wid\u0142owe podno\u015bnikowe z wymian\u0105 butli gazowych LPG &#8211; kat. IIWJO 1) zapisz si\u0119 \/ zap\u0142a\u0107 on-lin 2) oferta na maila 3) zapytaj o cen\u0119 tel na infolinii 4) Popro\u015b o kontakt telefoniczny Kurs na w\u00f3zki wid\u0142owe specjalizowane &#8211; w\u00f3zki wid\u0142owe z kabin\u0105 unosz\u0105c\u0105 operatora &#8211; kat. IWJO Kurs na \u0142adowarki teleskopowe &#8211; uprawnienia na operatora \u0142adowarek teleskopowych (w\u00f3zk\u00f3w wid\u0142owych specjalizowanych ze zmiennym wysi\u0119giem) &#8211; kat. IWJO Kurs obs\u0142ugi podest\u00f3w ruchomych &#8211; przejezdnych wolnobie\u017cnych: no\u017cycowych, przegubowych, teleskopowych, przewo\u017anych \u2013 kat IP Kurs obs\u0142ugi podno\u015bnik\u00f3w koszowych &#8211; obs\u0142uga podest\u00f3w ruchomych montowanych na pojazdach \u2013 kat IP Kurs obs\u0142ugi podest\u00f3w wisz\u0105cych, masztowych, stacjonarnych \u2013 nie stanowi\u0105cych ci\u0105gu technologicznego \u2013 kat IIP Kurs operatora \u017curawi HDS &#8211; obs\u0142uga \u017curawi przeno\u015bnych i przewo\u017anych zamontowanych na podwoziu samochodowym typu HDS \u2013 kat. II\u017b Kurs obs\u0142ugi suwnic i wci\u0105gnik\u00f3w oraz wci\u0105garek &#8211; sterowanych z poziomu roboczego- kat. IIS Kurs obs\u0142ugi wci\u0105gnik\u00f3w i wci\u0105garek &#8211; uprawnienia na operatora wci\u0105gnik\u00f3w i wci\u0105garek sterowanych z poziomu roboczego w tym bezprzewodowe kat. IIW Kurs obs\u0142ugi \u017curawi stacjonarnych &#8211; uprawnienia na operatora \u017curawik\u00f3w stacjonarnych &#8211; warsztatowych kat. II\u017b Kurs obs\u0142ugi d\u017awig\u00f3w towarowo &#8211; osobowych &#8211; obs\u0142uga d\u017awig\u00f3w towarowych ze sterowaniem wewn\u0119trznym i szpitalne lub budowlane z egz. przed UDT &#8211; uprawnienia ID i IID. Kurs operatora d\u017awig\u00f3w samojezdnych &#8211; obs\u0142uga \u017curawi samojezdnych zamontowanych na samochodach Kurs operatora \u017curawi szybkomontuj\u0105cych &#8211; uprawnienia I\u017b na operatora \u017curawi sterowanych z poziomu [&hellip;]<\/p>\n","protected":false},"author":1,"featured_media":0,"parent":0,"menu_order":2,"comment_status":"closed","ping_status":"closed","template":"","meta":{"sfsi_plus_gutenberg_text_before_share":"","sfsi_plus_gutenberg_show_text_before_share":"","sfsi_plus_gutenberg_icon_type":"","sfsi_plus_gutenberg_icon_alignemt":"","sfsi_plus_gutenburg_max_per_row":"","footnotes":""},"class_list":["post-389","page","type-page","status-publish","hentry","has_no_thumb"],"aioseo_notices":[],"_links":{"self":[{"href":"https:\/\/kursy-udt.pl\/en\/wp-json\/wp\/v2\/pages\/389","targetHints":{"allow":["GET"]}}],"collection":[{"href":"https:\/\/kursy-udt.pl\/en\/wp-json\/wp\/v2\/pages"}],"about":[{"href":"https:\/\/kursy-udt.pl\/en\/wp-json\/wp\/v2\/types\/page"}],"author":[{"embeddable":true,"href":"https:\/\/kursy-udt.pl\/en\/wp-json\/wp\/v2\/users\/1"}],"replies":[{"embeddable":true,"href":"https:\/\/kursy-udt.pl\/en\/wp-json\/wp\/v2\/comments?post=389"}],"version-history":[{"count":25,"href":"https:\/\/kursy-udt.pl\/en\/wp-json\/wp\/v2\/pages\/389\/revisions"}],"predecessor-version":[{"id":6245,"href":"https:\/\/kursy-udt.pl\/en\/wp-json\/wp\/v2\/pages\/389\/revisions\/6245"}],"wp:attachment":[{"href":"https:\/\/kursy-udt.pl\/en\/wp-json\/wp\/v2\/media?parent=389"}],"curies":[{"name":"wp","href":"https:\/\/api.w.org\/{rel}","templated":true}]}}