{"id":3882,"date":"2022-06-23T08:54:17","date_gmt":"2022-06-23T08:54:17","guid":{"rendered":"https:\/\/kursy-udt.pl\/?page_id=3882"},"modified":"2023-03-20T13:13:02","modified_gmt":"2023-03-20T12:13:02","slug":"manual-cutter","status":"publish","type":"page","link":"https:\/\/kursy-udt.pl\/en\/szkolenia\/spawalnictwo-materialow\/reczny-przecinacz\/","title":{"rendered":"Manual thermal cutter course"},"content":{"rendered":"<div class=\"wp-block-image\">\n<figure class=\"alignright size-large is-resized\"><img loading=\"lazy\" decoding=\"async\" src=\"https:\/\/kursy-udt.pl\/wp-content\/uploads\/2022\/06\/images-2021-06-23T150302.206.jpg\" alt=\"thermal cutter\" width=\"402\" height=\"268\"\/><\/figure>\n<\/div>\n\n\n<p>The training course is designed for those wishing to become qualified as a manual thermal cutter. As the demand for workers qualified with cutting and welding skills continues to grow, we meet our customers' expectations and impart knowledge in an accessible and highly efficient manner. The course offered provides practical and theoretical preparation for the profession. During training, we focus on the comprehensive qualification of our trainees. The course concludes with a theoretical examination and a check of practical skills by an examination board.&nbsp;<\/p>\n\n\n\n<h2 class=\"wp-block-heading\">Purpose of the training&nbsp;<\/h2>\n\n\n\n<p>Participants will learn about the construction and operation of plasma and oxy-acetylene torches, regulations <a href=\"https:\/\/kursy-udt.pl\/en\/szkolenia\/bhp-bezpieczenstwo-pracy\/prawna-ochrona-pracy\/\">Health and Safety<\/a> when working with technical gases, cutting methods along set lines, burning holes or cutting tubes and steel profiles. Our course ensures that participants are prepared for the practical tasks involved in separating different types of material.&nbsp;&nbsp;&nbsp;<\/p>\n\n\n\n<h2 class=\"wp-block-heading\">Knowledge gained during the training&nbsp;<\/h2>\n\n\n\n<p>Offered by <a href=\"https:\/\/kursy-udt.pl\/en\/o-firmie\/\">ODK ERGON<\/a> the course enables:&nbsp;<\/p>\n\n\n\n<ul class=\"wp-block-list\">\n<li>gaining competence in oxy-acetylene and plasma torch cutting,&nbsp;<\/li>\n\n\n\n<li>obtaining a certificate in accordance with the Regulation of the Minister of Economy of 27 April 2000 on occupational safety and health in welding work (Journal of Laws No. 40, item 470),&nbsp;<\/li>\n\n\n\n<li>starting work as a manual thermal cutter.&nbsp;<\/li>\n<\/ul>\n\n\n\n<p>During theoretical classes, you will learn about:&nbsp;<\/p>\n\n\n\n<ul class=\"wp-block-list\">\n<li>fundamentals of materials science,&nbsp;<\/li>\n\n\n\n<li>metal cutting techniques and technologies,&nbsp;<\/li>\n\n\n\n<li>the types of gases used,&nbsp;<\/li>\n\n\n\n<li>burner design,&nbsp;<\/li>\n\n\n\n<li>correct flame control,&nbsp;<\/li>\n\n\n\n<li>quality requirements for the materials used,&nbsp;<\/li>\n\n\n\n<li>health and safety rules at the workplace.&nbsp;<\/li>\n<\/ul>\n\n\n\n<p>Practical classes will enable you to practise:&nbsp;<\/p>\n\n\n\n<ul class=\"wp-block-list\">\n<li>gas and plasma torch operation,&nbsp;<\/li>\n\n\n\n<li>cutting sheet metal along defined lines,&nbsp;<\/li>\n\n\n\n<li>hole firing,&nbsp;<\/li>\n\n\n\n<li>cutting of tubes and steel profiles.&nbsp;<\/li>\n<\/ul>\n\n\n\n<figure class=\"wp-block-image size-large is-resized\"><img loading=\"lazy\" decoding=\"async\" src=\"https:\/\/kursy-udt.pl\/wp-content\/uploads\/2022\/06\/oso.edu_.pl-0071-metal-cutting-torches-2018-guide-e1519627046180.jpg\" alt=\"fundamentals of materials science\" width=\"700\" height=\"448\"\/><\/figure>\n\n\n\n<h2 class=\"wp-block-heading\">Who is the plasma and oxy-acetylene torch cutting training aimed at?&nbsp;<\/h2>\n\n\n\n<p>The training offered by ERGON is dedicated to people who want to learn the basics of using plasma and oxyacetylene torches and for those whose work requires knowledge of how to carry out material cutting. The course is aimed at:&nbsp;<\/p>\n\n\n\n<ul class=\"wp-block-list\">\n<li>individuals and employees,&nbsp;<\/li>\n\n\n\n<li>workers in related professions such as locksmiths, mechanics, maintenance workers.&nbsp;<\/li>\n<\/ul>\n\n\n\n<p>The plasma and oxy-acetylene cutting course is designed for those who:&nbsp;<\/p>\n\n\n\n<ul class=\"wp-block-list\">\n<li>are at least 18 years old,&nbsp;<\/li>\n\n\n\n<li>have completed at least primary school,&nbsp;<\/li>\n\n\n\n<li>have no medical contraindications to work in this position.&nbsp;<\/li>\n<\/ul>\n\n\n\n<h2 class=\"wp-block-heading\">What is plasma cutting?&nbsp;<\/h2>\n\n\n\n<p>In plasma metal processing, metal particles are melted and projected from the cutting gap by means of an electric arc. The efficiency of this type of cutting is influenced by the high energy of the arc. The compressed gas stream flows through the electric arc, then its ionization takes place - this is how plasma is produced, also known as the fourth state of matter. The use of this technique does not require work related to the preparation of the material, so you can cut dirty, painted or rusty elements. Appropriate selection of the proportions of the plasma gases used allows to obtain a high-quality cut surface with virtually zero scale.&nbsp;<\/p>\n\n\n\n<figure class=\"wp-block-table\"><table><tbody><tr><td><strong>Benefits<\/strong>&nbsp;<\/td><td><strong>Disadvantages<\/strong>&nbsp;<\/td><\/tr><tr><td>cutting speed,&nbsp;<br>rapid piercing and no need for heating,&nbsp;<br>low thermal deformation,&nbsp;<br>small cutting gap and high surface quality.&nbsp;<\/td><td>strong UV radiation,&nbsp;<br>emitting large quantities of gases and noxious fumes,&nbsp;<br>big noise,&nbsp;<br>changes in the cutting area.&nbsp;<\/td><\/tr><\/tbody><\/table><\/figure>\n\n\n\n<figure class=\"wp-block-embed is-type-video is-provider-youtube wp-block-embed-youtube wp-embed-aspect-16-9 wp-has-aspect-ratio\"><div class=\"wp-block-embed__wrapper\">\n<iframe loading=\"lazy\" title=\"COMPLETE YOUR WELDING COURSE WITH US! ALL OVER THE COUNTRY! GET YOUR WELDING QUALIFICATIONS!\" width=\"500\" height=\"281\" src=\"https:\/\/www.youtube.com\/embed\/Sn47FDJ5NSQ?feature=oembed\" frameborder=\"0\" allow=\"accelerometer; autoplay; clipboard-write; encrypted-media; gyroscope; picture-in-picture; web-share\" referrerpolicy=\"strict-origin-when-cross-origin\" allowfullscreen><\/iframe>\n<\/div><\/figure>\n\n\n\n<h2 class=\"wp-block-heading\">What does oxy-acetylene cutting look like?&nbsp;<\/h2>\n\n\n\n<p>Acetylene-oxygen torches use a gas-cutting method, bringing the material to a temperature where it burns and escapes as metal oxide. Using this type of torch is particularly helpful in the process of separating low-alloy and low-carbon metals. Although we can find burners using propane-butane, the faster achievement of high temperatures argues for the choice of acetylene. Acetylene-oxygen cutting, also known as oxyacetylene cutting, is suitable for materials such as lead, aluminium, silver, tin, steel, copper or zinc, and allows the separation of steel as thin as 3 cm. However, the gas is not suitable for separating very thin materials; it is impossible to work on materials less than 3 mm thick.&nbsp;<\/p>\n\n\n\n<figure class=\"wp-block-table\"><table><tbody><tr><td><strong>Benefits<\/strong>&nbsp;<\/td><td><strong>Disadvantages<\/strong>&nbsp;<\/td><\/tr><tr><td>wide range of cutting thicknesses,&nbsp;<br>high quality cutting of thick materials,&nbsp;<br>ability to cut at different angles.&nbsp;<\/td><td>wide heat affected zone,&nbsp;<br>long penetration time through the material,&nbsp;<br>low operating speed,&nbsp;<br>not able to cut high-alloy steels and steels with a high carbon content.&nbsp;<\/td><\/tr><\/tbody><\/table><\/figure>\n\n\n<div class=\"wp-block-image\">\n<figure class=\"alignright size-large is-resized\"><img loading=\"lazy\" decoding=\"async\" src=\"https:\/\/kursy-udt.pl\/wp-content\/uploads\/2022\/06\/MESSER_Cutting_torch_set.jpg\" alt=\"thick material\" width=\"389\" height=\"292\"\/><\/figure>\n<\/div>\n\n\n<h2 class=\"wp-block-heading\">Place of training&nbsp;<\/h2>\n\n\n\n<p>Training organised by ERGON takes place throughout Poland. We also offer closed-door training, which takes place at a location convenient to the client by prior arrangement.&nbsp;<\/p>\n\n\n\n<h2 class=\"wp-block-heading\">Price&nbsp;<\/h2>\n\n\n\n<p>Training at ERGON guarantees a professional approach and attractive prices. We have promising discounts for larger groups. Please feel free to contact us by phone for more information on our offer.&nbsp;&nbsp;&nbsp;<\/p>\n\n\n\n<h2 class=\"wp-block-heading\">The benefits of a manual thermal cutter course&nbsp;<\/h2>\n\n\n\n<p>Only a professionally carried out cutting or thermal welding process can eliminate or reduce the risks that appear in the course of material separation. Completing our training provides the necessary knowledge needed for independent plasma or oxy-acetylene cutting.&nbsp;<\/p>\n\n\n\n<figure class=\"wp-block-image size-large is-resized\"><img loading=\"lazy\" decoding=\"async\" src=\"https:\/\/kursy-udt.pl\/wp-content\/uploads\/2023\/01\/Reklama-Na-Kursy-7-1.png\" alt=\"ERGON training\" width=\"812\" height=\"508\"\/><\/figure>","protected":false},"excerpt":{"rendered":"<p>Szkolenie przeznaczone jest dla os\u00f3b chc\u0105cych zdoby\u0107 kwalifikacje do pracy jako r\u0119czny przecinacz termiczny. Poniewa\u017c zapotrzebowanie na pracownik\u00f3w kwalifikuj\u0105cych si\u0119 umiej\u0119tno\u015bci\u0105 ci\u0119cia i spawania wci\u0105\u017c ro\u015bnie, wychodzimy naprzeciw oczekiwaniom naszych klient\u00f3w i przekazujemy wiedz\u0119 w przyst\u0119pny i bardzo wydajny spos\u00f3b. Oferowany kurs zapewnia praktyczne i teoretyczne przygotowanie do pracy w zawodzie. W trakcie szkolenia stawiamy na kompleksowe podnoszenie kwalifikacji naszych kursant\u00f3w. Kurs zako\u0144czony jest egzaminem teoretycznym oraz sprawdzeniem umiej\u0119tno\u015bci praktycznych przez komisj\u0119 egzaminacyjn\u0105.&nbsp; Cel szkolenia&nbsp; Uczestnicy zapoznaj\u0105 si\u0119 z budow\u0105 i obs\u0142ug\u0105 palnik\u00f3w plazmowych i acetylenowo\u2013tlenowych, przepisami BHP podczas pracy z gazami technicznymi, metodami ci\u0119cia po wyznaczonych liniach, wypalaniem otwor\u00f3w czy ci\u0119cia rur i profili stalowych. Nasz kurs zapewnia przygotowanie uczestnik\u00f3w do wykonywania praktycznych czynno\u015bci zwi\u0105zanych z rozdzielaniem r\u00f3\u017cnego rodzaju materia\u0142\u00f3w.&nbsp;&nbsp;&nbsp; Wiedza zdobyta w trakcie szkolenia&nbsp; Oferowany przez ODK ERGON kurs umo\u017cliwia:&nbsp; W trakcie zaj\u0119\u0107 teoretycznych zapoznasz si\u0119 z:&nbsp; Zaj\u0119cia praktyczne umo\u017cliwi\u0105 Ci \u0107wiczenie:&nbsp; Do kogo kierowane jest szkolenie ci\u0119cia palnikiem plazmowym i acetylenowo\u2013tlenowym?&nbsp; Oferowane przez ERGON szkolenie dedykowane jest osobom, kt\u00f3re chc\u0105 zapozna\u0107 si\u0119 z podstawami u\u017cycia palnik\u00f3w plazmowych i oksyacetylenowych oraz dla tych, kt\u00f3rych praca wymaga znajomo\u015bci przeprowadzania procesu ci\u0119cia materia\u0142\u00f3w. Kurs kierujemy do:&nbsp; Kurs ci\u0119cia plazmowego i acetylenowo\u2013tlenowego przeznaczony jest dla os\u00f3b, kt\u00f3re:&nbsp; Na czym polega ci\u0119cie plazmowe?&nbsp; W plazmowej obr\u00f3bce metali nast\u0119puje wytopienie i wyrzucenie cz\u0105stek metalu ze szczeliny ci\u0119cia za pomoc\u0105 \u0142uku elektrycznego. Na efektywno\u015b\u0107 tego rodzaju ci\u0119cia wp\u0142ywa wysoka energia \u0142uku. Spr\u0119\u017cony strumie\u0144 gazu przep\u0142ywa przez \u0142uk elektryczny, w\u00f3wczas nast\u0119puje jego jonizacja \u2013 w ten spos\u00f3b wytwarza si\u0119 plazma, zwana r\u00f3wnie\u017c czwartym stanem materii. Stosowanie tej techniki nie wymaga [&hellip;]<\/p>\n","protected":false},"author":6,"featured_media":3858,"parent":2802,"menu_order":0,"comment_status":"closed","ping_status":"closed","template":"","meta":{"sfsi_plus_gutenberg_text_before_share":"","sfsi_plus_gutenberg_show_text_before_share":"","sfsi_plus_gutenberg_icon_type":"","sfsi_plus_gutenberg_icon_alignemt":"","sfsi_plus_gutenburg_max_per_row":"","footnotes":""},"class_list":["post-3882","page","type-page","status-publish","has-post-thumbnail","hentry","has_thumb"],"aioseo_notices":[],"_links":{"self":[{"href":"https:\/\/kursy-udt.pl\/en\/wp-json\/wp\/v2\/pages\/3882","targetHints":{"allow":["GET"]}}],"collection":[{"href":"https:\/\/kursy-udt.pl\/en\/wp-json\/wp\/v2\/pages"}],"about":[{"href":"https:\/\/kursy-udt.pl\/en\/wp-json\/wp\/v2\/types\/page"}],"author":[{"embeddable":true,"href":"https:\/\/kursy-udt.pl\/en\/wp-json\/wp\/v2\/users\/6"}],"replies":[{"embeddable":true,"href":"https:\/\/kursy-udt.pl\/en\/wp-json\/wp\/v2\/comments?post=3882"}],"version-history":[{"count":8,"href":"https:\/\/kursy-udt.pl\/en\/wp-json\/wp\/v2\/pages\/3882\/revisions"}],"predecessor-version":[{"id":5529,"href":"https:\/\/kursy-udt.pl\/en\/wp-json\/wp\/v2\/pages\/3882\/revisions\/5529"}],"up":[{"embeddable":true,"href":"https:\/\/kursy-udt.pl\/en\/wp-json\/wp\/v2\/pages\/2802"}],"wp:featuredmedia":[{"embeddable":true,"href":"https:\/\/kursy-udt.pl\/en\/wp-json\/wp\/v2\/media\/3858"}],"wp:attachment":[{"href":"https:\/\/kursy-udt.pl\/en\/wp-json\/wp\/v2\/media?parent=3882"}],"curies":[{"name":"wp","href":"https:\/\/api.w.org\/{rel}","templated":true}]}}