{"id":3875,"date":"2022-06-22T12:17:02","date_gmt":"2022-06-22T12:17:02","guid":{"rendered":"https:\/\/kursy-udt.pl\/?page_id=3875"},"modified":"2023-03-21T12:18:00","modified_gmt":"2023-03-21T11:18:00","slug":"construction-machinery","status":"publish","type":"page","link":"https:\/\/kursy-udt.pl\/en\/szkolenia\/udt-wdt-tdt\/maszyny-budowlane\/","title":{"rendered":"Training of construction machinery operators"},"content":{"rendered":"<figure class=\"wp-block-image size-large is-resized\"><img loading=\"lazy\" decoding=\"async\" src=\"https:\/\/kursy-udt.pl\/wp-content\/uploads\/2022\/06\/oso.edu_.pl-0077-pelle_hydraulique.jpg\" alt=\"road roller on the construction site\" width=\"773\" height=\"435\"\/><\/figure>\n\n\n\n<h2 class=\"wp-block-heading\">Course in construction machinery operation\u00a0<\/h2>\n\n\n\n<p>Welcome to specialist training courses for earthmoving machine operators and scaffolders. Increase your attractiveness on the labour market and take advantage of ERGON's offer! Equipment used for heavy construction work helps to improve and significantly accelerate the completion of the project. However, it is worth remembering that operators should have the necessary knowledge and <a href=\"https:\/\/kursy-udt.pl\/en\/uprawnienia-udt\/kategorie-uprawnien-2\/\">entitlements<\/a> for their safe and proper use. Give yourself a chance to acquire reliable knowledge, which will translate into professional performance of professional duties in the future.\u00a0\u00a0<\/p>\n\n\n\n<h2 class=\"wp-block-heading\">Purpose of the course&nbsp;<\/h2>\n\n\n<div class=\"wp-block-image\">\n<figure class=\"alignright size-large is-resized\"><img loading=\"lazy\" decoding=\"async\" src=\"https:\/\/kursy-udt.pl\/wp-content\/uploads\/2022\/06\/kurso.eu-077.jpg\" alt=\"wheel loader with bucket\" width=\"392\" height=\"300\"\/><\/figure>\n<\/div>\n\n\n<p>The training course for construction machinery operators is designed to provide participants with theoretical and practical knowledge on the safe operation of selected earthmoving machinery and all aspects of the work of a metal scaffolder. We provide preparation for the state examination before an examination board appointed by the Institute of Mechanisation of Construction and Rock Mining.&nbsp;&nbsp;&nbsp;<\/p>\n\n\n\n<h2 class=\"wp-block-heading\">Detailed offer&nbsp;<\/h2>\n\n\n\n<p>The courses offered by ERGON are divided into theoretical and practical parts. If you are interested in participating in the 1st class specialization course, it is necessary to have 3rd class qualifications for a given type of construction machine. Our offer includes:\u00a0<\/p>\n\n\n\n<figure class=\"wp-block-table\"><table><tbody><tr><td>MACHINE NAME&nbsp;<\/td><td>CLASS AND TERMS OF REFERENCE<\/td><\/tr><tr><td>single-bucket excavator&nbsp;<\/td><td>Class III - Single mobile excavators up to 25 tonnes gross weight\u00a0<br>Class I - all types of excavators without limitation of total weight<\/td><\/tr><tr><td>single vessel charger\u00a0<\/td><td>Class III - Single loaders up to 20 tonnes gross vehicle weight\u00a0<br>Class I - all types of excavators without limitation of total weight\u00a0<\/td><\/tr><tr><td>bulldozer\u00a0<\/td><td>Class III - dozers with engine power up to 110kW\u00a0<br>Class I - dozers above engine power of 110kW\u00a0<\/td><\/tr><tr><td>backhoe loader\u00a0<\/td><td>Class III - all types of backhoe loaders<\/td><\/tr><tr><td>road roller&nbsp;<\/td><td>Class II - all types of road rollers<\/td><\/tr><\/tbody><\/table><\/figure>\n\n\n\n<p>The training program for individual machines assumes the acquisition of theoretical knowledge and practical skills. In the first part of the course, participants will learn about:\u00a0<\/p>\n\n\n\n<ul class=\"wp-block-list\">\n<li>the general construction and operation of the equipment in question:&nbsp;<\/li>\n\n\n\n<li>construction and characteristics of the machine,&nbsp;<\/li>\n\n\n\n<li>structure and principle of propulsion and running gear,&nbsp;<\/li>\n\n\n\n<li>safety rules for operation,&nbsp;<\/li>\n\n\n\n<li>construction and equipment of cabins.&nbsp;<\/li>\n\n\n\n<li>the technology of the works carried out:&nbsp;<\/li>\n\n\n\n<li>general information about earthworks,&nbsp;<\/li>\n\n\n\n<li>working techniques with a given device,&nbsp;<\/li>\n\n\n\n<li>technologies used during operation,&nbsp;<\/li>\n\n\n\n<li>principles of safe operation.&nbsp;<\/li>\n<\/ul>\n\n\n\n<p>During practical classes, students will learn about:&nbsp;<\/p>\n\n\n<div class=\"wp-block-image\">\n<figure class=\"alignright size-large is-resized\"><img loading=\"lazy\" decoding=\"async\" src=\"https:\/\/kursy-udt.pl\/wp-content\/uploads\/2022\/06\/images-1.jpg\" alt=\"construction equipment in operation\" width=\"363\" height=\"272\"\/><\/figure>\n<\/div>\n\n\n<ul class=\"wp-block-list\">\n<li>introductory instruction,&nbsp;<\/li>\n\n\n\n<li>a job instruction,&nbsp;<\/li>\n\n\n\n<li>the range of working movements of a given machine,&nbsp;<\/li>\n\n\n\n<li>the range of movements of the accessories adapted to a given device,&nbsp;<\/li>\n\n\n\n<li>the technique of moving around the construction site,&nbsp;<\/li>\n\n\n\n<li>preparation of the workplace,&nbsp;<\/li>\n\n\n\n<li>work with accessories,&nbsp;<\/li>\n\n\n\n<li>detecting and removing minor faults,&nbsp;<\/li>\n\n\n\n<li>preparation of operational documentation.&nbsp;<\/li>\n<\/ul>\n\n\n\n<h2 class=\"wp-block-heading\">The thematic scope of the course for a scaffolding fitter&nbsp;<\/h2>\n\n\n\n<p>The course offered by ERGON provides knowledge on:&nbsp;<\/p>\n\n\n\n<ul class=\"wp-block-list\">\n<li>regulations <a href=\"https:\/\/kursy-udt.pl\/en\/szkolenia\/bhp-bezpieczenstwo-pracy\/prawna-ochrona-pracy\/\">Health and Safety<\/a> related to the assembly and use of scaffolding;&nbsp;<\/li>\n\n\n\n<li>creating technical documentation;&nbsp;<\/li>\n\n\n\n<li>rules for the construction of scaffolding made of system and steel pipes;\u00a0<\/li>\n\n\n\n<li>technologies used in assembly;&nbsp;<\/li>\n\n\n\n<li>technical condition control methods;&nbsp;<\/li>\n\n\n\n<li>safe dismantling of scaffolding.&nbsp;<\/li>\n<\/ul>\n\n\n\n<p>Practical classes include:&nbsp;<\/p>\n\n\n\n<ul class=\"wp-block-list\">\n<li>preparatory work carried out before the assembly of scaffolding;&nbsp;<\/li>\n\n\n\n<li>exercises in assembling and disassembling tubular, modular and frame scaffolding;&nbsp;<\/li>\n\n\n\n<li>inspection of the technical condition of the erected structure.&nbsp;<\/li>\n<\/ul>\n\n\n\n<h2 class=\"wp-block-heading\">Who is the course for?&nbsp;<\/h2>\n\n\n\n<p>We recommend that you take part in our course if you need to become qualified to operate excavators, loaders, backhoe loaders, bulldozers and road rollers. We require candidates to be at least 18 years old and to have a medical certificate stating that there are no contraindications to working in these positions. In addition, those wishing to take part in the scaffolder training course are required to have a valid medical certificate stating that they are able to work at heights above 3 metres.\u00a0\u00a0<\/p>\n\n\n\n<p>If you have any questions about our offer <a href=\"https:\/\/kursy-udt.pl\/en\/kontakt\/\">please contact us<\/a> - our staff will be happy to help clarify any doubts. We encourage you to choose our services!<\/p>\n\n\n\n<figure class=\"wp-block-image size-large is-resized\"><img loading=\"lazy\" decoding=\"async\" src=\"https:\/\/kursy-udt.pl\/wp-content\/uploads\/2022\/12\/79-Koparki-kursy-udt.pl_.png\" alt=\"ERGON training\" width=\"751\" height=\"469\"\/><\/figure>","protected":false},"excerpt":{"rendered":"<p>Kurs z obs\u0142ugi maszyn budowlanych\u00a0 Zapraszamy na specjalistyczne szkolenia operator\u00f3w maszyn do rob\u00f3t ziemnych oraz montera rusztowa\u0144. Zwi\u0119ksz swoj\u0105 atrakcyjno\u015b\u0107 na rynku pracy i skorzystaj z oferty ERGON! Urz\u0105dzenia wykorzystywane do ci\u0119\u017ckich prac budowlanych pomagaj\u0105 usprawni\u0107 i znacznie przyspieszy\u0107 uko\u0144czenie inwestycji. Warto jednak pami\u0119ta\u0107, \u017ce operatorzy powinni posiada\u0107 niezb\u0119dn\u0105 wiedz\u0119 oraz uprawnienia do ich bezpiecznego i prawid\u0142owego u\u017cytkowania. Daj sobie szans\u0119 na zdobycie rzetelnej wiedzy, kt\u00f3ra w przysz\u0142o\u015bci prze\u0142o\u017cy si\u0119 na profesjonalne wykonywanie obowi\u0105zk\u00f3w zawodowych.\u00a0\u00a0 Cel kursu&nbsp; Szkolenie dla operator\u00f3w maszyn budowlanych ma na celu przekazanie uczestnikom wiedzy teoretycznej i praktycznej z zakresu bezpiecznej obs\u0142ugi wybranych maszyn do prac ziemnych oraz wszystkich aspekt\u00f3w pracy montera rusztowa\u0144 metalowych. Zapewniamy przygotowanie do egzaminu pa\u0144stwowego przed komisj\u0105 egzaminacyjn\u0105 powo\u0142an\u0105 przez Instytut Mechanizacji Budownictwa i G\u00f3rnictwa Skalnego.&nbsp;&nbsp;&nbsp; Szczeg\u00f3\u0142owa oferta&nbsp; Oferowane przez ERGON kursy podzielone s\u0105 na cz\u0119\u015b\u0107 teoretyczn\u0105 oraz praktyczn\u0105. W przypadku zainteresowania udzia\u0142em w kursie specjalizacji I klasy, konieczne jest posiadanie uprawnie\u0144 III klasy dla danego rodzaju maszyny budowlanej. W naszej ofercie znajdziesz:\u00a0 NAZWA MASZYNY&nbsp; KLASA\u00a0I ZAKRES UPRAWNIE\u0143 koparka jednonaczyniowa&nbsp; Klasa III \u2013 koparki jednonaczyniowe o masie ca\u0142kowitej do 25 ton\u00a0Klasa I \u2013 wszystkie typy koparek bez ogranicze\u0144 masy ca\u0142kowitej \u0142adowarka jednonaczyniowa\u00a0 Klasa III \u2013 \u0142adowarki jednonaczyniowe o masie ca\u0142kowitej do 20 ton\u00a0Klasa I \u2013 wszystkie typy koparek bez ogranicze\u0144 masy ca\u0142kowitej\u00a0 spycharka\u00a0 Klasa III\u00a0\u2013 spycharki o mocy silnika do 110kW\u00a0Klasa I \u2013 spycharki powy\u017cej mocy silnika 110kW\u00a0 koparko\u2013\u0142adowarka\u00a0 Klasa III \u2013 wszystkie typy koparko\u2013\u0142adowarek walec drogowy&nbsp; Klasa II\u00a0\u2013 wszystkie typy walc\u00f3w drogowych Program szkolenia na poszczeg\u00f3lne maszyny zak\u0142ada zdobycie wiedzy teoretycznej oraz umiej\u0119tno\u015bci praktycznych. W pierwszej cz\u0119\u015bci [&hellip;]<\/p>\n","protected":false},"author":6,"featured_media":3870,"parent":2721,"menu_order":0,"comment_status":"closed","ping_status":"closed","template":"","meta":{"sfsi_plus_gutenberg_text_before_share":"","sfsi_plus_gutenberg_show_text_before_share":"","sfsi_plus_gutenberg_icon_type":"","sfsi_plus_gutenberg_icon_alignemt":"","sfsi_plus_gutenburg_max_per_row":"","footnotes":""},"class_list":["post-3875","page","type-page","status-publish","has-post-thumbnail","hentry","has_thumb"],"aioseo_notices":[],"_links":{"self":[{"href":"https:\/\/kursy-udt.pl\/en\/wp-json\/wp\/v2\/pages\/3875","targetHints":{"allow":["GET"]}}],"collection":[{"href":"https:\/\/kursy-udt.pl\/en\/wp-json\/wp\/v2\/pages"}],"about":[{"href":"https:\/\/kursy-udt.pl\/en\/wp-json\/wp\/v2\/types\/page"}],"author":[{"embeddable":true,"href":"https:\/\/kursy-udt.pl\/en\/wp-json\/wp\/v2\/users\/6"}],"replies":[{"embeddable":true,"href":"https:\/\/kursy-udt.pl\/en\/wp-json\/wp\/v2\/comments?post=3875"}],"version-history":[{"count":5,"href":"https:\/\/kursy-udt.pl\/en\/wp-json\/wp\/v2\/pages\/3875\/revisions"}],"predecessor-version":[{"id":5607,"href":"https:\/\/kursy-udt.pl\/en\/wp-json\/wp\/v2\/pages\/3875\/revisions\/5607"}],"up":[{"embeddable":true,"href":"https:\/\/kursy-udt.pl\/en\/wp-json\/wp\/v2\/pages\/2721"}],"wp:featuredmedia":[{"embeddable":true,"href":"https:\/\/kursy-udt.pl\/en\/wp-json\/wp\/v2\/media\/3870"}],"wp:attachment":[{"href":"https:\/\/kursy-udt.pl\/en\/wp-json\/wp\/v2\/media?parent=3875"}],"curies":[{"name":"wp","href":"https:\/\/api.w.org\/{rel}","templated":true}]}}