{"id":38,"date":"2014-02-10T17:12:48","date_gmt":"2014-02-10T17:12:48","guid":{"rendered":"http:\/\/kursy-udt.kwiaty0.pl\/?page_id=38"},"modified":"2023-02-14T12:31:18","modified_gmt":"2023-02-14T11:31:18","slug":"lifters","status":"publish","type":"page","link":"https:\/\/kursy-udt.pl\/en\/podnosniki\/","title":{"rendered":"Aerial platforms, scissor lifts and others"},"content":{"rendered":"<p><img loading=\"lazy\" decoding=\"async\" class=\"paddingleft10 alignleft wp-image-3586 size-medium\" src=\"https:\/\/kursy-udt.pl\/wp-content\/uploads\/2021\/11\/podnosnik_koszowy-300x200.jpg\" alt=\"\" width=\"300\" height=\"200\" srcset=\"https:\/\/kursy-udt.pl\/wp-content\/uploads\/2021\/11\/podnosnik_koszowy-300x200.jpg 300w, https:\/\/kursy-udt.pl\/wp-content\/uploads\/2021\/11\/podnosnik_koszowy-1024x683.jpg 1024w, https:\/\/kursy-udt.pl\/wp-content\/uploads\/2021\/11\/podnosnik_koszowy-768x512.jpg 768w, https:\/\/kursy-udt.pl\/wp-content\/uploads\/2021\/11\/podnosnik_koszowy-624x416.jpg 624w, https:\/\/kursy-udt.pl\/wp-content\/uploads\/2021\/11\/podnosnik_koszowy.jpg 1461w\" sizes=\"auto, (max-width: 300px) 100vw, 300px\" \/><\/p>\n<div class=\"wyjustuj\">\n<p><a href=\"https:\/\/kursy-udt.pl\/en\/o-firmie\/\">ERGON Personnel Training Center<\/a> cordially invites you to <a href=\"https:\/\/kursy-udt.pl\/en\/szkolenia\/udt-wdt-tdt\/zwyzki-podnosniki-koszowe\/\">training courses for aerial work platforms<\/a> and scissor lifts and others. The goal of training is to obtain the necessary <a href=\"https:\/\/kursy-udt.pl\/en\/uprawnienia-udt\/kategorie-uprawnien-2\/\">UDT qualifications<\/a>without which the equipment cannot be operated. Construction, assembly or decoration work requires the use of equipment such as scissor lifts and basket lifts - training is therefore essential in order to carry out all activities safely and in accordance with the regulations. With us, you will find it even easier to obtain your licence! At our centre, we have been running courses for aerial work platforms and scissor lifts for years. We have already trained thousands of employees who, thanks to us, have passed their UDT exams without any problems and obtained the necessary authorisations. We only employ qualified lecturers and instructors who have a detailed knowledge of the regulations and how aerial work platforms work - our courses are therefore always full of valuable information that can be applied to subsequent daily work. Each course is divided into a theoretical and a practical part. The theoretical part covers technical inspection regulations, information on cranes, including lifts, their design and operation, and we also provide information on <a href=\"https:\/\/kursy-udt.pl\/en\/szkolenia\/bhp-bezpieczenstwo-pracy\/prawna-ochrona-pracy\/\">Health and Safety<\/a>. As a result, we comprehensively prepare you to take the UDT exam in accordance with current regulations.<\/p>\n<div class=\"filmw\">\n<div class=\"responsive-youtube\" style=\"text-align: center;\"><iframe loading=\"lazy\" title=\"YouTube video player\" src=\"https:\/\/www.youtube.com\/embed\/sadG__ZRQI8\" width=\"560\" height=\"315\" frameborder=\"0\" allowfullscreen=\"allowfullscreen\"><\/iframe><\/div>\n<\/div>\n<h2><strong>The use of lifts<\/strong><\/h2>\n<p>Lifts are a group of devices that are designed to carry out work at heights. According to the classification to the group of devices referred to as <span class=\"linkwartykule\"><a href=\"\/en\/training\/mobile-platforms\/\">mobile platforms<\/a><\/span> we also include lifts, therefore the qualifications are necessary to operate them in accordance with the law. The most popular of them are aerial work platforms. Thanks to them, you can easily raise people, materials and equipment to a certain height to carry out construction, finishing, assembly, decorating, cleaning and other types of work.<\/p>\n<p>The devices can be placed on wheels or cars - then they are called self-propelled or slow-moving mobile platforms. Due to their design, the devices are divided into articulated-arm, scissor and telescopic. To operate them, you need to obtain UDT I P.<br \/>\n<div style=\"width: 640px;\" class=\"wp-video\"><video id=\"video-38-1\" width=\"640\" height=\"360\" poster=\"https:\/\/kursy-udt.pl\/wp-content\/uploads\/2023\/02\/20230127_031102_0000.jpg\" preload=\"metadata\" controls=\"controls\"><source type=\"video\/mp4\" src=\"https:\/\/kursy-udt.pl\/wp-content\/uploads\/2023\/02\/ACCEPTED-operator-podestow-4K-kursy-udt.mp4?_=1\" \/><a href=\"https:\/\/kursy-udt.pl\/wp-content\/uploads\/2023\/02\/ACCEPTED-operator-podestow-4K-kursy-udt.mp4\">https:\/\/kursy-udt.pl\/wp-content\/uploads\/2023\/02\/ACCEPTED-operator-podestow-4K-kursy-udt.mp4<\/a><\/video><\/div>\n<h2><strong>Purpose of the training<\/strong><\/h2>\n<p>The trainings are intended for people who are 18 years of age, have at least basic education and have a medical certificate that there are no contraindications to work as a device operator.<\/p>\n<p>Our training on lifts provides the necessary theoretical and practical knowledge on the operation of devices in accordance with health and safety regulations and technical inspection regulations. After completing the training, the participant can take the UDT exam, the purpose of which is to obtain the appropriate qualifications.<\/p>\n<p>We offer courses on lifts at competitive prices and with the possibility of receiving discounts for larger groups. We can also organize the course at any place and time according to the wishes of the principals. Due to the fact that our classes are always carefully planned and rich in theory and practice, obtaining qualifications after their completion is even easier.<\/p>\n<p>We cordially invite you to use the services of the ERGON Card Training Center!<\/p>\n<p><a href=\"https:\/\/kursy-udt.pl\/wp-content\/uploads\/2022\/12\/18-podnosniki-koszowe-kursy-udt.pl_.png\"><img loading=\"lazy\" decoding=\"async\" class=\"aligncenter wp-image-4551\" src=\"https:\/\/kursy-udt.pl\/wp-content\/uploads\/2022\/12\/18-podnosniki-koszowe-kursy-udt.pl_-300x188.png\" alt=\"\" width=\"750\" height=\"469\" srcset=\"https:\/\/kursy-udt.pl\/wp-content\/uploads\/2022\/12\/18-podnosniki-koszowe-kursy-udt.pl_-300x188.png 300w, https:\/\/kursy-udt.pl\/wp-content\/uploads\/2022\/12\/18-podnosniki-koszowe-kursy-udt.pl_-1024x640.png 1024w, https:\/\/kursy-udt.pl\/wp-content\/uploads\/2022\/12\/18-podnosniki-koszowe-kursy-udt.pl_-768x480.png 768w, https:\/\/kursy-udt.pl\/wp-content\/uploads\/2022\/12\/18-podnosniki-koszowe-kursy-udt.pl_-18x12.png 18w, https:\/\/kursy-udt.pl\/wp-content\/uploads\/2022\/12\/18-podnosniki-koszowe-kursy-udt.pl_-624x390.png 624w, https:\/\/kursy-udt.pl\/wp-content\/uploads\/2022\/12\/18-podnosniki-koszowe-kursy-udt.pl_.png 1200w\" sizes=\"auto, (max-width: 750px) 100vw, 750px\" \/><\/a><\/p>\n<\/div>\n<div class=\"button_styl\" style=\"float: right; padding-left: 15px; padding-bottom: 8px; margin-bottom: 5px;\"><a class=\"myButton myButton_maly\" href=\"https:\/\/platformaedukacji.pl\/login\/signup.php\" target=\"_blank\" rel=\"nofollow noopener\"><span style=\"color: white;\">Sign up for training<\/span><\/a><\/div>","protected":false},"excerpt":{"rendered":"<p>O\u015brodek Doskonalenia Kadr ERGON serdecznie zaprasza na szkolenia na podno\u015bniki koszowe i podno\u015bniki no\u017cycowe oraz inne. Celem szkolenia jest uzyskanie niezb\u0119dnych uprawnie\u0144 UDT, bez kt\u00f3rych nie mo\u017cna obs\u0142ugiwa\u0107 urz\u0105dze\u0144. Prace budowlane, monta\u017cowe czy dekoratorskie wymagaj\u0105 stosowania urz\u0105dze\u0144 takich jak podno\u015bniki no\u017cycowe i koszowe \u2013 szkolenia s\u0105 w zwi\u0105zku z tym niezb\u0119dne, \u017ceby realizowa\u0107 wszystkie czynno\u015bci bezpiecznie i zgodnie z przepisami. Z nami uprawnienia b\u0119d\u0105 jeszcze \u0142atwiejsze do zdobycia! W naszym o\u015brodku prowadzimy kursy na podno\u015bniki koszowe i no\u017cycowe od lat. Przeszkolili\u015bmy ju\u017c tysi\u0105ce pracownik\u00f3w, kt\u00f3rzy dzi\u0119ki nam zdali egzaminy UDT bezproblemowo i uzyskali potrzebne uprawnienia. Zatrudniamy tylko wykwalifikowanych wyk\u0142adowc\u00f3w i instruktor\u00f3w, kt\u00f3rzy w szczeg\u00f3\u0142ach znaj\u0105 przepisy i wiedz\u0105, jak dzia\u0142aj\u0105 podno\u015bniki \u2013 kursy realizowane w\u0142a\u015bnie przez nas z tego powodu s\u0105 zawsze pe\u0142ne warto\u015bciowych informacji, kt\u00f3re znajduj\u0105 zastosowanie w p\u00f3\u017aniejszych codziennych pracach. Ka\u017cdy kurs podzielony jest na cz\u0119\u015b\u0107 teoretyczn\u0105 i praktyczn\u0105. Cz\u0119\u015b\u0107 teoretyczna porusza tematyk\u0119 przepis\u00f3w o dozorze technicznym, informacje o d\u017awignicach, w tym o podno\u015bnikach, ich budowie oraz obs\u0142udze, tak\u017ce przekazujemy informacje na temat BHP. W efekcie kompleksowo przygotowujemy do podej\u015bcia do egzaminu UDT zgodnie obowi\u0105zuj\u0105cymi przepisami. Zastosowanie podno\u015bnik\u00f3w Podno\u015bniki to grupa urz\u0105dze\u0144, kt\u00f3re przeznaczone s\u0105 do realizowania prac na wysoko\u015bciach. Zgodnie z klasyfikacj\u0105 do grupy urz\u0105dze\u0144 okre\u015blanych mianem podesty ruchome zaliczamy tak\u017ce podno\u015bniki, uprawnienia s\u0105 zatem niezb\u0119dne do ich obs\u0142ugi zgodnie z przepisami prawa. Najpopularniejsze z nich to podno\u015bniki koszowe. Dzi\u0119ki nim mo\u017cna \u0142atwo wznosi\u0107 na okre\u015blon\u0105 wysoko\u015b\u0107 osoby, materia\u0142y oraz wyposa\u017cenie, by prowadzi\u0107 prace budowlane, wyko\u0144czeniowe, monta\u017cowe, dekoratorskie, prace czy\u015bcicielskie oraz innego typu. Urz\u0105dzenia mog\u0105 by\u0107 umieszczone na ko\u0142ach lub samochodach \u2013 [&hellip;]<\/p>\n","protected":false},"author":1,"featured_media":3586,"parent":0,"menu_order":0,"comment_status":"closed","ping_status":"closed","template":"","meta":{"sfsi_plus_gutenberg_text_before_share":"","sfsi_plus_gutenberg_show_text_before_share":"","sfsi_plus_gutenberg_icon_type":"","sfsi_plus_gutenberg_icon_alignemt":"","sfsi_plus_gutenburg_max_per_row":"","footnotes":""},"class_list":["post-38","page","type-page","status-publish","has-post-thumbnail","hentry","has_thumb"],"aioseo_notices":[],"_links":{"self":[{"href":"https:\/\/kursy-udt.pl\/en\/wp-json\/wp\/v2\/pages\/38","targetHints":{"allow":["GET"]}}],"collection":[{"href":"https:\/\/kursy-udt.pl\/en\/wp-json\/wp\/v2\/pages"}],"about":[{"href":"https:\/\/kursy-udt.pl\/en\/wp-json\/wp\/v2\/types\/page"}],"author":[{"embeddable":true,"href":"https:\/\/kursy-udt.pl\/en\/wp-json\/wp\/v2\/users\/1"}],"replies":[{"embeddable":true,"href":"https:\/\/kursy-udt.pl\/en\/wp-json\/wp\/v2\/comments?post=38"}],"version-history":[{"count":24,"href":"https:\/\/kursy-udt.pl\/en\/wp-json\/wp\/v2\/pages\/38\/revisions"}],"predecessor-version":[{"id":4761,"href":"https:\/\/kursy-udt.pl\/en\/wp-json\/wp\/v2\/pages\/38\/revisions\/4761"}],"wp:featuredmedia":[{"embeddable":true,"href":"https:\/\/kursy-udt.pl\/en\/wp-json\/wp\/v2\/media\/3586"}],"wp:attachment":[{"href":"https:\/\/kursy-udt.pl\/en\/wp-json\/wp\/v2\/media?parent=38"}],"curies":[{"name":"wp","href":"https:\/\/api.w.org\/{rel}","templated":true}]}}