{"id":3793,"date":"2022-05-20T11:19:59","date_gmt":"2022-05-20T11:19:59","guid":{"rendered":"https:\/\/kursy-udt.pl\/?page_id=3793"},"modified":"2023-03-20T12:56:15","modified_gmt":"2023-03-20T11:56:15","slug":"drip-methods","status":"publish","type":"page","link":"https:\/\/kursy-udt.pl\/en\/szkolenia\/spawalnictwo-materialow\/metody-ciec\/","title":{"rendered":"Gas cutting operator course\u00a0"},"content":{"rendered":"<p>We offer a course on acetylene-oxygen, plasma and electric torches, which are some of the most popular tools used to separate low-carbon and low-alloy metals. At our centre, you will learn all the necessary information about working as an operator.\u00a0\u00a0<\/p>\n\n\n\n<figure class=\"wp-block-image size-large is-resized\"><img loading=\"lazy\" decoding=\"async\" src=\"https:\/\/kursy-udt.pl\/wp-content\/uploads\/2022\/05\/oso.edu_.pl-0071.jpg\" alt=\"plasma torches\" width=\"821\" height=\"485\"\/><\/figure>\n\n\n\n<h2 class=\"wp-block-heading\">Who is our training for?&nbsp;<\/h2>\n\n\n\n<p>For all those who would like to gain theoretical knowledge and practical skills in the subject of manual gas cutting.&nbsp;<\/p>\n\n\n\n<h2 class=\"wp-block-heading\">What is the main purpose of the course?&nbsp;<\/h2>\n\n\n\n<p>Practical and theoretical preparation of trainees for manual gas cutting with acetylene-oxygen, plasma and electric flames.\u00a0<\/p>\n\n\n\n<p>Basic pre-course requirements&nbsp;<\/p>\n\n\n\n<p>Each participant must be over 18 years of age and have a minimum basic education.&nbsp;<\/p>\n\n\n\n<figure class=\"wp-block-embed is-type-video is-provider-youtube wp-block-embed-youtube wp-embed-aspect-16-9 wp-has-aspect-ratio\"><div class=\"wp-block-embed__wrapper\">\n<iframe loading=\"lazy\" title=\"COMPLETE YOUR WELDING COURSE WITH US! ALL OVER THE COUNTRY! GET YOUR WELDING QUALIFICATIONS!\" width=\"500\" height=\"281\" src=\"https:\/\/www.youtube.com\/embed\/Sn47FDJ5NSQ?feature=oembed\" frameborder=\"0\" allow=\"accelerometer; autoplay; clipboard-write; encrypted-media; gyroscope; picture-in-picture; web-share\" referrerpolicy=\"strict-origin-when-cross-origin\" allowfullscreen><\/iframe>\n<\/div><\/figure>\n\n\n\n<h2 class=\"wp-block-heading\">Detailed course programme&nbsp;<\/h2>\n\n\n\n<p>The training covers the following topics:&nbsp;<\/p>\n\n\n\n<ul class=\"wp-block-list\">\n<li>rules <a href=\"https:\/\/kursy-udt.pl\/en\/szkolenia\/bhp-bezpieczenstwo-pracy\/prawna-ochrona-pracy\/\">Health and Safety<\/a> and HSE in gas cutting,&nbsp;<\/li>\n\n\n\n<li>basics of gas cutting theory,&nbsp;<\/li>\n\n\n\n<li>reducers,&nbsp;<\/li>\n\n\n\n<li>equipment for the gas cutting operator's workplace,&nbsp;<\/li>\n\n\n\n<li>technical gases for cutting,&nbsp;<\/li>\n\n\n\n<li>pressure gauges,&nbsp;<\/li>\n\n\n\n<li>gas cutting torches,&nbsp;<\/li>\n\n\n\n<li>cylinders for technical gases with pressure gauge,&nbsp;<\/li>\n\n\n\n<li>technical gas lines,&nbsp;<\/li>\n\n\n\n<li>gas cutting technology,&nbsp;<\/li>\n\n\n\n<li>semi-automatic and automatic gas cutting machines,&nbsp;<\/li>\n\n\n\n<li>and practical activities.&nbsp;<\/li>\n<\/ul>\n\n\n\n<h2 class=\"wp-block-heading\">How is the final exam done?&nbsp;<\/h2>\n\n\n\n<p>After the training, there will be an internal examination in the field of learning acquired during the program.&nbsp;<\/p>\n\n\n\n<h2 class=\"wp-block-heading\">Eligibility on completion of the course&nbsp;<\/h2>\n\n\n\n<p>Participants who successfully pass the examination receive a course completion certificate and all the necessary documents to work in the profession.&nbsp;<\/p>\n\n\n\n<figure class=\"wp-block-image size-large is-resized\"><img loading=\"lazy\" decoding=\"async\" src=\"https:\/\/kursy-udt.pl\/wp-content\/uploads\/2022\/05\/safety-equipment-1024x768-1.jpg\" alt=\"employee in protective clothing\" width=\"722\" height=\"542\"\/><\/figure>\n\n\n\n<h2 class=\"wp-block-heading\">Types of cut&nbsp;<\/h2>\n\n\n\n<p>Gas cutting involves bringing a metal to what is known as its ignition temperature. On contact with the burner, it burns and then escapes in the form of metal oxide. Appropriately designed torches can mix specific proportions of combustible gas with oxygen. Materials such as propane-butane and acetylene are used as combustible gases.\u00a0\u00a0<\/p>\n\n\n\n<p><strong>Cutting with acetylene <\/strong>is an extremely efficient method due to its ability to reach high temperatures. Its additional advantages are mobility, the high quality of metal cutting and the option to mechanise the cutting processes using it. This method is used in many industries and, among others, in small workshops or large production halls.&nbsp;&nbsp;<\/p>\n\n\n\n<p><strong>Gas cutting<\/strong> can be used to work cast iron, bronze, brass, steel and various metal alloys, as well as for brazing, heating or firing. Gas welding involves heating the workpiece by means of a flame to a suitable temperature so that it degrades and changes its state of aggregation. This makes it possible to permanently weld or separate steel workpieces as thick as 300 mm. The correct type of torch is responsible for the effect and quality of the cut. A smaller torch means a smaller stream. This means greater precision. Torches are used for cutting as well as for welding. However, not every metal is suitable for processing with this method. Suitable metals include bronze, brass, cast iron, iron, tungsten and titanium.&nbsp;&nbsp;<\/p>\n\n\n<div class=\"wp-block-image\">\n<figure class=\"alignright size-large is-resized\"><img loading=\"lazy\" decoding=\"async\" src=\"https:\/\/kursy-udt.pl\/wp-content\/uploads\/2022\/05\/MESSER_Cutting_torch_set.jpg\" alt=\"gas cutting\" width=\"355\" height=\"266\"\/><\/figure>\n<\/div>\n\n\n<p><strong>Plasma cutting<\/strong> aims to melt and eject metal from the cutting gap by means of a highly concentrated electric arc with high kinetic energy, which glows between the workpiece being cut and the non-fusible electrode. The plasma is generated by a torch. Passing a stream of compressed gas through the electric arc causes ionisation and, through high power density, produces a jet. A nozzle, which is located in the torch, focuses the plasma arc. The walls of the nozzle are cooled and cause the column to constrict. This method uses a high temperature (10000\u00f730000K) at the core of the plasma arc and an extremely high jet speed. This causes the material to be melted and blown out of the slit. In this method, the gas often used is air. Higher-powered units primarily use hydrogen, argon, carbon dioxide, nitrogen and argon-helium or argon-hydrogen mixtures. The plasma jet can cut materials that conduct electricity and are made of copper, aluminium and its alloys, brass, alloy or carbon steels and cast iron.\u00a0<\/p>\n\n\n\n<h2 class=\"wp-block-heading\">We distinguish between the individual advantages and disadvantages of performing gas cutting&nbsp;<\/h2>\n\n\n\n<p><strong>Benefits:<\/strong>&nbsp;<\/p>\n\n\n\n<ul class=\"wp-block-list\">\n<li>small area of impact of cutting,&nbsp;<\/li>\n\n\n\n<li>good surface quality,&nbsp;<\/li>\n\n\n\n<li>small gap,&nbsp;<\/li>\n\n\n\n<li>rapid piercing,&nbsp;<\/li>\n\n\n\n<li>simple automation of the process,&nbsp;<\/li>\n\n\n\n<li>cutting range - from 0.5 mm to 160 mm,\u00a0<\/li>\n\n\n\n<li>efficient vertical cutting,&nbsp;<\/li>\n\n\n\n<li>low thermal deformation,&nbsp;<\/li>\n\n\n\n<li>approximately 6 times faster cutting speed than oxy-gas cutting,\u00a0<\/li>\n\n\n\n<li>little effect of temperature on the component,&nbsp;<\/li>\n\n\n\n<li>no burning of thin materials.&nbsp;<\/li>\n<\/ul>\n\n\n\n<p><strong>Disadvantages<\/strong>:&nbsp;<\/p>\n\n\n\n<ul class=\"wp-block-list\">\n<li>changes in the impact area of the cut,&nbsp;<\/li>\n\n\n\n<li>noise (not applicable to underwater cutting),&nbsp;<\/li>\n\n\n\n<li>strong UV radiation,&nbsp;<\/li>\n\n\n\n<li>difficulties in maintaining perpendicularity of edges,&nbsp;<\/li>\n\n\n\n<li>high amount of fumes and gases that are harmful to health.&nbsp;<\/li>\n<\/ul>\n\n\n\n<p>&nbsp;<br><strong>If you have any questions about the course, feel free to contact us!<\/strong><\/p>\n\n\n\n<figure class=\"wp-block-image size-large is-resized\"><img loading=\"lazy\" decoding=\"async\" src=\"https:\/\/kursy-udt.pl\/wp-content\/uploads\/2023\/01\/Reklama-Na-Kursy-7-1.png\" alt=\"ERGON training\" width=\"772\" height=\"482\"\/><\/figure>","protected":false},"excerpt":{"rendered":"<p>Oferujemy kurs na palniki acetylenowo\u2013tlenowe, plazmowe i elektryczne, kt\u00f3re s\u0105 jednymi z najpopularniejszych narz\u0119dzi wykorzystywanych do rozdzielania metali niskow\u0119glowych i niskostopowych. W naszym o\u015brodku dowiesz si\u0119 wszystkich niezb\u0119dnych informacji dotycz\u0105cych pracy jako operator.\u00a0\u00a0 Dla kogo przeznaczone jest nasze szkolenie?&nbsp; Dla wszystkich os\u00f3b, kt\u00f3re chcia\u0142yby zdoby\u0107 wiedz\u0119 teoretyczn\u0105 oraz umiej\u0119tno\u015bci praktyczne w temacie r\u0119cznego ci\u0119cia gazowego.&nbsp; Jaki jest g\u0142\u00f3wny cel kursu?&nbsp; Praktyczne oraz teoretyczne przygotowanie kursant\u00f3w do r\u0119cznego ci\u0119cia gazowego p\u0142omieniem acetylenowo\u2013tlenowym, plazmowym i elektrycznym.\u00a0 Podstawowe wymagania przed przyst\u0105pieniem do kursu&nbsp; Ka\u017cdy uczestnik musi mie\u0107 uko\u0144czone 18 lat i posiada\u0107 minimum wykszta\u0142cenie podstawowe.&nbsp; Szczeg\u00f3\u0142owy program kursu&nbsp; Szkolenie obejmuje nast\u0119puj\u0105ce zagadnienia tematyczne:&nbsp; Jak przebiega egzamin ko\u0144cowy?&nbsp; Po szkoleniu odb\u0119dzie si\u0119 egzamin wewn\u0119trzny z zakresu nauki zdobytej podczas trwania programu.&nbsp; Uprawnienia uzyskiwane po uko\u0144czeniu kursu&nbsp; Uczestnicy, kt\u00f3rzy pozytywnie zdali egzamin, otrzymuj\u0105 \u015bwiadectwo uko\u0144czenia kursu oraz wszystkie niezb\u0119dne dokumenty pozwalaj\u0105ce na prac\u0119 w zawodzie.&nbsp; Rodzaje ci\u0119\u0107&nbsp; Ci\u0119cie gazowe polega na doprowadzeniu metalu do tzw. temperatury zap\u0142onu. W kontakcie z palnikiem ulega on spaleniu, po czym ulatnia si\u0119 w postaci tlenku metalu. Odpowiednio zaprojektowane palniki potrafi\u0105 wymiesza\u0107 konkretne proporcje gazu palnego z tlenem. Jako gaz palny wykorzystuje si\u0119 materia\u0142y takie jak propan\u2013butan i acetylen.\u00a0\u00a0 Ci\u0119cie z acetylenem jest niezwykle efektywnym sposobem ze wzgl\u0119du na w\u0142a\u015bciwo\u015bci osi\u0105gania wysokich temperatur. Jego dodatkow\u0105 zalet\u0105 jest mobilno\u015b\u0107, wysoka jako\u015b\u0107 ci\u0119cia metali oraz opcja zmechanizowania proces\u00f3w ci\u0119cia przy ich u\u017cyciu. Metoda ta jest wykorzystywana w wielu ga\u0142\u0119ziach przemys\u0142u oraz m.in. w ma\u0142ych warsztatach lub wielkich halach produkcyjnych.&nbsp;&nbsp; Ci\u0119cia gazowego mo\u017cna u\u017cywa\u0107 do obr\u00f3bki \u017celiwa, br\u0105zu, mosi\u0105dzu, stali oraz r\u00f3\u017cnych stop\u00f3w metali, a tak\u017ce do lutowania, [&hellip;]<\/p>\n","protected":false},"author":6,"featured_media":3795,"parent":2802,"menu_order":0,"comment_status":"closed","ping_status":"closed","template":"","meta":{"sfsi_plus_gutenberg_text_before_share":"","sfsi_plus_gutenberg_show_text_before_share":"","sfsi_plus_gutenberg_icon_type":"","sfsi_plus_gutenberg_icon_alignemt":"","sfsi_plus_gutenburg_max_per_row":"","footnotes":""},"class_list":["post-3793","page","type-page","status-publish","has-post-thumbnail","hentry","has_thumb"],"aioseo_notices":[],"_links":{"self":[{"href":"https:\/\/kursy-udt.pl\/en\/wp-json\/wp\/v2\/pages\/3793","targetHints":{"allow":["GET"]}}],"collection":[{"href":"https:\/\/kursy-udt.pl\/en\/wp-json\/wp\/v2\/pages"}],"about":[{"href":"https:\/\/kursy-udt.pl\/en\/wp-json\/wp\/v2\/types\/page"}],"author":[{"embeddable":true,"href":"https:\/\/kursy-udt.pl\/en\/wp-json\/wp\/v2\/users\/6"}],"replies":[{"embeddable":true,"href":"https:\/\/kursy-udt.pl\/en\/wp-json\/wp\/v2\/comments?post=3793"}],"version-history":[{"count":7,"href":"https:\/\/kursy-udt.pl\/en\/wp-json\/wp\/v2\/pages\/3793\/revisions"}],"predecessor-version":[{"id":5526,"href":"https:\/\/kursy-udt.pl\/en\/wp-json\/wp\/v2\/pages\/3793\/revisions\/5526"}],"up":[{"embeddable":true,"href":"https:\/\/kursy-udt.pl\/en\/wp-json\/wp\/v2\/pages\/2802"}],"wp:featuredmedia":[{"embeddable":true,"href":"https:\/\/kursy-udt.pl\/en\/wp-json\/wp\/v2\/media\/3795"}],"wp:attachment":[{"href":"https:\/\/kursy-udt.pl\/en\/wp-json\/wp\/v2\/media?parent=3793"}],"curies":[{"name":"wp","href":"https:\/\/api.w.org\/{rel}","templated":true}]}}