{"id":3620,"date":"2022-01-12T23:26:51","date_gmt":"2022-01-12T23:26:51","guid":{"rendered":"https:\/\/kursy-udt.pl\/?page_id=3620"},"modified":"2026-04-14T10:59:55","modified_gmt":"2026-04-14T08:59:55","slug":"optical-fibers","status":"publish","type":"page","link":"https:\/\/kursy-udt.pl\/en\/szkolenia\/spawalnictwo-materialow\/swiatlowodow\/","title":{"rendered":"Optical fiber welding course"},"content":{"rendered":"<p><span data-ccp-props=\"{&quot;201341983&quot;:0,&quot;335559739&quot;:160,&quot;335559740&quot;:256}\"><img loading=\"lazy\" decoding=\"async\" class=\"paddingleft10 alignleft wp-image-3621 size-medium\" src=\"https:\/\/kursy-udt.pl\/wp-content\/uploads\/2022\/01\/s2-300x200.jpg\" alt=\"Is it worth becoming a fiber welder?\" width=\"300\" height=\"200\" srcset=\"https:\/\/kursy-udt.pl\/wp-content\/uploads\/2022\/01\/s2-300x200.jpg 300w, https:\/\/kursy-udt.pl\/wp-content\/uploads\/2022\/01\/s2-1024x683.jpg 1024w, https:\/\/kursy-udt.pl\/wp-content\/uploads\/2022\/01\/s2-768x512.jpg 768w, https:\/\/kursy-udt.pl\/wp-content\/uploads\/2022\/01\/s2-624x416.jpg 624w, https:\/\/kursy-udt.pl\/wp-content\/uploads\/2022\/01\/s2.jpg 1357w\" sizes=\"auto, (max-width: 300px) 100vw, 300px\" \/><\/span><span data-contrast=\"auto\">For many years in the world, and for several years in Poland, we have been observing an increase in interest in fiber optic technology and its increased implementation by telecommunications companies. Therefore, the demand of those companies for highly trained specialists - installers of fiber optic networks is growing rapidly. One of the most important features - advantages of an installer, very desirable in this profession is the ability to perform fiber optic splices.\u00a0<\/span><span data-ccp-props=\"{&quot;201341983&quot;:0,&quot;335559739&quot;:160,&quot;335559740&quot;:256}\">\u00a0<\/span><\/p>\n<p><span data-contrast=\"auto\">Therefore, ERGON company, understanding the current situation on the labor market, organizes fiber optic welding courses and, thanks to a professional approach, successfully trains specialized staff in this profession. The conducted trainings are intended not only for experienced installers, but also for all those willing to acquire knowledge and skills of a future optical fiber welder.<\/span><span data-ccp-props=\"{&quot;201341983&quot;:0,&quot;335559739&quot;:160,&quot;335559740&quot;:256}\">\u00a0<\/span><\/p>\n<p><span data-contrast=\"auto\">Welding optical fibers is not a complicated or difficult task in itself, but it requires accuracy and precision in performing the step-by-step procedure of joining them. It is true that this is a technologically advanced process due to the construction of the optical fibers themselves and requires the use of specialized equipment in the form of welders, optical power meters, fiber optic cutters, etc., this is not a secret knowledge and is available to anyone who wants to. Such knowledge can be acquired during trainings conducted, among others, at ERGON, where we will learn not only about the issues related to the welding itself, but also the general knowledge about fiber optic technology will be presented to us more broadly.<\/span><span data-ccp-props=\"{&quot;201341983&quot;:0,&quot;335559739&quot;:160,&quot;335559740&quot;:256}\">\u00a0<\/span><\/p>\n<h2><strong>Training<\/strong><\/h2>\n<p>During the course, thanks to the highly qualified staff of instructors, we will acquire theoretical and practical knowledge necessary for the proper conduct of operations in the process of welding optical fibers. We will get acquainted with the types of fiber optic cables and their construction structure. We will learn about the instruments, tools and techniques of using them in the preparation of the installation immediately before making the weld. We will learn about the multitude of existing types of fiber optic welding machines models and the differences between them resulting mainly from their limitations in terms of precision and quality of welds performed. We will get acquainted with example devices, their operating instructions, the possibilities of a given welding machine, its functions, as well as programmed options for connecting optical fibers. We will also learn the final evaluation of the quality of the weld made by us based on visual inspection as well as the correct interpretation of the result of the estimated diagnosis carried out by the device - the welder.<\/p>\n<ul>\n<li>Is it worth becoming a fiber welder?<\/li>\n<li>Is it worth investing in yourself really, not a lot of time needed to participate in the training?<\/li>\n<li>Is it worth learning a new profession with limited financial resources?<\/li>\n<\/ul>\n<div style=\"width: 640px;\" class=\"wp-video\"><video id=\"video-3620-1\" width=\"640\" height=\"360\" poster=\"https:\/\/kursy-udt.pl\/wp-content\/uploads\/2023\/02\/jpg_20230127_112831_0000.jpg\" preload=\"metadata\" controls=\"controls\"><source type=\"video\/mp4\" src=\"https:\/\/kursy-udt.pl\/wp-content\/uploads\/2023\/02\/ACCEPTED-spawacz-swiatlowodOW-4K-kursy-udt.mp4?_=1\" \/><a href=\"https:\/\/kursy-udt.pl\/wp-content\/uploads\/2023\/02\/ACCEPTED-spawacz-swiatlowodOW-4K-kursy-udt.mp4\">https:\/\/kursy-udt.pl\/wp-content\/uploads\/2023\/02\/ACCEPTED-spawacz-swiatlowodOW-4K-kursy-udt.mp4<\/a><\/video><\/div>\n\n\n<p>The answer seems to be unambiguous and obvious. And it really should be. Taking into account the current situation on the labor market and the growing demand for specialists in this profession, directly related to the growing involvement of telecommunications companies and the scale with which we are dealing with the transition to fiber optic technology, we can assume that this state of affairs will continue for many years. That being said, the answer should be yes! Absolutely! Become a fiber optic welder!<\/p>\n\n\n\n<p>ERGON has been involved in various types of professional training for many years. Thanks to this, it has extensive experience acquired during its operation. ERGON has the appropriate social and technical staff to conduct didactic classes, thanks to which it is able to organize and adapt its trainings, taking into account the individual needs of individual and group clients.<\/p>\n\n\n\n<p><strong>Training participants can count on:&nbsp;&nbsp;<\/strong><\/p>\n\n\n\n<ul class=\"wp-block-list\">\n<li>The number of hours of practical and theoretical classes specified when purchasing (stationary or online)<\/li>\n\n\n\n<li>Training materials in electronic form for some courses in paper form<\/li>\n\n\n\n<li>Access to a training platform with knowledge tests and additional materials<\/li>\n\n\n\n<li>Access to various types of devices, health and safety equipment provided, harnesses, vests, etc. during practical classes<\/li>\n\n\n\n<li>Conducting an external examination (does not apply to those trainings for which an examination is not planned)<\/li>\n\n\n\n<li>According to the employer&#039;s needs, confirmation of completion of the training \/ examination in the form of a simplified supplement<\/li>\n\n\n\n<li>Refreshments during breaks: coffee, tea, cookies<\/li>\n\n\n\n<li>Assistance in accommodation, organization of meals - on the basis of separate arrangements<\/li>\n<\/ul>\n\n\n\n<h2 class=\"wp-block-heading\">Fibre optic certifications - professional development in practice<\/h2>\n\n\n\n<p>The CFOS\/S course introduces you to the world of professional fibre welding, while demonstrating how your skills fit into the full certification pathway for fibre technicians.<\/p>\n\n\n\n<h3 class=\"wp-block-heading\">CFOT - Certified Fiber Optic Technician<\/h3>\n\n\n\n<p>A basic certificate for beginners, covering installation, operation and basic fibre optic measurements.<\/p>\n\n\n\n<h3 class=\"wp-block-heading\">CFOS\/O - Outside Plant<\/h3>\n\n\n\n<p>Specialising in the construction and maintenance of outdoor networks - in ground, sewer and pole.<\/p>\n\n\n\n<h3 class=\"wp-block-heading\">CFOS\/S - Splicing<\/h3>\n\n\n\n<p>Practical course focusing on professional fibre welding: preparation, welding, securing and quality control of joints.<\/p>\n\n\n\n<h3 class=\"wp-block-heading\">CFOS\/T - Testing<\/h3>\n\n\n\n<p>Training in the measurement and testing of fibre optic networks, including the use of OTDRs and documentation of results.<\/p>\n\n\n\n<h2 class=\"wp-block-heading\"><strong>Course price<\/strong><\/h2>\n\n\n\n<p>The resort offers a very favourable curu price. We have prepared attractive discounts for larger groups. A detailed price offer can be found here  If you have any further questions, please contact us on +48 22 290 29 09 or by email:&nbsp;<a href=\"mailto:biuro@kursy-udt.pl\">biuro@kursy-udt.pl<\/a> our employees will answer them in detail.<\/p>\n\n\n\n<figure class=\"wp-block-image size-large\"><a href=\"https:\/\/kursy-udt.pl\/wp-content\/uploads\/2022\/01\/kursy-udt-spawanei-swiatlowodow.png\"><img loading=\"lazy\" decoding=\"async\" width=\"1024\" height=\"640\" src=\"https:\/\/kursy-udt.pl\/wp-content\/uploads\/2022\/01\/kursy-udt-spawanei-swiatlowodow-1024x640.png\" alt=\"\" class=\"wp-image-3633\" srcset=\"https:\/\/kursy-udt.pl\/wp-content\/uploads\/2022\/01\/kursy-udt-spawanei-swiatlowodow-1024x640.png 1024w, https:\/\/kursy-udt.pl\/wp-content\/uploads\/2022\/01\/kursy-udt-spawanei-swiatlowodow-300x188.png 300w, https:\/\/kursy-udt.pl\/wp-content\/uploads\/2022\/01\/kursy-udt-spawanei-swiatlowodow-768x480.png 768w, https:\/\/kursy-udt.pl\/wp-content\/uploads\/2022\/01\/kursy-udt-spawanei-swiatlowodow-624x390.png 624w, https:\/\/kursy-udt.pl\/wp-content\/uploads\/2022\/01\/kursy-udt-spawanei-swiatlowodow.png 1200w\" sizes=\"auto, (max-width: 1024px) 100vw, 1024px\" \/><\/a><\/figure>","protected":false},"excerpt":{"rendered":"<p>Od wielu lat na \u015bwiecie, a tak\u017ce od kilku lat w Polsce obserwujemy wzrost zainteresowania technologi\u0105 \u015bwiat\u0142owodow\u0105 i wzmo\u017cone wdra\u017canie jej przez firmy telekomunikacyjne. W zwi\u0105zku z czym bardzo szybko ro\u015bnie zapotrzebowanie tych, \u017ce firm na wykszta\u0142conych kierunkowo specjalist\u00f3w &#8211; instalator\u00f3w sieci \u015bwiat\u0142owodowych. Jedn\u0105 z wa\u017cniejszych cech &#8211; zalet instalatora, bardzo po\u017c\u0105dan\u0105 w tym zawodzie jest umiej\u0119tno\u015b\u0107 wykonywania spaw\u00f3w \u015bwiat\u0142owodowych.\u00a0\u00a0 Dlatego te\u017c Firma ERGON rozumiej\u0105c aktualn\u0105 sytuacj\u0119 na rynku pracy organizuje kursy spawania \u015bwiat\u0142owod\u00f3w i z du\u017cym powodzeniem dzi\u0119ki profesjonalnemu podej\u015bciu szkoli wyspecjalizowane kadry w tym zawodzie. Prowadzone szkolenia przeznaczone s\u0105 nie tylko dla ju\u017c do\u015bwiadczonych instalator\u00f3w, ale tak\u017ce dla wszystkich ch\u0119tnych chc\u0105cych naby\u0107 wiedz\u0119 i umiej\u0119tno\u015bci przysz\u0142ego spawacza \u015bwiat\u0142owod\u00f3w.\u00a0 Spawanie w\u0142\u00f3kien \u015bwiat\u0142owodowych samo w sobie nie jest zaj\u0119ciem skomplikowanym ani trudnym do przeprowadzenia to jednak wymaga od nas dok\u0142adno\u015bci i precyzji w wykonywaniu krok po kroku procedury ich \u0142\u0105czenia. Co prawda jest to proces technologicznie zaawansowany z uwagi na budow\u0119 samych w\u0142\u00f3kien \u015bwiat\u0142owodowych i wymaga u\u017cycia specjalistycznego sprz\u0119tu w postaci spawarek, miernik\u00f3w mocy optycznej, obcinarek \u015bwiat\u0142owodowych itp. to nie jest to wiedza tajemna i jest osi\u0105galna dla ka\u017cdego chc\u0105cego. Tak\u0105 wiedz\u0119 mo\u017cna naby\u0107 na szkoleniach prowadzonych mi\u0119dzy innymi w firmie ERGON na kt\u00f3rych zapoznamy si\u0119 nie tylko z zagadnieniami dotycz\u0105cymi samego spawania, ale tak\u017ce zostanie nam szerzej przybli\u017cona og\u00f3lna wiedza na temat technologii \u015bwiat\u0142owodowej.\u00a0 Szkolenie Na kursie dzi\u0119ki merytorycznie wysoko wykfalifikowanej kadrze instruktor\u00f3w nab\u0119dziemy wiedz\u0119 teoretyczn\u0105 i praktyczn\u0105 niezb\u0119dn\u0105 do prawid\u0142owego przeprowadzania operacji w procesie spawania w\u0142\u00f3kien \u015bwiat\u0142owodowych. Zapoznamy si\u0119 z rodzajami kabli \u015bwiat\u0142owodowych i ich struktur\u0105 budowy. Poznamy instrumenty, narz\u0119dzia oraz techniki pos\u0142ugiwania [&hellip;]<\/p>\n","protected":false},"author":1,"featured_media":3621,"parent":2802,"menu_order":0,"comment_status":"closed","ping_status":"closed","template":"","meta":{"sfsi_plus_gutenberg_text_before_share":"","sfsi_plus_gutenberg_show_text_before_share":"","sfsi_plus_gutenberg_icon_type":"","sfsi_plus_gutenberg_icon_alignemt":"","sfsi_plus_gutenburg_max_per_row":"","footnotes":""},"class_list":["post-3620","page","type-page","status-publish","has-post-thumbnail","hentry","has_thumb"],"aioseo_notices":[],"_links":{"self":[{"href":"https:\/\/kursy-udt.pl\/en\/wp-json\/wp\/v2\/pages\/3620","targetHints":{"allow":["GET"]}}],"collection":[{"href":"https:\/\/kursy-udt.pl\/en\/wp-json\/wp\/v2\/pages"}],"about":[{"href":"https:\/\/kursy-udt.pl\/en\/wp-json\/wp\/v2\/types\/page"}],"author":[{"embeddable":true,"href":"https:\/\/kursy-udt.pl\/en\/wp-json\/wp\/v2\/users\/1"}],"replies":[{"embeddable":true,"href":"https:\/\/kursy-udt.pl\/en\/wp-json\/wp\/v2\/comments?post=3620"}],"version-history":[{"count":6,"href":"https:\/\/kursy-udt.pl\/en\/wp-json\/wp\/v2\/pages\/3620\/revisions"}],"predecessor-version":[{"id":6260,"href":"https:\/\/kursy-udt.pl\/en\/wp-json\/wp\/v2\/pages\/3620\/revisions\/6260"}],"up":[{"embeddable":true,"href":"https:\/\/kursy-udt.pl\/en\/wp-json\/wp\/v2\/pages\/2802"}],"wp:featuredmedia":[{"embeddable":true,"href":"https:\/\/kursy-udt.pl\/en\/wp-json\/wp\/v2\/media\/3621"}],"wp:attachment":[{"href":"https:\/\/kursy-udt.pl\/en\/wp-json\/wp\/v2\/media?parent=3620"}],"curies":[{"name":"wp","href":"https:\/\/api.w.org\/{rel}","templated":true}]}}