{"id":3611,"date":"2022-01-12T15:19:43","date_gmt":"2022-01-12T15:19:43","guid":{"rendered":"https:\/\/kursy-udt.pl\/?page_id=3611"},"modified":"2023-02-14T16:44:03","modified_gmt":"2023-02-14T15:44:03","slug":"building-access","status":"publish","type":"page","link":"https:\/\/kursy-udt.pl\/en\/szkolenia\/wysokosciowe-na-uprawnienia-alpinistyczne\/dostepu-budowlanego\/","title":{"rendered":"Construction Access Course"},"content":{"rendered":"<p><img loading=\"lazy\" decoding=\"async\" class=\"paddingleft10 alignleft wp-image-3612 size-medium\" src=\"https:\/\/kursy-udt.pl\/wp-content\/uploads\/2022\/01\/s2-2-300x200.jpg\" alt=\"\" width=\"300\" height=\"200\" srcset=\"https:\/\/kursy-udt.pl\/wp-content\/uploads\/2022\/01\/s2-2-300x200.jpg 300w, https:\/\/kursy-udt.pl\/wp-content\/uploads\/2022\/01\/s2-2-1024x683.jpg 1024w, https:\/\/kursy-udt.pl\/wp-content\/uploads\/2022\/01\/s2-2-768x512.jpg 768w, https:\/\/kursy-udt.pl\/wp-content\/uploads\/2022\/01\/s2-2-1536x1024.jpg 1536w, https:\/\/kursy-udt.pl\/wp-content\/uploads\/2022\/01\/s2-2-624x416.jpg 624w, https:\/\/kursy-udt.pl\/wp-content\/uploads\/2022\/01\/s2-2.jpg 1600w\" sizes=\"auto, (max-width: 300px) 100vw, 300px\" \/>We invite you to the construction access course, organized by ERGON. We have been successfully educating professionals for over 25 years. The training is carried out in accordance with the BS 8454 standard. We help you get it in a professional and affordable way <a href=\"https:\/\/kursy-udt.pl\/en\/uprawnienia-udt\/kategorie-uprawnien-2\/\">entitlements<\/a> at heights in the field of construction access.<\/p>\n<h2><strong>What is building access?<\/strong><\/h2>\n<p>The training at heights, called building access, is addressed to all those who are exposed to falls from a height during their work. Work at height within the meaning of the Regulation of the Minister of Labor and Social Policy of September 26, 1997 on general occupational health and safety regulations with late d. (consolidated text: Journal of Laws of 2003, No. 169, item 1650, as amended) is work performed on a surface at a height of at least 1.0 m above the floor or ground level. We talk about working at height from 1m and from 2m there is an obligation to use PPE (personal protective equipment). This applies to all those who, while performing their official duties, are on elevations and those who, while working at pits, tanks, manholes or manholes, may be injured as a result of a fall from a height.<\/p>\n<p>Construction access at heights is recommended to employees who use their own hands while performing the tasks entrusted to them, and PPE - PPE mainly to protect against falls from a height during work.<\/p>\n<div class=\"filmw\">\n<div class=\"responsive-youtube\" style=\"text-align: center;\"><iframe loading=\"lazy\" title=\"YouTube video player\" src=\"https:\/\/www.youtube.com\/embed\/Lf4dfMhJft0\" width=\"560\" height=\"315\" frameborder=\"0\" allowfullscreen=\"allowfullscreen\"><\/iframe><\/div>\n<\/div>\n<p><strong>Works at height in the construction access are performed at:<\/strong><\/p>\n<p>power poles, trusses, masts, tower structures, chimneys, flat and steep roofs with different slopes, building structures without ceilings, scaffolding, ladders, lifts, platforms, platforms, galleries, brackets and other elevations and construction elements.<\/p>\n<p>&nbsp;<\/p>\n<p><strong>The construction access course is especially aimed at:<\/strong><\/p>\n<ul>\n<li>general construction workers<\/li>\n<li>mobile phone employees<\/li>\n<li>fitters<\/li>\n<li>restorers<\/li>\n<li>roofers<\/li>\n<li>crews clearing the roofs of snow<\/li>\n<li>water and sewage management workers<\/li>\n<li>installers of photovoltaic panels<\/li>\n<li>energy sector employees<\/li>\n<li>to companies that want to outsource training of their employees<\/li>\n<li>to people who want to change jobs and obtain new professional qualifications<\/li>\n<\/ul>\n<p>The course program is extensive and provides comprehensive, theoretical and practical preparation for work in the field of construction access, which guarantees greater safety at work.<\/p>\n<p>The practical part of the course is carried out on specially prepared structures that are the permanent equipment of the training center. Workshops during the training are carried out with the use of equipment such as: fall arrest systems, safety harnesses, connectors, shock absorbers, self-locking devices, low-stretch braided core ropes, safety lines, connectors, shock absorbers, industrial safety helmets.<br \/>\n<div style=\"width: 640px;\" class=\"wp-video\"><video id=\"video-3611-1\" width=\"640\" height=\"360\" poster=\"https:\/\/kursy-udt.pl\/wp-content\/uploads\/2023\/02\/20230127_030434_0000.jpg\" preload=\"metadata\" controls=\"controls\"><source type=\"video\/mp4\" src=\"https:\/\/kursy-udt.pl\/wp-content\/uploads\/2023\/02\/ACCEPTED-alpinista-4K-kursy-udt.mp4?_=1\" \/><a href=\"https:\/\/kursy-udt.pl\/wp-content\/uploads\/2023\/02\/ACCEPTED-alpinista-4K-kursy-udt.mp4\">https:\/\/kursy-udt.pl\/wp-content\/uploads\/2023\/02\/ACCEPTED-alpinista-4K-kursy-udt.mp4<\/a><\/video><\/div>\n<p><strong>Knowledge gained during the training:<\/strong><\/p>\n<ul>\n<li>characteristics of work at height and the associated hazards<\/li>\n<li>general rules when working at height<\/li>\n<li>organization of the workplace<\/li>\n<li>ways of safe transport of tools and materials needed at work<\/li>\n<li>selection and proper use of equipment adequate to the work performed<\/li>\n<li>rules of tying knots, learning how to tie basic knots, the ability to assess the quality of their execution, learning how to anchor<\/li>\n<li>safe operation and handling of the harness protecting against falling<\/li>\n<li>ability to control the equipment used on an ongoing basis (inspections)<\/li>\n<li>knowledge of CE marking<\/li>\n<li>personal protective equipment against falls (PPE)<\/li>\n<li>ability to act in accordance with the recommendations and instructions of the equipment manufacturer<\/li>\n<li>use, control and storage of systems, system planning prior to commissioning<\/li>\n<li>knowledge of the influence of weather conditions on the use of the system<\/li>\n<li>the most common causes of accidents and ways to reduce their occurrence<\/li>\n<li>knowledge of the fall protection system EN PN 363: 2008<\/li>\n<li>ability to assess safety and risk when working at height<\/li>\n<li>current standards and regulations regarding the safety of work at height<\/li>\n<\/ul>\n<p><strong>The duration of the training is 8 hours, including 5 hours of practice. <\/strong><\/p>\n<p><strong>After completing the training, the trainee receives<\/strong><\/p>\n<p>Certificate confirming completion of ERGON training in Polish and English, honored in Poland and abroad, based on the BS 8454 standard. The center issues certificates in the form of: a plastic card with a hologram and image in English or paper in A4 format with a hologram and image (Polish- English). The certificates contain a detailed description of the obtained qualifications to work at height.<\/p>\n<h2><strong>Requirements<\/strong><\/h2>\n<p>To sign up for <a href=\"https:\/\/kursy-udt.pl\/en\/szkolenia\/wysokosciowe-na-uprawnienia-alpinistyczne\/\">altitude course<\/a> in the field of construction access, the following requirements must be met:<\/p>\n<ul>\n<li>18 years or older<\/li>\n<li>at least basic education<\/li>\n<li>physical fitness to a degree enabling work at height<\/li>\n<li>altitude tests issued by an occupational medicine physician<\/li>\n<\/ul>\n<h2><strong>Course price<\/strong><\/h2>\n<p>The resort offers a very favorable price for kuru. We have prepared attractive discounts for larger groups. A detailed price offer can be found here In case of additional questions <a href=\"https:\/\/kursy-udt.pl\/en\/kontakt\/\">please contact us<\/a> at the number: +48 22 290 29 09 or email: <a href=\"mailto:biuro@platformaedukacji.pl\">biuro@platformaedukacji.pl<\/a> our employees will answer them in detail.<\/p>\n<h2><strong>Where are the trainings taking place?<\/strong><\/h2>\n<p>Classes at the OSO center are conducted by certified instructors and highly qualified examiners. We conduct high-altitude training in construction access at the Training Hall of our OSO Operator Training Center in Warsaw Ursus at ul. Gierdziejewskiego 5 \/ 272A. The organizer provides food and drinks.<\/p>\n<p>The center can also organize training at heights, e.g. for electricians at poles, in the location proposed by the client. If you have any additional questions, please do not hesitate to contact us. We encourage you to participate in our training!<\/p>\n<h2><strong>Why is it worth training? <\/strong><\/h2>\n<p>We have been successfully educating professionals in our center for over 25 years. We provide training to improve professional qualifications for adults to the highest standard in accordance with the ISO 29990 standard of education quality. such as: general construction works, painting facades and roofs, repair or snow removal from roofs. Obtaining a height license in the field of construction access gives you a variety of employment opportunities, both in Poland and abroad. We also encourage you to familiarize yourself with the offer of other mountaineering training courses organized by our center: rope access training and IRATA altitude training<\/p>\n<p><img loading=\"lazy\" decoding=\"async\" class=\"aligncenter wp-image-3631 size-large\" src=\"https:\/\/kursy-udt.pl\/wp-content\/uploads\/2022\/01\/kursy-udt-dostep-budowlany-1024x640.png\" alt=\"\" width=\"1024\" height=\"640\" srcset=\"https:\/\/kursy-udt.pl\/wp-content\/uploads\/2022\/01\/kursy-udt-dostep-budowlany-1024x640.png 1024w, https:\/\/kursy-udt.pl\/wp-content\/uploads\/2022\/01\/kursy-udt-dostep-budowlany-300x188.png 300w, https:\/\/kursy-udt.pl\/wp-content\/uploads\/2022\/01\/kursy-udt-dostep-budowlany-768x480.png 768w, https:\/\/kursy-udt.pl\/wp-content\/uploads\/2022\/01\/kursy-udt-dostep-budowlany-624x390.png 624w, https:\/\/kursy-udt.pl\/wp-content\/uploads\/2022\/01\/kursy-udt-dostep-budowlany.png 1200w\" sizes=\"auto, (max-width: 1024px) 100vw, 1024px\" \/><\/p>","protected":false},"excerpt":{"rendered":"<p>Zapraszamy na kurs dost\u0119pu budowlanego, organizowany przez ERGON. Ju\u017c od ponad 25 lat skutecznie kszta\u0142cimy zawodowc\u00f3w. Szkolenie realizowane jest zgodnie z norm\u0105 BS 8454. Profesjonalnie i przyst\u0119pnie pomagamy zdoby\u0107 uprawnienia wysoko\u015bciowe w zakresie dost\u0119pu budowlanego. Czym jest dost\u0119p budowlany? Szkolenie wysoko\u015bciowe zwane dost\u0119pem budowlanym adresowane jest do wszystkich kt\u00f3rzy w czasie wykonywania swojej pracy nara\u017ceni s\u0105 na upadek z wysoko\u015bci. Prac\u0105 na wysoko\u015bci w rozumieniu Rozporz\u0105dzenia Ministra Pracy i Polityki Socjalnej z dnia 26 wrze\u015bnia 1997 r. w sprawie og\u00f3lnych przepis\u00f3w bezpiecze\u0144stwa i higieny pracy z p\u00f3\u017cn. zm. (tekst jedn.: Dz. U. z 2003 r., nr 169, poz. 1650 ze zm.) jest praca wykonywana na powierzchni znajduj\u0105cej si\u0119 na wysoko\u015bci co najmniej 1,0 m nad poziomem pod\u0142ogi lub ziemi. O pracy na wysoko\u015bci m\u00f3wimy od 1m a od 2m zachodzi obowi\u0105zek stosowania SOI (\u015brodk\u00f3w ochrony indywidualnej). Dotyczy to wszystkich kt\u00f3rzy w trakcie wykonywania obowi\u0105zk\u00f3w s\u0142u\u017cbowych znajduj\u0105 si\u0119 na podwy\u017cszeniach oraz tych kt\u00f3rzy pracuj\u0105c przy zag\u0142\u0119bieniach, zbiornikach, w\u0142azach czy studzienkach mog\u0105 dozna\u0107 urazu na skutek upadku z wysoko\u015bci. Szkolenia wysoko\u015bciowe z zakresu dost\u0119pu budowlanego polecane s\u0105 pracownikom, kt\u00f3rzy wykonuj\u0105c powierzone im zadania u\u017cywaj\u0105 przede wszystkim w\u0142asnych r\u0105k a \u015arodki Ochrony Indywidualnej &#8211; SOI stosuj\u0105 g\u0142\u00f3wnie do ochrony przed upadkiem z wysoko\u015bci w trakcie wykonywania pracy. Prace na wysoko\u015bci w dost\u0119pie budowlanym wykonywane s\u0105 na: s\u0142upach energetycznych, kratownicach, masztach, konstrukcjach wie\u017cowych, kominach, dachach p\u0142askich i stromych o r\u00f3\u017cnym nachyleniu, konstrukcjach budowlanych bez strop\u00f3w, rusztowaniach, drabinach, podno\u015bnikach, pomostach, podestach, galeriach, klamrach i innych podwy\u017cszeniach oraz elementach konstrukcji. &nbsp; Kurs z dost\u0119pu budowlanego kierujemy szczeg\u00f3lnie do: pracownik\u00f3w og\u00f3lnobudowlanych pracownik\u00f3w [&hellip;]<\/p>\n","protected":false},"author":1,"featured_media":3612,"parent":2263,"menu_order":0,"comment_status":"closed","ping_status":"closed","template":"","meta":{"sfsi_plus_gutenberg_text_before_share":"","sfsi_plus_gutenberg_show_text_before_share":"","sfsi_plus_gutenberg_icon_type":"","sfsi_plus_gutenberg_icon_alignemt":"","sfsi_plus_gutenburg_max_per_row":"","footnotes":""},"class_list":["post-3611","page","type-page","status-publish","has-post-thumbnail","hentry","has_thumb"],"aioseo_notices":[],"_links":{"self":[{"href":"https:\/\/kursy-udt.pl\/en\/wp-json\/wp\/v2\/pages\/3611","targetHints":{"allow":["GET"]}}],"collection":[{"href":"https:\/\/kursy-udt.pl\/en\/wp-json\/wp\/v2\/pages"}],"about":[{"href":"https:\/\/kursy-udt.pl\/en\/wp-json\/wp\/v2\/types\/page"}],"author":[{"embeddable":true,"href":"https:\/\/kursy-udt.pl\/en\/wp-json\/wp\/v2\/users\/1"}],"replies":[{"embeddable":true,"href":"https:\/\/kursy-udt.pl\/en\/wp-json\/wp\/v2\/comments?post=3611"}],"version-history":[{"count":9,"href":"https:\/\/kursy-udt.pl\/en\/wp-json\/wp\/v2\/pages\/3611\/revisions"}],"predecessor-version":[{"id":4775,"href":"https:\/\/kursy-udt.pl\/en\/wp-json\/wp\/v2\/pages\/3611\/revisions\/4775"}],"up":[{"embeddable":true,"href":"https:\/\/kursy-udt.pl\/en\/wp-json\/wp\/v2\/pages\/2263"}],"wp:featuredmedia":[{"embeddable":true,"href":"https:\/\/kursy-udt.pl\/en\/wp-json\/wp\/v2\/media\/3612"}],"wp:attachment":[{"href":"https:\/\/kursy-udt.pl\/en\/wp-json\/wp\/v2\/media?parent=3611"}],"curies":[{"name":"wp","href":"https:\/\/api.w.org\/{rel}","templated":true}]}}