{"id":3605,"date":"2022-01-12T15:08:32","date_gmt":"2022-01-12T15:08:32","guid":{"rendered":"https:\/\/kursy-udt.pl\/?page_id=3605"},"modified":"2024-10-23T12:48:31","modified_gmt":"2024-10-23T10:48:31","slug":"rope-access","status":"publish","type":"page","link":"https:\/\/kursy-udt.pl\/en\/szkolenia\/wysokosciowe-na-uprawnienia-alpinistyczne\/dostepu-linowego\/","title":{"rendered":"Rope access course for industrial purposes - compliant with BS 7985 standard"},"content":{"rendered":"<p><img loading=\"lazy\" decoding=\"async\" class=\"paddingleft10 alignleft wp-image-3607 size-medium\" src=\"https:\/\/kursy-udt.pl\/wp-content\/uploads\/2022\/01\/screen_2x-4-300x200.jpg\" alt=\"\" width=\"300\" height=\"200\" srcset=\"https:\/\/kursy-udt.pl\/wp-content\/uploads\/2022\/01\/screen_2x-4-300x200.jpg 300w, https:\/\/kursy-udt.pl\/wp-content\/uploads\/2022\/01\/screen_2x-4-1024x683.jpg 1024w, https:\/\/kursy-udt.pl\/wp-content\/uploads\/2022\/01\/screen_2x-4-768x512.jpg 768w, https:\/\/kursy-udt.pl\/wp-content\/uploads\/2022\/01\/screen_2x-4-1536x1024.jpg 1536w, https:\/\/kursy-udt.pl\/wp-content\/uploads\/2022\/01\/screen_2x-4-624x416.jpg 624w, https:\/\/kursy-udt.pl\/wp-content\/uploads\/2022\/01\/screen_2x-4.jpg 1600w\" sizes=\"auto, (max-width: 300px) 100vw, 300px\" \/><\/p>\n<p>ERGON invites you to professional training in rope access for industrial purposes, meeting international standards. We ensure that our training coincides with BS 7985 (Code for the use of rope access methods for industrial purposes).<\/p>\n<p><strong>Why should you trust us?<\/strong><\/p>\n<p>ODK ERGON is an entity that educates high-level specialists in technical fields. We have existed in the educational services market continuously for 25 years. The knowledge gained during this time makes us experts in the implementation of training projects.<\/p>\n<p>Our <a href=\"https:\/\/kursy-udt.pl\/en\/szkolenia\/wysokosciowe-na-uprawnienia-alpinistyczne\/dostep-linowy\/\">rope access course<\/a> for industrial use, compliant with BS 7985, is a high-quality training product, involving resources such as:<\/p>\n<ul>\n<li>qualified and experienced instructors,<\/li>\n<li>full training infrastructure,<\/li>\n<li>competent customer service specialists at every stage of cooperation,<\/li>\n<li>modern teaching methods and solidly developed training materials.<\/li>\n<\/ul>\n<p>We effectively and expertly train future industrial climbers!<\/p>\n<div class=\"filmw\">\n<div class=\"responsive-youtube\" style=\"text-align: center;\"><iframe loading=\"lazy\" title=\"YouTube video player\" src=\"https:\/\/www.youtube.com\/embed\/Lf4dfMhJft0\" width=\"560\" height=\"315\" frameborder=\"0\" allowfullscreen=\"allowfullscreen\"><\/iframe><\/div>\n<\/div>\n<p><strong>What is industrial mountaineering?<\/strong><\/p>\n<p>Industrial mountaineering refers to a situation where a worker carries out work at height using rope access methods for industrial purposes. While performing the work, he or she is on a suspension and uses two independent ropes at the same time - a work rope and a belay rope. Their use is necessary for: establishing the worker's position during the work, ascending and descending from the workstation and belaying.<\/p>\n<p>Strict safety procedures and specialised fall protection equipment are used to ensure the safest possible conditions for working at height. Climbing techniques are used when the use of other methods (e.g. construction access) is not economically viable, too risky or in cases where these techniques are the only feasible execution solution. Furthermore, rope access is an environmentally friendly method as it does not require the use of invasive access equipment.<\/p>\n<p>The future industrial climber should be characterised by excellent physical fitness. Adequate training is also essential for this profession, the essence of which is to combine theoretical aspects with intensive training during practical classes.<\/p>\n<p><strong>What kind of work does a person with a mountaineering licence do?<\/strong><\/p>\n<p>A person with rope access qualifications for industrial purposes, while at height, can carry out work such as:<\/p>\n<ul>\n<li>activities around high voltage poles, telecommunications towers and masts,<\/li>\n<li>activities in the restoration of monuments,<\/li>\n<li>cleaning of window and fa\u00e7ade surfaces of high-rise buildings,<\/li>\n<li>removing layers of snow and ice from roofs or other building elements,<\/li>\n<li>carrying out reinforcement work on coastal cliffs,<\/li>\n<li>cleaning, inspection and maintenance of platforms at sea,<\/li>\n<li>assembly and renovation of reinforced concrete structures,<\/li>\n<li>civil engineering construction work,<\/li>\n<li>tree felling.<\/li>\n<\/ul>\n<p><strong>Rope access course for industrial purposes at ERGON<\/strong><\/p>\n<p>Our course is based on a system, developed according to best practice, respecting the values disseminated by organisations such as OTDL and SPRAT. It takes into account both international and national regulations in the area of work at height, including the EN 12841 standard. The course programme includes theoretical and practical preparation in rope access at the same level as level (leveller) P 1\/ L 1 according to the OTDL or SPRAT skills classification.<\/p>\n<p>As part of the practical part of the course, skills training is carried out using specialised structures that are part of our <a href=\"https:\/\/kursy-udt.pl\/en\/o-firmie\/\">training centre<\/a>. During classes, we use professional fall protection equipment, i.e. fall arrest systems, safety harnesses, connectors, shock absorbers, self-braking devices, low stretch braided core ropes, safety lines, industrial safety helmets. Students learn to use both temporary and permanent belay systems. Training takes place under strict compliance with safety rules for working at height.<\/p>\n<p><strong>The training programme includes:<\/strong><\/p>\n<ul>\n<li>dual rope handling system: working and belay ropes,<\/li>\n<li>preparing the workstation and planning the activities,<\/li>\n<li>rules for the daily inspection of equipment before use,<\/li>\n<li>principles of equipment maintenance,<\/li>\n<li>risk assessment of working at height,<\/li>\n<li>principles of evacuation, self-rescue at height,<\/li>\n<li>harmful factors at work at height,<\/li>\n<li>current standards and regulations governing safety at height,<\/li>\n<li>health and safety regulations in force during work.<\/li>\n<\/ul>\n<p><em>Duration of training: 5 days + 1 exam day (total of 6 days of 8 h per day).<\/em><\/p>\n<p><em>During the classes we focus on practical skills!<\/em><\/p>\n<p><strong>The certificate, which constitutes <a href=\"https:\/\/kursy-udt.pl\/en\/uprawnienia-udt\/kategorie-uprawnien-2\/\">entitlements<\/a><\/strong><\/p>\n<p>A certificate of qualification for working at height with rope access is issued after passing an examination. It contains a detailed description of the qualifications gained. In accordance with the BS 7985 standard, it is issued in Polish and English. The certificate takes the form of a plastic card with a hologram and image in English and a paper document in A4 format with a hologram and image (Polish-English).<\/p>\n<p>The qualification is recognised nationally and internationally.<\/p>\n<p><strong>Requirements for students<\/strong><\/p>\n<p>In order to enrol on a high altitude course with rope access for industrial purposes, each person should meet the following formal requirements:<\/p>\n<ul>\n<li>completed age of 18 years,<\/li>\n<li>at least primary education,<\/li>\n<li>good physical fitness (to the extent that it is possible to work at height),<\/li>\n<li>submission of a certificate from an occupational physician stating that there are no health contraindications to work in the position\/under certain conditions.<\/li>\n<\/ul>\n<p><strong>Reasonably priced course with rope access for industrial purposes<\/strong><\/p>\n<p>ERGON cares about the high quality of its courses, but does not overprice! Our prices therefore remain competitive.<\/p>\n<p>For organised groups, we have prepared attractive discounts.<\/p>\n<p>Should questions arise, we encourage you to contact us. Our training consultants will provide all the information, advice and help with the paperwork.<\/p>\n<p><strong>Information about the training venue<\/strong><\/p>\n<p><a href=\"https:\/\/kursy-udt.pl\/en\/szkolenia\/wysokosciowe-na-uprawnienia-alpinistyczne\/\">Altitude training<\/a> Rope access for industrial purposes takes place at the OSO facility - Operator Training Centre, located in Warsaw's Ursus at 5\/272A Gierdziejewskiego Street. Practical classes, including instruction and training, are conducted in a specially prepared training hall equipped with highly specialised equipment including PETZL brand on a professional structure H=12m x W 7m X L10m, which meets the requirements for courses carried out by organisations such as OTDL or SPRAT. The training infrastructure also includes industrial ladders, platforms and trusses, as well as approved anchor points (fixed belay points).<\/p>\n<p>The organiser provides a meal and refreshments as part of the training.<\/p>\n<p><strong>Rope access training for industrial purposes at ERGON - why is it worth it?<\/strong><\/p>\n<p>Employees with industrial rope access qualifications are sought after by employers to carry out a wide variety of work, in places such as high-rise buildings, tall structures, monuments, cliffs, floating platforms and much more. Our training equips future industrial climbers with the knowledge and skills necessary to carry out the work they do safely and make the right decisions in emergency situations, and solidly prepares them for the exam.<\/p>\n<p>We make every effort to ensure that cooperation with us is satisfactory. We ensure that we take care of a high level of education and convenience for the customer at every stage of cooperation in the implementation of training.<\/p>\n<p>Welcome to our rope access course for industrial purposes! We implement it according to our own system taking into account the most important values for the industry, as expressed at ERGON:<\/p>\n<ul>\n<li>attention to high safety standards when working at height,<\/li>\n<li>improving rope access methods,<\/li>\n<li>developing a code of best practice,<\/li>\n<li>improving staff in the area of rope access.<\/li>\n<\/ul>\n<p><strong>If you want to get the qualification for yourself or are thinking of having your employees have it, we invite you to contact us. Choose<\/strong><\/p>\n<p><a href=\"https:\/\/kursy-udt.pl\/wp-content\/uploads\/2022\/06\/kursy-udt-dostep-budowlany.png\"><img loading=\"lazy\" decoding=\"async\" class=\"aligncenter wp-image-3834\" src=\"https:\/\/kursy-udt.pl\/wp-content\/uploads\/2022\/06\/kursy-udt-dostep-budowlany-300x188.png\" alt=\"\" width=\"750\" height=\"469\" srcset=\"https:\/\/kursy-udt.pl\/wp-content\/uploads\/2022\/06\/kursy-udt-dostep-budowlany-300x188.png 300w, https:\/\/kursy-udt.pl\/wp-content\/uploads\/2022\/06\/kursy-udt-dostep-budowlany-1024x640.png 1024w, https:\/\/kursy-udt.pl\/wp-content\/uploads\/2022\/06\/kursy-udt-dostep-budowlany-768x480.png 768w, https:\/\/kursy-udt.pl\/wp-content\/uploads\/2022\/06\/kursy-udt-dostep-budowlany-624x390.png 624w, https:\/\/kursy-udt.pl\/wp-content\/uploads\/2022\/06\/kursy-udt-dostep-budowlany.png 1200w\" sizes=\"auto, (max-width: 750px) 100vw, 750px\" \/><\/a><\/p>\n<p>&nbsp;<\/p>","protected":false},"excerpt":{"rendered":"<p>ERGON zaprasza na profesjonalne szkolenie z dost\u0119pu linowego do cel\u00f3w przemys\u0142owych, spe\u0142niaj\u0105ce standardy mi\u0119dzynarodowe. Zapewniamy, \u017ce nasze szkolenie jest zbie\u017cne z norm\u0105 BS 7985 (kodeks stosowania metod dost\u0119pu linowego dla cel\u00f3w przemys\u0142owych). Dlaczego warto zaufa\u0107 w\u0142a\u015bnie nam? ODK ERGON jest podmiotem kszta\u0142c\u0105cym wysokiej klasy specjalist\u00f3w z dziedzin technicznych. Istniejemy na rynku us\u0142ug edukacyjnych nieprzerwanie od 25 lat. Wiedza zdobyta w tym czasie czyni nas ekspertami w zakresie realizacji projekt\u00f3w szkoleniowych. Nasz kurs dost\u0119pu linowego do cel\u00f3w przemys\u0142owych, zgodny z norm\u0105 BS 7985, to wysokojako\u015bciowy produkt szkoleniowy, anga\u017cuj\u0105cy zasoby takie jak: wykwalifikowana i do\u015bwiadczona kadra instruktorska, pe\u0142na infrastruktura szkoleniowa, kompetentni specjali\u015bci ds. obs\u0142ugi klienta na ka\u017cdym etapie wsp\u00f3\u0142pracy, nowoczesne metody dydaktyczne oraz solidnie opracowane materia\u0142y szkoleniowe. Efektywnie i fachowo kszta\u0142cimy przysz\u0142ych alpinist\u00f3w przemys\u0142owych! Na czym polega alpinizm przemys\u0142owy? Alpinizm przemys\u0142owy dotyczy sytuacji, w kt\u00f3rej pracownik przeprowadza prace na wysoko\u015bci, korzystaj\u0105c z metod dost\u0119pu linowego do cel\u00f3w przemys\u0142owych. Podczas wykonywania pracy, znajduje si\u0119 on na podwieszeniu i wykorzystuje jednocze\u015bnie dwie niezale\u017cne liny &#8211; robocz\u0105 i asekuracyjn\u0105. Ich u\u017cycie jest niezb\u0119dne do: ustalenia pozycji pracownika podczas pracy, wchodzenia i zjazdu ze stanowiska pracy oraz asekuracji. W celu zapewnienia jak najbezpieczniejszych warunk\u00f3w do pracy na wysoko\u015bci, stosuje si\u0119 surowe procedury bezpiecze\u0144stwa oraz specjalistyczny sprz\u0119t do ochrony przed upadkiem z wysoko\u015bci. Z technik alpinistycznych korzysta si\u0119 wtedy, kiedy zastosowanie innych metod (np. dost\u0119pu budowlanego) jest nieefektywne ekonomicznie, obci\u0105\u017cone zbyt wysokim ryzykiem lub w przypadkach, gdy te techniki s\u0105 jedynym mo\u017cliwym rozwi\u0105zaniem wykonawczym. Co wi\u0119cej, dost\u0119p linowy jest metod\u0105 przyjazn\u0105 dla \u015brodowiska, poniewa\u017c nie wymaga stosowania inwazyjnego sprz\u0119tu dost\u0119powego. Przysz\u0142y alpinista [&hellip;]<\/p>\n","protected":false},"author":1,"featured_media":3607,"parent":2263,"menu_order":0,"comment_status":"closed","ping_status":"closed","template":"","meta":{"sfsi_plus_gutenberg_text_before_share":"","sfsi_plus_gutenberg_show_text_before_share":"","sfsi_plus_gutenberg_icon_type":"","sfsi_plus_gutenberg_icon_alignemt":"","sfsi_plus_gutenburg_max_per_row":"","footnotes":""},"class_list":["post-3605","page","type-page","status-publish","has-post-thumbnail","hentry","has_thumb"],"aioseo_notices":[],"_links":{"self":[{"href":"https:\/\/kursy-udt.pl\/en\/wp-json\/wp\/v2\/pages\/3605","targetHints":{"allow":["GET"]}}],"collection":[{"href":"https:\/\/kursy-udt.pl\/en\/wp-json\/wp\/v2\/pages"}],"about":[{"href":"https:\/\/kursy-udt.pl\/en\/wp-json\/wp\/v2\/types\/page"}],"author":[{"embeddable":true,"href":"https:\/\/kursy-udt.pl\/en\/wp-json\/wp\/v2\/users\/1"}],"replies":[{"embeddable":true,"href":"https:\/\/kursy-udt.pl\/en\/wp-json\/wp\/v2\/comments?post=3605"}],"version-history":[{"count":8,"href":"https:\/\/kursy-udt.pl\/en\/wp-json\/wp\/v2\/pages\/3605\/revisions"}],"predecessor-version":[{"id":6129,"href":"https:\/\/kursy-udt.pl\/en\/wp-json\/wp\/v2\/pages\/3605\/revisions\/6129"}],"up":[{"embeddable":true,"href":"https:\/\/kursy-udt.pl\/en\/wp-json\/wp\/v2\/pages\/2263"}],"wp:featuredmedia":[{"embeddable":true,"href":"https:\/\/kursy-udt.pl\/en\/wp-json\/wp\/v2\/media\/3607"}],"wp:attachment":[{"href":"https:\/\/kursy-udt.pl\/en\/wp-json\/wp\/v2\/media?parent=3605"}],"curies":[{"name":"wp","href":"https:\/\/api.w.org\/{rel}","templated":true}]}}