{"id":3600,"date":"2022-01-12T15:00:11","date_gmt":"2022-01-12T15:00:11","guid":{"rendered":"https:\/\/kursy-udt.pl\/?page_id=3600"},"modified":"2024-10-23T12:37:22","modified_gmt":"2024-10-23T10:37:22","slug":"rope-access-2","status":"publish","type":"page","link":"https:\/\/kursy-udt.pl\/en\/szkolenia\/wysokosciowe-na-uprawnienia-alpinistyczne\/dostep-linowy\/","title":{"rendered":"Rope access course"},"content":{"rendered":"<p><img loading=\"lazy\" decoding=\"async\" class=\"paddingleft10 alignleft wp-image-3601 size-medium\" src=\"https:\/\/kursy-udt.pl\/wp-content\/uploads\/2022\/01\/screen_2x-300x188.webp\" alt=\"\" width=\"300\" height=\"188\" srcset=\"https:\/\/kursy-udt.pl\/wp-content\/uploads\/2022\/01\/screen_2x-300x188.webp 300w, https:\/\/kursy-udt.pl\/wp-content\/uploads\/2022\/01\/screen_2x-1024x640.webp 1024w, https:\/\/kursy-udt.pl\/wp-content\/uploads\/2022\/01\/screen_2x-768x480.webp 768w, https:\/\/kursy-udt.pl\/wp-content\/uploads\/2022\/01\/screen_2x-1536x960.webp 1536w, https:\/\/kursy-udt.pl\/wp-content\/uploads\/2022\/01\/screen_2x-624x390.webp 624w, https:\/\/kursy-udt.pl\/wp-content\/uploads\/2022\/01\/screen_2x.webp 1600w\" sizes=\"auto, (max-width: 300px) 100vw, 300px\" \/>We invite you to the rope access training, organized by ERGON. We have been successfully educating experts for over 25 years! The rope access course follows the BS7985 standard. We prepare for conquest in a professional and effective way <a href=\"https:\/\/kursy-udt.pl\/en\/uprawnienia-udt\/kategorie-uprawnien-2\/\">permissions<\/a> mountaineering.<\/p>\n<h2><strong>What is rope access? <\/strong><\/h2>\n<p>Rope access training (also known as mountaineering work) - allows you to use ropes (and other equipment) to determine the position of the employee, belay, as well as to enter and exit the workplace and the use of ropes on traverses. Acquiring such skills requires physical fitness, acquiring professional knowledge and specialist training.<\/p>\n<p>Rope access altitude courses concern situations in which an employee performs his tasks while being suspended and two ropes must be used during work: working and safety ropes. The use of mountaineering equipment in rope access is aimed at: stabilizing the working position by supporting or suspending, and protection against falling from a height during the performance of tasks. Climbing access methods are used wherever the use of other techniques (e.g. building access) is not economically justified, is too risky or is technically impossible.<\/p>\n<div class=\"filmw\">\n<div class=\"responsive-youtube\" style=\"text-align: center;\"><iframe loading=\"lazy\" title=\"YouTube video player\" src=\"https:\/\/www.youtube.com\/embed\/Lf4dfMhJft0\" width=\"560\" height=\"315\" frameborder=\"0\" allowfullscreen=\"allowfullscreen\"><\/iframe><\/div>\n<\/div>\n<p><strong>The rope access course is intended for people working at:<\/strong><\/p>\n<ul>\n<li>cleaning windows and facades of high-rise buildings<\/li>\n<li>painting facades of buildings<\/li>\n<li>installation of large-format advertisements<\/li>\n<li>servicing telecommunications masts<\/li>\n<li>cleaning and painting tanks<\/li>\n<li>assembly and renovation of steel or reinforced concrete structures<\/li>\n<li>and to companies that want to outsource training of their employees<\/li>\n<\/ul>\n<p>The training is aimed at people who work with mountaineering techniques.<\/p>\n<div style=\"width: 640px;\" class=\"wp-video\"><video id=\"video-3600-1\" width=\"640\" height=\"360\" poster=\"https:\/\/kursy-udt.pl\/wp-content\/uploads\/2023\/02\/20230127_030434_0000.jpg\" preload=\"metadata\" controls=\"controls\"><source type=\"video\/mp4\" src=\"https:\/\/kursy-udt.pl\/wp-content\/uploads\/2023\/02\/ACCEPTED-alpinista-4K-kursy-udt.mp4?_=1\" \/><a href=\"https:\/\/kursy-udt.pl\/wp-content\/uploads\/2023\/02\/ACCEPTED-alpinista-4K-kursy-udt.mp4\">https:\/\/kursy-udt.pl\/wp-content\/uploads\/2023\/02\/ACCEPTED-alpinista-4K-kursy-udt.mp4<\/a><\/video><\/div>\n<h2><strong>Training<\/strong><\/h2>\n<p>The practical part of the course is carried out on specially prepared structures that are the permanent equipment of the training center. Workshops during the training are carried out with the use of equipment such as: fall arrest systems, safety harnesses, connectors, shock absorbers, self-locking devices, low-stretch braided core ropes, safety lines, connectors, shock absorbers, industrial safety helmets, we also use temporary and permanent belaying systems such as, for example, a lifeline. The training covers the rope access system based on the PN-EN 12841 standard.<\/p>\n<p>The course program provides complete, theoretical and practical preparation for work in the field of rope access.<\/p>\n<p><strong>The training includes topics such as:<\/strong><\/p>\n<ul>\n<li>characteristics of work at height and the associated risks<\/li>\n<li>preparation of the workplace and planning activities<\/li>\n<li>personal protective equipment (PPE), their selection, use and control<\/li>\n<li>learning to tie knots used in rope access<\/li>\n<li>daily equipment check before use and maintenance<\/li>\n<li>system for handling double ropes: working and belaying<\/li>\n<li>ways of moving on the ropes: ascent and descent<\/li>\n<li>moving along exposed horizontal and oblique sections<\/li>\n<li>hanging shock and fall factor<\/li>\n<li>work in a narrow or small position<\/li>\n<li>crossing the rope protection, transfer from rope to rope<\/li>\n<li>use of the bench at work<\/li>\n<li>causes and prevention of typical accidents<\/li>\n<li>risk assessment and plan B, iOZ<\/li>\n<li>solving simple emergency situations (evacuation from the descender)<\/li>\n<li>free fall distance estimation (deceleration and total fall)<\/li>\n<li>harmful factors occurring in work at height<\/li>\n<li>principles of evacuation, auto-rescue at height<\/li>\n<li>current standards and regulations regarding the safety of work at height<\/li>\n<li>health and safety regulations in force during work.<\/li>\n<\/ul>\n<p><strong>Duration of training: 2 days, in small groups, most of the time practical. <\/strong><\/p>\n<p><strong>After completing the training, the trainee receives<\/strong><\/p>\n<p>Certificate confirming the completion of ERGON training in Polish and English, recognized in Poland and abroad, based on the BS7985 standard. The center issues certificates in the form of: a plastic card with a hologram and an image in English or a paper card in A4 format with a hologram and image (Polish-English). The certificates contain a detailed description of the obtained qualifications to work at height.<\/p>\n<h2><strong>Requirements<\/strong><\/h2>\n<p>To sign up for <a href=\"https:\/\/kursy-udt.pl\/en\/szkolenia\/wysokosciowe-na-uprawnienia-alpinistyczne\/\">altitude course<\/a> in the field of rope access, the following requirements must be met:<\/p>\n<ul>\n<li>18 years or older<\/li>\n<li>education, at least basic<\/li>\n<li>physical fitness to a degree enabling work at height<\/li>\n<li>altitude tests issued by an occupational medicine physician<\/li>\n<\/ul>\n<h2><strong>Course price<\/strong><\/h2>\n<p>The resort offers a very favorable price for kuru. We have prepared attractive discounts for larger groups. A detailed price offer can be found here In case of additional questions <a href=\"https:\/\/kursy-udt.pl\/en\/kontakt\/\">please contact us<\/a> at the number: +48 22 290 29 09 or email: <a href=\"mailto:biuro@platformaedukacji.pl\">biuro@platformaedukacji.pl<\/a> our employees will answer them in detail.<\/p>\n<h2><strong>Where are the trainings taking place?<\/strong><\/h2>\n<p>Activities in <a href=\"https:\/\/kursy-udt.pl\/en\/o-firmie\/\">ERGON centre<\/a> are conducted by certified instructors and examiners with the highest qualifications.  Rope access high altitude training is conducted in the Training Hall of our ERGON Operator Training Centre in Warsaw Ursus at 5\/272A Gierdziejewskiego Street. The Centre carries out practical training in the hall using equipment from PETZL, among others, on a specialised construction H=12m x W 7m X L10m, which meets the requirements of OTDL<span style=\"display:none;\">, IRATA<\/span>. equipment includes industrial ladders, platforms and trusses, as well as certified anchor points (fixed belay points). The organiser provides a meal and refreshments.<\/p>\n<p>If you have any additional questions, please do not hesitate to contact us. We invite you to participate in our training!<\/p>\n<h2><strong>Why is it worth training? <\/strong><\/h2>\n<p>Training to work at height using mountaineering techniques, completed with the acquisition of rope access qualifications, helps to gain high-paid employment both in Poland and abroad. The course gives you the opportunity to work for min. in industrial sectors such as: construction, mobile telephony, energy, mining; in high bay warehouses.<\/p>\n<p>We also encourage you to find out more about other mountaineering training courses organised by our centre: construction access training and height training<span style=\"display:none;\"> IRATA type<\/span>.<\/p>\n<p><img loading=\"lazy\" decoding=\"async\" class=\"aligncenter wp-image-3627 size-large\" src=\"https:\/\/kursy-udt.pl\/wp-content\/uploads\/2022\/01\/kursy-udt-008-wysokosciowe-dostep-linowy-1024x640.png\" alt=\"\" width=\"1024\" height=\"640\" srcset=\"https:\/\/kursy-udt.pl\/wp-content\/uploads\/2022\/01\/kursy-udt-008-wysokosciowe-dostep-linowy-1024x640.png 1024w, https:\/\/kursy-udt.pl\/wp-content\/uploads\/2022\/01\/kursy-udt-008-wysokosciowe-dostep-linowy-300x188.png 300w, https:\/\/kursy-udt.pl\/wp-content\/uploads\/2022\/01\/kursy-udt-008-wysokosciowe-dostep-linowy-768x480.png 768w, https:\/\/kursy-udt.pl\/wp-content\/uploads\/2022\/01\/kursy-udt-008-wysokosciowe-dostep-linowy-624x390.png 624w, https:\/\/kursy-udt.pl\/wp-content\/uploads\/2022\/01\/kursy-udt-008-wysokosciowe-dostep-linowy.png 1200w\" sizes=\"auto, (max-width: 1024px) 100vw, 1024px\" \/><\/p>","protected":false},"excerpt":{"rendered":"<p>Zapraszamy na szkolenie z dost\u0119pu linowego, organizowany przez ERGON. Ju\u017c od ponad 25 lat z sukcesem kszta\u0142cimy ekspert\u00f3w! Kurs z dost\u0119pu linowego realizowany jest wed\u0142ug normy BS7985. W profesjonalny i skuteczny spos\u00f3b przygotowujemy do zdobycia uprawnie\u0144 alpinistycznych. Czym jest dost\u0119p linowy? Szkolenie z dost\u0119pu linowego (zwanego r\u00f3wnie\u017c pracami alpinistycznymi) \u2013 pozwala na u\u017cywanie lin (oraz innego sprz\u0119tu) do ustalania pozycji pracownika, asekuracji, a tak\u017ce do wchodzenia i zjazdu z miejsca pracy oraz u\u017cycie lin na trawersach. Zdobycie takich umiej\u0119tno\u015bci wymaga posiadania sprawno\u015bci fizycznej, przyswojenia fachowej wiedzy i specjalistycznego wyszkolenia. Kursy wysoko\u015bciowe w zakresie dost\u0119pu linowego dotycz\u0105 sytuacji, w kt\u00f3rych pracownik wykonuje swoje zadania w podwieszeniu a przy pracy musz\u0105 by\u0107 u\u017cyte dwie liny: robocza i asekuracyjna. U\u017cycie sprz\u0119tu alpinistycznego w dost\u0119pie linowym ma na celu: stabilizacj\u0119 pozycji roboczej przez podparcie czy podwieszenie oraz ochron\u0119 przed upadkiem z wysoko\u015bci w trakcie wykonywania zada\u0144. Metod dost\u0119pu alpinistycznego u\u017cywa si\u0119 wsz\u0119dzie tam, gdzie u\u017cycie innych technik (np. dost\u0119pu budowlanego) nie znajduje uzasadnienia ekonomicznego, jest obarczone zbyt du\u017cym ryzykiem lub jest technicznie niewykonalne. Kurs z dost\u0119pu linowego kierujemy do os\u00f3b pracuj\u0105cych przy: myciu okien i fasad wie\u017cowc\u00f3w malowaniu elewacji budynk\u00f3w monta\u017cu reklam wielkoformatowych obs\u0142udze maszt\u00f3w telekomunikacyjnych czyszczeniu i malowaniu zbiornik\u00f3w monta\u017cu i remoncie konstrukcji stalowych czy \u017celbetowych oraz do firm, kt\u00f3re chc\u0105 zleci\u0107 szkolenia swoich pracownik\u00f3w Szkolenie skierowane jest do os\u00f3b wykonuj\u0105cych prac\u0119 technikami alpinistycznymi. Szkolenie Cz\u0119\u015b\u0107 praktyczna kursu realizowana jest na specjalnie przygotowanych konstrukcjach b\u0119d\u0105cych sta\u0142ym wyposa\u017ceniem o\u015brodka szkole\u0144. Warsztaty na szkoleniu odbywaj\u0105 si\u0119 z u\u017cyciem wyposa\u017cenia takiego jak: systemy powstrzymywania spadania, szelki bezpiecze\u0144stwa, \u0142\u0105czniki, amortyzatory, urz\u0105dzenia samohamowne, [&hellip;]<\/p>\n","protected":false},"author":1,"featured_media":3601,"parent":2263,"menu_order":0,"comment_status":"closed","ping_status":"closed","template":"","meta":{"sfsi_plus_gutenberg_text_before_share":"","sfsi_plus_gutenberg_show_text_before_share":"","sfsi_plus_gutenberg_icon_type":"","sfsi_plus_gutenberg_icon_alignemt":"","sfsi_plus_gutenburg_max_per_row":"","footnotes":""},"class_list":["post-3600","page","type-page","status-publish","has-post-thumbnail","hentry","has_thumb"],"aioseo_notices":[],"_links":{"self":[{"href":"https:\/\/kursy-udt.pl\/en\/wp-json\/wp\/v2\/pages\/3600","targetHints":{"allow":["GET"]}}],"collection":[{"href":"https:\/\/kursy-udt.pl\/en\/wp-json\/wp\/v2\/pages"}],"about":[{"href":"https:\/\/kursy-udt.pl\/en\/wp-json\/wp\/v2\/types\/page"}],"author":[{"embeddable":true,"href":"https:\/\/kursy-udt.pl\/en\/wp-json\/wp\/v2\/users\/1"}],"replies":[{"embeddable":true,"href":"https:\/\/kursy-udt.pl\/en\/wp-json\/wp\/v2\/comments?post=3600"}],"version-history":[{"count":9,"href":"https:\/\/kursy-udt.pl\/en\/wp-json\/wp\/v2\/pages\/3600\/revisions"}],"predecessor-version":[{"id":6127,"href":"https:\/\/kursy-udt.pl\/en\/wp-json\/wp\/v2\/pages\/3600\/revisions\/6127"}],"up":[{"embeddable":true,"href":"https:\/\/kursy-udt.pl\/en\/wp-json\/wp\/v2\/pages\/2263"}],"wp:featuredmedia":[{"embeddable":true,"href":"https:\/\/kursy-udt.pl\/en\/wp-json\/wp\/v2\/media\/3601"}],"wp:attachment":[{"href":"https:\/\/kursy-udt.pl\/en\/wp-json\/wp\/v2\/media?parent=3600"}],"curies":[{"name":"wp","href":"https:\/\/api.w.org\/{rel}","templated":true}]}}