{"id":36,"date":"2014-02-10T17:12:23","date_gmt":"2014-02-10T17:12:23","guid":{"rendered":"http:\/\/kursy-udt.kwiaty0.pl\/?page_id=36"},"modified":"2022-12-05T11:39:52","modified_gmt":"2022-12-05T11:39:52","slug":"rises","status":"publish","type":"page","link":"https:\/\/kursy-udt.pl\/en\/szkolenia\/zwyzki\/","title":{"rendered":"Training for rises"},"content":{"rendered":"<div style=\"float: left; padding-right: 10px;\"><img decoding=\"async\" src=\"\/wp-content\/uploads\/2014\/03\/szkolenia-na-podnosnik.jpeg\" alt=\"rise course Warsaw - photo\" \/><\/div>\n<div class=\"wyjustuj\">\n<p>In <a href=\"https:\/\/kursy-udt.pl\/en\/o-firmie\/\">ERGON Personnel Training Center<\/a> we offer a professional course for scissor lifts, self-propelled and other. Our goal is to comprehensively train each participant so that he can obtain key qualifications for increases in accordance with UDT regulations. Thanks to us, employees know the principles of operation and operation of the device very well - the training courses cover the subject comprehensively and thanks to the fact that they are conducted by experts in their field, they are the best investment for both the employee and the employer. We make every effort to ensure the lowest possible prices for our lift training. We have prepared additional price reductions for larger groups!<\/p>\n<p>Each training course for platforms at our centre is divided into a theoretical and practical part, which is why it covers the subject matter in its entirety and allows employees to prepare solidly for the UDT exam and to pass it successfully. Participants in the boom lift training receive, among other things, information on how to operate the equipment safely in accordance with the provisions of the Office of Technical Inspection and <a href=\"https:\/\/kursy-udt.pl\/en\/szkolenia\/bhp-bezpieczenstwo-pracy\/prawna-ochrona-pracy\/\">Health and Safety<\/a> on working at height, as well as information on the construction and principles of operation of these machines. We also provide practical classes that allow participants to acquire the necessary skills to operate the equipment. Courses organised at our Centre are the best choice!<\/p>\n<div class=\"filmw\">\n<div class=\"responsive-youtube\" style=\"text-align: center;\"><iframe loading=\"lazy\" title=\"YouTube video player\" src=\"https:\/\/www.youtube.com\/embed\/sadG__ZRQI8\" width=\"560\" height=\"315\" frameborder=\"0\" allowfullscreen=\"allowfullscreen\"><\/iframe><\/div>\n<\/div>\n<h2><strong>Application<\/strong><\/h2>\n<p>Aerial platforms, which are also referred to as aerial work platforms, are devices classified as <span class=\"linkwartykule\">movable platforms<\/span>. They are designed for quick erection of people, equipment or materials to a certain height in order to carry out the commissioned work in this way, for example in the construction, advertising and service industries. These devices are used in construction, assembly, installation, decoration, cleaning and many other works, during which it is necessary to get to a certain height, while setting up the scaffolding would not be an economical solution.<\/p>\n<p>The platforms can be used both outdoors and indoors, including those with high ceilings. This makes them versatile. The platforms can be self-propelled, i.e. mounted on motor vehicles, or slow-moving, which include scissor, telescopic and articulated platforms. The authorizations necessary to operate them are referred to as I P.<\/p>\n<h2><strong>Purpose of the training<\/strong><\/h2>\n<p>Our training is intended for people over 18 years of age and having at least basic education. It is also necessary to provide medical certificates that there are no contraindications for the profession of operator.<\/p>\n<p>The aim of the training offered is to provide theoretical information and practical classes that are to teach the participant the correct operation of the device and obtain confirmation of these skills. <a href=\"https:\/\/kursy-udt.pl\/en\/uprawnienia-udt\/kategorie-uprawnien-2\/\">UDT qualifications<\/a>. An employee with appropriate qualifications may then participate in work with the use of increases.<\/p>\n<p>With the ERGON Card Training Center it is even easier to obtain qualifications for increases. We cordially invite you to use our services!<\/p>\n<\/div>\n<p><a href=\"https:\/\/kursy-udt.pl\/wp-content\/uploads\/2022\/12\/16-kurs-zwyzki-nozycowe-kursy-udt.pl_.png\"><img loading=\"lazy\" decoding=\"async\" class=\"aligncenter wp-image-4526\" src=\"https:\/\/kursy-udt.pl\/wp-content\/uploads\/2022\/12\/16-kurs-zwyzki-nozycowe-kursy-udt.pl_-300x188.png\" alt=\"\" width=\"750\" height=\"469\" srcset=\"https:\/\/kursy-udt.pl\/wp-content\/uploads\/2022\/12\/16-kurs-zwyzki-nozycowe-kursy-udt.pl_-300x188.png 300w, https:\/\/kursy-udt.pl\/wp-content\/uploads\/2022\/12\/16-kurs-zwyzki-nozycowe-kursy-udt.pl_-1024x640.png 1024w, https:\/\/kursy-udt.pl\/wp-content\/uploads\/2022\/12\/16-kurs-zwyzki-nozycowe-kursy-udt.pl_-768x480.png 768w, https:\/\/kursy-udt.pl\/wp-content\/uploads\/2022\/12\/16-kurs-zwyzki-nozycowe-kursy-udt.pl_-18x12.png 18w, https:\/\/kursy-udt.pl\/wp-content\/uploads\/2022\/12\/16-kurs-zwyzki-nozycowe-kursy-udt.pl_-624x390.png 624w, https:\/\/kursy-udt.pl\/wp-content\/uploads\/2022\/12\/16-kurs-zwyzki-nozycowe-kursy-udt.pl_.png 1200w\" sizes=\"auto, (max-width: 750px) 100vw, 750px\" \/><\/a><\/p>\n<div class=\"button_styl\" style=\"float: right; padding-left: 15px; padding-bottom: 8px; margin-bottom: 5px;\"><a class=\"myButton myButton_maly\" href=\"https:\/\/platformaedukacji.pl\/login\/signup.php\" target=\"_blank\" rel=\"nofollow noopener noreferrer\"><span style=\"color: white;\">Sign up for training<\/span><\/a><\/div>","protected":false},"excerpt":{"rendered":"<p>W O\u015brodku Doskonalenia Kadr ERGON oferujemy profesjonalny kurs na zwy\u017cki no\u017cycowe, samojezdne i inne. Naszym celem jest kompleksowe przeszkolenie ka\u017cdego uczestnika, aby m\u00f3g\u0142 uzyska\u0107 on kluczowe uprawnienia na zwy\u017cki zgodnie z przepisami UDT. Dzi\u0119ki nam pracownicy bardzo dobrze znaj\u0105 zasady dzia\u0142ania oraz obs\u0142ug\u0119 urz\u0105dzenia \u2013 szkolenia kompleksowo obejmuj\u0105 temat i dzi\u0119ki temu, \u017ce prowadzone s\u0105 przez ekspert\u00f3w w swojej dziedzinie, s\u0105 najlepsz\u0105 inwestycj\u0105 zar\u00f3wno dla pracownika, jak i dla pracodawcy. Dok\u0142adamy wszelkich stara\u0144, aby zapewni\u0107 tak\u017ce jak najni\u017csze ceny na nasze szkolenia na zwy\u017cki. Dla wi\u0119kszych grup przygotowali\u015bmy dodatkowe obni\u017cki cen! Ka\u017cdy kurs na zwy\u017cki w naszym O\u015brodku jest podzielony na cz\u0119\u015b\u0107 teoretyczn\u0105 i cz\u0119\u015b\u0107 praktyczn\u0105, dlatego ca\u0142o\u015bciowo ujmuje tematyk\u0119 i pozwala na solidne przygotowanie pracownik\u00f3w do podej\u015bcia do egzaminu UDT oraz jego pozytywnego zaliczenia. Podczas szkolenia na zwy\u017cki jego uczestnicy otrzymuj\u0105 mi\u0119dzy innymi informacje na temat zasad bezpiecznego operowania urz\u0105dzeniem zgodnie z przepisami Urz\u0119du Dozoru Technicznego oraz BHP w zakresie prac na wysoko\u015bci, a tak\u017ce informacje na temat budowy i zasad dzia\u0142ania tych maszyn. Prowadzimy r\u00f3wnie\u017c zaj\u0119cia praktyczne, kt\u00f3re pozwalaj\u0105 uczestnikom zdoby\u0107 niezb\u0119dne umiej\u0119tno\u015bci w zakresie operowania urz\u0105dzeniem. Kursy organizowane w naszym O\u015brodku to najlepszy wyb\u00f3r! Zastosowanie Zwy\u017cki, kt\u00f3re okre\u015blane s\u0105 tak\u017ce mianem podno\u015bnik\u00f3w koszowych, s\u0105 urz\u0105dzeniami zaliczanymi do podest\u00f3w ruchomych. S\u0105 one przeznaczone do szybkiego wznoszenia na okre\u015blon\u0105 wysoko\u015b\u0107 os\u00f3b, wyposa\u017cenia czy materia\u0142\u00f3w, aby realizowa\u0107 w ten spos\u00f3b zlecone prace, na przyk\u0142ad w bran\u017cy budowlanej, reklamowej, us\u0142ugowej. Urz\u0105dzenia te s\u0105 stosowane przy pracach budowlanych, monta\u017cowych, instalacyjnych, dekoratorskich, pracach czy\u015bcicielskich i wielu innych, podczas kt\u00f3rych niezb\u0119dne jest dostanie si\u0119 na okre\u015blon\u0105 wysoko\u015b\u0107, przy czym [&hellip;]<\/p>\n","protected":false},"author":1,"featured_media":3427,"parent":65,"menu_order":0,"comment_status":"closed","ping_status":"closed","template":"","meta":{"sfsi_plus_gutenberg_text_before_share":"","sfsi_plus_gutenberg_show_text_before_share":"","sfsi_plus_gutenberg_icon_type":"","sfsi_plus_gutenberg_icon_alignemt":"","sfsi_plus_gutenburg_max_per_row":"","footnotes":""},"class_list":["post-36","page","type-page","status-publish","has-post-thumbnail","hentry","has_thumb"],"aioseo_notices":[],"_links":{"self":[{"href":"https:\/\/kursy-udt.pl\/en\/wp-json\/wp\/v2\/pages\/36","targetHints":{"allow":["GET"]}}],"collection":[{"href":"https:\/\/kursy-udt.pl\/en\/wp-json\/wp\/v2\/pages"}],"about":[{"href":"https:\/\/kursy-udt.pl\/en\/wp-json\/wp\/v2\/types\/page"}],"author":[{"embeddable":true,"href":"https:\/\/kursy-udt.pl\/en\/wp-json\/wp\/v2\/users\/1"}],"replies":[{"embeddable":true,"href":"https:\/\/kursy-udt.pl\/en\/wp-json\/wp\/v2\/comments?post=36"}],"version-history":[{"count":29,"href":"https:\/\/kursy-udt.pl\/en\/wp-json\/wp\/v2\/pages\/36\/revisions"}],"predecessor-version":[{"id":4529,"href":"https:\/\/kursy-udt.pl\/en\/wp-json\/wp\/v2\/pages\/36\/revisions\/4529"}],"up":[{"embeddable":true,"href":"https:\/\/kursy-udt.pl\/en\/wp-json\/wp\/v2\/pages\/65"}],"wp:featuredmedia":[{"embeddable":true,"href":"https:\/\/kursy-udt.pl\/en\/wp-json\/wp\/v2\/media\/3427"}],"wp:attachment":[{"href":"https:\/\/kursy-udt.pl\/en\/wp-json\/wp\/v2\/media?parent=36"}],"curies":[{"name":"wp","href":"https:\/\/api.w.org\/{rel}","templated":true}]}}