{"id":3549,"date":"2021-09-03T14:04:15","date_gmt":"2021-09-03T14:04:15","guid":{"rendered":"https:\/\/kursy-udt.pl\/?page_id=3549"},"modified":"2022-12-16T08:37:58","modified_gmt":"2022-12-16T08:37:58","slug":"equipment-for-disabled-people-lifts-maintenance","status":"publish","type":"page","link":"https:\/\/kursy-udt.pl\/en\/szkolenia\/udt-wdt-tdt\/urzadzenia-niepelnosprawni-podnosniki-konserwacja\/","title":{"rendered":"Maintenance course for equipment for the disabled: platforms and lifts"},"content":{"rendered":"<p><a href=\"https:\/\/kursy-udt.pl\/wp-content\/uploads\/2021\/09\/kursy-udt.pl-0027-OPUBLIKOWANY-v19-Copy.jpg\"><img loading=\"lazy\" decoding=\"async\" class=\"paddingleft10 alignleft wp-image-3550 size-medium\" src=\"https:\/\/kursy-udt.pl\/wp-content\/uploads\/2021\/09\/kursy-udt.pl-0027-OPUBLIKOWANY-v19-Copy-300x225.jpg\" alt=\"Devices for transporting people with disabilities are a type of electric or hydraulic powered lift\" width=\"300\" height=\"225\" srcset=\"https:\/\/kursy-udt.pl\/wp-content\/uploads\/2021\/09\/kursy-udt.pl-0027-OPUBLIKOWANY-v19-Copy-300x225.jpg 300w, https:\/\/kursy-udt.pl\/wp-content\/uploads\/2021\/09\/kursy-udt.pl-0027-OPUBLIKOWANY-v19-Copy-1024x768.jpg 1024w, https:\/\/kursy-udt.pl\/wp-content\/uploads\/2021\/09\/kursy-udt.pl-0027-OPUBLIKOWANY-v19-Copy-768x576.jpg 768w, https:\/\/kursy-udt.pl\/wp-content\/uploads\/2021\/09\/kursy-udt.pl-0027-OPUBLIKOWANY-v19-Copy-1536x1152.jpg 1536w, https:\/\/kursy-udt.pl\/wp-content\/uploads\/2021\/09\/kursy-udt.pl-0027-OPUBLIKOWANY-v19-Copy-640x480.jpg 640w, https:\/\/kursy-udt.pl\/wp-content\/uploads\/2021\/09\/kursy-udt.pl-0027-OPUBLIKOWANY-v19-Copy-624x468.jpg 624w, https:\/\/kursy-udt.pl\/wp-content\/uploads\/2021\/09\/kursy-udt.pl-0027-OPUBLIKOWANY-v19-Copy.jpg 2048w\" sizes=\"auto, (max-width: 300px) 100vw, 300px\" \/><\/a>Platforms for transporting people with reduced mobility are installed in places with architectural barriers: stairs, narrow doors or thresholds. They enable a person in a wheelchair or on crutches to get to the higher floors of a building: home, office, clinic or university. Lifts are a type of hydraulically or electric powered crane. They are classified as handling devices and, in accordance with the regulations, they are subject to technical supervision. This means that in order to be able to carry out repairs and maintenance works on such devices, you must have a certificate issued by the Office of Technical Inspection <a href=\"https:\/\/kursy-udt.pl\/en\/uprawnienia-udt\/kategorie-uprawnien-2\/\">entitlements<\/a>.<\/p>\n<p>We invite you to take a course, the completion of which, together with a passed state examination, will enable you to obtain such qualifications. Thanks to this, you will be able to work as a maintenance worker for handling equipment in any company or plant specializing in the repair of this type of equipment.<\/p>\n<h2>The program of the course of maintenance of devices for the transport of disabled people<\/h2>\n<p>The training consists of a theoretical part - lectures and a practical part. Our instructors have experience in conducting classes for future conservators, they provide knowledge in an accessible and activating manner. During the classes you will learn, among others:<\/p>\n<ul>\n<li>What are the types of platforms for the transportation of disabled people<\/li>\n<li>How electric and hydraulic powered devices are built<\/li>\n<li>Typical faults faced by conservators of handling equipment<\/li>\n<li>Regulations related to the maintenance of equipment for the disabled<\/li>\n<li>Duties as a conservator of handling equipment<\/li>\n<li>Principles <a href=\"https:\/\/kursy-udt.pl\/en\/szkolenia\/bhp-bezpieczenstwo-pracy\/prawna-ochrona-pracy\/\">Health and Safety<\/a> and first aid in case of accidents and emergencies<\/li>\n<\/ul>\n<p>After the lecture, participants take part in practical classes, during which they learn about the construction of transport platforms, learn about the safety rules of operation and learn methods of repairing the most popular faults.<\/p>\n<p>The standard course lasts from 38 to 96 hours, but this time may be shorter for people who have already worked with handling equipment. Such people may need less time to study during the practical part. It is agreed individually with the teacher.<\/p>\n<h2>Examination for UDT qualifications<\/h2>\n<p>The course is a preparation for work as a maintenance technician, but its completion is not sufficient to be able to work. According to the regulations, the conservator must pass the examination carried out by the UDT and only if the result is positive, he receives the appropriate qualifications.<\/p>\n<p>The exam is organized by the Center in cooperation with UDT. This means that students do not have to register for an exam at a branch of the Office. The written (test) and oral exam is carried out on the date specified by UDT, to which the dates of our training courses are adjusted.<\/p>\n<p>With qualifications, you can perform repair, maintenance and mandatory technical inspections of all types of equipment for transporting disabled people.<\/p>\n<h2><a href=\"https:\/\/kursy-udt.pl\/wp-content\/uploads\/2021\/09\/kursy-udt.pl-0027-OPUBLIKOWANY-v20-Copy.jpg\"><img loading=\"lazy\" decoding=\"async\" class=\"alignnone wp-image-3551 size-large\" src=\"https:\/\/kursy-udt.pl\/wp-content\/uploads\/2021\/09\/kursy-udt.pl-0027-OPUBLIKOWANY-v20-Copy-768x1024.jpg\" alt=\" Maintenance of equipment for the transport of disabled people requires authorization \" width=\"768\" height=\"1024\" srcset=\"https:\/\/kursy-udt.pl\/wp-content\/uploads\/2021\/09\/kursy-udt.pl-0027-OPUBLIKOWANY-v20-Copy-768x1024.jpg 768w, https:\/\/kursy-udt.pl\/wp-content\/uploads\/2021\/09\/kursy-udt.pl-0027-OPUBLIKOWANY-v20-Copy-225x300.jpg 225w, https:\/\/kursy-udt.pl\/wp-content\/uploads\/2021\/09\/kursy-udt.pl-0027-OPUBLIKOWANY-v20-Copy-1152x1536.jpg 1152w, https:\/\/kursy-udt.pl\/wp-content\/uploads\/2021\/09\/kursy-udt.pl-0027-OPUBLIKOWANY-v20-Copy-624x832.jpg 624w, https:\/\/kursy-udt.pl\/wp-content\/uploads\/2021\/09\/kursy-udt.pl-0027-OPUBLIKOWANY-v20-Copy.jpg 1200w\" sizes=\"auto, (max-width: 768px) 100vw, 768px\" \/><\/a><\/h2>\n<h2>Requirements for participants<\/h2>\n<p>We invite all people who are 18 years of age or older, have completed at least primary school and have no health contraindications for practicing the profession of a conservator.<\/p>\n<p>In order for the training to be fully effective, we require the participants to have basic knowledge of mechanics, machine science and electrical engineering.<\/p>\n<h2>Practical information<\/h2>\n<p>Maintenance training courses take place on a regular basis at different locations. We have branches in several large cities, and our headquarters is in Warsaw. We also conduct closed training for companies - in the case of such training, the date and place are adapted to the needs of the employer and employees.<\/p>\n<p>If you would like to take part in the course and obtain the qualifications of a restorer, we invite you to book a place on our website www.platformaedukacji.pl. There you will find current training dates with locations, prices and other details. Payments can be made via the PayNow or BLIK system, such as Przelewy24.<\/p>\n<p>If you have additional questions or doubts, please contact us by phone or e-mail.<\/p>\n<p><a href=\"https:\/\/kursy-udt.pl\/wp-content\/uploads\/2022\/12\/Reklama-Na-Kursy-7.png\"><img loading=\"lazy\" decoding=\"async\" class=\"aligncenter wp-image-4576\" src=\"https:\/\/kursy-udt.pl\/wp-content\/uploads\/2022\/12\/Reklama-Na-Kursy-7-300x188.png\" alt=\"\" width=\"750\" height=\"469\" srcset=\"https:\/\/kursy-udt.pl\/wp-content\/uploads\/2022\/12\/Reklama-Na-Kursy-7-300x188.png 300w, https:\/\/kursy-udt.pl\/wp-content\/uploads\/2022\/12\/Reklama-Na-Kursy-7-1024x640.png 1024w, https:\/\/kursy-udt.pl\/wp-content\/uploads\/2022\/12\/Reklama-Na-Kursy-7-768x480.png 768w, https:\/\/kursy-udt.pl\/wp-content\/uploads\/2022\/12\/Reklama-Na-Kursy-7-18x12.png 18w, https:\/\/kursy-udt.pl\/wp-content\/uploads\/2022\/12\/Reklama-Na-Kursy-7-624x390.png 624w, https:\/\/kursy-udt.pl\/wp-content\/uploads\/2022\/12\/Reklama-Na-Kursy-7.png 1200w\" sizes=\"auto, (max-width: 750px) 100vw, 750px\" \/><\/a><\/p>\n<p>&nbsp;<\/p>","protected":false},"excerpt":{"rendered":"<p>Platformy do transportu os\u00f3b niepe\u0142nosprawnych ruchowo s\u0105 montowane w miejscach z barierami architektonicznymi: schodami, w\u0105skimi drzwiami czy progami. Umo\u017cliwiaj\u0105 one osobie poruszaj\u0105cej si\u0119 na w\u00f3zku czy o kulach dostanie si\u0119 na wy\u017csze pi\u0119tra budynku: domu, urz\u0119du, przychodni czy uczelni. Podno\u015bniki s\u0105 rodzajem d\u017awigu zasilanego hydraulicznie lub elektrycznie. Zalicza si\u0119 je do urz\u0105dze\u0144 transportu bliskiego i zgodnie z przepisami s\u0105 one obj\u0119te dozorem technicznym. Oznacza to, \u017ce aby m\u00f3c wykonywa\u0107 naprawy i prace konserwacyjne przy takich urz\u0105dzeniach, trzeba posiada\u0107 wydane przez Urz\u0105d Dozoru Technicznego uprawnienia. Zapraszamy Pa\u0144stwa na kurs, kt\u00f3rego uko\u0144czenie, wraz ze zdanym egzaminem pa\u0144stwowym, umo\u017cliwi zdobycie takich uprawnie\u0144. Dzi\u0119ki temu b\u0119d\u0105 mogli Pa\u0144stwo podj\u0105\u0107 prac\u0119 konserwatora urz\u0105dze\u0144 transportu bliskiego w dowolnej firmie czy zak\u0142adzie specjalizuj\u0105cych si\u0119 w naprawach tego typu sprz\u0119tu. Program kursu konserwacji urz\u0105dze\u0144 do transportu os\u00f3b niepe\u0142nosprawnych Szkolenie sk\u0142ada si\u0119 z cz\u0119\u015bci teoretycznej &#8211; wyk\u0142ad\u00f3w oraz praktycznej. Nasi instruktorzy maj\u0105 do\u015bwiadczenie w prowadzeniu zaj\u0119\u0107 dla przysz\u0142ych konserwator\u00f3w, przekazuj\u0105 wiedz\u0119 w spos\u00f3b przyst\u0119pny i aktywizuj\u0105cy uczestnik\u00f3w. Podczas zaj\u0119\u0107 dowiedz\u0105 si\u0119 Pa\u0144stwo mi\u0119dzy innymi: Jakie s\u0105 rodzaje platform do transportu os\u00f3b niepe\u0142nosprawnych W jaki spos\u00f3b s\u0105 zbudowane urz\u0105dzenia zasilane elektrycznie i hydraulicznie Typowe usterki, z jakimi maj\u0105 do czynienia konserwatorzy urz\u0105dze\u0144 transportu bliskiego Przepisy zwi\u0105zane z konserwacj\u0105 urz\u0105dze\u0144 dla os\u00f3b niepe\u0142nosprawnych Obowi\u0105zki na stanowisku konserwatora urz\u0105dze\u0144 transportu bliskiego Zasady BHP i udzielania pierwszej pomocy w przypadku awarii i wypadk\u00f3w Po cz\u0119\u015bci wyk\u0142adowej uczestnicy bior\u0105 udzia\u0142 w zaj\u0119ciach praktycznych, w trakcie kt\u00f3rych zapoznaj\u0105 si\u0119 z budow\u0105 platform do transportu, poznaj\u0105 zasady bezpiecze\u0144stwa obowi\u0105zuj\u0105ce przy eksploatacji i ucz\u0105 si\u0119 metod naprawiania najpopularniejszych usterek. Kurs trwa standardowo [&hellip;]<\/p>\n","protected":false},"author":1,"featured_media":3550,"parent":2721,"menu_order":0,"comment_status":"closed","ping_status":"closed","template":"","meta":{"sfsi_plus_gutenberg_text_before_share":"","sfsi_plus_gutenberg_show_text_before_share":"","sfsi_plus_gutenberg_icon_type":"","sfsi_plus_gutenberg_icon_alignemt":"","sfsi_plus_gutenburg_max_per_row":"","footnotes":""},"class_list":["post-3549","page","type-page","status-publish","has-post-thumbnail","hentry","has_thumb"],"aioseo_notices":[],"_links":{"self":[{"href":"https:\/\/kursy-udt.pl\/en\/wp-json\/wp\/v2\/pages\/3549","targetHints":{"allow":["GET"]}}],"collection":[{"href":"https:\/\/kursy-udt.pl\/en\/wp-json\/wp\/v2\/pages"}],"about":[{"href":"https:\/\/kursy-udt.pl\/en\/wp-json\/wp\/v2\/types\/page"}],"author":[{"embeddable":true,"href":"https:\/\/kursy-udt.pl\/en\/wp-json\/wp\/v2\/users\/1"}],"replies":[{"embeddable":true,"href":"https:\/\/kursy-udt.pl\/en\/wp-json\/wp\/v2\/comments?post=3549"}],"version-history":[{"count":4,"href":"https:\/\/kursy-udt.pl\/en\/wp-json\/wp\/v2\/pages\/3549\/revisions"}],"predecessor-version":[{"id":4577,"href":"https:\/\/kursy-udt.pl\/en\/wp-json\/wp\/v2\/pages\/3549\/revisions\/4577"}],"up":[{"embeddable":true,"href":"https:\/\/kursy-udt.pl\/en\/wp-json\/wp\/v2\/pages\/2721"}],"wp:featuredmedia":[{"embeddable":true,"href":"https:\/\/kursy-udt.pl\/en\/wp-json\/wp\/v2\/media\/3550"}],"wp:attachment":[{"href":"https:\/\/kursy-udt.pl\/en\/wp-json\/wp\/v2\/media?parent=3549"}],"curies":[{"name":"wp","href":"https:\/\/api.w.org\/{rel}","templated":true}]}}