{"id":3536,"date":"2021-09-03T13:20:43","date_gmt":"2021-09-03T13:20:43","guid":{"rendered":"https:\/\/kursy-udt.pl\/?page_id=3536"},"modified":"2025-03-12T09:36:17","modified_gmt":"2025-03-12T08:36:17","slug":"operation-of-mobile-railways","status":"publish","type":"page","link":"https:\/\/kursy-udt.pl\/en\/szkolenia\/udt-wdt-tdt\/obsluga-ruchomych-kolejowe\/","title":{"rendered":"Course in the use of mobile platforms on railway vehicles"},"content":{"rendered":"<p><a href=\"https:\/\/kursy-udt.pl\/wp-content\/uploads\/2021\/09\/kursy-udt.pl-0025-OPUBLIKOWANE-v15-Copy.jpg\"><img loading=\"lazy\" decoding=\"async\" class=\"paddingleft10 alignleft wp-image-3541 size-medium\" src=\"https:\/\/kursy-udt.pl\/wp-content\/uploads\/2021\/09\/kursy-udt.pl-0025-OPUBLIKOWANE-v15-Copy-300x225.jpg\" alt=\"The operator of mobile platforms on railway vehicles works on repairs and maintenance of railway infrastructure \" width=\"300\" height=\"225\" srcset=\"https:\/\/kursy-udt.pl\/wp-content\/uploads\/2021\/09\/kursy-udt.pl-0025-OPUBLIKOWANE-v15-Copy-300x225.jpg 300w, https:\/\/kursy-udt.pl\/wp-content\/uploads\/2021\/09\/kursy-udt.pl-0025-OPUBLIKOWANE-v15-Copy-1024x768.jpg 1024w, https:\/\/kursy-udt.pl\/wp-content\/uploads\/2021\/09\/kursy-udt.pl-0025-OPUBLIKOWANE-v15-Copy-768x576.jpg 768w, https:\/\/kursy-udt.pl\/wp-content\/uploads\/2021\/09\/kursy-udt.pl-0025-OPUBLIKOWANE-v15-Copy-640x480.jpg 640w, https:\/\/kursy-udt.pl\/wp-content\/uploads\/2021\/09\/kursy-udt.pl-0025-OPUBLIKOWANE-v15-Copy-624x468.jpg 624w, https:\/\/kursy-udt.pl\/wp-content\/uploads\/2021\/09\/kursy-udt.pl-0025-OPUBLIKOWANE-v15-Copy.jpg 1200w\" sizes=\"auto, (max-width: 300px) 100vw, 300px\" \/><\/a><a href=\"https:\/\/kursy-udt.pl\/en\/szkolenia\/udt-wdt-tdt\/ruchome-na-kolejowych-konserwacja\/\">Mobile platforms on railway vehicles<\/a> are classified as handling equipment under technical supervision. To operate them, it is necessary to have permissions issued by the Transport Technical Office. The course we offer allows you to acquire these qualifications. The course includes an exam conducted by TDT, and the scope of issues discussed during the course corresponds to those required during the exam.<\/p>\n<p>We invite to the classes both specialists who already work in the profession of an operator of handling equipment, possessing <a href=\"https:\/\/kursy-udt.pl\/en\/uprawnienia-udt\/kategorie-uprawnien-2\/\">entitlements<\/a> on other types of platforms, as well as people without work experience.<\/p>\n<h2>Course for railway mobile platforms - service<\/h2>\n<div style=\"width: 640px;\" class=\"wp-video\"><video id=\"video-3536-1\" width=\"640\" height=\"360\" poster=\"https:\/\/kursy-udt.pl\/wp-content\/uploads\/2023\/02\/20230127_031102_0000.jpg\" preload=\"metadata\" controls=\"controls\"><source type=\"video\/mp4\" src=\"https:\/\/kursy-udt.pl\/wp-content\/uploads\/2023\/02\/ACCEPTED-operator-podestow-4K-kursy-udt.mp4?_=1\" \/><a href=\"https:\/\/kursy-udt.pl\/wp-content\/uploads\/2023\/02\/ACCEPTED-operator-podestow-4K-kursy-udt.mp4\">https:\/\/kursy-udt.pl\/wp-content\/uploads\/2023\/02\/ACCEPTED-operator-podestow-4K-kursy-udt.mp4<\/a><\/video><\/div>\n<p><strong>The course program covers the following topics:<\/strong><\/p>\n<ul>\n<li>Construction of mobile platforms on railway vehicles, their types and purpose<\/li>\n<li>Principles <a href=\"https:\/\/kursy-udt.pl\/en\/szkolenia\/bhp-bezpieczenstwo-pracy\/prawna-ochrona-pracy\/\">Health and Safety<\/a> applicable to the operation of this type of equipment<\/li>\n<li>Stability of platforms<\/li>\n<li>Activity before during and after work<\/li>\n<li>Electrical, mechanical and hydraulic protection<\/li>\n<li>Safety obligations of the operator of railway platforms<\/li>\n<li>Getting to know the operating manual and technical documentation<\/li>\n<li>Provisions of the act on technical inspection<\/li>\n<\/ul>\n<p>The theoretical part is supplemented by practical classes, during which participants learn how to use the platforms in the scope required for the exam.<\/p>\n<p>The duration of the classes is from 10 to 35 hours, it can be shortened for people who have already worked with this type of platforms and need less time to read the material.<\/p>\n<p>The course for railway elevators and the UDT exam may be attended by people who:<\/p>\n<ul>\n<li>They have at least primary education<\/li>\n<li>They are over 18 years old<\/li>\n<li>A declaration that there are no health contraindications<\/li>\n<\/ul>\n<p>People who would like to sign up for the training, please visit our website <a href=\"https:\/\/platformaedukacji.pl\/sklep\/\">www.platformaedukacji.pl<\/a>. There you will find details about dates, locations, prices and more. The reservation is made by adding the selected date to the basket and making the payment.<\/p>\n<p>Classes are held in several locations throughout Poland. We also have the option of organizing a closed training course for your company. In this case <a href=\"https:\/\/kursy-udt.pl\/en\/kontakt\/\">please contact us<\/a> by phone or e-mail.<\/p>\n<div class=\"filmw\">\n<div class=\"responsive-youtube\" style=\"text-align: center;\"><iframe loading=\"lazy\" title=\"YouTube video player\" src=\"https:\/\/www.youtube.com\/embed\/sadG__ZRQI8\" width=\"560\" height=\"315\" frameborder=\"0\" allowfullscreen=\"allowfullscreen\"><\/iframe><\/div>\n<\/div>\n<h2>Authorizations to operate railway mobile platforms<\/h2>\n<p>The course includes an examination conducted by authorized persons on behalf of TDT. Our Center acts as an intermediary in the organization of the exam, representing students before the Office. We deal with participant registration and other organizational issues. The topics discussed during the training are in line with the current TDT examination requirements, thanks to which the students are properly prepared to check their qualifications.<\/p>\n<p><img loading=\"lazy\" decoding=\"async\" class=\"alignnone wp-image-6166 size-large\" src=\"https:\/\/kursy-udt.pl\/wp-content\/uploads\/2025\/03\/IMG_0025-1024x768.jpg\" alt=\"\" width=\"1024\" height=\"768\" srcset=\"https:\/\/kursy-udt.pl\/wp-content\/uploads\/2025\/03\/IMG_0025-1024x768.jpg 1024w, https:\/\/kursy-udt.pl\/wp-content\/uploads\/2025\/03\/IMG_0025-300x225.jpg 300w, https:\/\/kursy-udt.pl\/wp-content\/uploads\/2025\/03\/IMG_0025-768x576.jpg 768w, https:\/\/kursy-udt.pl\/wp-content\/uploads\/2025\/03\/IMG_0025-1536x1152.jpg 1536w, https:\/\/kursy-udt.pl\/wp-content\/uploads\/2025\/03\/IMG_0025-2048x1536.jpg 2048w, https:\/\/kursy-udt.pl\/wp-content\/uploads\/2025\/03\/IMG_0025-16x12.jpg 16w, https:\/\/kursy-udt.pl\/wp-content\/uploads\/2025\/03\/IMG_0025-640x480.jpg 640w, https:\/\/kursy-udt.pl\/wp-content\/uploads\/2025\/03\/IMG_0025-624x468.jpg 624w\" sizes=\"auto, (max-width: 1024px) 100vw, 1024px\" \/><\/p>\n<p>After passing the test and practical part, the candidate for the operator is granted TDT qualifications. They are valid for 10 years and are valid for all types of platforms mounted on railway vehicles.<\/p>\n<p>With TDT qualifications, you can take up employment in railway companies dealing in repairs, maintenance and construction of infrastructure. Companies that perform such work as subcontractors are also looking for specialists in this field.<\/p>\n<p><a href=\"https:\/\/kursy-udt.pl\/wp-content\/uploads\/2022\/12\/PODESTY-RUCHOME-kursy-udt.pl_.png\"><img loading=\"lazy\" decoding=\"async\" class=\"aligncenter wp-image-4531\" src=\"https:\/\/kursy-udt.pl\/wp-content\/uploads\/2022\/12\/PODESTY-RUCHOME-kursy-udt.pl_-300x188.png\" alt=\"\" width=\"750\" height=\"469\" srcset=\"https:\/\/kursy-udt.pl\/wp-content\/uploads\/2022\/12\/PODESTY-RUCHOME-kursy-udt.pl_-300x188.png 300w, https:\/\/kursy-udt.pl\/wp-content\/uploads\/2022\/12\/PODESTY-RUCHOME-kursy-udt.pl_-1024x640.png 1024w, https:\/\/kursy-udt.pl\/wp-content\/uploads\/2022\/12\/PODESTY-RUCHOME-kursy-udt.pl_-768x480.png 768w, https:\/\/kursy-udt.pl\/wp-content\/uploads\/2022\/12\/PODESTY-RUCHOME-kursy-udt.pl_-18x12.png 18w, https:\/\/kursy-udt.pl\/wp-content\/uploads\/2022\/12\/PODESTY-RUCHOME-kursy-udt.pl_-624x390.png 624w, https:\/\/kursy-udt.pl\/wp-content\/uploads\/2022\/12\/PODESTY-RUCHOME-kursy-udt.pl_.png 1200w\" sizes=\"auto, (max-width: 750px) 100vw, 750px\" \/><\/a><\/p>\n<p>&nbsp;<\/p>","protected":false},"excerpt":{"rendered":"<p>Podesty ruchome na pojazdach kolejowych s\u0105 zaliczane do urz\u0105dze\u0144 transportu bliskiego, obj\u0119tych dozorem technicznym. Do ich obs\u0142ugi konieczne jest posiadanie uprawnie\u0144 wydawanych przez Transportowy Urz\u0105d Techniczny. Oferowany przez nas kurs umo\u017cliwia zdobycie tych uprawnie\u0144. W ramach kursu odbywa si\u0119 przeprowadzany przez TDT egzamin, a zakres zagadnie\u0144 poruszanych podczas zaj\u0119\u0107 odpowiada tym wymaganym podczas egzaminu. Na zaj\u0119cia zapraszamy zar\u00f3wno specjalist\u00f3w pracuj\u0105cych ju\u017c w zawodzie operatora urz\u0105dze\u0144 transportu bliskiego, posiadaj\u0105cych uprawnienia na inne rodzaje podest\u00f3w, jak i osoby bez do\u015bwiadczenia zawodowego. Kurs na podesty ruchome kolejowe &#8211; obs\u0142uga Program kursu obejmuje nast\u0119puj\u0105ce zagadnienia: Budowa podest\u00f3w ruchomych na pojazdach kolejowych, ich rodzaje i przeznaczenie Zasady BHP obowi\u0105zuj\u0105ce przy obs\u0142udze tego typu urz\u0105dze\u0144 Stateczno\u015b\u0107 podest\u00f3w Czynno\u015b\u0107 przed w czasie i po zako\u0144czeniu pracy Zabezpieczenia elektryczne, mechaniczne i hydrauliczne Obowi\u0105zki operatora podest\u00f3w kolejowych w zakresie bezpiecze\u0144stwa Zapoznawanie si\u0119 z instrukcj\u0105 obs\u0142ugi i dokumentacj\u0105 techniczn\u0105 Przepisy ustawy o dozorze technicznym Uzupe\u0142nieniem cz\u0119\u015bci teoretycznej s\u0105 zaj\u0119cia praktyczne, w ramach kt\u00f3rych uczestnicy ucz\u0105 si\u0119 obs\u0142ugi podest\u00f3w w zakresie wymaganym na egzaminie. Czas trwania zaj\u0119\u0107 wynosi od 10 do 35 godzin, mo\u017ce zosta\u0107 skr\u00f3cony w przypadku os\u00f3b, kt\u00f3re pracowa\u0142y ju\u017c z tego typu podestami i potrzebuj\u0105 mniej czasu na zapoznanie si\u0119 z materia\u0142em. W kursie na podesty ruchome kolejowe i egzaminie UDT mog\u0105 wzi\u0105\u0107 udzia\u0142 osoby, kt\u00f3re: Posiadaj\u0105 co najmniej wykszta\u0142cenie podstawowe Maj\u0105 uko\u0144czone 18 lat O\u015bwiadczenie o braku przeciwwskaza\u0144 zdrowotnych Osoby, kt\u00f3re chcia\u0142yby zapisa\u0107 si\u0119 na szkolenie, zapraszamy na nasz\u0105 stron\u0119 www.platformaedukacji.pl. Znajd\u0105 tam Pa\u0144stwo szczeg\u00f3\u0142y na temat termin\u00f3w, lokalizacji, cen i inne. Rezerwacji dokonuje si\u0119 poprzez dodanie wybranego terminu do koszyka i [&hellip;]<\/p>\n","protected":false},"author":1,"featured_media":3541,"parent":2721,"menu_order":0,"comment_status":"closed","ping_status":"closed","template":"","meta":{"sfsi_plus_gutenberg_text_before_share":"","sfsi_plus_gutenberg_show_text_before_share":"","sfsi_plus_gutenberg_icon_type":"","sfsi_plus_gutenberg_icon_alignemt":"","sfsi_plus_gutenburg_max_per_row":"","footnotes":""},"class_list":["post-3536","page","type-page","status-publish","has-post-thumbnail","hentry","has_thumb"],"aioseo_notices":[],"_links":{"self":[{"href":"https:\/\/kursy-udt.pl\/en\/wp-json\/wp\/v2\/pages\/3536","targetHints":{"allow":["GET"]}}],"collection":[{"href":"https:\/\/kursy-udt.pl\/en\/wp-json\/wp\/v2\/pages"}],"about":[{"href":"https:\/\/kursy-udt.pl\/en\/wp-json\/wp\/v2\/types\/page"}],"author":[{"embeddable":true,"href":"https:\/\/kursy-udt.pl\/en\/wp-json\/wp\/v2\/users\/1"}],"replies":[{"embeddable":true,"href":"https:\/\/kursy-udt.pl\/en\/wp-json\/wp\/v2\/comments?post=3536"}],"version-history":[{"count":7,"href":"https:\/\/kursy-udt.pl\/en\/wp-json\/wp\/v2\/pages\/3536\/revisions"}],"predecessor-version":[{"id":6168,"href":"https:\/\/kursy-udt.pl\/en\/wp-json\/wp\/v2\/pages\/3536\/revisions\/6168"}],"up":[{"embeddable":true,"href":"https:\/\/kursy-udt.pl\/en\/wp-json\/wp\/v2\/pages\/2721"}],"wp:featuredmedia":[{"embeddable":true,"href":"https:\/\/kursy-udt.pl\/en\/wp-json\/wp\/v2\/media\/3541"}],"wp:attachment":[{"href":"https:\/\/kursy-udt.pl\/en\/wp-json\/wp\/v2\/media?parent=3536"}],"curies":[{"name":"wp","href":"https:\/\/api.w.org\/{rel}","templated":true}]}}