{"id":3532,"date":"2021-09-03T13:00:23","date_gmt":"2021-09-03T13:00:23","guid":{"rendered":"https:\/\/kursy-udt.pl\/?page_id=3532"},"modified":"2025-03-12T09:33:40","modified_gmt":"2025-03-12T08:33:40","slug":"mobile-on-rail-maintenance","status":"publish","type":"page","link":"https:\/\/kursy-udt.pl\/en\/szkolenia\/udt-wdt-tdt\/ruchome-na-kolejowych-konserwacja\/","title":{"rendered":"Course for mobile platforms on railway vehicles - maintenance"},"content":{"rendered":"<p><a href=\"https:\/\/kursy-udt.pl\/wp-content\/uploads\/2021\/09\/kursy-udt.pl-0025-6-OPUBLIKOWANY-v17-Copy.jpg\"><img loading=\"lazy\" decoding=\"async\" class=\"paddingleft10 alignleft wp-image-3544 size-medium\" src=\"https:\/\/kursy-udt.pl\/wp-content\/uploads\/2021\/09\/kursy-udt.pl-0025-6-OPUBLIKOWANY-v17-Copy-300x225.jpg\" alt=\"Mobile platforms on railway vehicles are used in the renovation of railway infrastructure \" width=\"300\" height=\"225\" srcset=\"https:\/\/kursy-udt.pl\/wp-content\/uploads\/2021\/09\/kursy-udt.pl-0025-6-OPUBLIKOWANY-v17-Copy-300x225.jpg 300w, https:\/\/kursy-udt.pl\/wp-content\/uploads\/2021\/09\/kursy-udt.pl-0025-6-OPUBLIKOWANY-v17-Copy-1024x768.jpg 1024w, https:\/\/kursy-udt.pl\/wp-content\/uploads\/2021\/09\/kursy-udt.pl-0025-6-OPUBLIKOWANY-v17-Copy-768x576.jpg 768w, https:\/\/kursy-udt.pl\/wp-content\/uploads\/2021\/09\/kursy-udt.pl-0025-6-OPUBLIKOWANY-v17-Copy-1536x1152.jpg 1536w, https:\/\/kursy-udt.pl\/wp-content\/uploads\/2021\/09\/kursy-udt.pl-0025-6-OPUBLIKOWANY-v17-Copy-640x480.jpg 640w, https:\/\/kursy-udt.pl\/wp-content\/uploads\/2021\/09\/kursy-udt.pl-0025-6-OPUBLIKOWANY-v17-Copy-624x468.jpg 624w, https:\/\/kursy-udt.pl\/wp-content\/uploads\/2021\/09\/kursy-udt.pl-0025-6-OPUBLIKOWANY-v17-Copy.jpg 2016w\" sizes=\"auto, (max-width: 300px) 100vw, 300px\" \/><\/a>This is training you can get after <a href=\"https:\/\/kursy-udt.pl\/en\/uprawnienia-udt\/kategorie-uprawnien-2\/\">entitlements<\/a> for maintenance, repair and inspection of platforms mounted on railway vehicles. The course, which combines theoretical knowledge with practical skills, ends with an examination conducted by TDT. Persons who take part in the training and pass the exam with a positive result, receive a certificate valid for 5 years, required in railway companies and companies providing repair services for the railway network.<\/p>\n<h2>Mobile platforms mounted on railway vehicles<\/h2>\n<p>Repair, maintenance and construction works related to railway or tram infrastructure require the use of specialized equipment. One of the types are platforms - lifts located on railway vehicles moving on rails. They are mainly used for electric traction repair, maintenance and inspection.<\/p>\n<p>Platforms on railway vehicles are equipped with work platforms on which employees can perform their tasks. Due to the placement of the jack on the railway vehicle, the device can easily travel long distances, quickly reaching the place of work.<\/p>\n<h2>Qualifications for the maintenance of mobile platforms mounted on railway vehicles<\/h2>\n<p>The Transport Technical Supervision is responsible for issuing authorizations for maintenance of platforms on railway vehicles. Qualified conservators use a qualification certificate in the form of a photo card. The allowances are issued for 5 years.<\/p>\n<p>In order to obtain a qualification certificate, it is necessary - in accordance with the Act on Technical Inspection - to complete a maintenance course and pass an exam. The qualifications are checked at our Center or other place where the course is conducted, with the participation of TDT examiners. The dates of our training courses are adjusted to the dates of the exams, thanks to which the students do not have to wait for a long time to check their qualifications. UDT inspectors check the knowledge and skills of candidates by means of a knowledge test and an oral test of practical skills.<\/p>\n<p><img loading=\"lazy\" decoding=\"async\" class=\"alignnone size-large wp-image-6164\" src=\"https:\/\/kursy-udt.pl\/wp-content\/uploads\/2025\/03\/IMG_0024-1024x768.jpg\" alt=\"\" width=\"1024\" height=\"768\" srcset=\"https:\/\/kursy-udt.pl\/wp-content\/uploads\/2025\/03\/IMG_0024-1024x768.jpg 1024w, https:\/\/kursy-udt.pl\/wp-content\/uploads\/2025\/03\/IMG_0024-300x225.jpg 300w, https:\/\/kursy-udt.pl\/wp-content\/uploads\/2025\/03\/IMG_0024-768x576.jpg 768w, https:\/\/kursy-udt.pl\/wp-content\/uploads\/2025\/03\/IMG_0024-1536x1152.jpg 1536w, https:\/\/kursy-udt.pl\/wp-content\/uploads\/2025\/03\/IMG_0024-2048x1536.jpg 2048w, https:\/\/kursy-udt.pl\/wp-content\/uploads\/2025\/03\/IMG_0024-16x12.jpg 16w, https:\/\/kursy-udt.pl\/wp-content\/uploads\/2025\/03\/IMG_0024-640x480.jpg 640w, https:\/\/kursy-udt.pl\/wp-content\/uploads\/2025\/03\/IMG_0024-624x468.jpg 624w\" sizes=\"auto, (max-width: 1024px) 100vw, 1024px\" \/><\/p>\n<h2>Course for mobile platforms on railway vehicles - information<\/h2>\n<p>As part of the training, participants learn about the construction of platforms on railway vehicles, their types, the way they operate, steps to ensure the technical efficiency of the equipment and the removal of the most common faults. They also acquire knowledge of technical supervision regulations, principles of <a href=\"https:\/\/kursy-udt.pl\/en\/szkolenia\/bhp-bezpieczenstwo-pracy\/prawna-ochrona-pracy\/\">Health and Safety<\/a>, equipment maintenance duties, record keeping, familiarisation with operating instructions. The course programme is in line with the UDT examination requirements.<\/p>\n<p>The duration of the course - theoretical and practical - ranges from approximately 32 to 96 hours, depending on how long the participant takes to master the maintenance skills. The time of practical classes is individually adapted to the needs of the students.<\/p>\n<p>To participate in the course on maintenance of platforms on railway vehicles, you must:<\/p>\n<ul>\n<li>Be 18 years or older<\/li>\n<li>Have at least basic education<\/li>\n<li>Have a medical certificate confirming the absence of health contraindications to work in the profession<\/li>\n<\/ul>\n<p>All information about the dates of classes, their locations and other organizational details can be found on our website <a href=\"https:\/\/platformaedukacji.pl\/sklep\/\">www.platformaedukacji.pl<\/a>. Through this page, you can book a place at a selected training course. People who cannot or do not want to participate in the classroom course can sign up for online classes (only for the theoretical part).<\/p>\n<p><a href=\"https:\/\/kursy-udt.pl\/wp-content\/uploads\/2022\/12\/PODESTY-RUCHOME-kursy-udt.pl_.png\"><img loading=\"lazy\" decoding=\"async\" class=\"aligncenter wp-image-4531\" src=\"https:\/\/kursy-udt.pl\/wp-content\/uploads\/2022\/12\/PODESTY-RUCHOME-kursy-udt.pl_-300x188.png\" alt=\"\" width=\"750\" height=\"469\" srcset=\"https:\/\/kursy-udt.pl\/wp-content\/uploads\/2022\/12\/PODESTY-RUCHOME-kursy-udt.pl_-300x188.png 300w, https:\/\/kursy-udt.pl\/wp-content\/uploads\/2022\/12\/PODESTY-RUCHOME-kursy-udt.pl_-1024x640.png 1024w, https:\/\/kursy-udt.pl\/wp-content\/uploads\/2022\/12\/PODESTY-RUCHOME-kursy-udt.pl_-768x480.png 768w, https:\/\/kursy-udt.pl\/wp-content\/uploads\/2022\/12\/PODESTY-RUCHOME-kursy-udt.pl_-18x12.png 18w, https:\/\/kursy-udt.pl\/wp-content\/uploads\/2022\/12\/PODESTY-RUCHOME-kursy-udt.pl_-624x390.png 624w, https:\/\/kursy-udt.pl\/wp-content\/uploads\/2022\/12\/PODESTY-RUCHOME-kursy-udt.pl_.png 1200w\" sizes=\"auto, (max-width: 750px) 100vw, 750px\" \/><\/a><\/p>\n<p>&nbsp;<\/p>","protected":false},"excerpt":{"rendered":"<p>To szkolenie, po kt\u00f3rym mo\u017cna uzyska\u0107 uprawnienia do wykonywania konserwacji, napraw i przegl\u0105d\u00f3w podest\u00f3w montowanych na pojazdach kolejowych. Kurs, \u0142\u0105cz\u0105cy w sobie wiedz\u0119 teoretycznymi z umiej\u0119tno\u015bciami praktycznymi, jest zako\u0144czony egzaminem przeprowadzanym przez TDT. Osoby, kt\u00f3re wezm\u0105 udzia\u0142 w szkoleniu i zalicz\u0105 egzamin z wynikiem pozytywnym, otrzymuj\u0105 uprawnienia wa\u017cne 5 lat, wymagane w sp\u00f3\u0142kach kolejowych i firmach \u015bwiadcz\u0105cych us\u0142ugi naprawcze sieci kolejowej. Podesty ruchome montowane na pojazdach kolejowych Prace naprawcze, konserwatorskie i budowlane zwi\u0105zane z infrastruktur\u0105 kolejow\u0105 czy tramwajow\u0105 wymagaj\u0105 u\u017cywania specjalistycznego sprz\u0119tu. Jednym z rodzaj\u00f3w s\u0105 podesty &#8211; podno\u015bniki znajduj\u0105ce si\u0119 na pojazdach kolejowych poruszaj\u0105cych si\u0119 po szynach. S\u0105 one wykorzystywane g\u0142\u00f3wnie do napraw, konserwacji i przegl\u0105d\u00f3w trakcji elektrycznej. Podesty na pojazdach kolejowych s\u0105 wyposa\u017cone w platformy robocze, na kt\u00f3rych pracownicy mog\u0105 wykonywa\u0107 swoje zadania. Dzi\u0119ki umieszczeniu podno\u015bnika na poje\u017adzie kolejowym urz\u0105dzenie mo\u017ce \u0142atwo przemieszcza\u0107 si\u0119 na du\u017ce odleg\u0142o\u015bci, szybko docieraj\u0105c w miejsce prowadzenia prac. Uprawnienia do konserwacji podest\u00f3w ruchomych montowanych na pojazdach kolejowych Za wydawanie uprawnie\u0144 dla konserwator\u00f3w podest\u00f3w na pojazdach kolejowych odpowiada Transportowy Dozoru Techniczny. Konserwatorzy z uprawnieniami pos\u0142uguj\u0105 si\u0119 za\u015bwiadczeniem kwalifikacyjnym w postaci karty ze zdj\u0119ciem. Uprawnienia s\u0105 wydawane na 5 lat. Aby otrzyma\u0107 za\u015bwiadczenie kwalifikacyjne, nale\u017cy &#8211; zgodnie z ustaw\u0105 o dozorze technicznym &#8211; uko\u0144czy\u0107 kurs z zakresu konserwacji i zda\u0107 egzamin. Sprawdzenie kwalifikacji odbywa si\u0119 w naszym O\u015brodku lub innym miejscu prowadzenia kursu, z udzia\u0142em egzaminator\u00f3w TDT. Terminy naszych szkole\u0144 s\u0105 dostosowane do termin\u00f3w egzamin\u00f3w, dzi\u0119ki czemu kursanci nie musz\u0105 czeka\u0107 przez d\u0142ugi czas na sprawdzenie kwalifikacji. Inspektorzy UDT sprawdzaj\u0105 wiedz\u0119 i umiej\u0119tno\u015bci kandydat\u00f3w za pomoc\u0105 testu wiedzy oraz sprawdzianu [&hellip;]<\/p>\n","protected":false},"author":1,"featured_media":3544,"parent":2721,"menu_order":0,"comment_status":"closed","ping_status":"closed","template":"","meta":{"sfsi_plus_gutenberg_text_before_share":"","sfsi_plus_gutenberg_show_text_before_share":"","sfsi_plus_gutenberg_icon_type":"","sfsi_plus_gutenberg_icon_alignemt":"","sfsi_plus_gutenburg_max_per_row":"","footnotes":""},"class_list":["post-3532","page","type-page","status-publish","has-post-thumbnail","hentry","has_thumb"],"aioseo_notices":[],"_links":{"self":[{"href":"https:\/\/kursy-udt.pl\/en\/wp-json\/wp\/v2\/pages\/3532","targetHints":{"allow":["GET"]}}],"collection":[{"href":"https:\/\/kursy-udt.pl\/en\/wp-json\/wp\/v2\/pages"}],"about":[{"href":"https:\/\/kursy-udt.pl\/en\/wp-json\/wp\/v2\/types\/page"}],"author":[{"embeddable":true,"href":"https:\/\/kursy-udt.pl\/en\/wp-json\/wp\/v2\/users\/1"}],"replies":[{"embeddable":true,"href":"https:\/\/kursy-udt.pl\/en\/wp-json\/wp\/v2\/comments?post=3532"}],"version-history":[{"count":6,"href":"https:\/\/kursy-udt.pl\/en\/wp-json\/wp\/v2\/pages\/3532\/revisions"}],"predecessor-version":[{"id":6165,"href":"https:\/\/kursy-udt.pl\/en\/wp-json\/wp\/v2\/pages\/3532\/revisions\/6165"}],"up":[{"embeddable":true,"href":"https:\/\/kursy-udt.pl\/en\/wp-json\/wp\/v2\/pages\/2721"}],"wp:featuredmedia":[{"embeddable":true,"href":"https:\/\/kursy-udt.pl\/en\/wp-json\/wp\/v2\/media\/3544"}],"wp:attachment":[{"href":"https:\/\/kursy-udt.pl\/en\/wp-json\/wp\/v2\/media?parent=3532"}],"curies":[{"name":"wp","href":"https:\/\/api.w.org\/{rel}","templated":true}]}}