{"id":3528,"date":"2021-09-03T12:26:43","date_gmt":"2021-09-03T12:26:43","guid":{"rendered":"https:\/\/kursy-udt.pl\/?page_id=3528"},"modified":"2022-12-16T09:06:18","modified_gmt":"2022-12-16T09:06:18","slug":"stationary-mast-mounted-aerial-work-platforms-maintenance","status":"publish","type":"page","link":"https:\/\/kursy-udt.pl\/en\/szkolenia\/udt-wdt-tdt\/podesty-ruchome-stacjonarne-masztowe-konserwacja\/","title":{"rendered":"Course for stationary and mast mobile platforms - maintenance"},"content":{"rendered":"<p>The course is a preparation for obtaining qualifications in the profession of a conservator of handling equipment. Applies to movable platforms of the &quot;KP&quot; category - masted and stationary. Owning <a href=\"https:\/\/kursy-udt.pl\/en\/uprawnienia-udt\/kategorie-uprawnien-2\/\">UDT qualifications<\/a> in this regard, it is possible to carry out repairs, maintenance works and compulsory inspections of these devices in accordance with the manufacturer&#039;s instructions. Maintenance technicians with UDT qualifications are specialists who are wanted to work in, among others, construction, transport and repair companies, in warehouses.<\/p>\n<p><a href=\"https:\/\/kursy-udt.pl\/wp-content\/uploads\/2022\/10\/2.jpeg\"><img loading=\"lazy\" decoding=\"async\" class=\"aligncenter wp-image-4445\" src=\"https:\/\/kursy-udt.pl\/wp-content\/uploads\/2022\/10\/2-300x200.jpeg\" alt=\"\" width=\"750\" height=\"500\" srcset=\"https:\/\/kursy-udt.pl\/wp-content\/uploads\/2022\/10\/2-300x200.jpeg 300w, https:\/\/kursy-udt.pl\/wp-content\/uploads\/2022\/10\/2-1024x683.jpeg 1024w, https:\/\/kursy-udt.pl\/wp-content\/uploads\/2022\/10\/2-768x512.jpeg 768w, https:\/\/kursy-udt.pl\/wp-content\/uploads\/2022\/10\/2-1536x1024.jpeg 1536w, https:\/\/kursy-udt.pl\/wp-content\/uploads\/2022\/10\/2-18x12.jpeg 18w, https:\/\/kursy-udt.pl\/wp-content\/uploads\/2022\/10\/2-624x416.jpeg 624w, https:\/\/kursy-udt.pl\/wp-content\/uploads\/2022\/10\/2.jpeg 1600w\" sizes=\"auto, (max-width: 750px) 100vw, 750px\" \/><\/a><\/p>\n<h2>Detailed information on the mast and stationary platform course<\/h2>\n<p>The training program is designed to convey maximum theoretical and practical knowledge. Practical classes are an integral part of it, during which instructors teach students how to maintain devices in accordance with their individual needs.<\/p>\n<p>Participants are given between 38 and 96 hours of instruction, during which they are introduced to the topics necessary to pass the state exam. The information covers, among other things, the construction of stationary and mast platforms, how they work, methods of rectifying the most common faults, cleaning platforms, using instructions and technical documentation. They will also learn about the maintainer's responsibilities under the regulations <a href=\"https:\/\/kursy-udt.pl\/en\/szkolenia\/bhp-bezpieczenstwo-pracy\/prawna-ochrona-pracy\/\">Health and Safety<\/a> and the Technical Supervision Act.<\/p>\n<p>Practical information:<\/p>\n<ul>\n<li>When the classes start: the current schedule is published on the website <a href=\"https:\/\/platformaedukacji.pl\/sklep\/\">www.platformaedukacji.pl<\/a>.<\/li>\n<li>Where are the classes held? Lectures are held at the Center&#039;s headquarters in Warsaw or at one of its branches throughout Poland. Participants can also use maneuvering areas with equipment provided by the Center.<\/li>\n<li>Who can attend: the courses are intended for people who are 18 years of age or older, have at least basic education and are in a state of health that allows them to work in the profession.<\/li>\n<li>How to sign up for classes: you can book a place on a selected course on the website www.platformaedukacji.pl.<\/li>\n<li>Training for companies: at the request of business customers, we can organize a UDT maintenance course for company employees. <a href=\"https:\/\/kursy-udt.pl\/en\/kontakt\/\">Please contact us<\/a> by phone or e-mail for details.<\/li>\n<\/ul>\n<h2>UDT exam and qualifications<\/h2>\n<p><a href=\"https:\/\/kursy-udt.pl\/wp-content\/uploads\/2022\/10\/1.jpeg\"><img loading=\"lazy\" decoding=\"async\" class=\"size-medium wp-image-4444 alignright\" src=\"https:\/\/kursy-udt.pl\/wp-content\/uploads\/2022\/10\/1-300x169.jpeg\" alt=\"\" width=\"300\" height=\"169\" srcset=\"https:\/\/kursy-udt.pl\/wp-content\/uploads\/2022\/10\/1-300x169.jpeg 300w, https:\/\/kursy-udt.pl\/wp-content\/uploads\/2022\/10\/1-1024x576.jpeg 1024w, https:\/\/kursy-udt.pl\/wp-content\/uploads\/2022\/10\/1-768x432.jpeg 768w, https:\/\/kursy-udt.pl\/wp-content\/uploads\/2022\/10\/1-1536x864.jpeg 1536w, https:\/\/kursy-udt.pl\/wp-content\/uploads\/2022\/10\/1-18x10.jpeg 18w, https:\/\/kursy-udt.pl\/wp-content\/uploads\/2022\/10\/1-624x351.jpeg 624w, https:\/\/kursy-udt.pl\/wp-content\/uploads\/2022\/10\/1.jpeg 1600w\" sizes=\"auto, (max-width: 300px) 100vw, 300px\" \/><\/a><a href=\"https:\/\/kursy-udt.pl\/en\/szkolenia\/podesty-ruchome\/\">Course for mobile platforms<\/a> stationary and mast-mounted is completed with an examination conducted by the Office of Technical Transport. Participants do not have to register for the exam - we do it on their behalf and we also deal with other organizational matters. The exam is conducted close to the date of the training. It consists of a theoretical and practical part, during which you must demonstrate knowledge of the construction of the device, regulations, as well as the ability to carry out repairs and maintenance.<\/p>\n<p>UDT authorization in the field of maintenance is granted for 5 years. They have the form of a plastic card that should be used when taking up employment in the profession, as well as when providing services as a company.<\/p>\n<p>Conservators of handling equipment can work on their own or on a full-time basis, performing mandatory technical inspections, maintaining equipment documentation, and removing current faults.<\/p>\n<p><a href=\"https:\/\/kursy-udt.pl\/wp-content\/uploads\/2022\/12\/PODESTY-RUCHOME-kursy-udt.pl_.png\"><img loading=\"lazy\" decoding=\"async\" class=\"aligncenter wp-image-4531\" src=\"https:\/\/kursy-udt.pl\/wp-content\/uploads\/2022\/12\/PODESTY-RUCHOME-kursy-udt.pl_-300x188.png\" alt=\"\" width=\"750\" height=\"469\" srcset=\"https:\/\/kursy-udt.pl\/wp-content\/uploads\/2022\/12\/PODESTY-RUCHOME-kursy-udt.pl_-300x188.png 300w, https:\/\/kursy-udt.pl\/wp-content\/uploads\/2022\/12\/PODESTY-RUCHOME-kursy-udt.pl_-1024x640.png 1024w, https:\/\/kursy-udt.pl\/wp-content\/uploads\/2022\/12\/PODESTY-RUCHOME-kursy-udt.pl_-768x480.png 768w, https:\/\/kursy-udt.pl\/wp-content\/uploads\/2022\/12\/PODESTY-RUCHOME-kursy-udt.pl_-18x12.png 18w, https:\/\/kursy-udt.pl\/wp-content\/uploads\/2022\/12\/PODESTY-RUCHOME-kursy-udt.pl_-624x390.png 624w, https:\/\/kursy-udt.pl\/wp-content\/uploads\/2022\/12\/PODESTY-RUCHOME-kursy-udt.pl_.png 1200w\" sizes=\"auto, (max-width: 750px) 100vw, 750px\" \/><\/a><\/p>","protected":false},"excerpt":{"rendered":"<p>Kurs to przygotowanie do zdobycia uprawnie\u0144 w zawodzie konserwatora urz\u0105dze\u0144 transportu bliskiego. Dotyczy podest\u00f3w ruchomych z kategorii \u201eKP\u201d \u2013 masztowych i stacjonarnych. Posiadaj\u0105c uprawnienia UDT w tym zakresie, mo\u017cna samodzielnie zgodnie z instrukcj\u0105 producenta dokonywa\u0107 napraw, prac konserwacyjnych, a tak\u017ce obowi\u0105zkowych przegl\u0105d\u00f3w tych urz\u0105dze\u0144. Konserwatorzy z uprawnieniami UDT to specjali\u015bci poszukiwani do pracy mi\u0119dzy innymi w firmach budowlanych, transportowych, remontowych, w magazynach. Szczeg\u00f3\u0142owe informacje na temat kursu na podesty masztowe i stacjonarne Program szkolenia jest u\u0142o\u017cony tak, aby przekazywa\u0107 maksimum wiedzy teoretycznej i praktycznej. Integraln\u0105 jego cz\u0119\u015bci\u0105 s\u0105 zaj\u0119cia praktyczne, podczas kt\u00f3rych instruktorzy ucz\u0105 kursant\u00f3w konserwacji urz\u0105dze\u0144 zgodnie z indywidualnymi potrzebami. Uczestnicy maj\u0105 do dyspozycji od 38 do 96 godzin zaj\u0119\u0107, w czasie kt\u00f3rych zapoznaj\u0105 si\u0119 z zagadnieniami niezb\u0119dnymi do zaliczenia egzaminu pa\u0144stwowego. Informacje te dotycz\u0105 mi\u0119dzy innymi budowy podest\u00f3w stacjonarnych i masztowych, sposobu ich dzia\u0142ania, metod usuwania najpopularniejszych usterek, czyszczenia podest\u00f3w, pos\u0142ugiwania si\u0119 instrukcjami i dokumentacj\u0105 techniczn\u0105. Poznaj\u0105 r\u00f3wnie\u017c obowi\u0105zki konserwatora wynikaj\u0105ce z przepis\u00f3w BHP i ustawy o dozorze technicznym. Informacje praktyczne: Kiedy rozpoczynaj\u0105 si\u0119 zaj\u0119cia: aktualny harmonogram jest opublikowany na stronie www.platformaedukacji.pl. Gdzie odbywaj\u0105 si\u0119 zaj\u0119cia: wyk\u0142ady odbywaj\u0105 si\u0119 w siedzibie O\u015brodka w Warszawie lub w jednym z oddzia\u0142\u00f3w na terenie ca\u0142ej Polski. Do dyspozycji uczestnik\u00f3w s\u0105 tak\u017ce place manewrowe ze sprz\u0119tem udost\u0119pnianym przez O\u015brodek. Kto mo\u017ce uczestniczy\u0107: kursy s\u0105 przeznaczone dla os\u00f3b, kt\u00f3re maj\u0105 uko\u0144czone 18 lat, co najmniej podstawowe wykszta\u0142cenie oraz stan zdrowia, kt\u00f3ry pozwala na prac\u0119 w zawodzie. Jak zapisa\u0107 si\u0119 na zaj\u0119cia: rezerwacji miejsca na wybranym kursie mo\u017cna dokona\u0107 na stronie www.platformaedukacji.pl. Szkolenia dla firm: na \u017cyczenie klient\u00f3w biznesowych [&hellip;]<\/p>\n","protected":false},"author":1,"featured_media":4445,"parent":2721,"menu_order":0,"comment_status":"closed","ping_status":"closed","template":"","meta":{"sfsi_plus_gutenberg_text_before_share":"","sfsi_plus_gutenberg_show_text_before_share":"","sfsi_plus_gutenberg_icon_type":"","sfsi_plus_gutenberg_icon_alignemt":"","sfsi_plus_gutenburg_max_per_row":"","footnotes":""},"class_list":["post-3528","page","type-page","status-publish","has-post-thumbnail","hentry","has_thumb"],"aioseo_notices":[],"_links":{"self":[{"href":"https:\/\/kursy-udt.pl\/en\/wp-json\/wp\/v2\/pages\/3528","targetHints":{"allow":["GET"]}}],"collection":[{"href":"https:\/\/kursy-udt.pl\/en\/wp-json\/wp\/v2\/pages"}],"about":[{"href":"https:\/\/kursy-udt.pl\/en\/wp-json\/wp\/v2\/types\/page"}],"author":[{"embeddable":true,"href":"https:\/\/kursy-udt.pl\/en\/wp-json\/wp\/v2\/users\/1"}],"replies":[{"embeddable":true,"href":"https:\/\/kursy-udt.pl\/en\/wp-json\/wp\/v2\/comments?post=3528"}],"version-history":[{"count":4,"href":"https:\/\/kursy-udt.pl\/en\/wp-json\/wp\/v2\/pages\/3528\/revisions"}],"predecessor-version":[{"id":4578,"href":"https:\/\/kursy-udt.pl\/en\/wp-json\/wp\/v2\/pages\/3528\/revisions\/4578"}],"up":[{"embeddable":true,"href":"https:\/\/kursy-udt.pl\/en\/wp-json\/wp\/v2\/pages\/2721"}],"wp:featuredmedia":[{"embeddable":true,"href":"https:\/\/kursy-udt.pl\/en\/wp-json\/wp\/v2\/media\/4445"}],"wp:attachment":[{"href":"https:\/\/kursy-udt.pl\/en\/wp-json\/wp\/v2\/media?parent=3528"}],"curies":[{"name":"wp","href":"https:\/\/api.w.org\/{rel}","templated":true}]}}