{"id":3521,"date":"2021-09-03T11:15:31","date_gmt":"2021-09-03T11:15:31","guid":{"rendered":"https:\/\/kursy-udt.pl\/?page_id=3521"},"modified":"2023-01-04T09:17:34","modified_gmt":"2023-01-04T09:17:34","slug":"loading-platforms","status":"publish","type":"page","link":"https:\/\/kursy-udt.pl\/en\/szkolenia\/udt-wdt-tdt\/podesty-zaladowcze\/","title":{"rendered":"Course for loading platforms - qualifications for conservators"},"content":{"rendered":"<p><a href=\"https:\/\/kursy-udt.pl\/wp-content\/uploads\/2021\/09\/kursy-udt.pl-0023-OPUBLIKOWANY-v13-Copy-scaled.jpg\"><img loading=\"lazy\" decoding=\"async\" class=\"paddingleft10 alignleft wp-image-3537 size-medium\" src=\"https:\/\/kursy-udt.pl\/wp-content\/uploads\/2021\/09\/kursy-udt.pl-0023-OPUBLIKOWANY-v13-Copy-300x200.jpg\" alt=\" Loading mobile platforms are located on car trailers and are used to transport goods \" width=\"300\" height=\"200\" srcset=\"https:\/\/kursy-udt.pl\/wp-content\/uploads\/2021\/09\/kursy-udt.pl-0023-OPUBLIKOWANY-v13-Copy-300x200.jpg 300w, https:\/\/kursy-udt.pl\/wp-content\/uploads\/2021\/09\/kursy-udt.pl-0023-OPUBLIKOWANY-v13-Copy-1024x683.jpg 1024w, https:\/\/kursy-udt.pl\/wp-content\/uploads\/2021\/09\/kursy-udt.pl-0023-OPUBLIKOWANY-v13-Copy-768x512.jpg 768w, https:\/\/kursy-udt.pl\/wp-content\/uploads\/2021\/09\/kursy-udt.pl-0023-OPUBLIKOWANY-v13-Copy-1536x1024.jpg 1536w, https:\/\/kursy-udt.pl\/wp-content\/uploads\/2021\/09\/kursy-udt.pl-0023-OPUBLIKOWANY-v13-Copy-2048x1365.jpg 2048w, https:\/\/kursy-udt.pl\/wp-content\/uploads\/2021\/09\/kursy-udt.pl-0023-OPUBLIKOWANY-v13-Copy-624x416.jpg 624w\" sizes=\"auto, (max-width: 300px) 100vw, 300px\" \/><\/a>Mobile loading platforms (also called self-unloading boards) are devices that are used to lift and lower goods on car trailers. They are equipped with hydraulic elements and act as a kind of elevator. They make it easier to load and receive goods with forklifts in warehouses, shops, factories or at construction sites. In order for the loading platforms to be approved for use, they must undergo regular tests and inspections. They are performed by qualified maintenance technicians with UDT licenses.<\/p>\n<p>Our course is designed for people who want to get one <a href=\"https:\/\/kursy-udt.pl\/en\/uprawnienia-udt\/kategorie-uprawnien-2\/\">entitlements<\/a>. We recommend it both to people who already work with mobile platforms as conservators, and to those who have no experience in the profession. By participating in the classes and passing the UDT state exam, each student is authorized to repair and maintain loading platforms, including passenger transport, valid for 5 years.<\/p>\n<h2>Course of training<\/h2>\n<p>The training in the maintenance of handling equipment - loading platforms consists of a lecture and a practical part. The total duration is from 32 to 96 hours. This discrepancy is due to the fact that in the case of people with experience, the time needed to obtain a qualification may be reduced.<\/p>\n<p>The curriculum has been agreed with the Office of Technical Inspection and covers, among others, issues such as:<\/p>\n<ul>\n<li>General information on the rules of technical inspection<\/li>\n<li>Construction and operation of self-unloading sides<\/li>\n<li>Hi Electric<\/li>\n<li>Mechanical part, including hydraulic<\/li>\n<li>Getting to know the manuals and technical documentation of devices<\/li>\n<li>Recipes <a href=\"https:\/\/kursy-udt.pl\/en\/szkolenia\/bhp-bezpieczenstwo-pracy\/prawna-ochrona-pracy\/\">Health and Safety<\/a> applicable to maintenance of platforms<\/li>\n<li>Duties and powers of the conservator<\/li>\n<li>Principles of operation of devices and their maintenance in good technical condition<\/li>\n<li>The most common faults in the self-unloading sides, methods of repairing them<\/li>\n<\/ul>\n<p>Theoretical part - lectures can also be conducted online. The center conducts lectures in the form of webinars, taking place in real time. The practical part - exercises with the use of devices must be held stationary, at the Center or in its branch.<\/p>\n<h2>Examination for UDT conservator qualifications<\/h2>\n<p>In order to be eligible for the maintenance of handling equipment, the course participant must take an exam. The center comprehensively organizes the exam for students, including providing a didactic and technical base. UDT examiners are responsible for the process of checking qualifications.<\/p>\n<p>Students are informed about the date of the exam. When planning the training schedule, we try to ensure that the waiting time for checking the qualifications is as short as possible. Exams take place at the place of training.<\/p>\n<p>UDT inspectors check the theoretical preparation of candidates by means of a knowledge test and an oral test with the use of a given device.<\/p>\n<p>If the result of the exam is successful, a candidate for a maintenance technician under technical supervision receives a qualification certificate in the form of a plastic card. It is valid throughout the country and is required when taking up employment.<a href=\"https:\/\/kursy-udt.pl\/wp-content\/uploads\/2021\/09\/kursy-udt.pl-0023-OPUBLIKOWANY-v14-Copy.jpg\"><img loading=\"lazy\" decoding=\"async\" class=\"alignnone size-large wp-image-3539\" src=\"https:\/\/kursy-udt.pl\/wp-content\/uploads\/2021\/09\/kursy-udt.pl-0023-OPUBLIKOWANY-v14-Copy-1024x768.jpg\" alt=\"Dump tailgate - the platform can be part of a truck \" width=\"1024\" height=\"768\" srcset=\"https:\/\/kursy-udt.pl\/wp-content\/uploads\/2021\/09\/kursy-udt.pl-0023-OPUBLIKOWANY-v14-Copy-1024x768.jpg 1024w, https:\/\/kursy-udt.pl\/wp-content\/uploads\/2021\/09\/kursy-udt.pl-0023-OPUBLIKOWANY-v14-Copy-300x225.jpg 300w, https:\/\/kursy-udt.pl\/wp-content\/uploads\/2021\/09\/kursy-udt.pl-0023-OPUBLIKOWANY-v14-Copy-768x576.jpg 768w, https:\/\/kursy-udt.pl\/wp-content\/uploads\/2021\/09\/kursy-udt.pl-0023-OPUBLIKOWANY-v14-Copy-640x480.jpg 640w, https:\/\/kursy-udt.pl\/wp-content\/uploads\/2021\/09\/kursy-udt.pl-0023-OPUBLIKOWANY-v14-Copy-624x468.jpg 624w, https:\/\/kursy-udt.pl\/wp-content\/uploads\/2021\/09\/kursy-udt.pl-0023-OPUBLIKOWANY-v14-Copy.jpg 1200w\" sizes=\"auto, (max-width: 1024px) 100vw, 1024px\" \/><\/a><\/p>\n<h2>Course for platforms for transporting people and loading - details<\/h2>\n<h3>Records<\/h3>\n<p>You can reserve a place at the selected training via the website <a href=\"https:\/\/platformaedukacji.pl\/sklep\/\">www.platformaedukacji.pl<\/a>. The place is reserved after payment by Przelewy24.pl<\/p>\n<h3>Date and place of classes<\/h3>\n<p>Classes are held regularly in many locations, including Warsaw, Silesia, Wroc\u0142aw, Krak\u00f3w and other large cities. Current dates can be found on the website <a href=\"https:\/\/platformaedukacji.pl\/sklep\/\">www.platformaedukacji.pl<\/a>.<\/p>\n<h3>Requirements for participants<\/h3>\n<p>To be able to participate in the classes, the following conditions must be met: age 18 and above, completed at least primary school, no medical contraindications.<\/p>\n<p>More information about our courses can be found on the website z <a href=\"https:\/\/kursy-udt.pl\/en\/faq\/\">frequently asked questions<\/a>.<\/p>\n<p><a href=\"https:\/\/kursy-udt.pl\/wp-content\/uploads\/2023\/01\/podesty-zaladowcze-kursy-udt.pl_.png\"><img loading=\"lazy\" decoding=\"async\" class=\"aligncenter wp-image-4588\" src=\"https:\/\/kursy-udt.pl\/wp-content\/uploads\/2023\/01\/podesty-zaladowcze-kursy-udt.pl_-300x188.png\" alt=\"\" width=\"750\" height=\"469\" srcset=\"https:\/\/kursy-udt.pl\/wp-content\/uploads\/2023\/01\/podesty-zaladowcze-kursy-udt.pl_-300x188.png 300w, https:\/\/kursy-udt.pl\/wp-content\/uploads\/2023\/01\/podesty-zaladowcze-kursy-udt.pl_-1024x640.png 1024w, https:\/\/kursy-udt.pl\/wp-content\/uploads\/2023\/01\/podesty-zaladowcze-kursy-udt.pl_-768x480.png 768w, https:\/\/kursy-udt.pl\/wp-content\/uploads\/2023\/01\/podesty-zaladowcze-kursy-udt.pl_-18x12.png 18w, https:\/\/kursy-udt.pl\/wp-content\/uploads\/2023\/01\/podesty-zaladowcze-kursy-udt.pl_-624x390.png 624w, https:\/\/kursy-udt.pl\/wp-content\/uploads\/2023\/01\/podesty-zaladowcze-kursy-udt.pl_.png 1200w\" sizes=\"auto, (max-width: 750px) 100vw, 750px\" \/><\/a><\/p>\n<p>&nbsp;<\/p>","protected":false},"excerpt":{"rendered":"<p>Podesty ruchome za\u0142adowcze (zwane r\u00f3wnie\u017c burtami samowy\u0142adowczymi) to urz\u0105dzenia, kt\u00f3re s\u0142u\u017c\u0105 do podnoszenia i opuszczania towar\u00f3w na przyczepach samochodowych. S\u0105 wyposa\u017cone w elementy hydrauliczne i dzia\u0142aj\u0105 jak swego rodzaju winda. U\u0142atwiaj\u0105 \u0142adowanie i odbi\u00f3r towar\u00f3w za pomoc\u0105 w\u00f3zk\u00f3w wid\u0142owych w magazynach, sklepach, fabrykach czy na budowach. Aby podesty za\u0142adowcze by\u0142y dopuszczone do u\u017cytkowania, musz\u0105 regularnie przechodzi\u0107 badania i przegl\u0105dy. Ich wykonywaniem zajmuj\u0105 si\u0119 wykwalifikowani konserwatorzy z uprawnieniami UDT. Nasz kurs jest przeznaczony dla os\u00f3b, kt\u00f3re chc\u0105 zdoby\u0107 takie uprawnienia. Polecamy go zar\u00f3wno osobom, kt\u00f3re pracuj\u0105 ju\u017c z podestami ruchomymi jako konserwatorzy, jak i tym, kt\u00f3re nie maj\u0105 do\u015bwiadczenia w zawodzie. Uczestnicz\u0105c w zaj\u0119ciach i zaliczaj\u0105c egzamin pa\u0144stwowy UDT, ka\u017cdy kursant otrzymuje uprawnienia do napraw i konserwacji podest\u00f3w za\u0142adowczych, w tym do transportu os\u00f3b, wa\u017cne przez 5 lat. Przebieg szkolenia Szkolenie z konserwacji urz\u0105dze\u0144 transportu bliskiego &#8211; podest\u00f3w za\u0142adowczych sk\u0142ada si\u0119 z cz\u0119\u015bci wyk\u0142adowej oraz praktycznej. \u0141\u0105czny czas trwania to od 32 to 96 godzin. Rozbie\u017cno\u015b\u0107 ta wynika z faktu, \u017ce w przypadku os\u00f3b z do\u015bwiadczeniem czas potrzebny na zdobycie kwalifikacji mo\u017ce zosta\u0107 skr\u00f3cony. Program zaj\u0119\u0107 zosta\u0142 uzgodniony z Urz\u0119dem Dozoru Technicznego i obejmuje mi\u0119dzy innymi takie zagadnienia jak: Og\u00f3lne wiadomo\u015bci na temat przepis\u00f3w dozoru technicznego Budowa i spos\u00f3b dzia\u0142ania burt samowy\u0142adowczych Cze\u015b\u0107 elektryczna Cze\u015b\u0107 mechaniczna, w tym hydrauliczna Zapoznawanie si\u0119 z instrukcj\u0105 i dokumentacj\u0105 techniczn\u0105 urz\u0105dze\u0144 Przepisy BHP obowi\u0105zuj\u0105ce przy konserwacji podest\u00f3w Obowi\u0105zki i uprawnienia konserwatora Zasady eksploatacji urz\u0105dze\u0144 i utrzymania ich w dobrym stanie technicznym Najcz\u0119stsze usterki wyst\u0119puj\u0105ce w burtach samowy\u0142adowczych, sposoby ich naprawy Cz\u0119\u015b\u0107 teoretyczna &#8211; wyk\u0142ady mo\u017ce by\u0107 realizowana tak\u017ce online. O\u015brodek [&hellip;]<\/p>\n","protected":false},"author":1,"featured_media":3537,"parent":2721,"menu_order":0,"comment_status":"closed","ping_status":"closed","template":"","meta":{"sfsi_plus_gutenberg_text_before_share":"","sfsi_plus_gutenberg_show_text_before_share":"","sfsi_plus_gutenberg_icon_type":"","sfsi_plus_gutenberg_icon_alignemt":"","sfsi_plus_gutenburg_max_per_row":"","footnotes":""},"class_list":["post-3521","page","type-page","status-publish","has-post-thumbnail","hentry","has_thumb"],"aioseo_notices":[],"_links":{"self":[{"href":"https:\/\/kursy-udt.pl\/en\/wp-json\/wp\/v2\/pages\/3521","targetHints":{"allow":["GET"]}}],"collection":[{"href":"https:\/\/kursy-udt.pl\/en\/wp-json\/wp\/v2\/pages"}],"about":[{"href":"https:\/\/kursy-udt.pl\/en\/wp-json\/wp\/v2\/types\/page"}],"author":[{"embeddable":true,"href":"https:\/\/kursy-udt.pl\/en\/wp-json\/wp\/v2\/users\/1"}],"replies":[{"embeddable":true,"href":"https:\/\/kursy-udt.pl\/en\/wp-json\/wp\/v2\/comments?post=3521"}],"version-history":[{"count":5,"href":"https:\/\/kursy-udt.pl\/en\/wp-json\/wp\/v2\/pages\/3521\/revisions"}],"predecessor-version":[{"id":4589,"href":"https:\/\/kursy-udt.pl\/en\/wp-json\/wp\/v2\/pages\/3521\/revisions\/4589"}],"up":[{"embeddable":true,"href":"https:\/\/kursy-udt.pl\/en\/wp-json\/wp\/v2\/pages\/2721"}],"wp:featuredmedia":[{"embeddable":true,"href":"https:\/\/kursy-udt.pl\/en\/wp-json\/wp\/v2\/media\/3537"}],"wp:attachment":[{"href":"https:\/\/kursy-udt.pl\/en\/wp-json\/wp\/v2\/media?parent=3521"}],"curies":[{"name":"wp","href":"https:\/\/api.w.org\/{rel}","templated":true}]}}