{"id":3514,"date":"2021-09-03T10:45:52","date_gmt":"2021-09-03T10:45:52","guid":{"rendered":"https:\/\/kursy-udt.pl\/?page_id=3514"},"modified":"2022-12-05T14:35:42","modified_gmt":"2022-12-05T14:35:42","slug":"maintenance-person-for-mobile-platforms","status":"publish","type":"page","link":"https:\/\/kursy-udt.pl\/en\/szkolenia\/udt-wdt-tdt\/konserwator-podestow-ruchomych\/","title":{"rendered":"Course of maintenance of movable platforms (aerial platforms - boom lifts)"},"content":{"rendered":"<p><a href=\"https:\/\/kursy-udt.pl\/wp-content\/uploads\/2021\/09\/kursy-udt.pl-0022-OPUBLIKOWANY-v11-Copy.jpg\"><img loading=\"lazy\" decoding=\"async\" class=\"paddingleft10 alignleft wp-image-3515 size-medium\" src=\"https:\/\/kursy-udt.pl\/wp-content\/uploads\/2021\/09\/kursy-udt.pl-0022-OPUBLIKOWANY-v11-Copy-300x225.jpg\" alt=\"The maintenance technician of mobile platforms is a person who carries out ongoing repairs and compulsory inspections of devices\" width=\"300\" height=\"225\" srcset=\"https:\/\/kursy-udt.pl\/wp-content\/uploads\/2021\/09\/kursy-udt.pl-0022-OPUBLIKOWANY-v11-Copy-300x225.jpg 300w, https:\/\/kursy-udt.pl\/wp-content\/uploads\/2021\/09\/kursy-udt.pl-0022-OPUBLIKOWANY-v11-Copy.jpg 579w\" sizes=\"auto, (max-width: 300px) 100vw, 300px\" \/><\/a>Mobile platforms, such as platforms, scissor lifts and others, are devices subject to technical inspection. This means not only the need to have the appropriate permissions to operate them. It also entails the obligation to keep technical documentation of the equipment, regularly carry out inspections, and more. Only a maintenance technician authorized by UDT can perform repairs and inspections of mobile platforms.<\/p>\n<p>Such <a href=\"https:\/\/kursy-udt.pl\/en\/uprawnienia-udt\/kategorie-uprawnien-2\/\">entitlements<\/a> can be obtained by taking part in a course organized by our Center and by taking the exam before the UDT commission. The scope of topics covered during the training corresponds to the examination requirements of the Office, and thanks to the experience and appropriate approach of the instructors of the maintenance of platforms, even people without experience can learn.<\/p>\n<h2>Information on the Mobile Work Platform Maintenance course<\/h2>\n<p>The training covers maintenance of devices from the category of mobile platforms. These include the popular aerial work platforms, i.e. lifts, as well as scissor lifts. People who would like to obtain qualifications for other handling devices, please see the offer of other courses - information here.<\/p>\n<p>As part of the classes, participants will learn, among others:<\/p>\n<ul>\n<li>How are aerial platforms and other mobile platforms built, how they work<\/li>\n<li>What are the applicable technical inspection regulations<\/li>\n<li>What are the obligations of the maintenance technician in the field of equipment inspections and repairs?<\/li>\n<li>What are the typical faults in mobile platforms and how are they removed?<\/li>\n<li>What rules <a href=\"https:\/\/kursy-udt.pl\/en\/szkolenia\/bhp-bezpieczenstwo-pracy\/prawna-ochrona-pracy\/\">Health and Safety<\/a> apply to the operation of<\/li>\n<li>How to use the manual and technical documentation<\/li>\n<li>How should the technical condition of mobile platforms be maintained?<\/li>\n<li>Mechanical part, including hydraulic<\/li>\n<li>Hi Electric<\/li>\n<\/ul>\n<p>Apart from lectures, course participants also take part in practical classes.<\/p>\n<p>The training is intended for adults, with at least basic education, in good health, allowing them to take the exam and perform work. We do not require experience, but certified practice in the use of mobile platforms can shorten the time needed to complete the training.<\/p>\n<h2>Qualifications exam<\/h2>\n<p><a href=\"https:\/\/kursy-udt.pl\/en\/uprawnienia-udt\/\">UDT course<\/a> maintenance technician of aerial work platforms - the increase is completed with an examination carried out by the UDT commission. The exam takes place at the seat of the Center or at the place where classes are conducted. Students do not have to register for the exam themselves - all organizational issues are dealt with by the representatives of the Center.<\/p>\n<p>The qualifications are checked by taking a written test and an oral exam. After passing both parts, the Office of Technical Inspection issues the conservator with a qualification certificate valid for 5 years.<a href=\"https:\/\/kursy-udt.pl\/wp-content\/uploads\/2021\/09\/kursy-udt.pl-0022-OPUBLIKOWANYv12-Copy.jpg\"><img loading=\"lazy\" decoding=\"async\" class=\"size-full wp-image-3516 aligncenter\" src=\"https:\/\/kursy-udt.pl\/wp-content\/uploads\/2021\/09\/kursy-udt.pl-0022-OPUBLIKOWANYv12-Copy.jpg\" alt=\"Work as a conservator of mobile platforms requires obtaining UDT qualifications \" width=\"579\" height=\"434\" srcset=\"https:\/\/kursy-udt.pl\/wp-content\/uploads\/2021\/09\/kursy-udt.pl-0022-OPUBLIKOWANYv12-Copy.jpg 579w, https:\/\/kursy-udt.pl\/wp-content\/uploads\/2021\/09\/kursy-udt.pl-0022-OPUBLIKOWANYv12-Copy-300x225.jpg 300w\" sizes=\"auto, (max-width: 579px) 100vw, 579px\" \/><\/a><\/p>\n<h2>Working with the qualifications of the maintenance technician of mobile platforms<\/h2>\n<p>Having a qualification certificate, the conservator can perform repairs of movable platforms and compulsory technical inspections. Such inspections are performed regularly and also before the device is allowed to use. UDT equipment conservators are employed by large construction, transport and repair companies, as well as mobile platform rentals. Many licensed people also start their own business, performing repairs and maintenance commissioned by other companies.<\/p>\n<h2>The surge restorer course - details<\/h2>\n<p>Classes for people with no experience last from 38 to 96 hours. For people who have already worked with mobile platforms, for example as operators, this time may be shorter.<\/p>\n<p>Trainings are conducted regularly in several locations - in Warsaw, Krakow, Silesia and other large cities. Detailed information on this subject can be found on our website <a href=\"https:\/\/platformaedukacji.pl\/sklep\/\">www.platformaedukacji.pl<\/a>. It is a system for booking places on courses, you can also make a payment via this website.<\/p>\n<p>In case of individual questions or a desire to organize a closed training for the company <a href=\"https:\/\/kursy-udt.pl\/en\/kontakt\/\">please contact us<\/a> by e-mail or by phone.<\/p>\n<p><a href=\"https:\/\/kursy-udt.pl\/wp-content\/uploads\/2022\/12\/18-podnosniki-koszowe-kursy-udt.pl_.png\"><img loading=\"lazy\" decoding=\"async\" class=\"aligncenter wp-image-4551\" src=\"https:\/\/kursy-udt.pl\/wp-content\/uploads\/2022\/12\/18-podnosniki-koszowe-kursy-udt.pl_-300x188.png\" alt=\"\" width=\"750\" height=\"469\" srcset=\"https:\/\/kursy-udt.pl\/wp-content\/uploads\/2022\/12\/18-podnosniki-koszowe-kursy-udt.pl_-300x188.png 300w, https:\/\/kursy-udt.pl\/wp-content\/uploads\/2022\/12\/18-podnosniki-koszowe-kursy-udt.pl_-1024x640.png 1024w, https:\/\/kursy-udt.pl\/wp-content\/uploads\/2022\/12\/18-podnosniki-koszowe-kursy-udt.pl_-768x480.png 768w, https:\/\/kursy-udt.pl\/wp-content\/uploads\/2022\/12\/18-podnosniki-koszowe-kursy-udt.pl_-18x12.png 18w, https:\/\/kursy-udt.pl\/wp-content\/uploads\/2022\/12\/18-podnosniki-koszowe-kursy-udt.pl_-624x390.png 624w, https:\/\/kursy-udt.pl\/wp-content\/uploads\/2022\/12\/18-podnosniki-koszowe-kursy-udt.pl_.png 1200w\" sizes=\"auto, (max-width: 750px) 100vw, 750px\" \/><\/a><\/p>\n<p>&nbsp;<\/p>","protected":false},"excerpt":{"rendered":"<p>Podesty ruchome, takie jak zwy\u017cki, podno\u015bniki no\u017cycowe i inne, s\u0105 urz\u0105dzeniami obj\u0119tymi dozorem technicznym. Oznacza to nie tylko konieczno\u015b\u0107 posiadania odpowiednich uprawnie\u0144 do ich obs\u0142ugi. Wi\u0105\u017ce si\u0119 to tak\u017ce z obowi\u0105zkiem prowadzenia dokumentacji technicznej urz\u0105dze\u0144, regularnego przeprowadzania przegl\u0105d\u00f3w i innymi. Naprawami i przegl\u0105dami podest\u00f3w ruchomych mo\u017ce zajmowa\u0107 si\u0119 tylko konserwator z uprawnieniami przyznanymi przez UDT. Takie uprawnienia mo\u017cna uzyska\u0107, bior\u0105c udzia\u0142 w organizowanym przez nasz O\u015brodek kursie i podchodz\u0105c do egzaminu przed komisj\u0105 UDT. Zakres zagadnie\u0144 poruszanych na szkoleniu odpowiada wymogom egzaminacyjnym Urz\u0119du, a dzi\u0119ki do\u015bwiadczeniu i odpowiedniemu podej\u015bciu instruktor\u00f3w konserwacji podest\u00f3w mog\u0105 nauczy\u0107 si\u0119 nawet osoby bez do\u015bwiadczenia. Informacje na temat kursu z zakresu konserwacji podest\u00f3w ruchomych Szkolenie obejmuje nauk\u0119 konserwacji urz\u0105dze\u0144 z kategorii podest\u00f3w ruchomych. Nale\u017c\u0105 do nich popularne podno\u015bniki koszowe, czyli tzw. zwy\u017cki, a tak\u017ce podesty no\u017cycowe. Osoby, kt\u00f3re chcia\u0142yby uzyska\u0107 uprawnienia na inne urz\u0105dzenia transportu bliskiego, zapraszamy do zapoznania si\u0119 z ofert\u0105 pozosta\u0142ych kurs\u00f3w &#8211; informacje tutaj. W ramach zaj\u0119\u0107 uczestnicy dowiedz\u0105 si\u0119 mi\u0119dzy innymi: Jak zbudowane s\u0105 podno\u015bniki koszowe i inne podesty ruchome, w jaki spos\u00f3b dzia\u0142aj\u0105 Jakie s\u0105 obowi\u0105zuj\u0105ce przepisy dozoru technicznego Jakie obowi\u0105zki ma konserwator w zakresie przegl\u0105d\u00f3w i napraw urz\u0105dze\u0144 Jakie s\u0105 typowe usterki wyst\u0119puj\u0105ce w podestach ruchomych i jak si\u0119 je usuwa Jakie zasady BHP obowi\u0105zuj\u0105 przy eksploatacji Jak korzysta\u0107 z instrukcji i dokumentacji technicznej W jaki spos\u00f3b nale\u017cy dba\u0107 o stan techniczny podestow ruchomych Cze\u015b\u0107 mechaniczna, w tym hydrauliczna Cze\u015b\u0107 elektryczna Uczestnicy kursu, opr\u00f3cz wyk\u0142ad\u00f3w, bior\u0105 udzia\u0142 tak\u017ce w zaj\u0119ciach praktycznych. Szkolenie jest przeznaczone dla os\u00f3b pe\u0142noletnich, posiadaj\u0105cych wykszta\u0142cenie co najmniej podstawowe, o dobrym stanie [&hellip;]<\/p>\n","protected":false},"author":1,"featured_media":3515,"parent":2721,"menu_order":0,"comment_status":"closed","ping_status":"closed","template":"","meta":{"sfsi_plus_gutenberg_text_before_share":"","sfsi_plus_gutenberg_show_text_before_share":"","sfsi_plus_gutenberg_icon_type":"","sfsi_plus_gutenberg_icon_alignemt":"","sfsi_plus_gutenburg_max_per_row":"","footnotes":""},"class_list":["post-3514","page","type-page","status-publish","has-post-thumbnail","hentry","has_thumb"],"aioseo_notices":[],"_links":{"self":[{"href":"https:\/\/kursy-udt.pl\/en\/wp-json\/wp\/v2\/pages\/3514","targetHints":{"allow":["GET"]}}],"collection":[{"href":"https:\/\/kursy-udt.pl\/en\/wp-json\/wp\/v2\/pages"}],"about":[{"href":"https:\/\/kursy-udt.pl\/en\/wp-json\/wp\/v2\/types\/page"}],"author":[{"embeddable":true,"href":"https:\/\/kursy-udt.pl\/en\/wp-json\/wp\/v2\/users\/1"}],"replies":[{"embeddable":true,"href":"https:\/\/kursy-udt.pl\/en\/wp-json\/wp\/v2\/comments?post=3514"}],"version-history":[{"count":3,"href":"https:\/\/kursy-udt.pl\/en\/wp-json\/wp\/v2\/pages\/3514\/revisions"}],"predecessor-version":[{"id":4572,"href":"https:\/\/kursy-udt.pl\/en\/wp-json\/wp\/v2\/pages\/3514\/revisions\/4572"}],"up":[{"embeddable":true,"href":"https:\/\/kursy-udt.pl\/en\/wp-json\/wp\/v2\/pages\/2721"}],"wp:featuredmedia":[{"embeddable":true,"href":"https:\/\/kursy-udt.pl\/en\/wp-json\/wp\/v2\/media\/3515"}],"wp:attachment":[{"href":"https:\/\/kursy-udt.pl\/en\/wp-json\/wp\/v2\/media?parent=3514"}],"curies":[{"name":"wp","href":"https:\/\/api.w.org\/{rel}","templated":true}]}}