{"id":3507,"date":"2021-09-03T08:59:34","date_gmt":"2021-09-03T08:59:34","guid":{"rendered":"https:\/\/kursy-udt.pl\/?page_id=3507"},"modified":"2022-12-16T10:35:25","modified_gmt":"2022-12-16T10:35:25","slug":"maintenance-technician","status":"publish","type":"page","link":"https:\/\/kursy-udt.pl\/en\/szkolenia\/udt-wdt-tdt\/konserwator-urzadzen-udt\/","title":{"rendered":"UDT equipment maintenance course with a qualification exam"},"content":{"rendered":"<p><a href=\"https:\/\/kursy-udt.pl\/wp-content\/uploads\/2021\/09\/kursy-udt.pl-0021-OPUBLIKOWANE-v9-Copy.jpg\"><img loading=\"lazy\" decoding=\"async\" class=\"alignleft wp-image-3509 size-medium\" src=\"https:\/\/kursy-udt.pl\/wp-content\/uploads\/2021\/09\/kursy-udt.pl-0021-OPUBLIKOWANE-v9-Copy-300x198.jpg\" alt=\"UDT equipment conservator is a person who deals with the repair and inspection of platforms, cranes, trolleys, cranes, gantry cranes, hoists and winches or other \" width=\"300\" height=\"198\" srcset=\"https:\/\/kursy-udt.pl\/wp-content\/uploads\/2021\/09\/kursy-udt.pl-0021-OPUBLIKOWANE-v9-Copy-300x198.jpg 300w, https:\/\/kursy-udt.pl\/wp-content\/uploads\/2021\/09\/kursy-udt.pl-0021-OPUBLIKOWANE-v9-Copy.jpg 579w\" sizes=\"auto, (max-width: 300px) 100vw, 300px\" \/><\/a>These are classes that allow you to acquire knowledge from scratch in the field of repairs and inspections of handling equipment. They are intended both for people who have not worked with this type of equipment before, and for those who work as an operator. Practical training completed with a state exam is a way to quickly supplement knowledge and obtain qualifications sought on the labor market.<\/p>\n<h2>The work of the UDT equipment conservator<\/h2>\n<p>A conservator of handling equipment is a person who is authorized to carry out repairs, regular technical inspections, as well as to prepare devices for acceptance by UDT. Such specialists are employed in large construction and transport companies, but they can also provide services on their own, as part of their business.<\/p>\n<h2>Handling devices<\/h2>\n<p>These are devices intended for the transport of people, tools and loads, working within a limited range. This category includes mobile platforms, overhead cranes, winches, cranes, stacker cranes, trolleys, and cranes. In accordance with the regulations, all of them are subject to technical supervision, and to operate them, you need a qualification certificate issued by UDT. For each of these devices <a href=\"https:\/\/kursy-udt.pl\/en\/uprawnienia-udt\/kategorie-uprawnien-2\/\">entitlements<\/a> is obtained separately as part of the relevant course.<\/p>\n<h2>Types of maintenance training<\/h2>\n<p>In our Center, we conduct the following courses with the UDT state examination:<\/p>\n<ul>\n<li>Mobile platforms (platforms, aerial platforms)<\/li>\n<li><a href=\"https:\/\/kursy-udt.pl\/en\/szkolenia\/udt-wdt-tdt\/podesty-zaladowcze\/\">Loading platforms<\/a>including passenger transport<\/li>\n<li><a href=\"https:\/\/kursy-udt.pl\/en\/szkolenia\/udt-wdt-tdt\/podesty-ruchome-wiszace\/\">Hanging mobile platforms<\/a>, masted and stationary<\/li>\n<li>Platforms on railway vehicles<\/li>\n<li>Equipment for the disabled<\/li>\n<li>General and \/ or special purpose cranes<\/li>\n<li>General and \/ or special purpose hoists and winches<\/li>\n<li>Cranes: tower, self-propelled (cranes), portable HDS, stationary, rail and rail, shipyard and port, floating, on-board<\/li>\n<\/ul>\n<h2>Course for conservators of handling equipment - organizational details<\/h2>\n<h3>Schedule<\/h3>\n<p>The scope of issues covered during individual trainings varies, but they have a common framework plan. The general curriculum for all types of devices is as follows:<\/p>\n<ol>\n<li>Laws and regulations related to technical supervision of devices<\/li>\n<li>Construction and operation of handling equipment - general information<\/li>\n<li>Responsibilities of the maintenance technician in the field of inspections and repairs<\/li>\n<li>Typical faults for a given type of devices and methods of their removal<\/li>\n<li>Principles <a href=\"https:\/\/kursy-udt.pl\/en\/szkolenia\/bhp-bezpieczenstwo-pracy\/prawna-ochrona-pracy\/\">Health and Safety<\/a> applicable to operation and maintenance<\/li>\n<li>Using the manuals and technical documentation of devices<\/li>\n<li>Issues related to the mechanical, electrical and hydraulic parts<\/li>\n<li>Principles related to ensuring the technical efficiency of devices.<\/li>\n<\/ol>\n<p>The duration of the course is approximately 32 to 96 hours, depending on the chosen topic and the experience of the participant.<\/p>\n<h3>Requirements for participants<\/h3>\n<p>The course is open to anyone who is 18 years of age or older, has basic education (or higher) and has a health condition that allows to perform the profession of a conservator. In the case of training for some devices, it is necessary to have knowledge (and \/ or qualifications) in the field of electrical engineering and others - details on this subject can be found in the descriptions of individual training courses.<\/p>\n<p><a href=\"https:\/\/kursy-udt.pl\/wp-content\/uploads\/2021\/09\/kursy-udt.pl-0021-OPUBLIKOWANE-v10-Copy.jpg\"><img loading=\"lazy\" decoding=\"async\" class=\"size-full wp-image-3510 aligncenter\" src=\"https:\/\/kursy-udt.pl\/wp-content\/uploads\/2021\/09\/kursy-udt.pl-0021-OPUBLIKOWANE-v10-Copy.jpg\" alt=\" As part of his duties, the UDT equipment conservator performs regular inspections and repairs \" width=\"579\" height=\"332\" srcset=\"https:\/\/kursy-udt.pl\/wp-content\/uploads\/2021\/09\/kursy-udt.pl-0021-OPUBLIKOWANE-v10-Copy.jpg 579w, https:\/\/kursy-udt.pl\/wp-content\/uploads\/2021\/09\/kursy-udt.pl-0021-OPUBLIKOWANE-v10-Copy-300x172.jpg 300w\" sizes=\"auto, (max-width: 579px) 100vw, 579px\" \/><\/a><\/p>\n<h3>Examination for UDT qualifications<\/h3>\n<p>The state examination is conducted at the end of the course for those participants who have successfully completed the theoretical and practical parts. Our Center deals with organizational matters and exam registration on behalf of the students. The qualifications are checked at the seat of the Center or UDT (Warsaw or another branch). Qualifications are checked in the form of a knowledge test and an oral exam.<\/p>\n<p>Persons who have passed the exam receive a qualification certificate issued by UDT in the form of a plastic card. It entitles to perform the profession of a conservator of devices covered by technical supervision in Poland.<\/p>\n<h3>Registration for training<\/h3>\n<p>To enroll in a selected course, please visit our website <a href=\"https:\/\/platformaedukacji.pl\/sklep\/\">www.platformaedukacji.pl<\/a>. There are trainings at selected dates and locations. Add the selected option to the cart and make the payment. In the case of the UDT equipment maintenance course, the price may vary depending on the date, place of classes and other factors.<\/p>\n<p>We also organize training in this field for companies. Closed training can be conducted at the customer&#039;s premises or in another place of his choice. We are flexible in terms of deadlines. If you are interested, please contact us in this matter.<\/p>\n<p><a href=\"https:\/\/kursy-udt.pl\/wp-content\/uploads\/2022\/12\/Reklama-Na-Kursy-7-2.png\"><img loading=\"lazy\" decoding=\"async\" class=\"aligncenter wp-image-4585\" src=\"https:\/\/kursy-udt.pl\/wp-content\/uploads\/2022\/12\/Reklama-Na-Kursy-7-2-300x188.png\" alt=\"\" width=\"750\" height=\"469\" srcset=\"https:\/\/kursy-udt.pl\/wp-content\/uploads\/2022\/12\/Reklama-Na-Kursy-7-2-300x188.png 300w, https:\/\/kursy-udt.pl\/wp-content\/uploads\/2022\/12\/Reklama-Na-Kursy-7-2-1024x640.png 1024w, https:\/\/kursy-udt.pl\/wp-content\/uploads\/2022\/12\/Reklama-Na-Kursy-7-2-768x480.png 768w, https:\/\/kursy-udt.pl\/wp-content\/uploads\/2022\/12\/Reklama-Na-Kursy-7-2-18x12.png 18w, https:\/\/kursy-udt.pl\/wp-content\/uploads\/2022\/12\/Reklama-Na-Kursy-7-2-624x390.png 624w, https:\/\/kursy-udt.pl\/wp-content\/uploads\/2022\/12\/Reklama-Na-Kursy-7-2.png 1200w\" sizes=\"auto, (max-width: 750px) 100vw, 750px\" \/><\/a><\/p>\n<p>&nbsp;<\/p>","protected":false},"excerpt":{"rendered":"<p>To zaj\u0119cia, kt\u00f3re pozwalaj\u0105 na zdobycie od podstaw wiedzy w zakresie wykonywania napraw i przegl\u0105d\u00f3w urz\u0105dze\u0144 transportu bliskiego. S\u0105 przeznaczone zar\u00f3wno dla os\u00f3b, kt\u00f3re nie pracowa\u0142y dotychczas z tego rodzaju urz\u0105dzeniami, jak i tych, kt\u00f3re wykonuj\u0105 zaw\u00f3d operatora. Praktyczne szkolenia zako\u0144czone egzaminem pa\u0144stwowym to spos\u00f3b na szybkie uzupe\u0142nienie wiedzy i uzyskanie poszukiwanych na rynku pracy kwalifikacji. Praca konserwatora urz\u0105dze\u0144 UDT Konserwator urz\u0105dze\u0144 transportu bliskiego to osoba, kt\u00f3ra jest uprawniona do przeprowadzania napraw, regularnych przegl\u0105d\u00f3w technicznych, a tak\u017ce do przygotowywania urz\u0105dze\u0144 do odbioru przez UDT. Tacy specjali\u015bci s\u0105 zatrudniani w du\u017cych firmach budowlanych czy transportowych, ale mog\u0105 tak\u017ce \u015bwiadczy\u0107 us\u0142ugi na w\u0142asny rachunek, w ramach prowadzonej dzia\u0142alno\u015bci. Urz\u0105dzenia transportu bliskiego S\u0105 to urz\u0105dzenia przeznaczone do transportu os\u00f3b, narz\u0119dzi, \u0142adunk\u00f3w, pracuj\u0105ce w ograniczonym zasi\u0119gu. Do tej kategorii nale\u017c\u0105 podesty ruchome, suwnice, wci\u0105garki, \u017curawie, uk\u0142adnice, w\u00f3zki, d\u017awigi. Zgodnie z przepisami, wszystkie s\u0105 obj\u0119te dozorem technicznym, a do ich obs\u0142ugi potrzebne jest za\u015bwiadczenie kwalifikacyjne wydane przez UDT. Na ka\u017cde z tych urz\u0105dze\u0144 uprawnienia zdobywa si\u0119 osobno, w ramach odpowiedniego kursu. Rodzaje szkole\u0144 z zakresu konserwacji W naszym O\u015brodku przeprowadzamy nast\u0119puj\u0105ce kursy z egzaminem pa\u0144stwowym UDT: Podesty ruchome (zwy\u017cki, podno\u015bniki koszowe) Podesty za\u0142adowcze, w tym do transportu os\u00f3b Podesty ruchome wisz\u0105ce, masztowe i stacjonarne Podesty na pojazdach kolejowych Urz\u0105dzenia dla os\u00f3b niepe\u0142nosprawnych Suwnice og\u00f3lnego i\/lub specjalnego przeznaczenia Wci\u0105gniki i wci\u0105garki og\u00f3lnego i\/lub specjalnego przeznaczenia \u017burawie: wie\u017cowe, samojezdne (d\u017awigi), przeno\u015bne HDS, stacjonarne, kolejowe i na pojazdach kolejowych, stoczniowe i portowe, p\u0142ywaj\u0105ce, pok\u0142adowe Kurs dla konserwator\u00f3w urz\u0105dze\u0144 transportu bliskiego &#8211; szczeg\u00f3\u0142y organizacyjne Program zaj\u0119\u0107 Zakres zagadnie\u0144 poruszanych na poszczeg\u00f3lnych szkoleniach jest r\u00f3\u017cny, [&hellip;]<\/p>\n","protected":false},"author":1,"featured_media":3509,"parent":2721,"menu_order":0,"comment_status":"closed","ping_status":"closed","template":"","meta":{"sfsi_plus_gutenberg_text_before_share":"","sfsi_plus_gutenberg_show_text_before_share":"","sfsi_plus_gutenberg_icon_type":"","sfsi_plus_gutenberg_icon_alignemt":"","sfsi_plus_gutenburg_max_per_row":"","footnotes":""},"class_list":["post-3507","page","type-page","status-publish","has-post-thumbnail","hentry","has_thumb"],"aioseo_notices":[],"_links":{"self":[{"href":"https:\/\/kursy-udt.pl\/en\/wp-json\/wp\/v2\/pages\/3507","targetHints":{"allow":["GET"]}}],"collection":[{"href":"https:\/\/kursy-udt.pl\/en\/wp-json\/wp\/v2\/pages"}],"about":[{"href":"https:\/\/kursy-udt.pl\/en\/wp-json\/wp\/v2\/types\/page"}],"author":[{"embeddable":true,"href":"https:\/\/kursy-udt.pl\/en\/wp-json\/wp\/v2\/users\/1"}],"replies":[{"embeddable":true,"href":"https:\/\/kursy-udt.pl\/en\/wp-json\/wp\/v2\/comments?post=3507"}],"version-history":[{"count":3,"href":"https:\/\/kursy-udt.pl\/en\/wp-json\/wp\/v2\/pages\/3507\/revisions"}],"predecessor-version":[{"id":4586,"href":"https:\/\/kursy-udt.pl\/en\/wp-json\/wp\/v2\/pages\/3507\/revisions\/4586"}],"up":[{"embeddable":true,"href":"https:\/\/kursy-udt.pl\/en\/wp-json\/wp\/v2\/pages\/2721"}],"wp:featuredmedia":[{"embeddable":true,"href":"https:\/\/kursy-udt.pl\/en\/wp-json\/wp\/v2\/media\/3509"}],"wp:attachment":[{"href":"https:\/\/kursy-udt.pl\/en\/wp-json\/wp\/v2\/media?parent=3507"}],"curies":[{"name":"wp","href":"https:\/\/api.w.org\/{rel}","templated":true}]}}