{"id":3503,"date":"2021-09-03T08:27:37","date_gmt":"2021-09-03T08:27:37","guid":{"rendered":"https:\/\/kursy-udt.pl\/?page_id=3503"},"modified":"2023-02-14T12:26:45","modified_gmt":"2023-02-14T11:26:45","slug":"mast-mounted-mobile-platforms","status":"publish","type":"page","link":"https:\/\/kursy-udt.pl\/en\/szkolenia\/udt-wdt-tdt\/podesty-ruchome-masztowe\/","title":{"rendered":"Course for mast climbing work platforms"},"content":{"rendered":"<p>This training program complies with the requirements of the Office of Technical Inspection and takes into account the scope of knowledge required in the state examination on mobile platforms. We recommend the course to people who are determined to acquire new qualifications in the profession of an operator of handling equipment.<\/p>\n<h2>What is a mast mobile lift<\/h2>\n<p>It is a material handling device, used to move employees vertically as a work station at height. In this platform, the platform is placed on a mast - a truss structure on which it can slide thanks to the operation of a drive unit - a rack and pinion jack. The mast is most often folded, so you can change its height, depending on your needs. The whole thing is placed on a chassis equipped with wheels, thanks to which the platform can be easily transported \/ delivered to the construction site.<\/p>\n<p><a href=\"https:\/\/kursy-udt.pl\/wp-content\/uploads\/2022\/10\/1-1.jpeg\"><img loading=\"lazy\" decoding=\"async\" class=\"aligncenter wp-image-4448\" src=\"https:\/\/kursy-udt.pl\/wp-content\/uploads\/2022\/10\/1-1-300x187.jpeg\" alt=\"\" width=\"750\" height=\"468\" srcset=\"https:\/\/kursy-udt.pl\/wp-content\/uploads\/2022\/10\/1-1-300x187.jpeg 300w, https:\/\/kursy-udt.pl\/wp-content\/uploads\/2022\/10\/1-1-1024x639.jpeg 1024w, https:\/\/kursy-udt.pl\/wp-content\/uploads\/2022\/10\/1-1-768x480.jpeg 768w, https:\/\/kursy-udt.pl\/wp-content\/uploads\/2022\/10\/1-1-1536x959.jpeg 1536w, https:\/\/kursy-udt.pl\/wp-content\/uploads\/2022\/10\/1-1-18x12.jpeg 18w, https:\/\/kursy-udt.pl\/wp-content\/uploads\/2022\/10\/1-1-624x390.jpeg 624w, https:\/\/kursy-udt.pl\/wp-content\/uploads\/2022\/10\/1-1.jpeg 1600w\" sizes=\"auto, (max-width: 750px) 100vw, 750px\" \/><\/a><\/p>\n<p>The operator of mast climbing work platforms should first of all check if the device is suitable for indoor and outdoor use. Some of them are designed for indoor use only. It is also important to properly place the device on a stable surface and secure it with supports so that the work is completely safe.<\/p>\n<p>Mast platforms are used, among others, in:<\/p>\n<ul>\n<li>Construction work<\/li>\n<li>Renovation works, such as painting, insulation, plastering<\/li>\n<li>Installation of installations, windows, central air conditioning units on building facades<\/li>\n<li>Work in warehouses and factory halls<\/li>\n<\/ul>\n<p>According to the UDT classification, the stationary mobile platform is a material handling device under technical supervision. Until June 2020, it belonged to the II P category, along with hanging platforms, now it is obtained <a href=\"https:\/\/kursy-udt.pl\/en\/uprawnienia-udt\/kategorie-uprawnien-2\/\">UDT qualifications<\/a> on <a href=\"https:\/\/kursy-udt.pl\/en\/szkolenia\/udt-wdt-tdt\/podesty-ruchome-stacjonarne-masztowe-konserwacja\/\">stationary and mast mobile platforms<\/a> simultaneously.<\/p>\n<div class=\"filmw\">\n<div class=\"responsive-youtube\" style=\"text-align: center;\"><iframe loading=\"lazy\" title=\"YouTube video player\" src=\"https:\/\/www.youtube.com\/embed\/sadG__ZRQI8\" width=\"560\" height=\"315\" frameborder=\"0\" allowfullscreen=\"allowfullscreen\"><\/iframe><\/div>\n<\/div>\n<h2>Mast climbing work platforms - a course for operators<\/h2>\n<p>The aim of the courses is to provide knowledge about the construction, operation, use of platforms, safety rules for their operation and obligations related to technical supervision. Theoretical lectures are supplemented with practical exercises, so that even those who have never dealt with mast platforms could sufficiently master their operation.<\/p>\n<h3>Duration of classes<\/h3>\n<p>The number of hours of classes may differ depending on the group to which the participant is qualified. The time needed for learning is determined individually - people who already have experience in working with platforms may need fewer hours of lectures and practical exercises. In turn, beginners are provided with all the knowledge required for the exam.<\/p>\n<p>Approximate duration of training is from about 8 to about 20-35 hours. Students will receive information on this at the registration stage.<br \/>\n<div style=\"width: 640px;\" class=\"wp-video\"><video id=\"video-3503-1\" width=\"640\" height=\"360\" poster=\"https:\/\/kursy-udt.pl\/wp-content\/uploads\/2023\/02\/20230127_031102_0000.jpg\" preload=\"metadata\" controls=\"controls\"><source type=\"video\/mp4\" src=\"https:\/\/kursy-udt.pl\/wp-content\/uploads\/2023\/02\/ACCEPTED-operator-podestow-4K-kursy-udt.mp4?_=1\" \/><a href=\"https:\/\/kursy-udt.pl\/wp-content\/uploads\/2023\/02\/ACCEPTED-operator-podestow-4K-kursy-udt.mp4\">https:\/\/kursy-udt.pl\/wp-content\/uploads\/2023\/02\/ACCEPTED-operator-podestow-4K-kursy-udt.mp4<\/a><\/video><\/div>\n<h3>Dates of classes<\/h3>\n<p>New training groups are launched even several times a month. To check when the next \u201cStationary mobile platforms\u201d courses start, please see the information on our website <a href=\"https:\/\/platformaedukacji.pl\/sklep\/\">www.platformaedukacji.pl<\/a>.<\/p>\n<h3>Location<\/h3>\n<p>Classes are held at several locations, including online. We organise <a href=\"https:\/\/kursy-udt.pl\/en\/szkolenia\/podesty-ruchome\/\">courses for mobile platforms<\/a> in Warsaw, as well as in many large cities. The theoretical part can also be passed online by taking part in webinars, which take place in real time - live.<\/p>\n<h3>Conditions of participation<\/h3>\n<p>We do not require experience or practice from participants. However, we expect to meet the basic requirements: 18 years of age, minimum basic education, as well as no health contraindications, confirmed in the form of a declaration from the student, and in the case of work in accordance with the requirements of the Labor Code, a medical certificate is required.<\/p>\n<h3>Records<\/h3>\n<p>To enroll in a mast climbing work platform operator course, select the appropriate date on the website <a href=\"https:\/\/platformaedukacji.pl\/sklep\/\">www.platformaedukacji.pl<\/a>, add it to your cart, and then make the payment. Then the place at the selected training will be reserved.<\/p>\n<p>On the website, you can also sign up for other courses: rises (self-propelled mobile platforms), mobile mobile platforms and other devices subject to technical supervision.<\/p>\n<h3>Exam and qualifications<\/h3>\n<p>After completing theoretical and practical classes, participants have the opportunity to take the state examination conducted by UDT. Trainings are organized by our Center on such dates that the exam takes place as soon as possible after the end of classes. The course participant takes a knowledge test, and then a practical skills test in front of an inspector of UDT Warsaw or another branch.<\/p>\n<p>A positive result of the examination means that the candidate operator is granted the authorization. They are valid for stationary and mast mobile platforms and are valid for 10 consecutive years. It is a document sufficient to work as an operator throughout Poland.<\/p>\n<p><a href=\"https:\/\/kursy-udt.pl\/wp-content\/uploads\/2022\/12\/PODESTY-RUCHOME-kursy-udt.pl_.png\"><img loading=\"lazy\" decoding=\"async\" class=\"aligncenter wp-image-4531\" src=\"https:\/\/kursy-udt.pl\/wp-content\/uploads\/2022\/12\/PODESTY-RUCHOME-kursy-udt.pl_-300x188.png\" alt=\"\" width=\"750\" height=\"469\" srcset=\"https:\/\/kursy-udt.pl\/wp-content\/uploads\/2022\/12\/PODESTY-RUCHOME-kursy-udt.pl_-300x188.png 300w, https:\/\/kursy-udt.pl\/wp-content\/uploads\/2022\/12\/PODESTY-RUCHOME-kursy-udt.pl_-1024x640.png 1024w, https:\/\/kursy-udt.pl\/wp-content\/uploads\/2022\/12\/PODESTY-RUCHOME-kursy-udt.pl_-768x480.png 768w, https:\/\/kursy-udt.pl\/wp-content\/uploads\/2022\/12\/PODESTY-RUCHOME-kursy-udt.pl_-18x12.png 18w, https:\/\/kursy-udt.pl\/wp-content\/uploads\/2022\/12\/PODESTY-RUCHOME-kursy-udt.pl_-624x390.png 624w, https:\/\/kursy-udt.pl\/wp-content\/uploads\/2022\/12\/PODESTY-RUCHOME-kursy-udt.pl_.png 1200w\" sizes=\"auto, (max-width: 750px) 100vw, 750px\" \/><\/a><\/p>","protected":false},"excerpt":{"rendered":"<p>To szkolenie, kt\u00f3rego program jest zgodny z wymogami Urz\u0119du Dozoru Technicznego i uwzgl\u0119dnia zakres wiedzy wymagany na egzaminie pa\u0144stwowym z podest\u00f3w ruchomych. Kurs polecamy osobom, kt\u00f3re s\u0105 zdecydowane na zdobycie nowych kwalifikacji w zawodzie operatora urz\u0105dze\u0144 transportu bliskiego. Czym jest podest ruchomy masztowy To urz\u0105dzenie transportu bliskiego, s\u0142u\u017c\u0105ce do przemieszczania pracownik\u00f3w w pionie jako stanowisko pracy na wysoko\u015bci.. W przypadku tego podestu platforma umieszczona jest na maszcie \u2013 konstrukcji kratownicowej, po kt\u00f3rej mo\u017ce przesuwa\u0107 si\u0119 dzi\u0119ki dzia\u0142aniu zespo\u0142u nap\u0119dowego &#8211; d\u017awignika z\u0119batkowego. Maszt jest najcz\u0119\u015bciej sk\u0142adany, dzi\u0119ki czemu mo\u017cna zmienia\u0107 jego wysoko\u015b\u0107, w zale\u017cno\u015bci od potrzeb. Ca\u0142o\u015b\u0107 jest umieszczona na podwoziu wyposa\u017conym w ko\u0142a, dzi\u0119ki czemu podest mo\u017cna \u0142atwo przewie\u017a\u0107\/dostarczy\u0107 na miejsce budowy.. Operator podest\u00f3w ruchomych masztowych powinien przede wszystkim sprawdzi\u0107, czy urz\u0105dzenie nadaje si\u0119 do pracy wewn\u0105trz i na zewn\u0105trz budynk\u00f3w. Niekt\u00f3re z nich s\u0105 przeznaczone tylko do pracy w pomieszczeniach. Wa\u017cne jest tak\u017ce odpowiednie ustawienie urz\u0105dzenia na stabilnym pod\u0142o\u017cu i zabezpieczenie go podporami, tak aby praca by\u0142a w pe\u0142ni bezpieczna. Podesty masztowe wykorzystuje si\u0119 mi\u0119dzy innymi w: Pracach budowlanych Pracach remontowych, takich jak malowanie, ocieplanie, tynkowanie Monta\u017cu instalacji, okien, jednostek centralnych klimatyzacji na elewacjach budynk\u00f3w Pracach w magazynach i halach fabrycznych Wed\u0142ug klasyfikacji UDT podest ruchomy stacjonarny jest urz\u0105dzeniem transportu bliskiego obj\u0119tym dozorem technicznym. Do czerwca 2020 nale\u017ca\u0142 do kategorii II P, wraz z podestami wisz\u0105cymi, obecnie uzyskuje si\u0119 uprawnienia UDT na podesty ruchome stacjonarne i masztowe jednocze\u015bnie. Podesty ruchome masztowe \u2013 kurs dla operator\u00f3w Celem kurs\u00f3w jest przekazanie wiedzy na temat budowy, dzia\u0142ania, zastosowa\u0144 podest\u00f3w, zasad bezpiecze\u0144stwa przy ich eksploatacji oraz obowi\u0105zk\u00f3w [&hellip;]<\/p>\n","protected":false},"author":1,"featured_media":4448,"parent":2721,"menu_order":0,"comment_status":"closed","ping_status":"closed","template":"","meta":{"sfsi_plus_gutenberg_text_before_share":"","sfsi_plus_gutenberg_show_text_before_share":"","sfsi_plus_gutenberg_icon_type":"","sfsi_plus_gutenberg_icon_alignemt":"","sfsi_plus_gutenburg_max_per_row":"","footnotes":""},"class_list":["post-3503","page","type-page","status-publish","has-post-thumbnail","hentry","has_thumb"],"aioseo_notices":[],"_links":{"self":[{"href":"https:\/\/kursy-udt.pl\/en\/wp-json\/wp\/v2\/pages\/3503","targetHints":{"allow":["GET"]}}],"collection":[{"href":"https:\/\/kursy-udt.pl\/en\/wp-json\/wp\/v2\/pages"}],"about":[{"href":"https:\/\/kursy-udt.pl\/en\/wp-json\/wp\/v2\/types\/page"}],"author":[{"embeddable":true,"href":"https:\/\/kursy-udt.pl\/en\/wp-json\/wp\/v2\/users\/1"}],"replies":[{"embeddable":true,"href":"https:\/\/kursy-udt.pl\/en\/wp-json\/wp\/v2\/comments?post=3503"}],"version-history":[{"count":6,"href":"https:\/\/kursy-udt.pl\/en\/wp-json\/wp\/v2\/pages\/3503\/revisions"}],"predecessor-version":[{"id":4757,"href":"https:\/\/kursy-udt.pl\/en\/wp-json\/wp\/v2\/pages\/3503\/revisions\/4757"}],"up":[{"embeddable":true,"href":"https:\/\/kursy-udt.pl\/en\/wp-json\/wp\/v2\/pages\/2721"}],"wp:featuredmedia":[{"embeddable":true,"href":"https:\/\/kursy-udt.pl\/en\/wp-json\/wp\/v2\/media\/4448"}],"wp:attachment":[{"href":"https:\/\/kursy-udt.pl\/en\/wp-json\/wp\/v2\/media?parent=3503"}],"curies":[{"name":"wp","href":"https:\/\/api.w.org\/{rel}","templated":true}]}}