{"id":3498,"date":"2021-09-02T13:45:14","date_gmt":"2021-09-02T13:45:14","guid":{"rendered":"https:\/\/kursy-udt.pl\/?page_id=3498"},"modified":"2023-02-14T12:27:23","modified_gmt":"2023-02-14T11:27:23","slug":"stationary-mobile-platforms","status":"publish","type":"page","link":"https:\/\/kursy-udt.pl\/en\/szkolenia\/udt-wdt-tdt\/podesty-ruchome-stacjonarne\/","title":{"rendered":"Course for stationary mobile platforms"},"content":{"rendered":"<p>These classes are intended for people who want to work as an operator of stationary mobile platforms. Obtaining qualifications in this area requires passing the exam before the UDT committee. Trainings conducted by the Center&#039;s instructors are a reliable source of knowledge required for this exam. Additionally, they are a preparation for future operators for safe, accident-free work with devices.<\/p>\n<p><a href=\"https:\/\/kursy-udt.pl\/wp-content\/uploads\/2022\/10\/12345.jpg\"><img loading=\"lazy\" decoding=\"async\" class=\"size-medium wp-image-4450 alignright\" src=\"https:\/\/kursy-udt.pl\/wp-content\/uploads\/2022\/10\/12345-300x225.jpg\" alt=\"\" width=\"300\" height=\"225\" srcset=\"https:\/\/kursy-udt.pl\/wp-content\/uploads\/2022\/10\/12345-300x225.jpg 300w, https:\/\/kursy-udt.pl\/wp-content\/uploads\/2022\/10\/12345-768x576.jpg 768w, https:\/\/kursy-udt.pl\/wp-content\/uploads\/2022\/10\/12345-16x12.jpg 16w, https:\/\/kursy-udt.pl\/wp-content\/uploads\/2022\/10\/12345-640x480.jpg 640w, https:\/\/kursy-udt.pl\/wp-content\/uploads\/2022\/10\/12345-624x468.jpg 624w, https:\/\/kursy-udt.pl\/wp-content\/uploads\/2022\/10\/12345.jpg 1024w\" sizes=\"auto, (max-width: 300px) 100vw, 300px\" \/><\/a><\/p>\n<h2>UDT qualifications for stationary platforms<\/h2>\n<p>According to the classification of the Office of Technical Inspection, stationary platforms belong to handling devices and are subject to technical supervision. Together with the suspended mobile platforms, they belong to the former category II P. <a href=\"https:\/\/kursy-udt.pl\/en\/uprawnienia-udt\/kategorie-uprawnien-2\/\">Entitlements<\/a> on <a href=\"https:\/\/kursy-udt.pl\/en\/szkolenia\/udt-wdt-tdt\/podesty-ruchome-stacjonarne-masztowe-konserwacja\/\">stationary mobile platforms<\/a> for operators, they are granted for 10 years, after which they must be renewed. The qualification certificate issued by the Office in the form of a plastic card is valid throughout Poland and required for employment.<\/p>\n<p>The exam is carried out by the appropriate UDT commission (in Warsaw or a local branch of the Office) in the form of a knowledge test with closed questions, and then a practical test, during which an interview with the examiner at a given device takes place. The process of checking the qualifications is an integral part of the course - UDT conducts the exam on the set date.<\/p>\n<div class=\"filmw\">\n<div class=\"responsive-youtube\" style=\"text-align: center;\"><iframe loading=\"lazy\" title=\"YouTube video player\" src=\"https:\/\/www.youtube.com\/embed\/sadG__ZRQI8\" width=\"560\" height=\"315\" frameborder=\"0\" allowfullscreen=\"allowfullscreen\"><\/iframe><\/div>\n<\/div>\n<h2>Work for operators of stationary platforms<\/h2>\n<p>A stationary mobile platform is a device designed to work in one, designated place. It is not equipped with a mechanism to enable it to be moved. Despite this, it is quite popular: it is used in outdoor and indoor works. Application examples are:<\/p>\n<ul>\n<li>Thermal power stations<\/li>\n<li>Heavy industry<\/li>\n<li>Renovation and maintenance works:<\/li>\n<li>Production and maintenance processes<\/li>\n<\/ul>\n<h2>&quot;Stationary mobile platforms&quot; course - information<\/h2>\n<div style=\"width: 640px;\" class=\"wp-video\"><video id=\"video-3498-1\" width=\"640\" height=\"360\" poster=\"https:\/\/kursy-udt.pl\/wp-content\/uploads\/2023\/02\/20230127_031102_0000.jpg\" preload=\"metadata\" controls=\"controls\"><source type=\"video\/mp4\" src=\"https:\/\/kursy-udt.pl\/wp-content\/uploads\/2023\/02\/ACCEPTED-operator-podestow-4K-kursy-udt.mp4?_=1\" \/><a href=\"https:\/\/kursy-udt.pl\/wp-content\/uploads\/2023\/02\/ACCEPTED-operator-podestow-4K-kursy-udt.mp4\">https:\/\/kursy-udt.pl\/wp-content\/uploads\/2023\/02\/ACCEPTED-operator-podestow-4K-kursy-udt.mp4<\/a><\/video><\/div>\nThe UDT training program (in line with the examination requirements of this institution) focuses on the issues required during the qualification check. Participants take part in theoretical lectures and practical exercises.<\/p>\n<p>Framework training program:<\/p>\n<ul>\n<li>Construction, types and applications of stationary platforms<\/li>\n<li>Equipment operator&#039;s obligations during operation, before starting work and after its completion<\/li>\n<li>Safety rules related to the operation<\/li>\n<li>Technical inspection regulations in force<\/li>\n<li>Practical<\/li>\n<\/ul>\n<p>The training may be attended by adults, with at least elementary education, who have no health contraindications (a declaration of good health is required, and a certificate from an occupational medicine doctor is required for employment). It is not required to have experience in operating the platforms - classes are conducted from scratch or - if there is a group of willing people with more experience - in the scope adapted to the needs.<\/p>\n<p>Depending on the group, the duration of classes may vary from 8 to 35 hours. The time needed for practical learning is determined individually with the instructor.<\/p>\n<p>Information on the dates and locations of the courses can be found on our website. Up-to-date information can also be found on the website <a href=\"https:\/\/platformaedukacji.pl\/sklep\/\">www.platformaedukacji.pl<\/a>. There you can also sign up for classes and make payments.<\/p>\n<p>In the case of stationary mobile platforms, we can also organize courses in a closed form, as training for company employees. To discuss the details, please contact us by e-mail or telephone.<\/p>\n<p>We invite you to familiarize yourself with the offer of our other courses: mobile mobile platforms, self-propelled mobile platforms or lifting courses.<\/p>\n<p><a href=\"https:\/\/kursy-udt.pl\/wp-content\/uploads\/2022\/12\/PODESTY-RUCHOME-kursy-udt.pl_.png\"><img loading=\"lazy\" decoding=\"async\" class=\"aligncenter wp-image-4531\" src=\"https:\/\/kursy-udt.pl\/wp-content\/uploads\/2022\/12\/PODESTY-RUCHOME-kursy-udt.pl_-300x188.png\" alt=\"\" width=\"750\" height=\"469\" srcset=\"https:\/\/kursy-udt.pl\/wp-content\/uploads\/2022\/12\/PODESTY-RUCHOME-kursy-udt.pl_-300x188.png 300w, https:\/\/kursy-udt.pl\/wp-content\/uploads\/2022\/12\/PODESTY-RUCHOME-kursy-udt.pl_-1024x640.png 1024w, https:\/\/kursy-udt.pl\/wp-content\/uploads\/2022\/12\/PODESTY-RUCHOME-kursy-udt.pl_-768x480.png 768w, https:\/\/kursy-udt.pl\/wp-content\/uploads\/2022\/12\/PODESTY-RUCHOME-kursy-udt.pl_-18x12.png 18w, https:\/\/kursy-udt.pl\/wp-content\/uploads\/2022\/12\/PODESTY-RUCHOME-kursy-udt.pl_-624x390.png 624w, https:\/\/kursy-udt.pl\/wp-content\/uploads\/2022\/12\/PODESTY-RUCHOME-kursy-udt.pl_.png 1200w\" sizes=\"auto, (max-width: 750px) 100vw, 750px\" \/><\/a><\/p>","protected":false},"excerpt":{"rendered":"<p>To zaj\u0119cia przeznaczone dla os\u00f3b, kt\u00f3re chc\u0105 pracowa\u0107 w zawodzie operatora podest\u00f3w ruchomych stacjonarnych. Zdobycie kwalifikacji w tym zakresie wi\u0105\u017ce si\u0119 z konieczno\u015bci\u0105 zdania egzaminu przed komisj\u0105 UDT. Szkolenia prowadzone przez instruktor\u00f3w O\u015brodka stanowi\u0105 rzetelne \u017ar\u00f3d\u0142o wiedzy wymaganej na tym egzaminie. Dodatkowo s\u0105 dla przysz\u0142ych operator\u00f3w przygotowaniem do bezpiecznej, bezwypadkowej pracy z urz\u0105dzeniami. Uprawnienia UDT na podesty stacjonarne Wed\u0142ug klasyfikacji Urz\u0119du Dozoru Technicznego podesty stacjonarne nale\u017c\u0105 do urz\u0105dze\u0144 transportu bliskiego i s\u0105 obj\u0119te dozorem technicznym. Razem z podestami ruchomymi wisz\u0105cymi zaliczane s\u0105 do dawnej kategorii II P. Uprawnienia na podesty ruchome stacjonarne dla operator\u00f3w s\u0105 przyznawane na 10 lat, po tym czasie nale\u017cy je odnowi\u0107. Wystawione przez Urz\u0105d za\u015bwiadczenie kwalifikacyjne w formie karty plastikowej jest wa\u017cne na terenie ca\u0142ej Polski i wymagane przy zatrudnieniu. Przeprowadzany przez odpowiedni\u0105 komisj\u0119 UDT (w Warszawie lub oddziale terenowym Urz\u0119du) egzamin ma form\u0119 testu wiedzy z pytaniami zamkni\u0119tymi, a nast\u0119pnie sprawdzianu praktycznego, w czasie kt\u00f3rego odbywa si\u0119 rozmow\u0119 z egzaminatorem przy danym urz\u0105dzeniu. Proces sprawdzenia kwalifikacji jest integraln\u0105 cz\u0119\u015bci\u0105 kursu \u2013 UDT przeprowadza egzamin w wyznaczonym terminie. Praca dla operator\u00f3w podest\u00f3w stacjonarnych Podest ruchomy stacjonarny jest urz\u0105dzeniem przeznaczonym do pracy w jednym, wyznaczonym miejscu. Nie jest wyposa\u017cony w mechanizm umo\u017cliwiaj\u0105cy przemieszczanie. Mimo to jest do\u015b\u0107 popularny: u\u017cywa si\u0119 go w pracach na zewn\u0105trz i wewn\u0105trz budynk\u00f3w. Przyk\u0142adowe zastosowania to: Elektrociep\u0142ownie Przemys\u0142 ci\u0119\u017cki Prace remontowe i konserwacyjne: Procesy produkcyjne i konserwacyjne Kurs \u201cPodesty ruchome stacjonarne\u201d &#8211; informacje Program szkolenia UDT (zgodne z wymogami egzaminacyjnymi tej instytucji) skupia si\u0119 na zagadnieniach wymaganych podczas sprawdzenia kwalifikacji. Uczestnicy bior\u0105 udzia\u0142 w wyk\u0142adach teoretycznych oraz [&hellip;]<\/p>\n","protected":false},"author":1,"featured_media":4450,"parent":2721,"menu_order":0,"comment_status":"closed","ping_status":"closed","template":"","meta":{"sfsi_plus_gutenberg_text_before_share":"","sfsi_plus_gutenberg_show_text_before_share":"","sfsi_plus_gutenberg_icon_type":"","sfsi_plus_gutenberg_icon_alignemt":"","sfsi_plus_gutenburg_max_per_row":"","footnotes":""},"class_list":["post-3498","page","type-page","status-publish","has-post-thumbnail","hentry","has_thumb"],"aioseo_notices":[],"_links":{"self":[{"href":"https:\/\/kursy-udt.pl\/en\/wp-json\/wp\/v2\/pages\/3498","targetHints":{"allow":["GET"]}}],"collection":[{"href":"https:\/\/kursy-udt.pl\/en\/wp-json\/wp\/v2\/pages"}],"about":[{"href":"https:\/\/kursy-udt.pl\/en\/wp-json\/wp\/v2\/types\/page"}],"author":[{"embeddable":true,"href":"https:\/\/kursy-udt.pl\/en\/wp-json\/wp\/v2\/users\/1"}],"replies":[{"embeddable":true,"href":"https:\/\/kursy-udt.pl\/en\/wp-json\/wp\/v2\/comments?post=3498"}],"version-history":[{"count":6,"href":"https:\/\/kursy-udt.pl\/en\/wp-json\/wp\/v2\/pages\/3498\/revisions"}],"predecessor-version":[{"id":4758,"href":"https:\/\/kursy-udt.pl\/en\/wp-json\/wp\/v2\/pages\/3498\/revisions\/4758"}],"up":[{"embeddable":true,"href":"https:\/\/kursy-udt.pl\/en\/wp-json\/wp\/v2\/pages\/2721"}],"wp:featuredmedia":[{"embeddable":true,"href":"https:\/\/kursy-udt.pl\/en\/wp-json\/wp\/v2\/media\/4450"}],"wp:attachment":[{"href":"https:\/\/kursy-udt.pl\/en\/wp-json\/wp\/v2\/media?parent=3498"}],"curies":[{"name":"wp","href":"https:\/\/api.w.org\/{rel}","templated":true}]}}