{"id":3492,"date":"2021-09-02T12:10:53","date_gmt":"2021-09-02T12:10:53","guid":{"rendered":"https:\/\/kursy-udt.pl\/?page_id=3492"},"modified":"2023-01-04T09:19:46","modified_gmt":"2023-01-04T09:19:46","slug":"boom-lift-scissor-lift","status":"publish","type":"page","link":"https:\/\/kursy-udt.pl\/en\/szkolenia\/udt-wdt-tdt\/boom-lift-scissor-lift\/","title":{"rendered":"A course to prepare for work on aerial work platforms abroad (boom lift, scissor lift)."},"content":{"rendered":"<p><a href=\"https:\/\/kursy-udt.pl\/wp-content\/uploads\/2021\/09\/kursy-udt.pl-0017-OPUBLIKOWANE-v7-Copy.jpg\"><img loading=\"lazy\" decoding=\"async\" class=\"paddingleft10 wp-image-3493 size-medium alignleft\" src=\"https:\/\/kursy-udt.pl\/wp-content\/uploads\/2021\/09\/kursy-udt.pl-0017-OPUBLIKOWANE-v7-Copy-300x200.jpg\" alt=\"Aerial work platforms, scissor lifts (boom lift, scissor lift) - additional qualifications are required to operate these machines abroad\" width=\"300\" height=\"200\" srcset=\"https:\/\/kursy-udt.pl\/wp-content\/uploads\/2021\/09\/kursy-udt.pl-0017-OPUBLIKOWANE-v7-Copy-300x200.jpg 300w, https:\/\/kursy-udt.pl\/wp-content\/uploads\/2021\/09\/kursy-udt.pl-0017-OPUBLIKOWANE-v7-Copy.jpg 579w\" sizes=\"auto, (max-width: 300px) 100vw, 300px\" \/><\/a>Obtaining a professional qualification before going abroad can be the key to getting a well-paid job with a short job search. Such specialists as mobile platform operators are - as in our country - in demand in construction, renovation and other industries. Aerial work platforms and scissor lifts are also used for work on oil platforms and in ports and shipyards. To be able to operate these machines abroad, it is often necessary to obtain additional <a href=\"https:\/\/kursy-udt.pl\/en\/uprawnienia-udt\/kategorie-uprawnien-2\/\">entitlements<\/a>. The Polish ones, issued by the UDT, are not honoured everywhere.<\/p>\n<p>For those who would like to work in countries associated with the organisation <a href=\"https:\/\/kursy-udt.pl\/en\/szkolenia\/udt-wdt-tdt\/sygnalista-hakowy\/\">OMHEC<\/a> (Offshore Mechanical Handling Equipment Committee), i.e. the UK, Denmark, Norway and the Netherlands, we recommend a course to prepare you for certification. Obtaining this certification allows you to work as an equipment operator. Classes are held at a stationary location in Warsaw or remotely, in the form of e-learning.<\/p>\n<h2>Course on operating aerial work platforms (boom lifts) and scissor lifts (scissor lifts) abroad<\/h2>\n<p>The training has been prepared by experts from our centre, based on the standards set by the OMHEC organisation and the MEWP ISO 18878 standards, so that completing the training and gaining the certificate is recognised in the aforementioned countries.<\/p>\n<p>During the training, participants gain knowledge on:<\/p>\n<ul>\n<li>Construction and mode of operation of MEWP elevator components<\/li>\n<li>Safety rules, taking into account working conditions on land and at sea<\/li>\n<li>Foreign regulations for the operation of mobile platforms<\/li>\n<li>Lift tests and strength and stability tests<\/li>\n<\/ul>\n<p>In line with ISO and OMHEC guidelines, students also participate in practical classes where they learn how to operate the equipment and how to operate it safely.<\/p>\n<div class=\"filmw\">\n<div class=\"responsive-youtube\" style=\"text-align: center;\"><iframe loading=\"lazy\" title=\"YouTube video player\" src=\"https:\/\/www.youtube.com\/embed\/sadG__ZRQI8\" width=\"560\" height=\"315\" frameborder=\"0\" allowfullscreen=\"allowfullscreen\"><\/iframe><\/div>\n<\/div>\n<h2>Eligibility to work abroad<\/h2>\n<p>At the end of the training part of the course, an examination is organised for trainees: a theoretical and a practical part. If they pass, they are awarded the certificate necessary to apply for work abroad. The Centre also offers the possibility of issuing a Hot Work plastic card for an additional cost of PLN 300. The certificate is valid for 5 years.<\/p>\n<h2>Information on equipment that can be operated once qualified<\/h2>\n<h3>Boom lifts<\/h3>\n<p>These are mobile platforms classified as self-propelled. They are also known as stepladders. It is one of the more common types of platform: a boom with a platform placed on a truck trailer. Boomers can vary in lifting capacity, working height, platform size and drive: electric or diesel, and depending on these parameters, they can be used for a variety of purposes. They are used for indoor work (for example, assembly or maintenance work in large factory halls or warehouses) and also outdoors: for work on the facades of buildings, installation and repair of lighting, pruning of branches or hanging of large-format advertising.<a href=\"https:\/\/kursy-udt.pl\/wp-content\/uploads\/2021\/09\/kursy-udt.pl-0017-OPUBLIKOWANY-v8-Copy.jpg\"><img loading=\"lazy\" decoding=\"async\" class=\"size-full wp-image-3494 aligncenter\" src=\"https:\/\/kursy-udt.pl\/wp-content\/uploads\/2021\/09\/kursy-udt.pl-0017-OPUBLIKOWANY-v8-Copy.jpg\" alt=\"\" width=\"579\" height=\"386\" srcset=\"https:\/\/kursy-udt.pl\/wp-content\/uploads\/2021\/09\/kursy-udt.pl-0017-OPUBLIKOWANY-v8-Copy.jpg 579w, https:\/\/kursy-udt.pl\/wp-content\/uploads\/2021\/09\/kursy-udt.pl-0017-OPUBLIKOWANY-v8-Copy-300x200.jpg 300w\" sizes=\"auto, (max-width: 579px) 100vw, 579px\" \/><\/a><\/p>\n<h3>Scissor lifts<\/h3>\n<p>These are devices that, according to the classification of the UDT, belong to the free-moving platforms. A characteristic feature of these lifts are the folding outriggers, which resemble scissors in their mode of operation. On the boom, there is a working platform for vertical transport of workers. The whole is placed on a platform equipped with wheels. Electric scissor lifts are often used for indoor work due to their small size. This includes work such as painting walls and ceilings, installation or renovation work. Larger, combustion-engine driven lifts are well suited to work on difficult terrain, including steep slopes and low load capacity.<\/p>\n<p><a href=\"https:\/\/kursy-udt.pl\/wp-content\/uploads\/2022\/12\/18-podnosniki-koszowe-kursy-udt.pl_.png\"><img loading=\"lazy\" decoding=\"async\" class=\"aligncenter wp-image-4551\" src=\"https:\/\/kursy-udt.pl\/wp-content\/uploads\/2022\/12\/18-podnosniki-koszowe-kursy-udt.pl_-300x188.png\" alt=\"\" width=\"750\" height=\"469\" srcset=\"https:\/\/kursy-udt.pl\/wp-content\/uploads\/2022\/12\/18-podnosniki-koszowe-kursy-udt.pl_-300x188.png 300w, https:\/\/kursy-udt.pl\/wp-content\/uploads\/2022\/12\/18-podnosniki-koszowe-kursy-udt.pl_-1024x640.png 1024w, https:\/\/kursy-udt.pl\/wp-content\/uploads\/2022\/12\/18-podnosniki-koszowe-kursy-udt.pl_-768x480.png 768w, https:\/\/kursy-udt.pl\/wp-content\/uploads\/2022\/12\/18-podnosniki-koszowe-kursy-udt.pl_-18x12.png 18w, https:\/\/kursy-udt.pl\/wp-content\/uploads\/2022\/12\/18-podnosniki-koszowe-kursy-udt.pl_-624x390.png 624w, https:\/\/kursy-udt.pl\/wp-content\/uploads\/2022\/12\/18-podnosniki-koszowe-kursy-udt.pl_.png 1200w\" sizes=\"auto, (max-width: 750px) 100vw, 750px\" \/><\/a><\/p>\n<p>&nbsp;<\/p>","protected":false},"excerpt":{"rendered":"<p>Uzyskanie kwalifikacji zawodowych przed wyjazdem za granic\u0119 mo\u017ce by\u0107 kluczem do zdobycia dobrze p\u0142atnej pracy przy kr\u00f3tkim czasie poszukiwania zatrudnienia. Tacy specjali\u015bci, jak operatorzy podest\u00f3w ruchomych, s\u0105 &#8211; podobnie jak w naszym kraju \u2013 poszukiwani w firmach budowlanych, remontowych i z innych bran\u017c. Podno\u015bniki koszowe i no\u017cycowe wykorzystuje si\u0119 tak\u017ce w pracach na platformach wiertniczych oraz w portach i stoczniach. Aby m\u00f3c obs\u0142ugiwa\u0107 te urz\u0105dzenia za granic\u0105, cz\u0119sto trzeba uzyska\u0107 dodatkowe uprawnienia. Te polskie, wydawane przez UDT, nie wsz\u0119dzie s\u0105 honorowane. Osobom, kt\u00f3re chcia\u0142yby podj\u0105\u0107 prac\u0119 w krajach zrzeszonych w organizacji OMHEC (Offshore Mechanical Handling Equipment Committee), czyli Wielkiej Brytanii, Danii, Norwegii i Holandii, polecamy kurs przygotowuj\u0105cy do zdobycia certyfikatu. Otrzymanie tych uprawnie\u0144 pozwala wykonywa\u0107 prac\u0119 na stanowisku operatora urz\u0105dze\u0144. Zaj\u0119cia odbywaj\u0105 si\u0119 stacjonarnie w Warszawie lub zdalnie, w formie e-learningu. Przebieg kursu na obs\u0142ug\u0119 podno\u015bnik\u00f3w koszowych (boom lift) i podno\u015bnik\u00f3w no\u017cycowych (scissor lift) za granic\u0105 Szkolenie zosta\u0142o przygotowane przez ekspert\u00f3w z naszego O\u015brodka w oparciu o standardy wyznaczone przez organizacj\u0119 OMHEC oraz o normy MEWP ISO 18878. Dzi\u0119ki temu uko\u0144czenie szkolenia i zdobycie certyfikatu jest honorowane w wymienionych krajach. Podczas szkolenia uczestnicy zdobywaj\u0105 wiedz\u0119 na temat: Budowy i sposobu dzia\u0142ania element\u00f3w sk\u0142adowych podno\u015bnik\u00f3w MEWP Zasad bezpiecze\u0144stwa, z uwzgl\u0119dnieniem warunk\u00f3w pracy na l\u0105dzie i na morzu Obowi\u0105zuj\u0105cych za granic\u0105 przepis\u00f3w dotycz\u0105cych eksploatacji podest\u00f3w ruchomych Bada\u0144 i pr\u00f3b wytrzyma\u0142o\u015bci i stateczno\u015bci podno\u015bnik\u00f3w Zgodnie z wytycznymi ISO oraz OMHEC kursanci uczestnicz\u0105 r\u00f3wnie\u017c w zaj\u0119ciach praktycznych, w czasie kt\u00f3rych ucz\u0105 si\u0119 obs\u0142ugi urz\u0105dze\u0144 oraz bezpiecznej eksploatacji. Uprawnienia do pracy za granic\u0105 Po zako\u0144czeniu cz\u0119\u015bci szkoleniowej dla kursant\u00f3w organizowany [&hellip;]<\/p>\n","protected":false},"author":1,"featured_media":3493,"parent":2721,"menu_order":0,"comment_status":"closed","ping_status":"closed","template":"","meta":{"sfsi_plus_gutenberg_text_before_share":"","sfsi_plus_gutenberg_show_text_before_share":"","sfsi_plus_gutenberg_icon_type":"","sfsi_plus_gutenberg_icon_alignemt":"","sfsi_plus_gutenburg_max_per_row":"","footnotes":""},"class_list":["post-3492","page","type-page","status-publish","has-post-thumbnail","hentry","has_thumb"],"aioseo_notices":[],"_links":{"self":[{"href":"https:\/\/kursy-udt.pl\/en\/wp-json\/wp\/v2\/pages\/3492","targetHints":{"allow":["GET"]}}],"collection":[{"href":"https:\/\/kursy-udt.pl\/en\/wp-json\/wp\/v2\/pages"}],"about":[{"href":"https:\/\/kursy-udt.pl\/en\/wp-json\/wp\/v2\/types\/page"}],"author":[{"embeddable":true,"href":"https:\/\/kursy-udt.pl\/en\/wp-json\/wp\/v2\/users\/1"}],"replies":[{"embeddable":true,"href":"https:\/\/kursy-udt.pl\/en\/wp-json\/wp\/v2\/comments?post=3492"}],"version-history":[{"count":4,"href":"https:\/\/kursy-udt.pl\/en\/wp-json\/wp\/v2\/pages\/3492\/revisions"}],"predecessor-version":[{"id":4591,"href":"https:\/\/kursy-udt.pl\/en\/wp-json\/wp\/v2\/pages\/3492\/revisions\/4591"}],"up":[{"embeddable":true,"href":"https:\/\/kursy-udt.pl\/en\/wp-json\/wp\/v2\/pages\/2721"}],"wp:featuredmedia":[{"embeddable":true,"href":"https:\/\/kursy-udt.pl\/en\/wp-json\/wp\/v2\/media\/3493"}],"wp:attachment":[{"href":"https:\/\/kursy-udt.pl\/en\/wp-json\/wp\/v2\/media?parent=3492"}],"curies":[{"name":"wp","href":"https:\/\/api.w.org\/{rel}","templated":true}]}}