{"id":3486,"date":"2021-09-02T11:25:18","date_gmt":"2021-09-02T11:25:18","guid":{"rendered":"https:\/\/kursy-udt.pl\/?page_id=3486"},"modified":"2022-12-05T11:39:23","modified_gmt":"2022-12-05T11:39:23","slug":"cherry-pickers","status":"publish","type":"page","link":"https:\/\/kursy-udt.pl\/en\/szkolenia\/udt-wdt-tdt\/zwyzki-podnosniki-koszowe\/","title":{"rendered":"Course for rises (aerial platforms)"},"content":{"rendered":"<p><a href=\"https:\/\/kursy-udt.pl\/wp-content\/uploads\/2021\/09\/kursy-udt.pl-0016-OPUBLIKOWANY-v5-Copy.jpg\"><img loading=\"lazy\" decoding=\"async\" class=\"paddingleft10 alignleft wp-image-3487 size-medium\" src=\"https:\/\/kursy-udt.pl\/wp-content\/uploads\/2021\/09\/kursy-udt.pl-0016-OPUBLIKOWANY-v5-Copy-300x224.jpg\" alt=\"Aerial platforms (lifts) - universal devices used for work at heights\" width=\"300\" height=\"224\" srcset=\"https:\/\/kursy-udt.pl\/wp-content\/uploads\/2021\/09\/kursy-udt.pl-0016-OPUBLIKOWANY-v5-Copy-300x224.jpg 300w, https:\/\/kursy-udt.pl\/wp-content\/uploads\/2021\/09\/kursy-udt.pl-0016-OPUBLIKOWANY-v5-Copy.jpg 579w\" sizes=\"auto, (max-width: 300px) 100vw, 300px\" \/><\/a>The aim of the training is not only to prepare the students for the UDT exam in the best possible way, but also to transfer knowledge and learn skills that will be useful in later work. Our instructors attach great importance to the principles of safe operation of devices, which allows you to avoid breakdowns and accidents at work. The price of the training includes an exam, after which you will get a pass <a href=\"https:\/\/kursy-udt.pl\/en\/uprawnienia-udt\/kategorie-uprawnien-2\/\">UDT qualifications<\/a>necessary for work in the profession.<\/p>\n<h2>Information about the aerial work platform course<\/h2>\n<h3><\/h3>\n<h3>Classes in theory<\/h3>\n<p>The course begins with lectures, during which instructors provide in an accessible way knowledge about the construction of lifts, the operation of mechanisms, reading the operating instructions, rules of use, research and tests. Classes are held in stationary or online, in the form of webinars.<\/p>\n<h3>Practical<\/h3>\n<p>Students can make individual appointments for practical exercises in the hall on the manoeuvring area. The centre has its own technical base with the equipment discussed during the course. The trainee operator has the opportunity to familiarise himself with the construction of skips, practice starting and operating them, learn the principles of the <a href=\"https:\/\/kursy-udt.pl\/en\/szkolenia\/bhp-bezpieczenstwo-pracy\/prawna-ochrona-pracy\/\">Health and Safety<\/a> applicable in the event of accidents and emergencies.<\/p>\n<p>The scope of issues in both parts of the training is agreed with the UDT. The training may vary in the number of hours, depending on the level of advancement and the needs of the group and the type of platforms (from approx. 8 to 35 hours).<\/p>\n<div class=\"filmw\">\n<div class=\"responsive-youtube\" style=\"text-align: center;\"><iframe loading=\"lazy\" title=\"YouTube video player\" src=\"https:\/\/www.youtube.com\/embed\/sadG__ZRQI8\" width=\"560\" height=\"315\" frameborder=\"0\" allowfullscreen=\"allowfullscreen\"><\/iframe><\/div>\n<\/div>\n<h3>Lifts course - organizational details<\/h3>\n<p>Who can take part in the classes: people at different levels of advancement, over 18 years of age, with no health contraindications, with at least elementary education.<\/p>\n<p>Where the courses take place: The center organizes training courses for aerial work platforms in Warsaw, Krak\u00f3w and Katowice. At the request of business clients, we also organize training in other locations.<\/p>\n<p>How much are <a href=\"https:\/\/kursy-udt.pl\/en\/szkolenia\/podesty-ruchome\/\">courses for mobile platforms<\/a>: The price is shown to interested customers upon registration. It depends, among other things, on the date of the course, the level of advancement of the group and other factors.<\/p>\n<h2>UDT exam - qualifications after the course<\/h2>\n<p>As part of the classes, a state examination is organized in front of inspectors on behalf of UDT (in Warsaw or other locations). After completing it, you receive rights to increase, valid for 5 years. They are valid in Poland.<\/p>\n<h2><a href=\"https:\/\/kursy-udt.pl\/wp-content\/uploads\/2021\/09\/kursy-udt.pl-0016-OPUBLIKOWANY-v6-Copy.jpg\"><img loading=\"lazy\" decoding=\"async\" class=\"size-full wp-image-3488 aligncenter\" src=\"https:\/\/kursy-udt.pl\/wp-content\/uploads\/2021\/09\/kursy-udt.pl-0016-OPUBLIKOWANY-v6-Copy.jpg\" alt=\"Platform lifts - aerial platforms have a platform on a boom placed on the car\" width=\"579\" height=\"386\" srcset=\"https:\/\/kursy-udt.pl\/wp-content\/uploads\/2021\/09\/kursy-udt.pl-0016-OPUBLIKOWANY-v6-Copy.jpg 579w, https:\/\/kursy-udt.pl\/wp-content\/uploads\/2021\/09\/kursy-udt.pl-0016-OPUBLIKOWANY-v6-Copy-300x200.jpg 300w\" sizes=\"auto, (max-width: 579px) 100vw, 579px\" \/><\/a><\/h2>\n<h2>Aerial platform: how it works, where it is used<\/h2>\n<p>This type of mobile platform is widely used for work at heights. It consists of a platform or a basket placed on a hydraulic arm. The whole thing is usually on a truck trailer, which gives the device a lot of possibilities when it comes to transport.<\/p>\n<p>The basic parameters that may differ between individual models of basket platforms are:<\/p>\n<ul>\n<li>Maximum Lifting Height, which is the height the platform can rise to<\/li>\n<li>Maximum extension of the platform - measured from the axis of rotation to the extreme position of the basket<\/li>\n<li>The dimensions of the work platform<\/li>\n<li>Maximum lifting capacity - the weight that the platform can carry, expressed in kilograms or the number of people<\/li>\n<li>Device weight and dimensions<\/li>\n<li>Drive type: electric or combustion<\/li>\n<\/ul>\n<p>Examples of use of the boosters are:<\/p>\n<ul>\n<li>Work at heights at the construction site<\/li>\n<li>Maintenance, cleaning, roof painting<\/li>\n<li>Repair of lighting, electrical installation, traffic lights<\/li>\n<li>Washing windows and facade elements<\/li>\n<li>Pruning branches, caring for greenery in parks and other green areas<\/li>\n<li>Fire brigade operations - fire trucks are also a type of aerial platform<\/li>\n<\/ul>\n<p>&nbsp;<\/p>\n<p><a href=\"https:\/\/kursy-udt.pl\/wp-content\/uploads\/2022\/12\/16-kurs-zwyzki-nozycowe-kursy-udt.pl_.png\"><img loading=\"lazy\" decoding=\"async\" class=\"aligncenter wp-image-4526\" src=\"https:\/\/kursy-udt.pl\/wp-content\/uploads\/2022\/12\/16-kurs-zwyzki-nozycowe-kursy-udt.pl_-300x188.png\" alt=\"\" width=\"750\" height=\"469\" srcset=\"https:\/\/kursy-udt.pl\/wp-content\/uploads\/2022\/12\/16-kurs-zwyzki-nozycowe-kursy-udt.pl_-300x188.png 300w, https:\/\/kursy-udt.pl\/wp-content\/uploads\/2022\/12\/16-kurs-zwyzki-nozycowe-kursy-udt.pl_-1024x640.png 1024w, https:\/\/kursy-udt.pl\/wp-content\/uploads\/2022\/12\/16-kurs-zwyzki-nozycowe-kursy-udt.pl_-768x480.png 768w, https:\/\/kursy-udt.pl\/wp-content\/uploads\/2022\/12\/16-kurs-zwyzki-nozycowe-kursy-udt.pl_-18x12.png 18w, https:\/\/kursy-udt.pl\/wp-content\/uploads\/2022\/12\/16-kurs-zwyzki-nozycowe-kursy-udt.pl_-624x390.png 624w, https:\/\/kursy-udt.pl\/wp-content\/uploads\/2022\/12\/16-kurs-zwyzki-nozycowe-kursy-udt.pl_.png 1200w\" sizes=\"auto, (max-width: 750px) 100vw, 750px\" \/><\/a><\/p>","protected":false},"excerpt":{"rendered":"<p>Celem szkolenia jest nie tylko jak najlepsze przygotowanie kursant\u00f3w do egzaminu UDT, ale tak\u017ce przekazanie wiedzy i nauka umiej\u0119tno\u015bci, kt\u00f3re przydadz\u0105 si\u0119 w p\u00f3\u017aniejszej pracy. Nasi instruktorzy przyk\u0142adaj\u0105 du\u017c\u0105 wag\u0119 do zasad bezpiecznej eksploatacji urz\u0105dze\u0144, co pozwala unikn\u0105\u0107 awarii i wypadk\u00f3w przy pracy. W cenie szkolenia zawarty jest egzamin, po kt\u00f3rego zaliczeniu uzyskuje si\u0119 uprawnienia UDT, niezb\u0119dne do pracy w zawodzie. Kurs na podno\u015bnik koszowy \u2013 informacje Zaj\u0119cia z teorii Kurs rozpoczyna si\u0119 wyk\u0142adami, w trakcie kt\u00f3rych instruktorzy w przyst\u0119pny spos\u00f3b przekazuj\u0105 wiedz\u0119 na temat budowy podno\u015bnik\u00f3w, dzia\u0142ania mechanizm\u00f3w, czytania instrukcji obs\u0142ugi, zasad eksploatacji, bada\u0144 i pr\u00f3b. Zaj\u0119cia odbywaj\u0105 si\u0119 stacjonarnie lub online, w formie webinar\u00f3w. Zaj\u0119cia praktyczne Kursanci mog\u0105 umawia\u0107 si\u0119 indywidualnie na \u0107wiczenia praktyczne w hali na placu manewrowym. O\u015brodek dysponuje w\u0142asn\u0105 baz\u0105 techniczn\u0105 z urz\u0105dzeniami omawianymi na kursie. Kandydat na operatora ma okazj\u0119 zapozna\u0107 si\u0119 w praktyce z budow\u0105 zwy\u017cek, prze\u0107wiczy\u0107 uruchamianie i obs\u0142ug\u0119, pozna\u0107 zasady BHP obowi\u0105zuj\u0105ce przy wypadkach i awariach. Zakres zagadnie\u0144 w obu cz\u0119\u015bciach szkolenia jest uzgadniany z UDT. Szkolenia mog\u0105 r\u00f3\u017cni\u0107 si\u0119 liczb\u0105 godzin, w zale\u017cno\u015bci od stopnia zaawansowania i potrzeb grupy oraz typu podest\u00f3w (od ok. 8 do 35 godzin). Kurs na podno\u015bniki &#8211; szczeg\u00f3\u0142y organizacyjne Kto mo\u017ce wzi\u0105\u0107 udzia\u0142 w zaj\u0119ciach: osoby na r\u00f3\u017cnym poziomie zaawansowania, w wieku powy\u017cej 18 lat, bez przeciwwskaza\u0144 zdrowotnych, posiadaj\u0105ce co najmniej wykszta\u0142cenie podstawowe. Gdzie odbywaj\u0105 si\u0119 kursy: O\u015brodek organizuje szkolenia na podno\u015bniki koszowe w Warszawie, Krakowie, Katowicach. Na \u017cyczenie klient\u00f3w biznesowych organizujemy r\u00f3wnie\u017c szkolenia w innych lokalizacjach. Ile kosztuj\u0105 kursy na podesty ruchome: cena jest podawana zainteresowanym klientom przy rejestracji. [&hellip;]<\/p>\n","protected":false},"author":1,"featured_media":3487,"parent":2721,"menu_order":0,"comment_status":"closed","ping_status":"closed","template":"","meta":{"sfsi_plus_gutenberg_text_before_share":"","sfsi_plus_gutenberg_show_text_before_share":"","sfsi_plus_gutenberg_icon_type":"","sfsi_plus_gutenberg_icon_alignemt":"","sfsi_plus_gutenburg_max_per_row":"","footnotes":""},"class_list":["post-3486","page","type-page","status-publish","has-post-thumbnail","hentry","has_thumb"],"aioseo_notices":[],"_links":{"self":[{"href":"https:\/\/kursy-udt.pl\/en\/wp-json\/wp\/v2\/pages\/3486","targetHints":{"allow":["GET"]}}],"collection":[{"href":"https:\/\/kursy-udt.pl\/en\/wp-json\/wp\/v2\/pages"}],"about":[{"href":"https:\/\/kursy-udt.pl\/en\/wp-json\/wp\/v2\/types\/page"}],"author":[{"embeddable":true,"href":"https:\/\/kursy-udt.pl\/en\/wp-json\/wp\/v2\/users\/1"}],"replies":[{"embeddable":true,"href":"https:\/\/kursy-udt.pl\/en\/wp-json\/wp\/v2\/comments?post=3486"}],"version-history":[{"count":5,"href":"https:\/\/kursy-udt.pl\/en\/wp-json\/wp\/v2\/pages\/3486\/revisions"}],"predecessor-version":[{"id":4528,"href":"https:\/\/kursy-udt.pl\/en\/wp-json\/wp\/v2\/pages\/3486\/revisions\/4528"}],"up":[{"embeddable":true,"href":"https:\/\/kursy-udt.pl\/en\/wp-json\/wp\/v2\/pages\/2721"}],"wp:featuredmedia":[{"embeddable":true,"href":"https:\/\/kursy-udt.pl\/en\/wp-json\/wp\/v2\/media\/3487"}],"wp:attachment":[{"href":"https:\/\/kursy-udt.pl\/en\/wp-json\/wp\/v2\/media?parent=3486"}],"curies":[{"name":"wp","href":"https:\/\/api.w.org\/{rel}","templated":true}]}}