{"id":3478,"date":"2021-09-02T10:50:22","date_gmt":"2021-09-02T10:50:22","guid":{"rendered":"https:\/\/kursy-udt.pl\/?page_id=3478"},"modified":"2023-02-14T12:24:42","modified_gmt":"2023-02-14T11:24:42","slug":"transport-platforms-spiders","status":"publish","type":"page","link":"https:\/\/kursy-udt.pl\/en\/szkolenia\/udt-wdt-tdt\/podesty-przewozne-pajaki\/","title":{"rendered":"Mobile platforms course - spiders"},"content":{"rendered":"<p><a href=\"https:\/\/kursy-udt.pl\/wp-content\/uploads\/2021\/09\/kursy-udt.pl-0015-OPUBLIKOWANY-v3-Copy.jpg\"><img loading=\"lazy\" decoding=\"async\" class=\"paddingleft10 alignleft wp-image-3479 size-medium\" src=\"https:\/\/kursy-udt.pl\/wp-content\/uploads\/2021\/09\/kursy-udt.pl-0015-OPUBLIKOWANY-v3-Copy-300x142.jpg\" alt=\"Operating mobile platforms (known as spiders) is not difficult, but requires a licence\" width=\"300\" height=\"142\" srcset=\"https:\/\/kursy-udt.pl\/wp-content\/uploads\/2021\/09\/kursy-udt.pl-0015-OPUBLIKOWANY-v3-Copy-300x142.jpg 300w, https:\/\/kursy-udt.pl\/wp-content\/uploads\/2021\/09\/kursy-udt.pl-0015-OPUBLIKOWANY-v3-Copy.jpg 579w\" sizes=\"auto, (max-width: 300px) 100vw, 300px\" \/><\/a>The spider-type mobile platform is a device often used where aerial work platforms cannot access. They are readily used for indoor and outdoor work. They are valued above all for their small size and weight. As with other mobile platforms, they require a licence to operate, which is issued by the Office of Technical Inspection. Our centre organises courses that effectively prepare you for examinations confirming your professional qualifications.<\/p>\n<h2>Mobile platform (spider) licences - why should you have one?<\/h2>\n<p>A licence issued by the UDT to work with mobile platforms is a document that every employer requires. Without these authorisations, only auxiliary work can be carried out, but the wages for such positions are significantly lower.<\/p>\n<div style=\"width: 640px;\" class=\"wp-video\"><video id=\"video-3478-1\" width=\"640\" height=\"360\" poster=\"https:\/\/kursy-udt.pl\/wp-content\/uploads\/2023\/02\/20230127_031102_0000.jpg\" preload=\"metadata\" controls=\"controls\"><source type=\"video\/mp4\" src=\"https:\/\/kursy-udt.pl\/wp-content\/uploads\/2023\/02\/ACCEPTED-operator-podestow-4K-kursy-udt.mp4?_=1\" \/><a href=\"https:\/\/kursy-udt.pl\/wp-content\/uploads\/2023\/02\/ACCEPTED-operator-podestow-4K-kursy-udt.mp4\">https:\/\/kursy-udt.pl\/wp-content\/uploads\/2023\/02\/ACCEPTED-operator-podestow-4K-kursy-udt.mp4<\/a><\/video><\/div>\n<p>People who can operate mobile platforms are readily employed by, among others, companies involved in:<\/p>\n<ul>\n<li>Maintenance and repair work on the exterior and interior of buildings<\/li>\n<li>Snow clearance and roof repairs<\/li>\n<li>Pruning of branches, maintenance of greenery<\/li>\n<li>Painting of walls and building facades<\/li>\n<li>Handling of large warehouses<\/li>\n<li>Window cleaning at heightsTransportable versus other mobile platforms<\/li>\n<\/ul>\n<p>So-called spiders differ from other mobile platforms in the way they are moved. Unlike aerial work platforms or scissor lifts, they do not move independently, but have chassis adapted to be transported on car trailers. Such vehicles with lifts mounted on a trailer are treated as special trailers in road traffic.<\/p>\n<p>Mobile platforms - spiders are smaller in size than other types of lift, and are also lighter, so they work well on ground with low load-bearing capacity, such as inside buildings. At the same time, their working range (several metres) and height (up to several tens of metres) are relatively large, allowing a wide range of work to be carried out. Because they are transported on vehicles, they can be moved quickly from site to site.<\/p>\n<div class=\"filmw\">\n<div class=\"responsive-youtube\" style=\"text-align: center;\"><iframe loading=\"lazy\" title=\"YouTube video player\" src=\"https:\/\/www.youtube.com\/embed\/sadG__ZRQI8\" width=\"560\" height=\"315\" frameborder=\"0\" allowfullscreen=\"allowfullscreen\"><\/iframe><\/div>\n<\/div>\n<h2>'Spider' mobile platforms - operator course<\/h2>\n<h3>What can you learn on the course?<\/h3>\n<p>Training in the operation of \"spider\" platforms is a theoretical and practical education for people who want to become operators of such equipment. During the course, participants become acquainted with the construction of the platforms, the conditions for their safe operation, technical supervision regulations, learn how to read operating instructions, etc. They also have the opportunity to practice operating the equipment in practice and learn how to prepare mobile platforms for work, how to control them, how to deal with breakdowns or accidents.<\/p>\n<h3>For whom is the training intended?<\/h3>\n<p>The spider mobile platform course is available at various levels. We welcome both people who want to learn how to use this type of equipment but have not yet dealt with it, as well as those who already use it in their work but are not yet certified to operate it themselves.<a href=\"https:\/\/kursy-udt.pl\/wp-content\/uploads\/2021\/09\/kursy-udt.pl-0015-OPUBLIKOWANY-v4-Copy.jpg\"><img loading=\"lazy\" decoding=\"async\" class=\"size-full wp-image-3480 aligncenter\" src=\"https:\/\/kursy-udt.pl\/wp-content\/uploads\/2021\/09\/kursy-udt.pl-0015-OPUBLIKOWANY-v4-Copy.jpg\" alt=\"Mobile platforms, or &#039;spiders&#039;, are equipment transported on truck trailers\" width=\"579\" height=\"386\" srcset=\"https:\/\/kursy-udt.pl\/wp-content\/uploads\/2021\/09\/kursy-udt.pl-0015-OPUBLIKOWANY-v4-Copy.jpg 579w, https:\/\/kursy-udt.pl\/wp-content\/uploads\/2021\/09\/kursy-udt.pl-0015-OPUBLIKOWANY-v4-Copy-300x200.jpg 300w\" sizes=\"auto, (max-width: 579px) 100vw, 579px\" \/><\/a><\/p>\n<h3>What is the exam for the \"spider\" mobile platforms licence?<\/h3>\n<p>The examination is conducted by an external body, the UDT. The training courses take the form of preparation for this exam: the trainer tests the participants on their level of knowledge, and the scope of the material coincides with the exam requirements. Also, the practical part prepares for the interview conducted at the machine by the examiner.<\/p>\n<p>The mobile platform operator examination takes the form of a test followed by a practical test. A positive result in both parts means the award of the <a href=\"https:\/\/kursy-udt.pl\/en\/uprawnienia-udt\/kategorie-uprawnien-2\/\">UDT qualifications<\/a>which are valid in Poland for 10 years.<\/p>\n<h2>Registration for the mobile platforms course<\/h2>\n<p>Courses are organised both in an open format, for all participants, and in a closed format, for companies. More organisational details can be found on this page: <a href=\"https:\/\/kursy-udt.pl\/en\/training\/mobile-platforms\/\">https:\/\/kursy-udt.pl\/szkolenia\/podesty-ruchome\/<\/a><\/p>\n<p><a href=\"https:\/\/kursy-udt.pl\/wp-content\/uploads\/2022\/12\/PODESTY-RUCHOME-kursy-udt.pl_.png\"><img loading=\"lazy\" decoding=\"async\" class=\"aligncenter wp-image-4531\" src=\"https:\/\/kursy-udt.pl\/wp-content\/uploads\/2022\/12\/PODESTY-RUCHOME-kursy-udt.pl_-300x188.png\" alt=\"\" width=\"750\" height=\"469\" srcset=\"https:\/\/kursy-udt.pl\/wp-content\/uploads\/2022\/12\/PODESTY-RUCHOME-kursy-udt.pl_-300x188.png 300w, https:\/\/kursy-udt.pl\/wp-content\/uploads\/2022\/12\/PODESTY-RUCHOME-kursy-udt.pl_-1024x640.png 1024w, https:\/\/kursy-udt.pl\/wp-content\/uploads\/2022\/12\/PODESTY-RUCHOME-kursy-udt.pl_-768x480.png 768w, https:\/\/kursy-udt.pl\/wp-content\/uploads\/2022\/12\/PODESTY-RUCHOME-kursy-udt.pl_-18x12.png 18w, https:\/\/kursy-udt.pl\/wp-content\/uploads\/2022\/12\/PODESTY-RUCHOME-kursy-udt.pl_-624x390.png 624w, https:\/\/kursy-udt.pl\/wp-content\/uploads\/2022\/12\/PODESTY-RUCHOME-kursy-udt.pl_.png 1200w\" sizes=\"auto, (max-width: 750px) 100vw, 750px\" \/><\/a><\/p>\n<p>&nbsp;<\/p>","protected":false},"excerpt":{"rendered":"<p>Podest ruchomy typu \u201cpaj\u0105k\u201d to urz\u0105dzenie cz\u0119sto wykorzystywane tam, gdzie podno\u015bniki koszowe nie maj\u0105 dost\u0119pu. Ch\u0119tnie u\u017cywa si\u0119 ich do prac w pomieszczeniach i na zewn\u0105trz. Cenione s\u0105 przede wszystkim ze wzgl\u0119du na niewielkie rozmiary i wag\u0119. Podobnie jak w przypadku innych podest\u00f3w ruchomych, do ich obs\u0142ugi wymaga si\u0119 posiadania stosownych uprawnie\u0144, wydawanych przez Urz\u0105d Dozoru Technicznego. Nasz O\u015brodek organizuje kursy skutecznie przygotowuj\u0105ce do egzamin\u00f3w potwierdzaj\u0105cych kwalifikacje zawodowe. Uprawnienia na podesty przewo\u017ane (paj\u0105ki) &#8211; dlaczego warto je mie\u0107? Wystawione przez UDT uprawnienia do wykonywania prac z u\u017cyciem podest\u00f3w przewo\u017anych s\u0105 dokumentem, kt\u00f3rego wymaga ka\u017cdy pracodawca. Bez tych uprawnie\u0144 mo\u017cna wykonywa\u0107 jedynie prace pomocnicze, jednak p\u0142ace na takich stanowiskach s\u0105 znacznie ni\u017csze. Osoby potrafi\u0105ce obs\u0142ugiwa\u0107 podesty ruchome przewo\u017ane s\u0105 ch\u0119tnie zatrudniane mi\u0119dzy innymi w firmach zajmuj\u0105cych si\u0119: Pracami konserwacyjnymi i remontami na zewn\u0105trz i wewn\u0105trz budynk\u00f3w Od\u015bnie\u017caniem i naprawami dach\u00f3w Przycinaniem ga\u0142\u0119zi, piel\u0119gnacj\u0105 zieleni Malowaniem \u015bcian i fasad budynk\u00f3w Obs\u0142ug\u0105 magazyn\u00f3w wielkopowierzchniowych Myciem okien na wysoko\u015bciachPodesty przewo\u017ane a inne podesty ruchome Tzw. paj\u0105ki r\u00f3\u017cni\u0105 si\u0119 od innych podest\u00f3w ruchomych sposobem przemieszczania. Inaczej ni\u017c podno\u015bniki koszowe czy no\u017cycowe, nie poruszaj\u0105 si\u0119 samodzielnie, ale posiadaj\u0105 podwozia przystosowane do przewo\u017cenia na przyczepach samochodowych. Takie samochody z zamontowanymi na przyczepie podno\u015bnikami traktuje si\u0119 w ruchu drogowym jako przyczepy specjalne. Podesty ruchome &#8211; paj\u0105ki maj\u0105 mniejsze rozmiary ni\u017c inne rodzaje podno\u015bnik\u00f3w, s\u0105 r\u00f3wnie\u017c l\u017cejsze, dlatego dobrze sprawdzaj\u0105 si\u0119 na pod\u0142o\u017cu o niewielkiej no\u015bno\u015bci, na przyk\u0142ad wewn\u0105trz budynk\u00f3w. Jednocze\u015bnie ich zasi\u0119g pracy (kilkana\u015bcie metr\u00f3w) i wysoko\u015b\u0107 (do kilkudziesi\u0119ciu metr\u00f3w) s\u0105 stosunkowo du\u017ce, co pozwala na wykonywanie szerokiego zakresu prac. Dzi\u0119ki temu, \u017ce [&hellip;]<\/p>\n","protected":false},"author":1,"featured_media":3479,"parent":2721,"menu_order":0,"comment_status":"closed","ping_status":"closed","template":"","meta":{"sfsi_plus_gutenberg_text_before_share":"","sfsi_plus_gutenberg_show_text_before_share":"","sfsi_plus_gutenberg_icon_type":"","sfsi_plus_gutenberg_icon_alignemt":"","sfsi_plus_gutenburg_max_per_row":"","footnotes":""},"class_list":["post-3478","page","type-page","status-publish","has-post-thumbnail","hentry","has_thumb"],"aioseo_notices":[],"_links":{"self":[{"href":"https:\/\/kursy-udt.pl\/en\/wp-json\/wp\/v2\/pages\/3478","targetHints":{"allow":["GET"]}}],"collection":[{"href":"https:\/\/kursy-udt.pl\/en\/wp-json\/wp\/v2\/pages"}],"about":[{"href":"https:\/\/kursy-udt.pl\/en\/wp-json\/wp\/v2\/types\/page"}],"author":[{"embeddable":true,"href":"https:\/\/kursy-udt.pl\/en\/wp-json\/wp\/v2\/users\/1"}],"replies":[{"embeddable":true,"href":"https:\/\/kursy-udt.pl\/en\/wp-json\/wp\/v2\/comments?post=3478"}],"version-history":[{"count":6,"href":"https:\/\/kursy-udt.pl\/en\/wp-json\/wp\/v2\/pages\/3478\/revisions"}],"predecessor-version":[{"id":4754,"href":"https:\/\/kursy-udt.pl\/en\/wp-json\/wp\/v2\/pages\/3478\/revisions\/4754"}],"up":[{"embeddable":true,"href":"https:\/\/kursy-udt.pl\/en\/wp-json\/wp\/v2\/pages\/2721"}],"wp:featuredmedia":[{"embeddable":true,"href":"https:\/\/kursy-udt.pl\/en\/wp-json\/wp\/v2\/media\/3479"}],"wp:attachment":[{"href":"https:\/\/kursy-udt.pl\/en\/wp-json\/wp\/v2\/media?parent=3478"}],"curies":[{"name":"wp","href":"https:\/\/api.w.org\/{rel}","templated":true}]}}