{"id":3475,"date":"2021-09-02T10:30:52","date_gmt":"2021-09-02T10:30:52","guid":{"rendered":"https:\/\/kursy-udt.pl\/?page_id=3475"},"modified":"2023-02-14T12:28:57","modified_gmt":"2023-02-14T11:28:57","slug":"scissor-lifts","status":"publish","type":"page","link":"https:\/\/kursy-udt.pl\/en\/szkolenia\/udt-wdt-tdt\/podnosniki-nozycowe\/","title":{"rendered":"Scissor lifts training course"},"content":{"rendered":"<p><img loading=\"lazy\" decoding=\"async\" class=\"paddingleft10 alignleft wp-image-3582 size-medium\" src=\"https:\/\/kursy-udt.pl\/wp-content\/uploads\/2021\/11\/podnosck_nozyc-300x200.jpg\" alt=\"\" width=\"300\" height=\"200\" srcset=\"https:\/\/kursy-udt.pl\/wp-content\/uploads\/2021\/11\/podnosck_nozyc-300x200.jpg 300w, https:\/\/kursy-udt.pl\/wp-content\/uploads\/2021\/11\/podnosck_nozyc-768x512.jpg 768w, https:\/\/kursy-udt.pl\/wp-content\/uploads\/2021\/11\/podnosck_nozyc-624x416.jpg 624w, https:\/\/kursy-udt.pl\/wp-content\/uploads\/2021\/11\/podnosck_nozyc.jpg 780w\" sizes=\"auto, (max-width: 300px) 100vw, 300px\" \/>Scissor lifts, often called lifts, are a type of movable platforms used for effective assembly, maintenance and repair of various types of installations or networks. The device is indirectly used for lifting people, tools and other materials (goods), if provided for by the manufacturer in the operating manual. However, most often the manufacturer defines their purpose as places \/ workstations at height. Currently, in technology, manufacturers combine the functions of various devices and, for example, at the airports, we can find platforms for loading return ships, which can also be classified as a group of two goods. Characteristic for scissor lifts is the mechanism that moves the platform up and down, which works like two pairs of scissors. These devices require possession <a href=\"https:\/\/kursy-udt.pl\/en\/uprawnienia-udt\/kategorie-uprawnien-2\/\">permissions<\/a> in the form of qualification certificates, which are awarded by the Office of Technical Inspection in Poland.<\/p>\n<div class=\"filmw\">\n<div class=\"responsive-youtube\" style=\"text-align: center;\"><iframe loading=\"lazy\" title=\"YouTube video player\" src=\"https:\/\/www.youtube.com\/embed\/sadG__ZRQI8\" width=\"560\" height=\"315\" frameborder=\"0\" allowfullscreen=\"allowfullscreen\"><\/iframe><\/div>\n<\/div>\n<h2>Where are scissor lifts used?<\/h2>\n<p>They are universal devices, used, among others, in:<\/p>\n<ul>\n<li>In industry, by the Maintenance Departments, in order to maintain the continuity of technological processes, repairs of compressed pressure installations, ventilation, lighting and fire protection.<\/li>\n<li>In warehouses for material inventory and current repairs of lighting or humidification systems or monitoring of logistic process devices, as well as for marking racks with hangers.<\/li>\n<li>Platforms are also necessary to ensure the continuity of operation of large technological lines, in which the manufacturer has provided for their demonstration, and as a standard work tool.<\/li>\n<li>At airports, for loading unified containers into ships and for loading passive goods, e.g. meals for passengers.<\/li>\n<li>Construction industry - on the 1st platform, which, depending on the type of platform, can be unfolded, even several workers can stay at the same time, carrying out work outside the constructed structures or interior finishing work.<\/li>\n<li>Renovation works - scissor lifts are used to paint the facade, insulate with polystyrene or in conservation works.<\/li>\n<li>Companies dealing in cleaning windows in office and public buildings - the small size of platforms on which the lifts are placed make this type of devices work well in urban space - you can get them right up to the wall of the building, even in dense downtown buildings, requires they are, however, the fencing of the danger zone.<\/li>\n<li>Energy companies and companies dealing with lighting service - the booms of scissor lifts allow you to raise the platform to a height of even several meters, thanks to which employees can easily get to the damaged lighthouse. It should be noted that such works should be performed with the voltage turned off, in accordance with the technological instructions of the given network manager. Personnel performing work related to the energy industry in the field of operation, i.e. manual work, should have the appropriate scope of G1e qualifications. The commissioning and supervising staff must have the appropriate scope <a href=\"https:\/\/kursy-udt.pl\/en\/szkolenia\/sep-uprawnienia-do-1kv\/g1\/\">G1<\/a>.<\/li>\n<\/ul>\n<h2>Scissor lifts and other types of mobile platforms<\/h2>\n<div style=\"width: 640px;\" class=\"wp-video\"><video id=\"video-3475-1\" width=\"640\" height=\"360\" poster=\"https:\/\/kursy-udt.pl\/wp-content\/uploads\/2023\/02\/20230127_031102_0000.jpg\" preload=\"metadata\" controls=\"controls\"><source type=\"video\/mp4\" src=\"https:\/\/kursy-udt.pl\/wp-content\/uploads\/2023\/02\/ACCEPTED-operator-podestow-4K-kursy-udt.mp4?_=1\" \/><a href=\"https:\/\/kursy-udt.pl\/wp-content\/uploads\/2023\/02\/ACCEPTED-operator-podestow-4K-kursy-udt.mp4\">https:\/\/kursy-udt.pl\/wp-content\/uploads\/2023\/02\/ACCEPTED-operator-podestow-4K-kursy-udt.mp4<\/a><\/video><\/div>\nScissor lifts belong to a larger group of devices called mobile platforms. Depending on the method of operation, assembly and movement, they are divided into transportable, self-propelled, slow-moving, as well as hanging, mast-mounted and stationary. Platforms can be mounted on vehicles or suspended, fixed to building elements. scissor lifts, mast lifts and Type B: boom lifts, articulated lifts, telescopic lifts .. The scissor lifts are slow-moving devices, which means that they are placed on different types of chassis, eg with an oscillating \/ oscillating axle. .The base has FWD or AWD wheel drive, e.g. hydraulic or electric. These platforms have a number of electrical, mechanical and hydraulic protections. The platforms differ in working parameters. The selection of a device for safe work at height is part of our training and is one of the key aspects of prevention in order to avoid an accident, but also to save time for a given job.<\/p>\n<h2>Petrol or electric lift?<\/h2>\n<p>The scissor lifts differ from each other mainly in the type of drive. Users can choose between electric and petrol lifts. The former are usually smaller, more efficient and quieter. They do well indoors. Diesel powered lifts are usually larger devices with large wheels that will cope with uneven terrain.<\/p>\n<h2>How to get UDT qualifications?<\/h2>\n<p>As with all mobile platforms, to operate scissor lifts it is necessary to hold a licence issued by the Office of Technical Inspection. A positive exam result largely depends on good training and the attitude of the candidate operators , including the choice of the right form of training. The UDT requires both theoretical knowledge of how to operate scissor lifts: an assessment of the technical condition of the equipment's construction, the principles of <a href=\"https:\/\/kursy-udt.pl\/en\/szkolenia\/bhp-bezpieczenstwo-pracy\/prawna-ochrona-pracy\/\">Health and Safety<\/a> and others, as well as the practical ability to use them.<\/p>\n<p>Based on our many years of experience, we offer a scissor lift course with a range of issues consistent with the scope required in the UDT exam. Theoretical classes are held in-house or online, in the form of webinars, and in the practical part, we use our own hardware base. We adjust the dates of the training courses to the dates of the exams organized by the Office, so that the future operator of the increases is up-to-date with the knowledge required during the tests.<\/p>\n<h2>How to sign up for classes?<\/h2>\n<p>Courses are open, available to individual clients, or closed - then they are organized at the request of the employer and are available only to his employees. For the details of the upside rates (price, duration, available dates) <a href=\"https:\/\/kursy-udt.pl\/en\/kontakt\/\">please contact us<\/a> by phone or e-mail. A face-to-face conversation will allow us to identify training needs, propose the form of the course and its date.<\/p>\n<p><a href=\"https:\/\/kursy-udt.pl\/wp-content\/uploads\/2022\/12\/16-kurs-zwyzki-nozycowe-kursy-udt.pl_.png\"><img loading=\"lazy\" decoding=\"async\" class=\"aligncenter wp-image-4526\" src=\"https:\/\/kursy-udt.pl\/wp-content\/uploads\/2022\/12\/16-kurs-zwyzki-nozycowe-kursy-udt.pl_-300x188.png\" alt=\"\" width=\"750\" height=\"469\" srcset=\"https:\/\/kursy-udt.pl\/wp-content\/uploads\/2022\/12\/16-kurs-zwyzki-nozycowe-kursy-udt.pl_-300x188.png 300w, https:\/\/kursy-udt.pl\/wp-content\/uploads\/2022\/12\/16-kurs-zwyzki-nozycowe-kursy-udt.pl_-1024x640.png 1024w, https:\/\/kursy-udt.pl\/wp-content\/uploads\/2022\/12\/16-kurs-zwyzki-nozycowe-kursy-udt.pl_-768x480.png 768w, https:\/\/kursy-udt.pl\/wp-content\/uploads\/2022\/12\/16-kurs-zwyzki-nozycowe-kursy-udt.pl_-18x12.png 18w, https:\/\/kursy-udt.pl\/wp-content\/uploads\/2022\/12\/16-kurs-zwyzki-nozycowe-kursy-udt.pl_-624x390.png 624w, https:\/\/kursy-udt.pl\/wp-content\/uploads\/2022\/12\/16-kurs-zwyzki-nozycowe-kursy-udt.pl_.png 1200w\" sizes=\"auto, (max-width: 750px) 100vw, 750px\" \/><\/a><\/p>","protected":false},"excerpt":{"rendered":"<p>Podno\u015bniki no\u017cycowe, zwane cz\u0119sto zwy\u017ckami, to rodzaj podest\u00f3w ruchomych, wykorzystywanych do efektywnego wykonywania monta\u017cu, konserwacji, remont\u00f3w ro\u017cnego rodzaju instalacji czy sieci. Urz\u0105dzenie po\u015brednio s\u0142u\u017cy do podnoszenia os\u00f3b i narz\u0119dzi oraz innych materia\u0142\u00f3w (towar\u00f3w), o ile zosta\u0142o to przewidziane przez producenta w instrukcji eksploatacji. Natomiast najcz\u0119\u015bciej producent okre\u015bla ich przeznaczenie jako miejsca\/stanowiska pracy na wysoko\u015bci. Obecnie w technologii producenci \u0142\u0105cz\u0105 funkcje r\u00f3\u017cnych urz\u0105dze\u0144 i np. w Portach Lotniczych spotykamy podesty do za\u0142adunku statk\u00f3w powrotnych, kt\u00f3re mo\u017cna jednocze\u015bnie zakwalifikowa\u0107 do grupy dw\u00f3jnik\u00f3w towar\u00f3w. Charakterystyczny dla podno\u015bnik\u00f3w no\u017cycowych jest mechanizm przemieszczaj\u0105cy platform\u0119 w g\u00f3r\u0119 i d\u00f3\u0142, kt\u00f3ry sposobem dzia\u0142ania przypomina dwie pary no\u017cyc. Urz\u0105dzenia te wymagaj\u0105 posiadania uprawnie\u0144 w formie za\u015bwiadcze\u0144 kwalifikacyjnych, kt\u00f3rych przyznawaniem zajmuje si\u0119 w Polsce Urz\u0105d Dozoru Technicznego. Gdzie wykorzystuje si\u0119 podesty no\u017cycowe? To uniwersalne urz\u0105dzenia, stosowane mi\u0119dzy innymi w: W przemy\u015ble przez Dzia\u0142y Utrzymania Ruchu, w celu utrzymania ci\u0105g\u0142o\u015bci proces\u00f3w technologicznych, napraw instalacji spr\u0119\u017conego ci\u015bnienia, wentylacji, o\u015bwietlenia oraz ppo\u017c. W magazynach do inwentaryzacji materia\u0142\u00f3w oraz bie\u017c\u0105cych napraw o\u015bwietlenia czy system\u00f3w nawil\u017cania lub monitorowania urz\u0105dze\u0144 procesu logistycznego, a tak\u017ce do oznakowania rega\u0142\u00f3w zawieszkami. Podesty s\u0105 r\u00f3wnie\u017c niezb\u0119dne do zapewnienia ci\u0105g\u0142o\u015bci eksploatacji du\u017cych ci\u0105g\u00f3w technologicznych, w kt\u00f3rych producent przewidzia\u0142 ich wykazywanie, jak i jako standardowe narz\u0119dzie pracy. W portach lotniczych do za\u0142adunku zunifikowanych kontener\u00f3w do statk\u00f3w oraz do za\u0142adunku biernych towar\u00f3w, np. posi\u0142k\u00f3w dla pasa\u017cer\u00f3w. Bran\u017cy budowlanej \u2013 na l platformie, kt\u00f3re w zale\u017cno\u015bci od rodzaju podestu mo\u017ce by\u0107rozk\u0142adana mo\u017ce przebywa\u0107 nawet kilku pracownik\u00f3w, jednocze\u015bnie, wykonuj\u0105c prace na zewn\u0105trz budowanych konstrukcji lub prace wyko\u0144czeniowe wewn\u0105trz. Pracach remontowych &#8211; zwy\u017cki no\u017cycowe wykorzystuje si\u0119 do malowania elewacji, ocieplania [&hellip;]<\/p>\n","protected":false},"author":1,"featured_media":3582,"parent":2721,"menu_order":0,"comment_status":"closed","ping_status":"closed","template":"","meta":{"sfsi_plus_gutenberg_text_before_share":"","sfsi_plus_gutenberg_show_text_before_share":"","sfsi_plus_gutenberg_icon_type":"","sfsi_plus_gutenberg_icon_alignemt":"","sfsi_plus_gutenburg_max_per_row":"","footnotes":""},"class_list":["post-3475","page","type-page","status-publish","has-post-thumbnail","hentry","has_thumb"],"aioseo_notices":[],"_links":{"self":[{"href":"https:\/\/kursy-udt.pl\/en\/wp-json\/wp\/v2\/pages\/3475","targetHints":{"allow":["GET"]}}],"collection":[{"href":"https:\/\/kursy-udt.pl\/en\/wp-json\/wp\/v2\/pages"}],"about":[{"href":"https:\/\/kursy-udt.pl\/en\/wp-json\/wp\/v2\/types\/page"}],"author":[{"embeddable":true,"href":"https:\/\/kursy-udt.pl\/en\/wp-json\/wp\/v2\/users\/1"}],"replies":[{"embeddable":true,"href":"https:\/\/kursy-udt.pl\/en\/wp-json\/wp\/v2\/comments?post=3475"}],"version-history":[{"count":7,"href":"https:\/\/kursy-udt.pl\/en\/wp-json\/wp\/v2\/pages\/3475\/revisions"}],"predecessor-version":[{"id":4760,"href":"https:\/\/kursy-udt.pl\/en\/wp-json\/wp\/v2\/pages\/3475\/revisions\/4760"}],"up":[{"embeddable":true,"href":"https:\/\/kursy-udt.pl\/en\/wp-json\/wp\/v2\/pages\/2721"}],"wp:featuredmedia":[{"embeddable":true,"href":"https:\/\/kursy-udt.pl\/en\/wp-json\/wp\/v2\/media\/3582"}],"wp:attachment":[{"href":"https:\/\/kursy-udt.pl\/en\/wp-json\/wp\/v2\/media?parent=3475"}],"curies":[{"name":"wp","href":"https:\/\/api.w.org\/{rel}","templated":true}]}}