{"id":3465,"date":"2021-09-02T10:10:23","date_gmt":"2021-09-02T10:10:23","guid":{"rendered":"https:\/\/kursy-udt.pl\/?page_id=3465"},"modified":"2023-02-14T12:28:03","modified_gmt":"2023-02-14T11:28:03","slug":"suspended-access-platforms","status":"publish","type":"page","link":"https:\/\/kursy-udt.pl\/en\/szkolenia\/udt-wdt-tdt\/podesty-ruchome-wiszace\/","title":{"rendered":"Course - hanging mobile platforms - operation"},"content":{"rendered":"<p><a href=\"https:\/\/kursy-udt.pl\/wp-content\/uploads\/2021\/09\/Kursy-udt.pl-0018-OPUBLIKOWANY-v1-Copy.jpg\"><img loading=\"lazy\" decoding=\"async\" class=\"paddingleft10 alignleft wp-image-3468 size-medium\" src=\"https:\/\/kursy-udt.pl\/wp-content\/uploads\/2021\/09\/Kursy-udt.pl-0018-OPUBLIKOWANY-v1-Copy-300x169.jpg\" alt=\"Hanging mobile platforms are devices consisting of a work platform suspended on ropes\" width=\"300\" height=\"169\" srcset=\"https:\/\/kursy-udt.pl\/wp-content\/uploads\/2021\/09\/Kursy-udt.pl-0018-OPUBLIKOWANY-v1-Copy-300x169.jpg 300w, https:\/\/kursy-udt.pl\/wp-content\/uploads\/2021\/09\/Kursy-udt.pl-0018-OPUBLIKOWANY-v1-Copy.jpg 579w\" sizes=\"auto, (max-width: 300px) 100vw, 300px\" \/><\/a>Hanging mobile platforms are devices covered by technical supervision. This means that the operator of such a device must have <a href=\"https:\/\/kursy-udt.pl\/en\/uprawnienia-udt\/kategorie-uprawnien-2\/\">UDT qualifications<\/a>, i.e. a qualification certificate issued by the Office of Technical Inspection. Such qualifications are obtained through an exam, which takes place at the end of the course we organize. The training itself is designed to prepare future operators both for the state examination and for the best performance of their work, with particular emphasis on safety rules. We invite everyone who would like to become an operator, also those without experience in working with platforms.<\/p>\n<h2>Where hanging platforms are used<\/h2>\n<p>Hanging mobile landing is the so-called material handling device, in the UDT classification - from category II P (other types of platforms include, inter alia, mobile mobile platforms, self-propelled or slow-moving mobile platforms). It is used to transport people, tools and materials for work at height.<\/p>\n<p>A typical suspended platform consists of a work platform suspended on two ropes placed on the girders on the roof of the building. It also has a central control system and security devices.<\/p>\n<p>The suspended mobile platform can be installed permanently (Building Maintenance Unit) as a permanent access device or temporarily for the duration of the work.<\/p>\n<p>These types of devices as workstations at height for employees are used, among others, in high buildings, bridges and viaducts, chimneys, masts, on ships and on drilling platforms. With their help, you can perform work such as:<\/p>\n<ul>\n<li>Cleaning and maintenance of building facades<\/li>\n<li>Installation work<\/li>\n<li>Painting, facade insulation<\/li>\n<li>Inspections and controls<\/li>\n<li>Renovations and repairs of devices located on the facade<\/li>\n<\/ul>\n<div class=\"filmw\">\n<div class=\"responsive-youtube\" style=\"text-align: center;\"><iframe loading=\"lazy\" title=\"YouTube video player\" src=\"https:\/\/www.youtube.com\/embed\/sadG__ZRQI8\" width=\"560\" height=\"315\" frameborder=\"0\" allowfullscreen=\"allowfullscreen\"><\/iframe><\/div>\n<\/div>\n<h2>Hanging mobile platform operator course<\/h2>\n<div style=\"width: 640px;\" class=\"wp-video\"><video id=\"video-3465-1\" width=\"640\" height=\"360\" poster=\"https:\/\/kursy-udt.pl\/wp-content\/uploads\/2023\/02\/20230127_031102_0000.jpg\" preload=\"metadata\" controls=\"controls\"><source type=\"video\/mp4\" src=\"https:\/\/kursy-udt.pl\/wp-content\/uploads\/2023\/02\/ACCEPTED-operator-podestow-4K-kursy-udt.mp4?_=1\" \/><a href=\"https:\/\/kursy-udt.pl\/wp-content\/uploads\/2023\/02\/ACCEPTED-operator-podestow-4K-kursy-udt.mp4\">https:\/\/kursy-udt.pl\/wp-content\/uploads\/2023\/02\/ACCEPTED-operator-podestow-4K-kursy-udt.mp4<\/a><\/video><\/div>\nParticipation in the training allows you to gain theoretical and practical knowledge necessary to pass the UDT exam. The training is conducted by experienced instructors of the Center, and the program takes into account the examination requirements of the Office of Technical Inspection. The cost of the exam is included in the course fee.<\/p>\n<p>During the classes, students learn about the construction of suspended platforms, about the principles of their safe operation, about preparing devices for work, conducting research and strength and stability tests. In addition to theoretical classes, we also offer the opportunity to practice the acquired knowledge in practice, using devices on the maneuvering yard. Training participants also have access to an online educational platform where they can obtain additional information and perform trial tests.<\/p>\n<p>Detailed information:<\/p>\n<ul>\n<li>Where the classes take place: we organize courses in Warsaw, as well as in other large cities, as needed. At the request of business clients, we can also organize classes with an exam for company employees.<\/li>\n<li>Available dates: information about the current dates of classes can be obtained by phone or e-mail. You can also sign up for a selected date via our website platformedukacji.pl. The duration of the classes varies: 10-35 hours, depending on the level of advancement of the participants.<\/li>\n<li>Who can attend: <a href=\"https:\/\/kursy-udt.pl\/en\/uprawnienia-udt\/\">UDT course<\/a> is intended for people who are 18 years of age or older, have at least basic education, and their health condition allows them to work as an operator. We do not require experience from participants. If a person who has already dealt with platforms wants to participate in the training, he may be qualified to the appropriate group, and the duration of the classes will be shorter in this case.<\/li>\n<\/ul>\n<h2><a href=\"https:\/\/kursy-udt.pl\/wp-content\/uploads\/2021\/09\/kursy-udt.pl-0018-OPUBLIKOWANY-v2-Copy.jpg\"><img loading=\"lazy\" decoding=\"async\" class=\"alignnone wp-image-3470 size-full\" src=\"https:\/\/kursy-udt.pl\/wp-content\/uploads\/2021\/09\/kursy-udt.pl-0018-OPUBLIKOWANY-v2-Copy.jpg\" alt=\"Hanging mobile platforms are used for work at height, e.g. for renovation, maintenance and assembly works\" width=\"579\" height=\"434\" srcset=\"https:\/\/kursy-udt.pl\/wp-content\/uploads\/2021\/09\/kursy-udt.pl-0018-OPUBLIKOWANY-v2-Copy.jpg 579w, https:\/\/kursy-udt.pl\/wp-content\/uploads\/2021\/09\/kursy-udt.pl-0018-OPUBLIKOWANY-v2-Copy-300x225.jpg 300w\" sizes=\"auto, (max-width: 579px) 100vw, 579px\" \/><\/a><\/h2>\n<h2>UDT exam - qualifications after the course<\/h2>\n<p>Alone <a href=\"https:\/\/kursy-udt.pl\/en\/szkolenia\/podesty-ruchome\/\">course for mobile platforms<\/a> hanging is not sufficient to work in the profession. It is necessary to check the qualifications by inspectors of the Office of Technical Inspection. The exam is conducted by the appropriate UDT commission (Warsaw - in the case of training at the seat of the Center or another branch). The date and place of the exam are set in advance so that the students can take it shortly after the end of the classes. After passing the theoretical and practical exam, the operator receives a qualification certificate from UDT in the form of a plastic card. Such powers are valid for 10 years. They are valid in Poland and may also be honored in other countries. Additionally, it is possible to issue a certificate of completion of the training in English.<\/p>\n<p><a href=\"https:\/\/kursy-udt.pl\/wp-content\/uploads\/2022\/12\/PODESTY-RUCHOME-kursy-udt.pl_.png\"><img loading=\"lazy\" decoding=\"async\" class=\"aligncenter wp-image-4531\" src=\"https:\/\/kursy-udt.pl\/wp-content\/uploads\/2022\/12\/PODESTY-RUCHOME-kursy-udt.pl_-300x188.png\" alt=\"\" width=\"750\" height=\"469\" srcset=\"https:\/\/kursy-udt.pl\/wp-content\/uploads\/2022\/12\/PODESTY-RUCHOME-kursy-udt.pl_-300x188.png 300w, https:\/\/kursy-udt.pl\/wp-content\/uploads\/2022\/12\/PODESTY-RUCHOME-kursy-udt.pl_-1024x640.png 1024w, https:\/\/kursy-udt.pl\/wp-content\/uploads\/2022\/12\/PODESTY-RUCHOME-kursy-udt.pl_-768x480.png 768w, https:\/\/kursy-udt.pl\/wp-content\/uploads\/2022\/12\/PODESTY-RUCHOME-kursy-udt.pl_-18x12.png 18w, https:\/\/kursy-udt.pl\/wp-content\/uploads\/2022\/12\/PODESTY-RUCHOME-kursy-udt.pl_-624x390.png 624w, https:\/\/kursy-udt.pl\/wp-content\/uploads\/2022\/12\/PODESTY-RUCHOME-kursy-udt.pl_.png 1200w\" sizes=\"auto, (max-width: 750px) 100vw, 750px\" \/><\/a><\/p>\n<p>&nbsp;<\/p>","protected":false},"excerpt":{"rendered":"<p>Podesty ruchome wisz\u0105ce nale\u017c\u0105 do urz\u0105dze\u0144 obj\u0119tych dozorem technicznym. Oznacza to, \u017ce operator takiego urz\u0105dzenia musi posiada\u0107 uprawnienia UDT, czyli za\u015bwiadczenie kwalifikacyjne wydane przez Urz\u0105d Dozoru Technicznego. Takie uprawnienia zdobywa si\u0119 na drodze egzaminu, kt\u00f3ry odbywa si\u0119 na zako\u0144czenie organizowanego przez nas kursu. Samo szkolenie ma na celu przygotowanie przysz\u0142ych operator\u00f3w zar\u00f3wno do egzaminu pa\u0144stwowego, jak i do jak najlepszego wykonywania pracy, ze szczeg\u00f3lnym uwzgl\u0119dnieniem zasad bezpiecze\u0144stwa. Na zaj\u0119cia zapraszamy wszystkie osoby, kt\u00f3re chcia\u0142yby zdoby\u0107 zaw\u00f3d operatora, tak\u017ce te bez do\u015bwiadczenia w pracy z podestami. Gdzie wykorzystuje si\u0119 podesty wisz\u0105ce Podest ruchomy wisz\u0105cy to tzw. urz\u0105dzenie transportu bliskiego, w klasyfikacji UDT \u2013 z kategorii II P (inne rodzaje podest\u00f3w to m.in. podesty ruchome przejezdne, podesty ruchome samojezdne czy wolnobie\u017cne). Jest wykorzystywany do transportu os\u00f3b, narz\u0119dzi i materia\u0142\u00f3w do prac na wysoko\u015bci. Typowy podest wisz\u0105cy sk\u0142ada si\u0119 z platformy roboczej zawieszonej na dw\u00f3ch linach umieszczonych na d\u017awigarach, znajduj\u0105cych si\u0119 na dachu budynku. Posiada tak\u017ce uk\u0142ad sterowania centralnego oraz urz\u0105dzenia zabezpieczaj\u0105ce. Podest ruchomy wisz\u0105cy mo\u017ce by\u0107 zamontowany na sta\u0142e (Building Maintenance Unit), jako urz\u0105dzenie sta\u0142ego dost\u0119pu, lub tymczasowo, na czas wykonywania prac. Tego typu urz\u0105dzenia jako stanowiska pracy na wysoko\u015bci dlapracownik\u00f3w wykorzystuje si\u0119 mi\u0119dzy innymi w wysokich budynkach, mostach i wiaduktach, kominach, masztach, na statkach i okr\u0119tach, platformach wiertniczych. Za ich pomoc\u0105 mo\u017cna wykonywa\u0107 takie prace, jak: Czyszczenie i konserwacja elewacji budynk\u00f3w Prace monta\u017cowe Malowanie, ocieplanie elewacji Przegl\u0105dy i kontrole Remonty, naprawy urz\u0105dze\u0144 znajduj\u0105cych si\u0119 na elewacji Kurs operatora podest\u00f3w ruchomych wisz\u0105cych Udzia\u0142 w szkoleniu umo\u017cliwia zdobycie wiedzy teoretycznej i praktycznej niezb\u0119dnej do zaliczenia egzaminu UDT. Szkolenia [&hellip;]<\/p>\n","protected":false},"author":1,"featured_media":3468,"parent":2721,"menu_order":0,"comment_status":"closed","ping_status":"closed","template":"","meta":{"sfsi_plus_gutenberg_text_before_share":"","sfsi_plus_gutenberg_show_text_before_share":"","sfsi_plus_gutenberg_icon_type":"","sfsi_plus_gutenberg_icon_alignemt":"","sfsi_plus_gutenburg_max_per_row":"","footnotes":""},"class_list":["post-3465","page","type-page","status-publish","has-post-thumbnail","hentry","has_thumb"],"aioseo_notices":[],"_links":{"self":[{"href":"https:\/\/kursy-udt.pl\/en\/wp-json\/wp\/v2\/pages\/3465","targetHints":{"allow":["GET"]}}],"collection":[{"href":"https:\/\/kursy-udt.pl\/en\/wp-json\/wp\/v2\/pages"}],"about":[{"href":"https:\/\/kursy-udt.pl\/en\/wp-json\/wp\/v2\/types\/page"}],"author":[{"embeddable":true,"href":"https:\/\/kursy-udt.pl\/en\/wp-json\/wp\/v2\/users\/1"}],"replies":[{"embeddable":true,"href":"https:\/\/kursy-udt.pl\/en\/wp-json\/wp\/v2\/comments?post=3465"}],"version-history":[{"count":7,"href":"https:\/\/kursy-udt.pl\/en\/wp-json\/wp\/v2\/pages\/3465\/revisions"}],"predecessor-version":[{"id":4759,"href":"https:\/\/kursy-udt.pl\/en\/wp-json\/wp\/v2\/pages\/3465\/revisions\/4759"}],"up":[{"embeddable":true,"href":"https:\/\/kursy-udt.pl\/en\/wp-json\/wp\/v2\/pages\/2721"}],"wp:featuredmedia":[{"embeddable":true,"href":"https:\/\/kursy-udt.pl\/en\/wp-json\/wp\/v2\/media\/3468"}],"wp:attachment":[{"href":"https:\/\/kursy-udt.pl\/en\/wp-json\/wp\/v2\/media?parent=3465"}],"curies":[{"name":"wp","href":"https:\/\/api.w.org\/{rel}","templated":true}]}}