{"id":32,"date":"2014-02-10T17:11:09","date_gmt":"2014-02-10T17:11:09","guid":{"rendered":"http:\/\/kursy-udt.kwiaty0.pl\/?page_id=32"},"modified":"2016-01-21T19:32:07","modified_gmt":"2016-01-21T19:32:07","slug":"scissor-platforms-2","status":"publish","type":"page","link":"https:\/\/kursy-udt.pl\/en\/platformy-nozycowe\/","title":{"rendered":"Scissor platforms"},"content":{"rendered":"<div style=\"float: left; padding-right: 10px;\"><img decoding=\"async\" alt=\"Scissor platforms\" src=\"\/wp-content\/uploads\/2014\/04\/01-podest.jpeg\" \/><\/div>\n<div class=\"wyjustuj\">\n<p><a href=\"https:\/\/kursy-udt.pl\/en\/o-firmie\/\">ERGON Personnel Training Center<\/a> invites you to a course on scissor platforms. Thanks to our courses, you can get the key <a href=\"https:\/\/kursy-udt.pl\/en\/uprawnienia-udt\/\">UDT qualifications<\/a>to operate the scissor lifts in accordance with the safety rules and standards specified by the Office of Technical Inspection. Scissor lifts are very often used on construction sites and during assembly works, therefore the courses are an excellent investment for both the employee and the employer. To operate this type of device, it is necessary to complete the course and obtain <a href=\"https:\/\/kursy-udt.pl\/en\/uprawnienia-udt\/kategorie-uprawnien-2\/\">UDT qualifications<\/a> And P.<\/p>\n<p>Our courses for scissor lifts cover a wide range of theoretical information that presents the most important data on the construction of scissor lifts and other mobile platforms, their operation, maintenance, health and safety regulations and technical inspection regulations. Our training also includes practical classes, during which participants become familiar with the device and learn how to use it properly in accordance with the regulations. We only employ specialists in our Center, which is why we guarantee the highest quality of education, so that the subsequent obtaining of UDT qualifications is not a problem.<\/p>\n<p><strong>Application<\/strong><br \/>\nScissor platforms or <span class=\"linkwartykule\"><a href=\"http:\/\/kursy-udt.pl\/en\/lifters\/\">scissor lifts<\/a><\/span> are devices classified as <span class=\"linkwartykule\"><a href=\"\/en\/training\/mobile-platforms\/\">movable platforms<\/a><\/span>. These are slow-moving platforms intended for lifting people, equipment and materials to a certain height. To operate them, the employee must have the qualifications of the Office of Technical Inspection.<\/p>\n<p>Currently, scissor lifts are used in various types of work - training is necessary to be able to handle them professionally and in compliance with safety rules. Scissor lifts are often used on construction sites, for finishing, installation, decoration and cleaning works. In addition to the construction industry, the devices are used in the advertising sector. An employee who does not have an authorization may not participate in the work in accordance with the provisions of the law.<\/p>\n<p><strong>Purpose of the training<\/strong><br \/>\nThe training may be attended by persons over 18 years of age, with at least basic education and a medical certificate confirming no contraindications to work as a mobile platform operator.<\/p>\n<p>After completing the training, the participant can take the UDT exam. After a positive opinion, he receives an appropriate document confirming his knowledge and skills to operate scissor platforms. These are devices subject to technical supervision, therefore, before the scissor lifts are used in the works, all employees assigned to their use must obtain the qualifications.<\/p>\n<p>At the ERGON Personnel Training Center, we have already trained thousands of employees, which is why we always guarantee the highest quality service based on our experience and professionalism. We can also provide training at any place and time indicated by the client. We have favorable discounts for larger groups.<\/p>\n<p><a href=\"https:\/\/kursy-udt.pl\/en\/kontakt\/\">We cordially invite you to take advantage of our offer<\/a> training!<\/p>\n<\/div>\n<div class=\"button_styl\" style=\"float:right; padding-left:15px; padding-bottom:8px; margin-bottom:5px;\"><a href=\"https:\/\/platformaedukacji.pl\/login\/signup.php\" rel=\"nofollow\" target=\"_blank\" class=\"myButton myButton_maly\"><font color=\"white\">Sign up for training<\/font><\/a><\/div>","protected":false},"excerpt":{"rendered":"<p>O\u015brodek Doskonalenia Kadr ERGON zaprasza na kurs na platformy no\u017cycowe. Dzi\u0119ki naszym kursom mo\u017cna zdoby\u0107 kluczowe uprawnienia UDT, aby obs\u0142ugiwa\u0107 platformy no\u017cycowe zgodnie z zasadami bezpiecze\u0144stwa i normami okre\u015blonymi przez Urz\u0105d Dozoru Technicznego. Bardzo cz\u0119sto na placach bud\u00f3w oraz przy pracach monta\u017cowych stosowane s\u0105 platformy no\u017cycowe, kursy s\u0105 zatem znakomit\u0105 inwestycj\u0105 zar\u00f3wno dla pracownika, jak i dla pracodawcy. Do obs\u0142ugi tego typu urz\u0105dzenia niezb\u0119dne jest zako\u0144czenie kursu i uzyskanie uprawnie\u0144 UDT I P. Nasze kursy na platformy no\u017cycowe obejmuj\u0105 szeroki zakres informacji teoretycznych, kt\u00f3re prezentuj\u0105 najwa\u017cniejsze dane na temat budowy platform no\u017cycowych i innych podest\u00f3w ruchomych, ich obs\u0142ugi, konserwacji, przepis\u00f3w BHP oraz przepis\u00f3w dozoru technicznego. Tak\u017ce nasze szkolenie w\u0142\u0105cza zaj\u0119cia praktyczne, podczas kt\u00f3rych uczestnicy zaznajamiaj\u0105 si\u0119 z urz\u0105dzeniem i ucz\u0105 si\u0119 ich prawid\u0142owej obs\u0142ugi zgodnie z przepisami. W naszym O\u015brodku zatrudniamy wy\u0142\u0105cznie specjalist\u00f3w, dlatego gwarantujemy najwy\u017csz\u0105 jako\u015b\u0107 kszta\u0142cenia, aby p\u00f3\u017aniejsze zdobycie uprawnie\u0144 UDT nie stanowi\u0142o \u017cadnego problemu. Zastosowanie Platformy no\u017cycowe czy te\u017c podno\u015bniki no\u017cycowe to urz\u0105dzenia zaliczane do podest\u00f3w ruchomych. S\u0105 to podesty wolnobie\u017cne, kt\u00f3re s\u0105 przeznaczone do podnoszenia na okre\u015blon\u0105 wysoko\u015b\u0107 os\u00f3b, wyposa\u017cenia oraz materia\u0142\u00f3w. Aby je obs\u0142ugiwa\u0107, pracownik musi posiada\u0107 uprawnienia Urz\u0119du Dozoru Technicznego. Obecnie w r\u00f3\u017cnego typu pracach s\u0105 stosowane platformy no\u017cycowe \u2013 szkolenia s\u0105 niezb\u0119dne do tego, aby m\u00f3c je obs\u0142ugiwa\u0107 fachowo i z zachowaniem zasad bezpiecze\u0144stwa. Platformy no\u017cycowe s\u0105 cz\u0119sto wykorzystywane na budowach, przy pracach wyko\u0144czeniowych, instalacyjnych, pracach dekoratorskich, czy\u015bcicielskich. Opr\u00f3cz bran\u017cy budowlanej, urz\u0105dzenia s\u0105 stosowane w sektorze reklamowym. Pracownik, kt\u00f3ry nie posiada uprawnie\u0144, nie mo\u017ce zgodnie z przepisami prawa bra\u0107 udzia\u0142u w pracach. Cel szkolenia Do szkolenia mog\u0105 podej\u015b\u0107 [&hellip;]<\/p>\n","protected":false},"author":1,"featured_media":0,"parent":0,"menu_order":0,"comment_status":"closed","ping_status":"closed","template":"","meta":{"sfsi_plus_gutenberg_text_before_share":"","sfsi_plus_gutenberg_show_text_before_share":"","sfsi_plus_gutenberg_icon_type":"","sfsi_plus_gutenberg_icon_alignemt":"","sfsi_plus_gutenburg_max_per_row":"","footnotes":""},"class_list":["post-32","page","type-page","status-publish","hentry","has_thumb"],"aioseo_notices":[],"_links":{"self":[{"href":"https:\/\/kursy-udt.pl\/en\/wp-json\/wp\/v2\/pages\/32","targetHints":{"allow":["GET"]}}],"collection":[{"href":"https:\/\/kursy-udt.pl\/en\/wp-json\/wp\/v2\/pages"}],"about":[{"href":"https:\/\/kursy-udt.pl\/en\/wp-json\/wp\/v2\/types\/page"}],"author":[{"embeddable":true,"href":"https:\/\/kursy-udt.pl\/en\/wp-json\/wp\/v2\/users\/1"}],"replies":[{"embeddable":true,"href":"https:\/\/kursy-udt.pl\/en\/wp-json\/wp\/v2\/comments?post=32"}],"version-history":[{"count":17,"href":"https:\/\/kursy-udt.pl\/en\/wp-json\/wp\/v2\/pages\/32\/revisions"}],"predecessor-version":[{"id":1263,"href":"https:\/\/kursy-udt.pl\/en\/wp-json\/wp\/v2\/pages\/32\/revisions\/1263"}],"wp:attachment":[{"href":"https:\/\/kursy-udt.pl\/en\/wp-json\/wp\/v2\/media?parent=32"}],"curies":[{"name":"wp","href":"https:\/\/api.w.org\/{rel}","templated":true}]}}