{"id":3109,"date":"2020-06-30T23:01:13","date_gmt":"2020-06-30T23:01:13","guid":{"rendered":"https:\/\/kursy-udt.pl\/?page_id=3109"},"modified":"2023-01-05T09:40:51","modified_gmt":"2023-01-05T09:40:51","slug":"operation-of-tower-and-high-speed-cranes","status":"publish","type":"page","link":"https:\/\/kursy-udt.pl\/en\/szkolenia\/zakresy-ksztalcenia\/obsluga-zurawi-wiezowych-i-szybkomontujacych\/","title":{"rendered":"Service of tower and quick-assembly cranes, including rail cranes"},"content":{"rendered":"<h2 class=\"naglowekh2\"><u><strong>You will get the qualifications:<\/strong><\/u><br \/>\nUDT qualifications for servicing tower and quick-assembly cranes, including rail cranes<\/h2>\n<p><a href=\"https:\/\/kursy-udt.pl\/wp-content\/uploads\/2020\/06\/1-6.jpg\"><img loading=\"lazy\" decoding=\"async\" class=\"obrazekpadding wp-image-3110 size-medium alignleft\" src=\"https:\/\/kursy-udt.pl\/wp-content\/uploads\/2020\/06\/1-6-234x300.jpg\" alt=\"crane\" width=\"234\" height=\"300\" srcset=\"https:\/\/kursy-udt.pl\/wp-content\/uploads\/2020\/06\/1-6-234x300.jpg 234w, https:\/\/kursy-udt.pl\/wp-content\/uploads\/2020\/06\/1-6-624x800.jpg 624w, https:\/\/kursy-udt.pl\/wp-content\/uploads\/2020\/06\/1-6.jpg 722w\" sizes=\"auto, (max-width: 234px) 100vw, 234px\" \/><\/a><a href=\"https:\/\/kursy-udt.pl\/en\/o-firmie\/\">ERGON Personnel Training Center<\/a> invites you to training on <a href=\"https:\/\/kursy-udt.pl\/en\/szkolenia\/udt-wdt-tdt\/zurawie-wiezowe\/\">tower cranes<\/a>!<\/p>\n<p>Tower cranes are devices intended for material handling, which have a wide range of applications, including those used on construction sites. Tower cranes require appropriate authorization for their operation and maintenance. <a href=\"https:\/\/kursy-udt.pl\/en\/uprawnienia-udt\/kategorie-uprawnien-2\/\">Entitlements<\/a> these are issued by UDT - the Office of Technical Inspection.<\/p>\n<p>The ERGON center conducts comprehensive courses on tower cranes and quick-erecting cranes, which are aimed at operators of this type of equipment, as well as their assemblers, maintenance technicians and operational supervision services.<\/p>\n<p>Our classes consist of a theoretical and practical part, thanks to which they professionally and fully prepare participants to take the exam and to obtain appropriate qualifications for tower cranes.<\/p>\n<h2 class=\"naglowekh2\">During the training sessions, the following topics are discussed: the following topics:<\/h2>\n<ul>\n<li><a href=\"https:\/\/kursy-udt.pl\/wp-content\/uploads\/2020\/06\/1-7.jpg\"><img loading=\"lazy\" decoding=\"async\" class=\"obrazekpadding alignright wp-image-3111 size-medium\" src=\"https:\/\/kursy-udt.pl\/wp-content\/uploads\/2020\/06\/1-7-300x200.jpg\" alt=\"crane\" width=\"300\" height=\"200\" srcset=\"https:\/\/kursy-udt.pl\/wp-content\/uploads\/2020\/06\/1-7-300x200.jpg 300w, https:\/\/kursy-udt.pl\/wp-content\/uploads\/2020\/06\/1-7-624x415.jpg 624w, https:\/\/kursy-udt.pl\/wp-content\/uploads\/2020\/06\/1-7.jpg 703w\" sizes=\"auto, (max-width: 300px) 100vw, 300px\" \/><\/a>general information on tower and quick erecting cranes<\/li>\n<li>information on the authorizations needed to operate these devices<\/li>\n<li>classification of tower and quick-assembly cranes and their mechanisms<\/li>\n<li>transport and assembly of tower and quick-assembly cranes<\/li>\n<li>construction elements and mechanisms of tower and quick-assembly cranes<\/li>\n<li>load-bearing structures used for tower and quick-assembly cranes<\/li>\n<li>protections used in tower and quick-assembly cranes<\/li>\n<li>equipment used with tower cranes - slings and other devices<\/li>\n<li>principles of proper operation of cranes - general principles of operation, steering, control<\/li>\n<li>the most common failures of tower and quick-assembly cranes<\/li>\n<li>technical supervision of tower and quick-assembly cranes<\/li>\n<\/ul>\n<p>The duration of training in the operation of tower cranes is from 20 to 40 teaching hours.<\/p>\n<p>Our ERGON Center can adjust the scope of the subject matter of classes depending on the individual requirements of the client. <a href=\"https:\/\/kursy-udt.pl\/en\/kontakt\/\">Please contact us<\/a> for more information.<\/p>\n<p>We encourage you to take advantage of our offer at the ERGON Personnel Training Center!<\/p>\n<p><a href=\"https:\/\/kursy-udt.pl\/wp-content\/uploads\/2023\/01\/Reklama-Na-Kursy-7-3.png\"><img loading=\"lazy\" decoding=\"async\" class=\"aligncenter wp-image-4667\" src=\"https:\/\/kursy-udt.pl\/wp-content\/uploads\/2023\/01\/Reklama-Na-Kursy-7-3-300x188.png\" alt=\"\" width=\"750\" height=\"469\" srcset=\"https:\/\/kursy-udt.pl\/wp-content\/uploads\/2023\/01\/Reklama-Na-Kursy-7-3-300x188.png 300w, https:\/\/kursy-udt.pl\/wp-content\/uploads\/2023\/01\/Reklama-Na-Kursy-7-3-1024x640.png 1024w, https:\/\/kursy-udt.pl\/wp-content\/uploads\/2023\/01\/Reklama-Na-Kursy-7-3-768x480.png 768w, https:\/\/kursy-udt.pl\/wp-content\/uploads\/2023\/01\/Reklama-Na-Kursy-7-3-18x12.png 18w, https:\/\/kursy-udt.pl\/wp-content\/uploads\/2023\/01\/Reklama-Na-Kursy-7-3-624x390.png 624w, https:\/\/kursy-udt.pl\/wp-content\/uploads\/2023\/01\/Reklama-Na-Kursy-7-3.png 1200w\" sizes=\"auto, (max-width: 750px) 100vw, 750px\" \/><\/a><\/p>\n<div class=\"button_styl\" style=\"float: right; padding-left: 15px; padding-bottom: 8px; margin-bottom: 5px;\"><a class=\"myButton myButton_maly\" href=\"https:\/\/platformaedukacji.pl\/sklep\/\" target=\"_blank\" rel=\"nofollow noopener noreferrer\"><span style=\"color: white;\">Sign up for training<\/span><\/a><\/div>","protected":false},"excerpt":{"rendered":"<p>Uzyskasz kwalifikacje: Uprawnienia UDT do obs\u0142ugi \u017curawi wie\u017cowych i szybkomontuj\u0105cych, w tym szynowych O\u015brodek Doskonalenia Kadr ERGON zaprasza na szkolenia na \u017curawie wie\u017cowe! \u017burawie wie\u017cowe to urz\u0105dzenia przeznaczone do transportu bliskiego, kt\u00f3re posiadaj\u0105 szerokie zastosowanie, w tym mi\u0119dzy innymi u\u017cywane s\u0105 na placach bud\u00f3w. \u017burawie wie\u017cowe wymagaj\u0105 posiadania w\u0142a\u015bciwych uprawnie\u0144 do ich obs\u0142ugi i konserwacji. Uprawnienia te nadawane s\u0105 przez UDT \u2013 Urz\u0105d Dozoru Technicznego. O\u015brodek ERGON prowadzi kompleksowe kursy na \u017curawie wie\u017cowe i szybkomontuj\u0105ce, kt\u00f3re skierowane s\u0105 do operator\u00f3w urz\u0105dze\u0144 tego typu, a tak\u017ce do ich monta\u017cyst\u00f3w, konserwator\u00f3w oraz do s\u0142u\u017cb nadzoru eksploatacyjnego. Nasze zaj\u0119cia sk\u0142adaj\u0105 si\u0119 z cz\u0119\u015bci teoretycznej i praktycznej, dzi\u0119ki czemu profesjonalnie i w pe\u0142ni przygotowuj\u0105 uczestnik\u00f3w do podej\u015bcia do egzaminu oraz do uzyskania odpowiednich uprawnie\u0144 na \u017curawie wie\u017cowe. Podczas szkole\u0144 poruszane s\u0105 m.in. nast\u0119puj\u0105ce tematy: og\u00f3lne informacje dotycz\u0105ce \u017curawie wie\u017cowych i szybkomontuj\u0105cych informacje o uprawnieniach potrzebnych do obs\u0142ugi tych urz\u0105dze\u0144 klasyfikacja \u017curawi wie\u017cowych i szybkomontuj\u0105cych oraz ich mechanizm\u00f3w transport i monta\u017c \u017curawi wie\u017cowych i szybkomontuj\u0105cych elementy budowy oraz mechanizmy \u017curawi wie\u017cowych i szybkomontuj\u0105cych konstrukcje no\u015bne u\u017cywane do \u017curawi wie\u017cowych i szybkomontuj\u0105cych zabezpieczenia stosowane w \u017curawiach wie\u017cowych i szybkomontuj\u0105cych sprz\u0119t stosowany z \u017curawiami wie\u017cowymi \u2013 zawiesia i inne urz\u0105dzenia zasady prawid\u0142owej eksploatacji \u017curawi \u2013 og\u00f3lne zasady obs\u0142ugi, sterowanie, kontrola najcz\u0119\u015bciej wyst\u0119puj\u0105ce awarie \u017curawi wie\u017cowych i szybkomontuj\u0105cych doz\u00f3r techniczny \u017curawi wie\u017cowych i szybkomontuj\u0105cych Czas trwania nauki w ramach obs\u0142ugi \u017curawi wie\u017cowych wynosi od 20 do 40 godzin dydaktycznych. Nasz O\u015brodek ERGON mo\u017ce dostosowa\u0107 zakres tematyki zaj\u0119\u0107 zale\u017cnie od indywidualnych wymaga\u0144 klienta. Prosimy o kontakt w celu uzyskania dodatkowych informacji. Zach\u0119camy do skorzystania [&hellip;]<\/p>\n","protected":false},"author":1,"featured_media":3111,"parent":3226,"menu_order":0,"comment_status":"closed","ping_status":"closed","template":"","meta":{"sfsi_plus_gutenberg_text_before_share":"","sfsi_plus_gutenberg_show_text_before_share":"","sfsi_plus_gutenberg_icon_type":"","sfsi_plus_gutenberg_icon_alignemt":"","sfsi_plus_gutenburg_max_per_row":"","footnotes":""},"class_list":["post-3109","page","type-page","status-publish","has-post-thumbnail","hentry","has_thumb"],"aioseo_notices":[],"_links":{"self":[{"href":"https:\/\/kursy-udt.pl\/en\/wp-json\/wp\/v2\/pages\/3109","targetHints":{"allow":["GET"]}}],"collection":[{"href":"https:\/\/kursy-udt.pl\/en\/wp-json\/wp\/v2\/pages"}],"about":[{"href":"https:\/\/kursy-udt.pl\/en\/wp-json\/wp\/v2\/types\/page"}],"author":[{"embeddable":true,"href":"https:\/\/kursy-udt.pl\/en\/wp-json\/wp\/v2\/users\/1"}],"replies":[{"embeddable":true,"href":"https:\/\/kursy-udt.pl\/en\/wp-json\/wp\/v2\/comments?post=3109"}],"version-history":[{"count":5,"href":"https:\/\/kursy-udt.pl\/en\/wp-json\/wp\/v2\/pages\/3109\/revisions"}],"predecessor-version":[{"id":4668,"href":"https:\/\/kursy-udt.pl\/en\/wp-json\/wp\/v2\/pages\/3109\/revisions\/4668"}],"up":[{"embeddable":true,"href":"https:\/\/kursy-udt.pl\/en\/wp-json\/wp\/v2\/pages\/3226"}],"wp:featuredmedia":[{"embeddable":true,"href":"https:\/\/kursy-udt.pl\/en\/wp-json\/wp\/v2\/media\/3111"}],"wp:attachment":[{"href":"https:\/\/kursy-udt.pl\/en\/wp-json\/wp\/v2\/media?parent=3109"}],"curies":[{"name":"wp","href":"https:\/\/api.w.org\/{rel}","templated":true}]}}