{"id":3038,"date":"2020-06-29T20:23:27","date_gmt":"2020-06-29T20:23:27","guid":{"rendered":"https:\/\/kursy-udt.pl\/?page_id=3038"},"modified":"2023-01-05T10:38:12","modified_gmt":"2023-01-05T10:38:12","slug":"maintenance-of-electric-cranes","status":"publish","type":"page","link":"https:\/\/kursy-udt.pl\/en\/szkolenia\/zakresy-ksztalcenia\/konserwacja-dzwigow-elektrycznych\/","title":{"rendered":"Maintenance of electric lifts"},"content":{"rendered":"<h2 class=\"naglowekh2\"><u><strong>You will get the qualifications:<\/strong><\/u><br \/>\nUDT authorisation for maintenance of electric lifts<\/h2>\n<p><a href=\"https:\/\/kursy-udt.pl\/wp-content\/uploads\/2020\/06\/1.jpg\"><img loading=\"lazy\" decoding=\"async\" class=\"obrazekpadding alignleft wp-image-3036 size-medium\" src=\"https:\/\/kursy-udt.pl\/wp-content\/uploads\/2020\/06\/1-300x230.jpg\" alt=\"maintenance of electric lifts\" width=\"300\" height=\"230\" srcset=\"https:\/\/kursy-udt.pl\/wp-content\/uploads\/2020\/06\/1-300x230.jpg 300w, https:\/\/kursy-udt.pl\/wp-content\/uploads\/2020\/06\/1.jpg 460w\" sizes=\"auto, (max-width: 300px) 100vw, 300px\" \/><\/a>Take advantage of the training offer in electric lift maintenance at ODK ERGON!<\/p>\n<p>Electric cranes are devices commonly used in the close transportation of people and goods. These cranes are subdivided into passenger, freight and hospital cranes and have a wide range of applications in various facilities. Those involved in the maintenance and operation of this type of equipment must have certain <a href=\"https:\/\/kursy-udt.pl\/en\/uprawnienia-udt\/kategorie-uprawnien-2\/\">entitlements<\/a>.<\/p>\n<p>Training in the maintenance of electric cranes at the ERGON Centre consists of a theoretical part and a practical part, which are dedicated to the comprehensive preparation of candidates for the maintenance of electric cranes. Also people involved in the operation and technical supervision of these devices can benefit from these courses.<\/p>\n<p>The class covers both the legal issues of equipment operation and authorisation, as well as their construction and maintenance. Participants also learn more about the practical aspects of working as a maintenance technician.<\/p>\n<h2 class=\"naglowekh2\"><strong>During the training sessions, the following topics are discussed: the following topics:<\/strong><\/h2>\n<ul>\n<li>qualifications needed to work with electric cranes<\/li>\n<li>basic legislation relating to the technical inspection of electric lifts<\/li>\n<li>types of electric lifts - classification by purpose, control, type of drive<\/li>\n<li>basic information on the construction of electric lifts<\/li>\n<li>detailed information on components and assemblies of electric lifts - electrical, electronic, electromechanical<\/li>\n<li>maintenance work on electric passenger, goods passenger and hospital lifts as well as building lifts<\/li>\n<li>the most common failures and accidents related to the operation of electric lifts<\/li>\n<li>Health, safety and <a href=\"https:\/\/kursy-udt.pl\/en\/szkolenia\/bhp-bezpieczenstwo-pracy\/pierwsza-pomoc-i-dzialania\/\">first aid<\/a> when working with electric cranes<\/li>\n<\/ul>\n<p>The course time ranges from 48 to 88 teaching hours.<\/p>\n<p>If required, it is possible to tailor the topics of the classes to the individual needs of the client.<\/p>\n<p><a href=\"https:\/\/kursy-udt.pl\/en\/kontakt\/\">We cordially invite you to take advantage of our offer<\/a> training in <a href=\"https:\/\/kursy-udt.pl\/en\/o-firmie\/\">ERGON Personnel Training Center<\/a>!<\/p>\n<p><a href=\"https:\/\/kursy-udt.pl\/wp-content\/uploads\/2023\/01\/Konserwacja-dzwigow-elektrycznych-kursy-udt.pl_.png\"><img loading=\"lazy\" decoding=\"async\" class=\"aligncenter wp-image-4683\" src=\"https:\/\/kursy-udt.pl\/wp-content\/uploads\/2023\/01\/Konserwacja-dzwigow-elektrycznych-kursy-udt.pl_-300x188.png\" alt=\"\" width=\"750\" height=\"469\" srcset=\"https:\/\/kursy-udt.pl\/wp-content\/uploads\/2023\/01\/Konserwacja-dzwigow-elektrycznych-kursy-udt.pl_-300x188.png 300w, https:\/\/kursy-udt.pl\/wp-content\/uploads\/2023\/01\/Konserwacja-dzwigow-elektrycznych-kursy-udt.pl_-1024x640.png 1024w, https:\/\/kursy-udt.pl\/wp-content\/uploads\/2023\/01\/Konserwacja-dzwigow-elektrycznych-kursy-udt.pl_-768x480.png 768w, https:\/\/kursy-udt.pl\/wp-content\/uploads\/2023\/01\/Konserwacja-dzwigow-elektrycznych-kursy-udt.pl_-18x12.png 18w, https:\/\/kursy-udt.pl\/wp-content\/uploads\/2023\/01\/Konserwacja-dzwigow-elektrycznych-kursy-udt.pl_-624x390.png 624w, https:\/\/kursy-udt.pl\/wp-content\/uploads\/2023\/01\/Konserwacja-dzwigow-elektrycznych-kursy-udt.pl_.png 1200w\" sizes=\"auto, (max-width: 750px) 100vw, 750px\" \/><\/a><\/p>\n<div class=\"button_styl\" style=\"float: right; padding-left: 15px; padding-bottom: 8px; margin-bottom: 5px;\"><a class=\"myButton myButton_maly\" href=\"https:\/\/platformaedukacji.pl\/sklep\/\" target=\"_blank\" rel=\"nofollow noopener noreferrer\"><span style=\"color: white;\">Sign up for training<\/span><\/a><\/div>","protected":false},"excerpt":{"rendered":"<p>Uzyskasz kwalifikacje: Uprawnienia UDT do konserwacji d\u017awig\u00f3w elektrycznych Zach\u0119camy do skorzystania z oferty szkoleniowej w ramach konserwacji d\u017awig\u00f3w elektrycznych w ODK ERGON! D\u017awigi elektryczne to urz\u0105dzenia u\u017cywane powszechnie w transporcie bliskim os\u00f3b oraz towar\u00f3w. D\u017awigi te dzielone s\u0105 na osobowe, towarowe oraz towarowo-osobowe i szpitalne i posiadaj\u0105 one szerokie zastosowanie w r\u00f3\u017cnych obiektach. Osoby zajmuj\u0105ce si\u0119 konserwacj\u0105 i eksploatacj\u0105 tego rodzaju urz\u0105dze\u0144 musz\u0105 posiada\u0107 okre\u015blone uprawnienia. Szkolenie w ramach konserwacji d\u017awig\u00f3w elektrycznych w O\u015brodku ERGON sk\u0142ada si\u0119 z cz\u0119\u015bci teoretycznej oraz praktycznej, kt\u00f3re po\u015bwi\u0119cone s\u0105 kompleksowemu przygotowaniu kandydat\u00f3w na konserwator\u00f3w d\u017awig\u00f3w elektrycznych. R\u00f3wnie\u017c z kurs\u00f3w tych mog\u0105 skorzysta\u0107 osoby zajmuj\u0105ce si\u0119 obs\u0142ug\u0105 i nadzorem technicznym tych urz\u0105dze\u0144. Zaj\u0119cia dotycz\u0105 zar\u00f3wno kwestii prawnych dotycz\u0105cych obs\u0142ugi sprz\u0119tu i uprawnie\u0144, jak r\u00f3wnie\u017c ich budowy oraz konserwacji. Uczestnicy dowiaduj\u0105 si\u0119 tak\u017ce wi\u0119cej o praktycznych aspektach pracy na stanowisku konserwatora. Podczas szkole\u0144 poruszane s\u0105 m.in. nast\u0119puj\u0105ce tematy: uprawnienia potrzebne do pracy z d\u017awigami elektrycznymi podstawowe akty prawne zwi\u0105zane z dozorem technicznym d\u017awig\u00f3w elektrycznych rodzaje d\u017awig\u00f3w elektrycznych \u2013 podzia\u0142 pod wzgl\u0119dem przeznaczenia, sterowania, typu nap\u0119du podstawowe informacje o budowie d\u017awig\u00f3w elektrycznych szczeg\u00f3\u0142owe informacje o elementach i zespo\u0142ach d\u017awig\u00f3w elektrycznych \u2013 elektrycznych, elektronicznych, elektromechanicznych prace konserwacyjne dla d\u017awig\u00f3w elektrycznych osobowych, towarowych, towarowo-osobowych i szpitalnych, a tak\u017ce d\u017awig\u00f3w budowlanych najcz\u0119stsze awarie i wypadki zwi\u0105zane z eksploatacj\u0105 d\u017awig\u00f3w elektrycznych BHP i pierwsza pomoc przy pracy z d\u017awigami elektrycznymi Czas kursu wynosi od 48 do 88 godzin dydaktycznych. W razie potrzeby istnieje mo\u017cliwo\u015b\u0107 dopasowania tematyki zaj\u0119\u0107 do indywidualnych potrzeb klienta. Zapraszamy serdecznie do skorzystania z naszej oferty szkoleniowej w O\u015brodku Doskonalenia Kadr ERGON! Zapisz si\u0119 [&hellip;]<\/p>\n","protected":false},"author":1,"featured_media":3036,"parent":3226,"menu_order":0,"comment_status":"closed","ping_status":"closed","template":"","meta":{"sfsi_plus_gutenberg_text_before_share":"","sfsi_plus_gutenberg_show_text_before_share":"","sfsi_plus_gutenberg_icon_type":"","sfsi_plus_gutenberg_icon_alignemt":"","sfsi_plus_gutenburg_max_per_row":"","footnotes":""},"class_list":["post-3038","page","type-page","status-publish","has-post-thumbnail","hentry","has_thumb"],"aioseo_notices":[],"_links":{"self":[{"href":"https:\/\/kursy-udt.pl\/en\/wp-json\/wp\/v2\/pages\/3038","targetHints":{"allow":["GET"]}}],"collection":[{"href":"https:\/\/kursy-udt.pl\/en\/wp-json\/wp\/v2\/pages"}],"about":[{"href":"https:\/\/kursy-udt.pl\/en\/wp-json\/wp\/v2\/types\/page"}],"author":[{"embeddable":true,"href":"https:\/\/kursy-udt.pl\/en\/wp-json\/wp\/v2\/users\/1"}],"replies":[{"embeddable":true,"href":"https:\/\/kursy-udt.pl\/en\/wp-json\/wp\/v2\/comments?post=3038"}],"version-history":[{"count":5,"href":"https:\/\/kursy-udt.pl\/en\/wp-json\/wp\/v2\/pages\/3038\/revisions"}],"predecessor-version":[{"id":4684,"href":"https:\/\/kursy-udt.pl\/en\/wp-json\/wp\/v2\/pages\/3038\/revisions\/4684"}],"up":[{"embeddable":true,"href":"https:\/\/kursy-udt.pl\/en\/wp-json\/wp\/v2\/pages\/3226"}],"wp:featuredmedia":[{"embeddable":true,"href":"https:\/\/kursy-udt.pl\/en\/wp-json\/wp\/v2\/media\/3036"}],"wp:attachment":[{"href":"https:\/\/kursy-udt.pl\/en\/wp-json\/wp\/v2\/media?parent=3038"}],"curies":[{"name":"wp","href":"https:\/\/api.w.org\/{rel}","templated":true}]}}