{"id":2951,"date":"2019-12-17T16:31:40","date_gmt":"2019-12-17T16:31:40","guid":{"rendered":"http:\/\/kursy-udt.pl\/?page_id=2951"},"modified":"2019-12-18T08:58:45","modified_gmt":"2019-12-18T08:58:45","slug":"categories-of-entitlement-2","status":"publish","type":"page","link":"https:\/\/kursy-udt.pl\/en\/uprawnienia-udt\/kategorie-uprawnien-2\/","title":{"rendered":"Permission categories"},"content":{"rendered":"<table>\n<tr>\n<th colspan=\"3\" style=\"text-align:center;\">SERVICE<\/th>\n<\/tr>\n<tr>\n<td colspan=\"2\">Types of technical devices, the operation of which requires the possession of qualifications confirmed by a qualification certificate<\/td>\n<td>Validity periods of qualification certificates (in years)<\/td>\n<\/tr>\n<tr>\n<td>and<\/td>\n<td>b<\/td>\n<td>c<\/td>\n<\/tr>\n<tr>\n<td rowspan=\"2\">Winches and hoists<\/td>\n<td>General purpose hoists and winches<\/td>\n<td>10<\/td>\n<\/tr>\n<tr>\n<td>General and special purpose hoists and winches<\/td>\n<td>5<\/td>\n<\/tr>\n<tr>\n<td rowspan=\"2\">Cranes<\/td>\n<td>General purpose cranes, hoists and winches<\/td>\n<td>10<\/td>\n<\/tr>\n<tr>\n<td>General and special purpose cranes, hoists and winches<\/td>\n<td>5<\/td>\n<\/tr>\n<tr>\n<td rowspan=\"8\">Cranes<\/td>\n<td>Stationary cranes<\/td>\n<td>10<\/td>\n<\/tr>\n<tr>\n<td>Mobile and portable cranes<br \/>\n(entitles you to operate mobile, portable and stationary cranes)<\/td>\n<td>10<\/td>\n<\/tr>\n<tr>\n<td>Mobile cranes<br \/>\n(entitles you to operate mobile, mobile, portable and stationary cranes)<\/td>\n<td>5<\/td>\n<\/tr>\n<tr>\n<td>Rail cranes<\/td>\n<td>5<\/td>\n<\/tr>\n<tr>\n<td>Tower and quick-erecting cranes<br \/>\n(entitles you to operate tower, quick-assembly and rail cranes)<\/td>\n<td>5<\/td>\n<\/tr>\n<tr>\n<td>Railway cranes and on railway vehicles<\/td>\n<td>5<\/td>\n<\/tr>\n<tr>\n<td>Deck cranes<\/td>\n<td>5<\/td>\n<\/tr>\n<tr>\n<td>Floating cranes<br \/>\n(authorizes to operate floating and deck cranes)<\/td>\n<td>5<\/td>\n<\/tr>\n<tr>\n<td>4<\/td>\n<td>Stacker cranes<\/td>\n<td>Stacker cranes<\/td>\n<td>10<\/td>\n<\/tr>\n<tr>\n<td>Goods lifts<\/td>\n<td>Goods lifts<\/td>\n<td>10<\/td>\n<\/tr>\n<tr>\n<td>Ship lifts<\/td>\n<td>Ship lifts<\/td>\n<td>10<\/td>\n<\/tr>\n<tr>\n<td rowspan=\"5\">Mobile platforms<\/td>\n<td>Stationary mobile platforms<\/td>\n<td>10<\/td>\n<\/tr>\n<tr>\n<td><a href=\"https:\/\/kursy-udt.pl\/en\/szkolenia\/udt-wdt-tdt\/podesty-ruchome-wiszace\/\">Hanging mobile platforms<\/a><br \/>\n(entitles you to operate suspended and stationary mobile platforms)<\/td>\n<td>10<\/td>\n<\/tr>\n<tr>\n<td><a href=\"https:\/\/kursy-udt.pl\/en\/szkolenia\/udt-wdt-tdt\/podesty-ruchome-masztowe\/\">Mast climbing platforms<\/a><br \/>\n(entitles you to operate mast and stationary mobile platforms)<\/td>\n<td>10<\/td>\n<\/tr>\n<tr>\n<td>Mobile mobile platforms<\/td>\n<td>5<\/td>\n<\/tr>\n<tr>\n<td>Platforms on railway vehicles<\/td>\n<td>10<\/td>\n<\/tr>\n<tr>\n<td rowspan=\"2\"><a href=\"https:\/\/kursy-udt.pl\/en\/szkolenia\/wozkiwidlowe\/\">Forklift trucks<\/a><\/td>\n<td>Mechanical forklift trucks with a lifting drive with a boom and electric forklift trucks with a mechanical lifting drive with an operator being lifted together with the load<br \/>\n(also authorizes to operate all other lift trucks with mechanical lifting drive)<\/td>\n<td>5<\/td>\n<\/tr>\n<tr>\n<td>Mechanical lift trucks with a lifting drive, excluding forklifts with a boom and forklifts with an operator being lifted with the load<\/td>\n<td>10<\/td>\n<\/tr>\n<tr>\n<td rowspan=\"2\">Cranes<\/td>\n<td>Construction cranes<br \/>\n(authorizes to operate goods and goods-passenger construction lifts as well as goods lifts)<\/td>\n<td>10<\/td>\n<\/tr>\n<tr>\n<td>Goods-passenger lifts with internal control and hospital<br \/>\n(authorizes to operate goods-passenger lifts with internal control and hospital lifts without cab load control)<\/td>\n<td>10<\/td>\n<\/tr>\n<tr>\n<td>Rope rope cranes<\/td>\n<td>Rope rope cranes<\/td>\n<td>10<\/td>\n<\/tr>\n<tr>\n<td>Container handling equipment<\/td>\n<td>Technical devices for moving containers during reloading works<\/td>\n<td>10<\/td>\n<\/tr>\n<tr>\n<td>Stackers<\/td>\n<td>Track-laying pavers<\/td>\n<td>10<\/td>\n<\/tr>\n<tr>\n<td rowspan=\"6\">Ropeways<\/td>\n<td>Freight cableways<\/td>\n<td>10<\/td>\n<\/tr>\n<tr>\n<td>Circular motion single-rope overhead passenger railways with non-detachable chairs<\/td>\n<td>5<\/td>\n<\/tr>\n<tr>\n<td>Circular passenger single-rope cableways, chairlifts or gondolas with detachable vehicles<\/td>\n<td>5<\/td>\n<\/tr>\n<tr>\n<td>Passenger aerial multi-rope gondola cableways with detachable vehicles<\/td>\n<td>5<\/td>\n<\/tr>\n<tr>\n<td>Single- or double-rope overhead passenger cableways<\/td>\n<td>5<\/td>\n<\/tr>\n<tr>\n<td>Passenger funiculars<\/td>\n<td>5<\/td>\n<\/tr>\n<tr>\n<td rowspan=\"4\">Lifts for the movement of people for tourism and sports purposes<\/td>\n<td>For skiers moving on snow or solid ground with high or low cable guidance, support or no support, steered from platform or engine room<\/td>\n<td>5<\/td>\n<\/tr>\n<tr>\n<td>Multi-support for skiers moving through the water with high circular cable routing<\/td>\n<td>5<\/td>\n<\/tr>\n<tr>\n<td>Double support for skiers moving through the water with high or low cable routing with reverse or circular motion<\/td>\n<td>5<\/td>\n<\/tr>\n<tr>\n<td>Lifts of vehicles for gravity slides, toboggan lifts with the infrastructure of the downhill track<\/td>\n<td>5<\/td>\n<\/tr>\n<tr>\n<td rowspan=\"2\">Mobile platforms and platforms with drive units in ferry harbors<\/td>\n<td>Movable platforms with power units in sea ferry harbors<\/td>\n<td>10<\/td>\n<\/tr>\n<tr>\n<td>Movable platforms with power units in inland ferry harbors<\/td>\n<td>10<\/td>\n<\/tr>\n<tr>\n<td>Portable tanks<\/td>\n<td>Filling tanks of portable pressure receptacles with a capacity greater than 350 cm3<\/td>\n<td>10<\/td>\n<\/tr>\n<tr>\n<td rowspan=\"3\">Equipment for filling and emptying transport tanks for hazardous materials<\/td>\n<td>Equipment for filling and emptying transport tanks for hazardous materials of class \u2026\u2026. according to ADR \/ RID \/ ADN<\/td>\n<td>5<\/td>\n<\/tr>\n<tr>\n<td>Equipment for filling and emptying transport tanks for hazardous materials of class \u2026\u2026 .. according to ADR \/ RID \/ ADN<\/td>\n<td><\/td>\n<\/tr>\n<tr>\n<td>Port reloading arms for dangerous goods according to IMDG<\/td>\n<td>5<\/td>\n<\/tr>\n<tr>\n<td rowspan=\"2\">Equipment for filling and emptying transport tanks for non-hazardous materials<\/td>\n<td>Equipment for filling and emptying transport tanks for non-hazardous materials which are filled, emptied or transported under pressure<\/td>\n<td>10<\/td>\n<\/tr>\n<tr>\n<td>Port handling arms for non-hazardous goods<\/td>\n<td>10<\/td>\n<\/tr>\n<tr>\n<td rowspan=\"4\">Tanks for liquefied or compressed gas used to power internal combustion engines in vehicles<\/td>\n<td>Filling LPG tanks installed in power systems of vehicles and inland waterway vessels<\/td>\n<td>10<\/td>\n<\/tr>\n<tr>\n<td>Filling of CNG tanks installed in power systems of vehicles and inland waterway vessels<\/td>\n<td>10<\/td>\n<\/tr>\n<tr>\n<td>Filling LNG tanks installed in power supply systems for inland navigation vehicles and vessels<\/td>\n<td>10<\/td>\n<\/tr>\n<tr>\n<td>Filling hydrogen tanks installed in power systems of vehicles and inland waterway vessels<\/td>\n<td>10<\/td>\n<\/tr>\n<tr>\n<td>Steam boilers of a capacity greater than 2 dm3, intended for the production of vapor from a liquid using the heat obtained from the fuel by an exothermic reaction<\/td>\n<td>Steam engine boilers<\/td>\n<td>5<\/td>\n<\/tr>\n<tr>\n<td>Broaching machines for moving wagons on the tracks<\/td>\n<td>Broaching machines for moving wagons on the tracks<\/td>\n<td>10<\/td>\n<\/tr>\n<tr>\n<td rowspan=\"12\"><a href=\"https:\/\/kursy-udt.pl\/en\/szkolenia\/udt-wdt-tdt\/urzadzenia-zaladowcze\/\">Loading devices<\/a>, unloading or feeding loads in reloading technological lines<\/td>\n<td>Wagon unloaders<\/td>\n<td>10<\/td>\n<\/tr>\n<tr>\n<td>Ship unloaders<\/td>\n<td>10<\/td>\n<\/tr>\n<tr>\n<td>Wagon tipplers<\/td>\n<td>10<\/td>\n<\/tr>\n<tr>\n<td>Loaders, including marine ones<\/td>\n<td>10<\/td>\n<\/tr>\n<tr>\n<td>Stackers<\/td>\n<td>10<\/td>\n<\/tr>\n<tr>\n<td>Stacker-loaders<\/td>\n<td>10<\/td>\n<\/tr>\n<tr>\n<td>Suspended belt conveyors<\/td>\n<td>10<\/td>\n<\/tr>\n<tr>\n<td>Feeders<\/td>\n<td>10<\/td>\n<\/tr>\n<tr>\n<td>Conveyors<\/td>\n<td>10<\/td>\n<\/tr>\n<tr>\n<td>Ski lifts<\/td>\n<td>10<\/td>\n<\/tr>\n<tr>\n<td>Pneumatic transport devices for bulk materials<\/td>\n<td>10<\/td>\n<\/tr>\n<tr>\n<td>Stacker-loaders and feeders<\/td>\n<td>10<\/td>\n<\/tr>\n<tr>\n<td rowspan=\"8\">Specialized devices subject to military technical supervision<\/td>\n<td>Portable pressure tanks of aircraft, vessels and combat vehicles belonging to the Armed Forces of the Republic of Poland \udbc0\udcb1 in terms of their filling<\/td>\n<td>10<\/td>\n<\/tr>\n<tr>\n<td>Equipment for filling weapons and military equipment<\/td>\n<td>10<\/td>\n<\/tr>\n<tr>\n<td>Field pipelines for the transport of liquid fuels<\/td>\n<td>10<\/td>\n<\/tr>\n<tr>\n<td>Loading and unloading devices for military bridges<\/td>\n<td>10<\/td>\n<\/tr>\n<tr>\n<td>Mechanical rocket loading and launching devices<\/td>\n<td>10<\/td>\n<\/tr>\n<tr>\n<td>Mechanical torpedo loading devices<\/td>\n<td>10<\/td>\n<\/tr>\n<tr>\n<td>Training apparatus for parachuting<\/td>\n<td>10<\/td>\n<\/tr>\n<tr>\n<td>Winches used to move people or dangerous goods used on aircraft, vessels, combat vehicles and vehicles belonging to the Armed Forces of the Republic of Poland<\/td>\n<td>10<\/td>\n<\/tr>\n<\/table>","protected":false},"excerpt":{"rendered":"<p>OBS\u0141UGA Rodzaje urz\u0105dze\u0144 technicznych, przy obs\u0142udze kt\u00f3rych wymagane jest posiadanie kwalifikacji potwierdzonych za\u015bwiadczeniem kwalifikacyjnym Okresy wa\u017cno\u015bci za\u015bwiadcze\u0144 kwalifikacyjnych (w latach) a b c Wci\u0105garki i wci\u0105gniki Wci\u0105gniki i wci\u0105garki og\u00f3lnego przeznaczenia 10 Wci\u0105gniki i wci\u0105garki og\u00f3lnego i specjalnego przeznaczenia 5 Suwnice Suwnice, wci\u0105gniki i wci\u0105garki og\u00f3lnego przeznaczenia 10 Suwnice, wci\u0105gniki i wci\u0105garki og\u00f3lnego oraz specjalnego przeznaczenia 5 \u017burawie \u017burawie stacjonarne 10 \u017burawie przewo\u017ane i przeno\u015bne (uprawnia do obs\u0142ugi \u017curawi przewo\u017anych i przeno\u015bnych oraz stacjonarnych) 10 \u017burawie samojezdne (uprawnia do obs\u0142ugi \u017curawi samojezdnych, przewo\u017anych i przeno\u015bnych oraz stacjonarnych) 5 \u017burawie szynowe 5 \u017burawie wie\u017cowe i szybkomontuj\u0105ce (uprawnia do obs\u0142ugi \u017curawi wie\u017cowych i szybkomontuj\u0105cych oraz szynowych) 5 \u017burawie kolejowe i na pojazdach kolejowych 5 \u017burawie pok\u0142adowe 5 \u017burawie p\u0142ywaj\u0105ce (uprawnia do obs\u0142ugi \u017curawi p\u0142ywaj\u0105cych oraz pok\u0142adowych) 5 4 Uk\u0142adnice Uk\u0142adnice 10 Wyci\u0105gi towarowe Wyci\u0105gi towarowe 10 Wyci\u0105gi statk\u00f3w Wyci\u0105gi statk\u00f3w 10 Podesty ruchome Podesty ruchome stacjonarne 10 Podesty ruchome wisz\u0105ce (uprawnia do obs\u0142ugi podest\u00f3w ruchomych wisz\u0105cych oraz stacjonarnych) 10 Podesty ruchome masztowe (uprawnia do obs\u0142ugi podest\u00f3w ruchomych masztowych oraz stacjonarnych) 10 Podesty ruchome przejezdne 5 Podesty na pojazdach kolejowych 10 W\u00f3zki jezdniowe podno\u015bnikowe W\u00f3zki jezdniowe podno\u015bnikowe z mechanicznym nap\u0119dem podnoszenia z wysi\u0119gnikiem oraz w\u00f3zki jezdniowe podno\u015bnikowe z mechanicznym nap\u0119dem podnoszenia z osob\u0105 obs\u0142uguj\u0105c\u0105 podnoszon\u0105 wraz z \u0142adunkiem (uprawnia r\u00f3wnie\u017c do obs\u0142ugi wszystkich pozosta\u0142ych w\u00f3zk\u00f3w jezdniowych podno\u015bnikowych z mechanicznym nap\u0119dem podnoszenia) 5 W\u00f3zki jezdniowe podno\u015bnikowe z mechanicznym nap\u0119dem podnoszenia z wy\u0142\u0105czeniem w\u00f3zk\u00f3w z wysi\u0119gnikiem oraz w\u00f3zk\u00f3w z osob\u0105 obs\u0142uguj\u0105c\u0105 podnoszon\u0105 wraz z \u0142adunkiem 10 D\u017awigi D\u017awigi budowlane (uprawnia do obs\u0142ugi d\u017awig\u00f3w budowlanych towarowych i towarowo-osobowych oraz wyci\u0105g\u00f3w towarowych) [&hellip;]<\/p>\n","protected":false},"author":1,"featured_media":0,"parent":2,"menu_order":0,"comment_status":"closed","ping_status":"closed","template":"","meta":{"sfsi_plus_gutenberg_text_before_share":"","sfsi_plus_gutenberg_show_text_before_share":"","sfsi_plus_gutenberg_icon_type":"","sfsi_plus_gutenberg_icon_alignemt":"","sfsi_plus_gutenburg_max_per_row":"","footnotes":""},"class_list":["post-2951","page","type-page","status-publish","hentry","has_no_thumb"],"aioseo_notices":[],"_links":{"self":[{"href":"https:\/\/kursy-udt.pl\/en\/wp-json\/wp\/v2\/pages\/2951","targetHints":{"allow":["GET"]}}],"collection":[{"href":"https:\/\/kursy-udt.pl\/en\/wp-json\/wp\/v2\/pages"}],"about":[{"href":"https:\/\/kursy-udt.pl\/en\/wp-json\/wp\/v2\/types\/page"}],"author":[{"embeddable":true,"href":"https:\/\/kursy-udt.pl\/en\/wp-json\/wp\/v2\/users\/1"}],"replies":[{"embeddable":true,"href":"https:\/\/kursy-udt.pl\/en\/wp-json\/wp\/v2\/comments?post=2951"}],"version-history":[{"count":7,"href":"https:\/\/kursy-udt.pl\/en\/wp-json\/wp\/v2\/pages\/2951\/revisions"}],"predecessor-version":[{"id":2965,"href":"https:\/\/kursy-udt.pl\/en\/wp-json\/wp\/v2\/pages\/2951\/revisions\/2965"}],"up":[{"embeddable":true,"href":"https:\/\/kursy-udt.pl\/en\/wp-json\/wp\/v2\/pages\/2"}],"wp:attachment":[{"href":"https:\/\/kursy-udt.pl\/en\/wp-json\/wp\/v2\/media?parent=2951"}],"curies":[{"name":"wp","href":"https:\/\/api.w.org\/{rel}","templated":true}]}}