{"id":2653,"date":"2018-08-21T09:28:57","date_gmt":"2018-08-21T09:28:57","guid":{"rendered":"http:\/\/kursy-udt.pl\/?page_id=2653"},"modified":"2022-10-14T11:22:46","modified_gmt":"2022-10-14T11:22:46","slug":"checks-on-suspensions","status":"publish","type":"page","link":"https:\/\/kursy-udt.pl\/en\/szkolenia\/kontrole-zawiesi\/","title":{"rendered":"Sling inspections and ongoing sling checks - what is worth knowing?"},"content":{"rendered":"<h2 class=\"naglowekh2\"><strong>Current controls and periodic inspections of slings<\/strong><\/h2>\n<p>A sling is an accessory on a crane, hoist or crane which is designed to suspend, sling or support a load. Most often, the sling is not part of the crane, but is placed on the hook of the block.<\/p>\n<h2 class=\"naglowekh2\"><strong>We distinguish between different types of slings, including:<\/strong><\/h2>\n<ul>\n<li><a href=\"https:\/\/kursy-udt.pl\/wp-content\/uploads\/2022\/10\/1-2.jpeg\"><img loading=\"lazy\" decoding=\"async\" class=\"alignright wp-image-4454\" src=\"https:\/\/kursy-udt.pl\/wp-content\/uploads\/2022\/10\/1-2-225x300.jpeg\" alt=\"\" width=\"300\" height=\"400\" srcset=\"https:\/\/kursy-udt.pl\/wp-content\/uploads\/2022\/10\/1-2-225x300.jpeg 225w, https:\/\/kursy-udt.pl\/wp-content\/uploads\/2022\/10\/1-2-768x1024.jpeg 768w, https:\/\/kursy-udt.pl\/wp-content\/uploads\/2022\/10\/1-2-1152x1536.jpeg 1152w, https:\/\/kursy-udt.pl\/wp-content\/uploads\/2022\/10\/1-2-9x12.jpeg 9w, https:\/\/kursy-udt.pl\/wp-content\/uploads\/2022\/10\/1-2-624x832.jpeg 624w, https:\/\/kursy-udt.pl\/wp-content\/uploads\/2022\/10\/1-2.jpeg 1200w\" sizes=\"auto, (max-width: 300px) 100vw, 300px\" \/><\/a>chain<\/li>\n<li>of wire rope<\/li>\n<li>of textile and synthetic belts<\/li>\n<li>of textile and synthetic ropes<\/li>\n<li>special purpose slings - grabbing and gripping<\/li>\n<\/ul>\n<p>In order to use crane equipment with slings safely, regular <strong>inspections of slings<\/strong>. Any type of damage such as cuts, tears, corrosion, narrowing or elongation of sling components determines its withdrawal from use. How often should <strong>checks on suspensions<\/strong> and who can perform them?<\/p>\n<h2 class=\"naglowekh2\"><strong>The following sling checks shall be carried out:<\/strong><\/h2>\n<ul>\n<li><strong>initial inspection before first use of new equipment<\/strong> - aims to determine whether he or she is prepared to work<\/li>\n<li><strong>check before each use<\/strong> - to check the technical condition of the equipment before and during operation<\/li>\n<li><strong>periodic specific inspections <\/strong>- should be carried out at least once a year and include a detailed visual inspection of the sling with appropriate measurements taken, as well as load tests<\/li>\n<\/ul>\n<p><strong>Sling checks<\/strong> shall be carried out in accordance with standards: PN-EN 1492-1+A1:2008, PN-EN 13414-1+A2:2009, PN-91\/M-84701.<\/p>\n<h2 class=\"naglowekh2\"><strong>Who can carry out sling inspections and reviews?<\/strong><\/h2>\n<p>To carry out <strong>sling controls<\/strong> it is necessary to have the relevant authorisations and the technical knowledge and skills to do so. The regulations indicate that the activity should be carried out by a \"competent person\", who may be designated by the employer.<\/p>\n<p>Mostly for <strong>inspections of slings<\/strong> A hooksman with the appropriate <a href=\"https:\/\/kursy-udt.pl\/en\/uprawnienia-udt\/kategorie-uprawnien-2\/\">entitlements<\/a> - can be obtained during courses organised by <a href=\"https:\/\/kursy-udt.pl\/en\/o-firmie\/\">ERGON Personnel Training Center<\/a>.<\/p>\n<p>Carried out <strong>checks on suspensions<\/strong> require appropriate documentation - a document is then issued confirming that the equipment is undamaged. If a sling is damaged, it is either replaced with a new one or a <strong>regeneration of slings<\/strong>so that it can work properly again.<\/p>","protected":false},"excerpt":{"rendered":"<p>Bie\u017c\u0105ce kontrole i przegl\u0105dy okresowe zawiesi Zawiesiem nazywamy wyposa\u017cenie urz\u0105dzenia d\u017awigowego \u017curawia, ci\u0119gnika lub suwnicy, kt\u00f3rego celem jest zawieszanie, obwi\u0105zywanie albo podtrzymywanie \u0142adunku. Najcz\u0119\u015bciej zawiesie nie jest elementem d\u017awignicy, ale umieszczane jest na haku zblocza. Wyr\u00f3\u017cniamy r\u00f3\u017cnego rodzaju zawiesia, mi\u0119dzy innymi: \u0142a\u0144cuchowe z lin stalowych z pas\u00f3w w\u0142\u00f3kiennych i syntetycznych z lin w\u0142\u00f3kiennych i syntetycznych zawiesia specjalnego przeznaczenia \u2013 chwytowe i zaczepowe Aby korzystanie z urz\u0105dze\u0144 d\u017awignicowych z zawiesiami by\u0142o bezpieczne, konieczne s\u0105 regularne przegl\u0105dy zawiesi. Wszelkiego rodzaju uszkodzenia takie jak przeci\u0119cia, naderwania, korozja, przew\u0119\u017cenia czy wyd\u0142u\u017cenia element\u00f3w zawiesia decyduj\u0105 o jego wycofaniu z u\u017cycia. Jak cz\u0119sto nale\u017cy przeprowadza\u0107 kontrole zawiesi i kto mo\u017ce je wykonywa\u0107? Przeprowadza si\u0119 nast\u0119puj\u0105ce kontrole zawiesi: wst\u0119pna kontrola przed pierwszym u\u017cyciem nowego sprz\u0119tu \u2013 ma na celu okre\u015blenie, czy jest on przygotowany do pracy sprawdzenie przed ka\u017cdym u\u017cyciem \u2013 maj\u0105 na celu sprawdzenie stanu technicznego wyposa\u017cenia przed rozpocz\u0119ciem pracy oraz w trakcie pracy okresowe kontrole szczeg\u00f3\u0142owe \u2013 powinny by\u0107 wykonywane przynajmniej raz na rok, obejmuj\u0105 szczeg\u00f3\u0142owe ogl\u0119dziny zawiesia z wykonaniem odpowiednich pomiar\u00f3w, a tak\u017ce pr\u00f3by obci\u0105\u017ceniowe Kontrole zawiesi przeprowadza si\u0119 zgodnie z normami: PN-EN 1492-1+A1:2008, PN-EN 13414-1+A2:2009, PN-91\/M-84701. Kto mo\u017ce przeprowadza\u0107 kontrole i przegl\u0105dy zawiesi? Do przeprowadzenia kontroli zawiesia konieczne jest posiadanie odpowiednich uprawnie\u0144 oraz wiedza techniczna i umiej\u0119tno\u015bci w tym zakresie. Przepisy wskazuj\u0105, \u017ce czynno\u015b\u0107 powinna by\u0107 wykonana przez \u201ekompetentn\u0105 osob\u0119\u201d, kt\u00f3ra mo\u017ce by\u0107 wskazana przez pracodawc\u0119. Najcz\u0119\u015bciej za przegl\u0105dy zawiesi odpowiedzialny jest hakowy posiadaj\u0105cy w\u0142a\u015bciwe uprawnienia \u2013 mo\u017cna zdoby\u0107 je podczas kurs\u00f3w organizowanych przez O\u015brodek Doskonalenia Kadr ERGON. Przeprowadzone kontrole zawiesi wymagaj\u0105 odpowiedniej dokumentacji \u2013 wystawiany jest wtedy [&hellip;]<\/p>\n","protected":false},"author":1,"featured_media":4454,"parent":65,"menu_order":0,"comment_status":"closed","ping_status":"closed","template":"","meta":{"sfsi_plus_gutenberg_text_before_share":"","sfsi_plus_gutenberg_show_text_before_share":"","sfsi_plus_gutenberg_icon_type":"","sfsi_plus_gutenberg_icon_alignemt":"","sfsi_plus_gutenburg_max_per_row":"","footnotes":""},"class_list":["post-2653","page","type-page","status-publish","has-post-thumbnail","hentry","has_thumb"],"aioseo_notices":[],"_links":{"self":[{"href":"https:\/\/kursy-udt.pl\/en\/wp-json\/wp\/v2\/pages\/2653","targetHints":{"allow":["GET"]}}],"collection":[{"href":"https:\/\/kursy-udt.pl\/en\/wp-json\/wp\/v2\/pages"}],"about":[{"href":"https:\/\/kursy-udt.pl\/en\/wp-json\/wp\/v2\/types\/page"}],"author":[{"embeddable":true,"href":"https:\/\/kursy-udt.pl\/en\/wp-json\/wp\/v2\/users\/1"}],"replies":[{"embeddable":true,"href":"https:\/\/kursy-udt.pl\/en\/wp-json\/wp\/v2\/comments?post=2653"}],"version-history":[{"count":5,"href":"https:\/\/kursy-udt.pl\/en\/wp-json\/wp\/v2\/pages\/2653\/revisions"}],"predecessor-version":[{"id":4456,"href":"https:\/\/kursy-udt.pl\/en\/wp-json\/wp\/v2\/pages\/2653\/revisions\/4456"}],"up":[{"embeddable":true,"href":"https:\/\/kursy-udt.pl\/en\/wp-json\/wp\/v2\/pages\/65"}],"wp:featuredmedia":[{"embeddable":true,"href":"https:\/\/kursy-udt.pl\/en\/wp-json\/wp\/v2\/media\/4454"}],"wp:attachment":[{"href":"https:\/\/kursy-udt.pl\/en\/wp-json\/wp\/v2\/media?parent=2653"}],"curies":[{"name":"wp","href":"https:\/\/api.w.org\/{rel}","templated":true}]}}