{"id":2650,"date":"2018-08-21T09:18:23","date_gmt":"2018-08-21T09:18:23","guid":{"rendered":"http:\/\/kursy-udt.pl\/?page_id=2650"},"modified":"2021-07-05T23:51:02","modified_gmt":"2021-07-05T23:51:02","slug":"abolition-of-fork-lift-truck-licences-required-udt-certification","status":"publish","type":"page","link":"https:\/\/kursy-udt.pl\/en\/uprawnienia-udt\/zniesienie-zezwolen-imiennych-na-wozki-widlowe-konieczne-uprawnienia-udt\/","title":{"rendered":"Removal of personal permits for forklifts - UDT qualifications required"},"content":{"rendered":"<p>The Regulation, in force since January 9, 2018, abolished personal permits for forklifts - those employees who have not yet obtained the appropriate <a href=\"https:\/\/kursy-udt.pl\/en\/uprawnienia-udt\/kategorie-uprawnien-2\/\">UDT qualifications<\/a> for forklifts, they will have to complete their qualifications.<\/p>\n<h2 class=\"naglowekh2\"><strong>UDT exam for forklifts is necessary<\/strong><\/h2>\n<p>The new Ordinance of the Minister of Development and Finance on occupational safety and health in the use of power-driven forklifts amends the requirements of the <a href=\"https:\/\/kursy-udt.pl\/en\/szkolenia\/bhp-bezpieczenstwo-pracy\/prawna-ochrona-pracy\/\">Health and Safety<\/a> when using internal combustion engine powered, electric and diesel-electric forklift trucks used in internal transport.<\/p>\n<p>Since the entry into force of the new regulations, those who did <a href=\"https:\/\/kursy-udt.pl\/en\/szkolenia\/wozkiwidlowe\/\">forklift course<\/a> and after its completion, they obtained a certificate on the Ministry of National Education&#039;s form or another, as well as a plastic training company ID, which is not an ID issued by UDT, are required to complete their qualifications. They don&#039;t have to do it right away - they have more time to do it.<\/p>\n<h3 class=\"naglowekh3\"><strong>By when should the UDT qualifications be obtained?<\/strong><\/h3>\n<p>The date requiring the exchange of registered forklift licences for UDT qualifications is dependent on the date on which the certificate was obtained. Those who have completed forklift training:<\/p>\n<ul>\n<li>until December 31, 2004, the allowances will remain valid until December 31, 2019<\/li>\n<li>until December 31, 2014, the allowances will remain valid until December 31, 2020<\/li>\n<li>from January 1, 2015, the allowances will remain valid until December 31, 2021<\/li>\n<\/ul>\n<p>Companies involved in training for forklifts may still issue personal permits for 7 months from January 9, 2018, so after obtaining them, they will be valid for 3 years.<\/p>\n<p>Nevertheless, it is best to decide now for UDT training for forklifts. They allow you to obtain indefinite authorizations granted by the Office of Technical Inspection and will not require additional updating.<\/p>\n<h3 class=\"naglowekh3\"><strong>European Certificates - What about forklift licenses in the European Union?<\/strong><\/h3>\n<p>Pursuant to Directive 2005\/36 \/ EC of the European Parliament and of the Council of September 7, 2005 on the recognition of professional qualifications (Journal of Laws UE L 255 of September 30, 2005, p. 22, as amended), countries which belong to the Union, have the right to recognize certificates and qualifications obtained by persons in other countries.<\/p>\n<p>Currently, it is the UDT ID that will be the document that allows you to confirm the relevant authorizations. In addition to it, it is also worth obtaining a certificate with the training program in English. It is also possible to obtain a certificate in English issued by the Office of Technical Inspection.<\/p>\n<p>However, it is always worth getting information before going to work abroad whether your qualifications will be sufficient. You can get them from an employment agent or employer.<\/p>\n<p>If our qualifications are not recognized, it may be necessary to undergo one more course in the certification body of a given country, or to take part in an additional training course, if the Polish training did not cover all the issues raised during classes in a given country.<\/p>","protected":false},"excerpt":{"rendered":"<p>Obowi\u0105zuj\u0105ce od 9 stycznia 2018 roku Rozporz\u0105dzenie znios\u0142o imienne zezwolenia na w\u00f3zki wid\u0142owe \u2013 ci pracownicy, kt\u00f3rzy dotychczas nie uzyskali odpowiednich uprawnie\u0144 UDT na w\u00f3zki wid\u0142owe, b\u0119d\u0105 musieli uzupe\u0142ni\u0107 swoje kwalifikacje. Konieczny egzamin UDT na w\u00f3zki wid\u0142owe Nowe Rozporz\u0105dzenie Ministra Rozwoju i Finans\u00f3w w sprawie bezpiecze\u0144stwa i higieny pracy przy u\u017cytkowaniu w\u00f3zk\u00f3w jezdniowych z nap\u0119dem silnikowym zmienia wymagania BHP przy korzystaniu z w\u00f3zk\u00f3w jezdniowych z nap\u0119dem silnikowym spalinowym, elektrycznym i spalinowo-elektrycznym u\u017cywanych w transporcie wewn\u0119trznym. Od momentu wej\u015bcia w \u017cycie nowych przepis\u00f3w, te osoby kt\u00f3re zrobi\u0142y kurs na w\u00f3zki wid\u0142owe i po jego odbyciu uzyska\u0142y za\u015bwiadczenie na druku MEN lub innym, a tak\u017ce plastikow\u0105 legitymacj\u0119 firmy szkoleniowej, kt\u00f3ra nie jest legitymacj\u0105 wydan\u0105 przez UDT, maj\u0105 w obowi\u0105zku uzupe\u0142ni\u0107 swoje kwalifikacje. Nie musz\u0105 robi\u0107 tego jedna od razu \u2013 maj\u0105 na to wi\u0119cej czasu. Do kiedy nale\u017cy uzyska\u0107 uprawnienia UDT? Termin wymagaj\u0105cy wymiany imiennych zezwole\u0144 na w\u00f3zki wid\u0142owe na kwalifikacje UDT jest zale\u017cny od terminu, w kt\u00f3rym uzyskano za\u015bwiadczenie. Osoby, kt\u00f3re zako\u0144czy\u0142y szkolenie na w\u00f3zki wid\u0142owe: do dnia 31 grudnia 2004 roku zachowuj\u0105 wa\u017cno\u015b\u0107 uprawnie\u0144 do dnia 31 grudnia 2019 roku do dnia 31 grudnia 2014 roku zachowuj\u0105 wa\u017cno\u015b\u0107 uprawnie\u0144 do dnia 31 grudnia 2020 roku od dnia 1 stycznia 2015 roku zachowuj\u0105 wa\u017cno\u015b\u0107 uprawnie\u0144 do dnia 31 grudnia 2021 roku Firmy zajmuj\u0105ce si\u0119 szkoleniami na w\u00f3zki wid\u0142owe mog\u0105 wystawia\u0107 jeszcze zezwolenia imienne przez 7 miesi\u0119cy od dnia 9 stycznia 2018 roku, dlatego po ich uzyskaniu b\u0119d\u0105 one jeszcze obowi\u0105zywa\u0142y przez 3 lata. Niemniej jednak najlepiej zdecydowa\u0107 si\u0119 ju\u017c teraz na szkolenia UDT na w\u00f3zki wid\u0142owe. [&hellip;]<\/p>\n","protected":false},"author":1,"featured_media":0,"parent":2,"menu_order":0,"comment_status":"closed","ping_status":"closed","template":"","meta":{"sfsi_plus_gutenberg_text_before_share":"","sfsi_plus_gutenberg_show_text_before_share":"","sfsi_plus_gutenberg_icon_type":"","sfsi_plus_gutenberg_icon_alignemt":"","sfsi_plus_gutenburg_max_per_row":"","footnotes":""},"class_list":["post-2650","page","type-page","status-publish","hentry","has_no_thumb"],"aioseo_notices":[],"_links":{"self":[{"href":"https:\/\/kursy-udt.pl\/en\/wp-json\/wp\/v2\/pages\/2650","targetHints":{"allow":["GET"]}}],"collection":[{"href":"https:\/\/kursy-udt.pl\/en\/wp-json\/wp\/v2\/pages"}],"about":[{"href":"https:\/\/kursy-udt.pl\/en\/wp-json\/wp\/v2\/types\/page"}],"author":[{"embeddable":true,"href":"https:\/\/kursy-udt.pl\/en\/wp-json\/wp\/v2\/users\/1"}],"replies":[{"embeddable":true,"href":"https:\/\/kursy-udt.pl\/en\/wp-json\/wp\/v2\/comments?post=2650"}],"version-history":[{"count":3,"href":"https:\/\/kursy-udt.pl\/en\/wp-json\/wp\/v2\/pages\/2650\/revisions"}],"predecessor-version":[{"id":3409,"href":"https:\/\/kursy-udt.pl\/en\/wp-json\/wp\/v2\/pages\/2650\/revisions\/3409"}],"up":[{"embeddable":true,"href":"https:\/\/kursy-udt.pl\/en\/wp-json\/wp\/v2\/pages\/2"}],"wp:attachment":[{"href":"https:\/\/kursy-udt.pl\/en\/wp-json\/wp\/v2\/media?parent=2650"}],"curies":[{"name":"wp","href":"https:\/\/api.w.org\/{rel}","templated":true}]}}