{"id":2432,"date":"2017-12-11T20:16:00","date_gmt":"2017-12-11T20:16:00","guid":{"rendered":"http:\/\/kursy-udt.pl\/?page_id=2432"},"modified":"2017-12-12T14:57:58","modified_gmt":"2017-12-12T14:57:58","slug":"safety-culture-how-to-develop-it","status":"publish","type":"page","link":"https:\/\/kursy-udt.pl\/en\/kultura-bezpieczenstwa-jak-ja-ksztaltowac\/","title":{"rendered":"Safety culture - how to shape it?"},"content":{"rendered":"<div class=\"wyjustuj\" style=\"font-size: 120%;\">\n<hr \/>\n<p>Accidents at work are mainly the result of inappropriate behaviour by employees. In view of this, it is the task of employers and managers as well as employees to prevent them from occurring and to reduce any damage by taking appropriate measures focused not only on a safe working environment, but also on creating an appropriate safety culture.<\/p>\n<hr \/>\n<\/div>\n<div class=\"wyjustuj\">\n<div class=\"obrazek_pdf center\"><img loading=\"lazy\" decoding=\"async\" class=\"aligncenter wp-image-2296 size-large\" style=\"margin-bottom: 0;\" src=\"http:\/\/kursy-udt.pl\/wp-content\/uploads\/2017\/12\/mphoto-1.jpg\" alt=\"ergon1\" width=\"433\" height=\"288\" \/><span style=\"color: #999999;\"><center>UDT conference. Photo: Rafa\u0142 Knotek-Tro\u015bcianko, Training Manager <a href=\"https:\/\/kursy-udt.pl\/en\/o-firmie\/\">ODK Ergon<\/a><br \/>\nPhoto: Ergon<\/span><\/center><\/div>\n<p>According to data from the Central Statistical Office, the main cause of accidents at work in Poland is improper behaviour of employees. This is the reason for as many as 60% accidents ('Wypadki przy pracy 2016 r.', Central Statistical Office, Warsaw 2017). Only in further positions were such causes as inadequate organisation of work or workstation or improper condition of machinery. On the other hand, according to analyses conducted by the UDT in 2016, operating errors of sub-surveillance equipment (improper operation) account for as much as 94.5%.<\/p>\n<p>In view of these statistics, standard preventive measures, e.g. procedures and new technologies to improve working conditions and prevent accidents, do not constitute fully effective prevention.<\/p>\n<p>As can be concluded from the results of research? (P. Hudson, 'Implementing a safety culture in a major multinational', Safety Science 2007), modern technology and management systems do not completely eliminate employee misconduct and do not significantly affect the number of accidents.<\/p>\n<p>It is important to note that in the 21st century, with rapid economic development, safety culture is often becoming an uncomfortable topic and even deliberately overlooked.<\/p>\n<p>An additional problem in prevention is the lack of understanding of the term safety culture, which is wrongly associated only with an end in itself, mandatory implementation of procedures or even additional formalities.<\/p>\n<p>Safety culture can also be confused with technical culture, which is also an extremely important issue, but not a key one, affecting accident rates. It is characterised by the availability of documentation, good procedures and their proper implementation or ensuring that equipment is properly operated.<\/p>\n<p>With this in mind, it is crucial, in our opinion, to point out on the pages of 'Construction Forum' the importance of an appropriate safety culture, which can be applied regardless of working conditions, company size or modern technology.<\/p>\n<p>A culture of safety can be created 'underground' through, among other things, proper education, which can effectively shape the correct attitudes of employees, thereby raising awareness of risks and, above all, of fundamental and supreme values, including respect for human life.<\/p>\n<div class=\"obrazek_pdf center\" style=\"background: white;\"><img loading=\"lazy\" decoding=\"async\" class=\"aligncenter wp-image-2296 size-large\" style=\"margin-bottom: 0;\" src=\"http:\/\/kursy-udt.pl\/wp-content\/uploads\/2017\/12\/2-1.gif\" alt=\"ergon1\" width=\"433\" height=\"325\" \/><\/div>\n<p><strong>What is safety culture?<\/strong><br \/>\nThe term was first applied by a group of advisers to the International Atomic Energy Agency (IAEA) to the Chernobyl nuclear reactor accident. At the time, the commission investigating the accident concluded that secondary to the primary cause - construction errors - were procedural errors resulting from negligence, in the area of safety culture, in both the construction and operation phases of the plant. Safety culture encompasses the factors that trigger or sustain actions focused on the protection of workers' lives and health, and is the totality of actions involving the implementation of organisational and inter-organisational practices whose primary intent is to protect the individual worker and the working environment. Safety culture is also a set of values and beliefs within an organisation, creating specific patterns of behaviour. It is the result of individual and collective values, characteristics, perceptions, competences and behavioural patterns that determine commitment to occupational safety.<\/p>\n<div class=\"obrazek_pdf center\" style=\"background: white;\"><img loading=\"lazy\" decoding=\"async\" class=\"aligncenter wp-image-2296 size-large\" style=\"margin-bottom: 0;\" src=\"http:\/\/kursy-udt.pl\/wp-content\/uploads\/2017\/12\/3.gif\" alt=\"ergon1\" width=\"433\" height=\"405\" \/><\/div>\n<div class=\"obrazek_pdf center\" style=\"background: white;\"><img loading=\"lazy\" decoding=\"async\" class=\"aligncenter wp-image-2296 size-large\" style=\"margin-bottom: 0;\" src=\"http:\/\/kursy-udt.pl\/wp-content\/uploads\/2017\/12\/5.gif\" alt=\"ergon1\" width=\"220\" height=\"170\" \/><\/div>\n<p>The key to understanding the importance of a high safety culture is to know the relationship between accident rates and safety culture. This is best illustrated by the Bradley curve developed by DuPont, which distinguishes between the factors that influence the level of safety culture: reactive, dependent, independent and most significantly related (interdependent).<\/p>\n<p>At the reactive stage, employees are familiar with the principles of <a href=\"https:\/\/kursy-udt.pl\/en\/szkolenia\/bhp-bezpieczenstwo-pracy\/prawna-ochrona-pracy\/\">Health and Safety<\/a>but they rely on natural instincts at work and therefore do not always perform their duties safely, which translates into a high frequency of accidents. Workers are supposed to follow safe and hygienic working rules, because this is implied in the rules, but they do not feel the need to do so themselves. This is then referred to as extrinsic motivation.<\/p>\n<p>The dependent stage is distinguished by greater management involvement, training, control and worker discipline. Constant supervision reduces the number of accidents, nevertheless it is still a question of extrinsic motivation in relation to workers.<\/p>\n<div class=\"obrazek_pdf center\" style=\"background: white;\"><img loading=\"lazy\" decoding=\"async\" class=\"aligncenter wp-image-2296 size-large\" style=\"margin-bottom: 0;\" src=\"http:\/\/kursy-udt.pl\/wp-content\/uploads\/2017\/12\/6.gif\" alt=\"ergon1\" width=\"220\" height=\"170\" \/><\/div>\n<p>At the independent stage, the employee's intrinsic motivation emerges - instead of subordination, there is commitment to one's own actions. Appropriate employee habits are formed, self-care and personal attentiveness emerge, resulting in a significant reduction in accidents.<\/p>\n<div class=\"obrazek_pdf center\" style=\"background: white;\"><img loading=\"lazy\" decoding=\"async\" class=\"aligncenter wp-image-2296 size-large\" style=\"margin-bottom: 0;\" src=\"http:\/\/kursy-udt.pl\/wp-content\/uploads\/2017\/12\/4.gif\" alt=\"ergon1\" width=\"433\" height=\"405\" \/><\/div>\n<p>In the case of the linked (interdependence) stage, the work culture is evident not only in individual workers, but in whole teams. Employees are committed to health and safety, helping each other, looking out for others, interacting, recognising and negatively assessing unsafe behaviour, resulting in a maximum reduction of occupational accidents.<\/p>\n<div class=\"obrazek_pdf center\" style=\"background: white;\"><img loading=\"lazy\" decoding=\"async\" class=\"aligncenter wp-image-2296 size-large\" style=\"margin-bottom: 0;\" src=\"http:\/\/kursy-udt.pl\/wp-content\/uploads\/2017\/12\/7.gif\" alt=\"ergon1\" width=\"220\" height=\"170\" \/><\/div>\n<p>Raising the level of safety culture<br \/>\nImproving working conditions improves worker safety. Thus, achieving optimal working conditions and reducing risks to an acceptable level result in improved safety. However, providing the right conditions is not enough if employees do not distinguish themselves through a high safety culture. If technical and systemic safety solutions are already in place in a company, safety improvement can only be achieved by raising the safety culture.<\/p>\n<p>Creating a high safety culture within a company requires that the employer is perceived by employees as being committed to safety and to protecting the life and health of employees, but this is not the only requirement.<\/p>\n<p>Particularly noteworthy in terms of shaping a safety culture is training, which aims to create the right attitudes and raise the awareness of employees within a health and safety culture. As a high safety culture definitely reduces the number of accidents at work, these trainings allow to increase employees' awareness of health and safety and reduce the accident rate.<\/p>\n<div class=\"obrazek_pdf center\" style=\"background: white;\"><img loading=\"lazy\" decoding=\"async\" class=\"aligncenter wp-image-2296 size-large\" style=\"margin-bottom: 0;\" src=\"http:\/\/kursy-udt.pl\/wp-content\/uploads\/2017\/12\/8.gif\" alt=\"ergon1\" width=\"220\" height=\"170\" \/><\/div>\n<p>After training, the employee is able to understand the benefits of a safety culture and will work safely because they want to, not because they have to.<\/p>\n<p>In summary, to improve workplace safety in a company, it is crucial not only to ensure appropriate working conditions, but also to develop the individual sensitivity of employees who understand why it is important to work in accordance with rules and procedures and regulations.<\/p>\n<p><em>Rafa\u0142 Knotek-Tro\u015bcianko<br \/>\nTraining Manager of ODK Ergon<\/em><\/p>\n<\/div>","protected":false},"excerpt":{"rendered":"<p>Wypadki przy pracy wynikaj\u0105 przede wszystkim z niew\u0142a\u015bciwych zachowa\u0144 pracownik\u00f3w. Wobec tego zadaniem pracodawc\u00f3w i kierownik\u00f3w oraz pracownik\u00f3w jest zapobieganie ich wyst\u0119powaniu, a tak\u017ce zmniejszanie ewentualnych szk\u00f3d poprzez podejmowanie odpowiednich dzia\u0142a\u0144 skoncentrowanych nie tylko na bezpiecznym \u015brodowisku pracy, ale r\u00f3wnie\u017c na wytworzeniu odpowiedniej kultury bezpiecze\u0144stwa. Konferencja UDT. Na zdj\u0119ciu Rafa\u0142 Knotek-Tro\u015bcianko, Training Manager ODK Ergon Fot. Ergon Wed\u0142ug danych GUS g\u0142\u00f3wna przyczyna wypad\u00f3w przy pracy w Polsce jest nieprawid\u0142owe zachowanie pracownik\u00f3w. To pow\u00f3d, a\u017c 60% wypadk\u00f3w (\u201eWypadki przy pracy 2016 r.\u201d, G\u0142\u00f3wny Urz\u0105d Statystyczny, Warszawa 2017). Dopiero na dalszych pozycjach znalaz\u0142y si\u0119 takie przyczyny, jak niew\u0142a\u015bciwa organizacja pracy lub stanowiska pracy czy niew\u0142a\u015bciwy stan maszyn. Natomiast, wg analiz prowadzonych przez UDT w 2016 roku, b\u0142\u0119dy eksploatacyjne urz\u0105dze\u0144 pod dozorowych (niew\u0142a\u015bciwa obs\u0142uga) stanowi\u0105 az 94,5%. Wobec powy\u017cszych statystyk standardowe dzia\u0142ania profilaktyczne np. procedury i nowe technologie maj\u0105ce na celu popraw\u0119 warunk\u00f3w pracy oraz zapobieganie wypadkom, nie stanowi\u0105 w pe\u0142ni skutecznej prewencji. Jak mo\u017cna stwierdzi\u0107 na podstawie wynik\u00f3w badan? (P. Hudson, \u201eImplementing a safety culture in a major multi-national\u201d, \u201eSafety Science\u201d 2007), nowoczesna technologia oraz systemy zarz\u0105dzania nie eliminuj\u0105 ca\u0142kowicie niew\u0142a\u015bciwych zachowa\u0144 pracownik\u00f3w i nie wp\u0142ywaj\u0105 znacz\u0105co na liczb\u0119 wypadk\u00f3w. Nale\u017cy zauwa\u017cy\u0107, i\u017c w dobie XXI wieku, przy gwa\u0142townym rozwoju gospodarczym, kultura bezpiecze\u0144stwa staje si\u0119 cz\u0119sto niewygodnym tematem, a wr\u0119cz celowo pomijanym. Dodatkowym problemem w prewencji jest brak zrozumienia terminu kultury bezpiecze\u0144stwa, kt\u00f3ry jest b\u0142\u0119dnie kojarzony jedynie z celem samym w sobie, obligatoryjn\u0105 realizacja procedur, a nawet dodatkowymi formalno\u015bciami. Kultura bezpiecze\u0144stwa mo\u017ce by\u0107 tez mylona z kultura techniczna, kt\u00f3ra r\u00f3wnie\u017c jest nadzwyczaj wa\u017cn\u0105, ale nie kluczowa kwestia, [&hellip;]<\/p>\n","protected":false},"author":1,"featured_media":0,"parent":0,"menu_order":0,"comment_status":"closed","ping_status":"closed","template":"","meta":{"sfsi_plus_gutenberg_text_before_share":"","sfsi_plus_gutenberg_show_text_before_share":"","sfsi_plus_gutenberg_icon_type":"","sfsi_plus_gutenberg_icon_alignemt":"","sfsi_plus_gutenburg_max_per_row":"","footnotes":""},"class_list":["post-2432","page","type-page","status-publish","hentry","has_thumb"],"aioseo_notices":[],"_links":{"self":[{"href":"https:\/\/kursy-udt.pl\/en\/wp-json\/wp\/v2\/pages\/2432","targetHints":{"allow":["GET"]}}],"collection":[{"href":"https:\/\/kursy-udt.pl\/en\/wp-json\/wp\/v2\/pages"}],"about":[{"href":"https:\/\/kursy-udt.pl\/en\/wp-json\/wp\/v2\/types\/page"}],"author":[{"embeddable":true,"href":"https:\/\/kursy-udt.pl\/en\/wp-json\/wp\/v2\/users\/1"}],"replies":[{"embeddable":true,"href":"https:\/\/kursy-udt.pl\/en\/wp-json\/wp\/v2\/comments?post=2432"}],"version-history":[{"count":10,"href":"https:\/\/kursy-udt.pl\/en\/wp-json\/wp\/v2\/pages\/2432\/revisions"}],"predecessor-version":[{"id":2457,"href":"https:\/\/kursy-udt.pl\/en\/wp-json\/wp\/v2\/pages\/2432\/revisions\/2457"}],"wp:attachment":[{"href":"https:\/\/kursy-udt.pl\/en\/wp-json\/wp\/v2\/media?parent=2432"}],"curies":[{"name":"wp","href":"https:\/\/api.w.org\/{rel}","templated":true}]}}