{"id":2417,"date":"2017-12-06T15:30:53","date_gmt":"2017-12-06T15:30:53","guid":{"rendered":"http:\/\/kursy-udt.pl\/?page_id=2417"},"modified":"2023-01-04T09:51:10","modified_gmt":"2023-01-04T09:51:10","slug":"g3","status":"publish","type":"page","link":"https:\/\/kursy-udt.pl\/en\/szkolenia\/sep-uprawnienia-do-1kv\/g3\/","title":{"rendered":"G3 (gas) course. Get your qualifications with ERGON!"},"content":{"rendered":"<h2><strong><img loading=\"lazy\" decoding=\"async\" class=\"paddingleft10 alignleft wp-image-2471\" src=\"https:\/\/kursy-udt.pl\/wp-content\/uploads\/2017\/12\/SEP_G3_2-495x400-300x242.jpg\" alt=\"\" width=\"200\" height=\"162\" srcset=\"https:\/\/kursy-udt.pl\/wp-content\/uploads\/2017\/12\/SEP_G3_2-495x400-300x242.jpg 300w, https:\/\/kursy-udt.pl\/wp-content\/uploads\/2017\/12\/SEP_G3_2-495x400.jpg 495w\" sizes=\"auto, (max-width: 200px) 100vw, 200px\" \/>G3 <\/strong><\/h2>\n<p>G3 gas training - devices, installations and gas networks is addressed to people who want to obtain qualifications to work in the supervision and operation of networks, installations and devices producing, processing, transmitting and consuming gas included in the G3 category.<\/p>\n<p>In <a href=\"https:\/\/kursy-udt.pl\/en\/o-firmie\/\">ERGON centre<\/a> we provide a comprehensive and professional training service. We provide training using modern methods with an emphasis on practice. We work with qualified and experienced instructors.<\/p>\n<p><strong>The course prepares participants to pass the exam before the SEP, PSE, SIMP, and SITPS committees. It is addressed to people involved in the operation of gas equipment, installations and networks producing, processing, transmitting and consuming gaseous fuels, including the following devices, installations and networks: <\/strong><\/p>\n<ul>\n<li>equipment for the production of gaseous fuels, gas generators<\/li>\n<li>equipment for processing and treatment of gaseous fuels, decomposition of gaseous fuels, natural gas processing equipment, gas treatment plants, expansion plants and bottling plants for liquefied gas, denitrification, mixing plants<\/li>\n<li>gas fuel storage devices<\/li>\n<li>gas distribution networks with a pressure not higher than 0.5 MPa (gas pipelines and reduction points, gas stations)<\/li>\n<li>gas transmission networks with a pressure above 0.5 MPa (gas pipelines, gas stations, gas compressor stations)<\/li>\n<li>gas equipment and installations with a pressure not higher than 5 kPa<\/li>\n<li>gas equipment and installations with a pressure above 5kPa<\/li>\n<li>industrial receivers of gaseous fuels with a power above 50 kW<\/li>\n<li>gas turbines<\/li>\n<li>control and measurement apparatus as well as devices and installations for automatic regulation, control and protection of the devices and installations mentioned above<\/li>\n<\/ul>\n<p>After completing the G3 training, participants can take exams before the following certification committees: SEP (Association of Polish Electrical Engineers), Polish Electrical Installation Association (PSE), Association of Food Industry Engineers and Technicians (SITPS or SITSpo\u017c), Association of Polish Mechanical Engineers (SIMP).<\/p>\n<h3><strong>Purpose of the training<\/strong><\/h3>\n<p>The aim of the training is to pass the exam and obtain a qualification certificate, which entitles the student to service, maintenance, repair, installation at the operating position, in accordance with the ordinance of the Minister of Economy, Labor and Social Policy of April 28, 2003 on the detailed rules for confirming qualifications by persons occupying operation of devices, installations and networks (Journal of Laws No. 89 item 828; Journal of Laws No. 192 item 1184).<\/p>\n<p><a href=\"https:\/\/kursy-udt.pl\/en\/kontakt\/\">We cordially invite you to take advantage of our offer<\/a>!<\/p>\n<div class=\"button_styl\" style=\"float: right; padding-left: 15px; padding-bottom: 8px; margin-bottom: 5px;\"><a class=\"myButton myButton_maly\" href=\"https:\/\/platformaedukacji.pl\/login\/signup.php\" target=\"_blank\" rel=\"nofollow noopener noreferrer\"><span style=\"color: white;\">Sign up for training<\/span><\/a><\/div>\n<div style=\"padding-top: 70px;\">\n<h2>More information:<\/h2>\n<div style=\"text-align: center; font-size: 85%; line-height: 120%;\">\n<div style=\"float: left; margin-right: 40px; height: 290px;\">\n<p><a href=\"\/en\/training\/sep-permissions-up-to-1kv\/g1\/\"><img decoding=\"async\" style=\"width: 300px; height: 225px;\" src=\"\/wp-content\/uploads\/2017\/12\/SEP_2016-1030x687.jpg\" alt=\"\" \/><\/a><\/p>\n<div style=\"width: 300px; font-size: 130%;\"><strong><a href=\"https:\/\/kursy-udt.pl\/en\/szkolenia\/sep-uprawnienia-do-1kv\/g1\/\">G1<\/a> (electric)<\/strong><\/div>\n<\/div>\n<div style=\"float: left; margin-right: 40px; height: 290px;\">\n<p><a href=\"\/en\/training\/sep-permissions-up-to-1kv\/g2\/\"><img decoding=\"async\" style=\"width: 300px; height: 225px;\" src=\"\/wp-content\/uploads\/2017\/12\/31.jpg\" alt=\"\" \/><\/a><\/p>\n<div style=\"width: 300px; font-size: 130%;\"><strong>G2 (thermal)<\/strong><\/div>\n<\/div>\n<\/div>\n<div style=\"clear: both;\"><\/div>\n<div style=\"text-align: center; font-size: 85%; line-height: 120%;\">\n<div style=\"float: left; margin-right: 40px; height: 290px;\">\n<p><a href=\"\/en\/training\/sep-permissions-up-to-1kv\/g3\/\"><img decoding=\"async\" style=\"width: 300px; height: 225px;\" src=\"\/wp-content\/uploads\/2017\/12\/SEP_G3_2-495x400-1.jpg\" alt=\"\" \/><\/a><\/p>\n<div style=\"width: 300px; font-size: 130%;\"><strong>G3 (gas)<\/strong><\/div>\n<\/div>\n<div style=\"float: left; margin-right: 40px; height: 290px;\">\n<p><a href=\"\/en\/training\/sep-permissions-up-to-1kv\/sep-exam\/\"><img decoding=\"async\" style=\"width: 300px; height: 225px;\" src=\"\/wp-content\/uploads\/2017\/12\/4-warsztaty.jpg\" alt=\"\" \/><\/a><\/p>\n<div style=\"width: 300px; font-size: 130%;\"><strong>G1, G2, G3, PSE, SIMP, SITPS exams<\/strong><\/div>\n<\/div>\n<\/div>\n<div style=\"text-align: center; font-size: 85%; line-height: 120%;\">\n<div style=\"float: left; margin-right: 40px; height: 290px;\">\n<p><a href=\"\/en\/training\/sep-permissions-up-to-1kv\/sep-authorisations-for-how-long-are-valid\/\"><img decoding=\"async\" style=\"width: 300px; height: 225px;\" src=\"\/wp-content\/uploads\/2017\/12\/g3-4.jpg\" alt=\"\" \/><\/a><\/p>\n<div style=\"width: 300px; font-size: 130%;\"><strong><a href=\"https:\/\/kursy-udt.pl\/en\/uprawnienia-udt\/kategorie-uprawnien-2\/\">Entitlements<\/a> G1, G2, G3<\/strong><\/div>\n<div><\/div>\n<\/div>\n<\/div>\n<\/div>\n<p>&nbsp;<\/p>\n<p>&nbsp;<\/p>\n<p>&nbsp;<\/p>\n<p>&nbsp;<\/p>\n<p>&nbsp;<\/p>\n<p>&nbsp;<\/p>\n<p>&nbsp;<\/p>\n<p>&nbsp;<\/p>\n<p>&nbsp;<\/p>\n<p>&nbsp;<\/p>\n<p>&nbsp;<\/p>\n<p>&nbsp;<\/p>\n<p>&nbsp;<\/p>\n<p>&nbsp;<\/p>\n<p><a href=\"https:\/\/kursy-udt.pl\/wp-content\/uploads\/2023\/01\/7-kurs-G3-gazy-kursy-udt.pl_.png\"><img loading=\"lazy\" decoding=\"async\" class=\"aligncenter wp-image-4605\" src=\"https:\/\/kursy-udt.pl\/wp-content\/uploads\/2023\/01\/7-kurs-G3-gazy-kursy-udt.pl_-300x188.png\" alt=\"\" width=\"750\" height=\"469\" srcset=\"https:\/\/kursy-udt.pl\/wp-content\/uploads\/2023\/01\/7-kurs-G3-gazy-kursy-udt.pl_-300x188.png 300w, https:\/\/kursy-udt.pl\/wp-content\/uploads\/2023\/01\/7-kurs-G3-gazy-kursy-udt.pl_-1024x640.png 1024w, https:\/\/kursy-udt.pl\/wp-content\/uploads\/2023\/01\/7-kurs-G3-gazy-kursy-udt.pl_-768x480.png 768w, https:\/\/kursy-udt.pl\/wp-content\/uploads\/2023\/01\/7-kurs-G3-gazy-kursy-udt.pl_-18x12.png 18w, https:\/\/kursy-udt.pl\/wp-content\/uploads\/2023\/01\/7-kurs-G3-gazy-kursy-udt.pl_-624x390.png 624w, https:\/\/kursy-udt.pl\/wp-content\/uploads\/2023\/01\/7-kurs-G3-gazy-kursy-udt.pl_.png 1200w\" sizes=\"auto, (max-width: 750px) 100vw, 750px\" \/><\/a><\/p>","protected":false},"excerpt":{"rendered":"<p>Kurs G3 Szkolenie gazowe G3 \u2013 urz\u0105dzenia, instalacje i sieci gazowe adresowane jest do os\u00f3b, kt\u00f3re chc\u0105 uzyska\u0107 kwalifikacje do pracy przy dozorze i eksploatacji sieci, instalacji i urz\u0105dze\u0144 wytwarzaj\u0105cych, przetwarzaj\u0105cych, przesy\u0142aj\u0105cych i zu\u017cywaj\u0105cych gaz zaliczanych do kategorii G3. W o\u015brodku ERGON zapewniamy kompleksow\u0105 i profesjonaln\u0105 obs\u0142ug\u0119 szkoleniow\u0105. Prowadzimy szkolenia z wykorzystaniem nowoczesnych metod, k\u0142ad\u0105c nacisk na praktyk\u0119. Wsp\u00f3\u0142pracujemy z wykwalifikowanymi i do\u015bwiadczonymi instruktorami. Kurs przygotowuje uczestnik\u00f3w do zdania egzaminu przed komisjami SEP, PSE, SIMP, SITPS skierowany jest do os\u00f3b zajmuj\u0105cych si\u0119 eksploatacj\u0105 urz\u0105dze\u0144, instalacji i sieci gazowych wytwarzaj\u0105cych, przetwarzaj\u0105cych, przesy\u0142aj\u0105cych i zu\u017cywaj\u0105cych paliwa gazowe obejmuj\u0105cy nast\u0119puj\u0105ce urz\u0105dzenia, instalacje i sieci: urz\u0105dzenia do produkcji paliw gazowych, generatory gazu urz\u0105dzenia do przetwarzania i uzdatniania paliw gazowych, rozk\u0142adnie paliw gazowych, urz\u0105dzenia przer\u00f3bki gazu ziemnego, oczyszczalnie gazu, rozpr\u0119\u017calnie i rozlewnie gazu p\u0142ynnego, odazotowanie, mieszalnie urz\u0105dzenia do magazynowania paliw gazowych sieci gazowe rozdzielcze o ci\u015bnieniu nie wy\u017cszym ni\u017c 0,5 MPa (gazoci\u0105gi i punkty redukcyjne, stacje gazowe) sieci gazowe przesy\u0142owe o ci\u015bnieniu powy\u017cej 0,5 MPa (gazoci\u0105gi, stacje gazowe, t\u0142ocznie gazu) urz\u0105dzenia i instalacje gazowe o ci\u015bnieniu nie wy\u017cszym ni\u017c 5 kPa urz\u0105dzenia i instalacje gazowe o ci\u015bnieniu powy\u017cej 5kPa przemys\u0142owe odbiorniki paliw gazowych o mocy powy\u017cej 50 kW turbiny gazowe aparatur\u0119 kontrolno-pomiarow\u0105 oraz urz\u0105dzenia i instalacje automatycznej regulacji, sterowania i zabezpiecze\u0144 urz\u0105dze\u0144 i instalacji wymienionych powy\u017cej Po zako\u0144czeniu szkolenia G3 uczestnicy mog\u0105 podej\u015b\u0107 do egzamin\u00f3w przed nast\u0119puj\u0105cymi komisjami certyfikuj\u0105cymi: SEP (Stowarzyszenie Elektryk\u00f3w Polskich), Polskie Stowarzyszenie Elektroinstalacyjne (PSE), Stowarzyszenie In\u017cynier\u00f3w i Technik\u00f3w Przemys\u0142u Spo\u017cywczego (SITPS lub SITSpo\u017c), Stowarzyszenie In\u017cynier\u00f3w Mechanik\u00f3w Polskich (SIMP). Cel szkolenia Celem szkolenia jest zaliczenie egzaminu i uzyskanie [&hellip;]<\/p>\n","protected":false},"author":1,"featured_media":2479,"parent":2411,"menu_order":0,"comment_status":"closed","ping_status":"closed","template":"","meta":{"sfsi_plus_gutenberg_text_before_share":"","sfsi_plus_gutenberg_show_text_before_share":"","sfsi_plus_gutenberg_icon_type":"","sfsi_plus_gutenberg_icon_alignemt":"","sfsi_plus_gutenburg_max_per_row":"","footnotes":""},"class_list":["post-2417","page","type-page","status-publish","has-post-thumbnail","hentry","has_thumb"],"aioseo_notices":[],"_links":{"self":[{"href":"https:\/\/kursy-udt.pl\/en\/wp-json\/wp\/v2\/pages\/2417","targetHints":{"allow":["GET"]}}],"collection":[{"href":"https:\/\/kursy-udt.pl\/en\/wp-json\/wp\/v2\/pages"}],"about":[{"href":"https:\/\/kursy-udt.pl\/en\/wp-json\/wp\/v2\/types\/page"}],"author":[{"embeddable":true,"href":"https:\/\/kursy-udt.pl\/en\/wp-json\/wp\/v2\/users\/1"}],"replies":[{"embeddable":true,"href":"https:\/\/kursy-udt.pl\/en\/wp-json\/wp\/v2\/comments?post=2417"}],"version-history":[{"count":15,"href":"https:\/\/kursy-udt.pl\/en\/wp-json\/wp\/v2\/pages\/2417\/revisions"}],"predecessor-version":[{"id":4606,"href":"https:\/\/kursy-udt.pl\/en\/wp-json\/wp\/v2\/pages\/2417\/revisions\/4606"}],"up":[{"embeddable":true,"href":"https:\/\/kursy-udt.pl\/en\/wp-json\/wp\/v2\/pages\/2411"}],"wp:featuredmedia":[{"embeddable":true,"href":"https:\/\/kursy-udt.pl\/en\/wp-json\/wp\/v2\/media\/2479"}],"wp:attachment":[{"href":"https:\/\/kursy-udt.pl\/en\/wp-json\/wp\/v2\/media?parent=2417"}],"curies":[{"name":"wp","href":"https:\/\/api.w.org\/{rel}","templated":true}]}}