{"id":2415,"date":"2017-12-06T15:29:15","date_gmt":"2017-12-06T15:29:15","guid":{"rendered":"http:\/\/kursy-udt.pl\/?page_id=2415"},"modified":"2023-01-04T09:55:06","modified_gmt":"2023-01-04T09:55:06","slug":"g2","status":"publish","type":"page","link":"https:\/\/kursy-udt.pl\/en\/szkolenia\/sep-uprawnienia-do-1kv\/g2\/","title":{"rendered":"G2 (thermal) course. Get qualifications together with ERGON!"},"content":{"rendered":"<div style=\"float: left; padding-right: 10px; width: 187px;\"><img decoding=\"async\" src=\"\/wp-content\/uploads\/2017\/12\/31.jpg\" alt=\"course g2\" \/><\/div>\n<h2 class=\"naglowekh2\"><strong>G2 <\/strong><\/h2>\n<p>G2 thermal training - devices, installations and heat networks is intended for people who want to obtain qualifications to work in the supervision and operation of networks, installations and devices that generate, process, transmit and consume heat classified as G2.<\/p>\n<p>In <a href=\"https:\/\/kursy-udt.pl\/en\/o-firmie\/\">ERGON Center<\/a> We guarantee our students full and professional preparation. We use proven training methods, we have modern facilities, we employ qualified instructors and we provide service at the highest level.<\/p>\n<p><strong>The G2 course prepares participants to pass the exam before the SEP, PSE, SIMP, and SITPS committees. <\/strong><\/p>\n<ul>\n<li>steam and water boilers for solid, liquid and gaseous fuels, with a power above 50 kW, with auxiliary equipment<\/li>\n<li>heat networks and installations with auxiliary devices, with heat transfer above 50 kW<\/li>\n<li>steam and water turbines with a power above 50 kW, together with auxiliary devices<\/li>\n<li>industrial steam and hot water receiving devices with a power greater than 50 kW<\/li>\n<li>ventilation, air-conditioning and refrigeration equipment with a capacity of more than 50 kW<\/li>\n<li>pumps, nozzles, fans and blowers with a power above 50 kW<\/li>\n<li>compressors with a power above 20 kW and compressed air and technical gas installations<\/li>\n<li>devices for storing, storing and unloading fuels, with a storage capacity of over 100 Mg<\/li>\n<li>industrial furnaces with a power above 50 kW<\/li>\n<li>control and measurement apparatus as well as devices and installations for automatic regulation, control and protection of the devices and installations mentioned above<\/li>\n<\/ul>\n<p>The G2 training prepares participants to take the exams before the following certification committees: SEP (Association of Polish Electrical Engineers), Polish Electrical Installation Association (PSE), Association of Food Industry Engineers and Technicians (SITPS or SITSpo\u017c), Association of Polish Mechanical Engineers (SIMP).<\/p>\n<h2 class=\"naglowekh2\">Purpose of the training<\/h2>\n<p>After completing the G2 course and passing the exam, the participant receives a qualification certificate that entitles him to service, maintenance, repair, installation at the operating position, in accordance with the ordinance of the Minister of Economy, Labor and Social Policy of April 28, 2003 on the detailed rules for confirming qualifications by persons involved in the operation of devices, installations and networks (Journal of Laws No. 89 item 828; Journal of Laws No. 192 item 1184).<\/p>\n<p>We encourage you to sign up for training with us!<\/p>\n<div class=\"button_styl\" style=\"float: right; padding-left: 15px; padding-bottom: 8px; margin-bottom: 5px;\"><a class=\"myButton myButton_maly\" href=\"https:\/\/platformaedukacji.pl\/login\/signup.php\" target=\"_blank\" rel=\"nofollow noopener noreferrer\"><span style=\"color: white;\">Sign up for training<\/span><\/a><\/div>\n<div style=\"padding-top: 70px;\">\n<h2>More information:<\/h2>\n<div style=\"text-align: center; font-size: 85%; line-height: 120%;\">\n<div style=\"float: left; margin-right: 40px; height: 290px;\">\n<p><a href=\"\/en\/training\/sep-permissions-up-to-1kv\/g1\/\"><img decoding=\"async\" style=\"width: 300px; height: 225px;\" src=\"\/wp-content\/uploads\/2017\/12\/SEP_2016-1030x687.jpg\" alt=\"\" \/><\/a><\/p>\n<div style=\"width: 300px; font-size: 130%;\"><strong><a href=\"https:\/\/kursy-udt.pl\/en\/szkolenia\/sep-uprawnienia-do-1kv\/g1\/\">G1<\/a> (electric)<\/strong><\/div>\n<p>&nbsp;<\/p>\n<\/div>\n<div style=\"float: left; margin-right: 40px; height: 290px;\">\n<p><a href=\"\/en\/training\/sep-permissions-up-to-1kv\/g2\/\"><img decoding=\"async\" style=\"width: 300px; height: 225px;\" src=\"\/wp-content\/uploads\/2017\/12\/31.jpg\" alt=\"\" \/><\/a><\/p>\n<div style=\"width: 300px; font-size: 130%;\"><strong>G2 (thermal)<\/strong><\/div>\n<p>&nbsp;<\/p>\n<\/div>\n<\/div>\n<div style=\"clear: both;\"><\/div>\n<div style=\"text-align: center; font-size: 85%; line-height: 120%;\">\n<div style=\"float: left; margin-right: 40px; height: 290px;\">\n<p><a href=\"\/en\/training\/sep-permissions-up-to-1kv\/g3\/\"><img decoding=\"async\" style=\"width: 300px; height: 225px;\" src=\"\/wp-content\/uploads\/2017\/12\/SEP_G3_2-495x400-1.jpg\" alt=\"\" \/><\/a><\/p>\n<div style=\"width: 300px; font-size: 130%;\"><strong><a href=\"https:\/\/kursy-udt.pl\/en\/szkolenia\/sep-uprawnienia-do-1kv\/g3\/\">G3<\/a> (gas)<\/strong><\/div>\n<p>&nbsp;<\/p>\n<\/div>\n<div style=\"float: left; margin-right: 40px; height: 290px;\">\n<p><a href=\"\/en\/training\/sep-permissions-up-to-1kv\/sep-exam\/\"><img decoding=\"async\" style=\"width: 300px; height: 225px;\" src=\"\/wp-content\/uploads\/2017\/12\/4-warsztaty.jpg\" alt=\"\" \/><\/a><\/p>\n<div style=\"width: 300px; font-size: 130%;\"><strong>SEP, PSE, SIMP, SITPS exam<\/strong><\/div>\n<p>&nbsp;<\/p>\n<\/div>\n<\/div>\n<div style=\"text-align: center; font-size: 85%; line-height: 120%;\">\n<div style=\"float: left; margin-right: 40px; height: 290px;\">\n<p><a href=\"\/en\/training\/sep-permissions-up-to-1kv\/sep-authorisations-for-how-long-are-valid\/\"><img decoding=\"async\" style=\"width: 300px; height: 225px;\" src=\"\/wp-content\/uploads\/2017\/12\/g3-4.jpg\" alt=\"\" \/><\/a><\/p>\n<div style=\"width: 300px; font-size: 130%;\"><strong><a href=\"https:\/\/kursy-udt.pl\/en\/uprawnienia-udt\/kategorie-uprawnien-2\/\">Entitlements<\/a> VULTURE<\/strong><\/div>\n<\/div>\n<\/div>\n<div><\/div>\n<div style=\"text-align: center; font-size: 85%; line-height: 120%;\">\n<div style=\"float: left; margin-right: 40px; height: 290px;\">\n<p>&nbsp;<\/p>\n<\/div>\n<\/div>\n<div style=\"text-align: center; font-size: 85%; line-height: 120%;\">\n<div style=\"float: left; margin-right: 40px; height: 290px;\">\n<p>&nbsp;<\/p>\n<\/div>\n<\/div>\n<\/div>\n<p>&nbsp;<\/p>\n<p>&nbsp;<\/p>\n<p>&nbsp;<\/p>\n<p>&nbsp;<\/p>\n<p>&nbsp;<\/p>\n<p>&nbsp;<\/p>\n<p>&nbsp;<\/p>\n<p>&nbsp;<\/p>\n<p>&nbsp;<\/p>\n<p>&nbsp;<\/p>\n<p>&nbsp;<\/p>\n<p>&nbsp;<\/p>\n<p>&nbsp;<\/p>\n<p>&nbsp;<\/p>\n<p><a href=\"https:\/\/kursy-udt.pl\/wp-content\/uploads\/2023\/01\/5-kurs-G2-cieplo-kursy-udt.pl_.png\"><img loading=\"lazy\" decoding=\"async\" class=\"aligncenter wp-image-4608\" src=\"https:\/\/kursy-udt.pl\/wp-content\/uploads\/2023\/01\/5-kurs-G2-cieplo-kursy-udt.pl_-300x188.png\" alt=\"\" width=\"750\" height=\"469\" srcset=\"https:\/\/kursy-udt.pl\/wp-content\/uploads\/2023\/01\/5-kurs-G2-cieplo-kursy-udt.pl_-300x188.png 300w, https:\/\/kursy-udt.pl\/wp-content\/uploads\/2023\/01\/5-kurs-G2-cieplo-kursy-udt.pl_-1024x640.png 1024w, https:\/\/kursy-udt.pl\/wp-content\/uploads\/2023\/01\/5-kurs-G2-cieplo-kursy-udt.pl_-768x480.png 768w, https:\/\/kursy-udt.pl\/wp-content\/uploads\/2023\/01\/5-kurs-G2-cieplo-kursy-udt.pl_-18x12.png 18w, https:\/\/kursy-udt.pl\/wp-content\/uploads\/2023\/01\/5-kurs-G2-cieplo-kursy-udt.pl_-624x390.png 624w, https:\/\/kursy-udt.pl\/wp-content\/uploads\/2023\/01\/5-kurs-G2-cieplo-kursy-udt.pl_.png 1200w\" sizes=\"auto, (max-width: 750px) 100vw, 750px\" \/><\/a><\/p>","protected":false},"excerpt":{"rendered":"<p>Kurs G2 Szkolenie cieplne G2 \u2013 urz\u0105dzenia, instalacje i sieci cieplne skierowane jest do os\u00f3b chc\u0105cych zdoby\u0107 kwalifikacje do pracy przy dozorze i eksploatacji sieci, instalacji i urz\u0105dze\u0144 wytwarzaj\u0105cych, przetwarzaj\u0105cych, przesy\u0142aj\u0105cych i zu\u017cywaj\u0105cych ciep\u0142o zaliczanych do kategorii G2. W O\u015brodku ERGON naszym kursantom gwarantujemy pe\u0142ne i profesjonalne przygotowanie. Stosujemy sprawdzone metody szkoleniowe, posiadamy nowoczesne zaplecze, zatrudniamy wykwalifikowanych instruktor\u00f3w i zapewniamy obs\u0142ug\u0119 na najwy\u017cszym poziomie. Kurs G2 przygotowuj\u0105 uczestnik\u00f3w do zdania egzaminu przed komisjami SEP, PSE, SIMP, SITPS skierowany jest do os\u00f3b zajmuj\u0105cych si\u0119 eksploatacj\u0105 urz\u0105dze\u0144, instalacji i sieci cieplnych wytwarzaj\u0105cych, przetwarzaj\u0105cych, przesy\u0142aj\u0105cych i zu\u017cywaj\u0105cych energi\u0119 ciepln\u0105 obejmuj\u0105cy nast\u0119puj\u0105ce urz\u0105dzenia, instalacje i sieci: kot\u0142y parowe oraz wodne na paliwa sta\u0142e, p\u0142ynne i gazowe, o mocy powy\u017cej 50 kW, wraz z urz\u0105dzeniami pomocniczymi sieci i instalacje cieplne wraz z urz\u0105dzeniami pomocniczymi, o przesyle ciep\u0142a powy\u017cej 50 kW turbiny parowe oraz wodne o mocy powy\u017cej 50 kW, wraz z urz\u0105dzeniami pomocniczymi przemys\u0142owe urz\u0105dzenia odbiorcze pary i gor\u0105cej wody, o mocy powy\u017cej 50 kW urz\u0105dzenia wentylacji, klimatyzacji i ch\u0142odnicze o mocy powy\u017cej 50 kW pompy, ssawy, wentylatory i dmuchawy o mocy powy\u017cej 50 kW spr\u0119\u017carki o mocy powy\u017cej 20 kW oraz instalacje spr\u0119\u017conego powietrza i gaz\u00f3w technicznych urz\u0105dzenia do sk\u0142adowania, magazynowania i roz\u0142adunku paliw, o pojemno\u015bci sk\u0142adowania odpowiadaj\u0105cej masie ponad 100 Mg piece przemys\u0142owe o mocy powy\u017cej 50 kW aparatur\u0119 kontrolno-pomiarow\u0105 oraz urz\u0105dzenia i instalacje automatycznej regulacji, sterowania i zabezpiecze\u0144 urz\u0105dze\u0144 i instalacji wymienionych powy\u017cej Szkolenie G2 przygotowuje uczestnik\u00f3w do podej\u015bcia do egzamin\u00f3w przed nast\u0119puj\u0105cymi komisjami certyfikuj\u0105cymi: SEP (Stowarzyszenie Elektryk\u00f3w Polskich), Polskie Stowarzyszenie Elektroinstalacyjne (PSE), Stowarzyszenie In\u017cynier\u00f3w i Technik\u00f3w [&hellip;]<\/p>\n","protected":false},"author":1,"featured_media":2480,"parent":2411,"menu_order":0,"comment_status":"closed","ping_status":"closed","template":"","meta":{"sfsi_plus_gutenberg_text_before_share":"","sfsi_plus_gutenberg_show_text_before_share":"","sfsi_plus_gutenberg_icon_type":"","sfsi_plus_gutenberg_icon_alignemt":"","sfsi_plus_gutenburg_max_per_row":"","footnotes":""},"class_list":["post-2415","page","type-page","status-publish","has-post-thumbnail","hentry","has_thumb"],"aioseo_notices":[],"_links":{"self":[{"href":"https:\/\/kursy-udt.pl\/en\/wp-json\/wp\/v2\/pages\/2415","targetHints":{"allow":["GET"]}}],"collection":[{"href":"https:\/\/kursy-udt.pl\/en\/wp-json\/wp\/v2\/pages"}],"about":[{"href":"https:\/\/kursy-udt.pl\/en\/wp-json\/wp\/v2\/types\/page"}],"author":[{"embeddable":true,"href":"https:\/\/kursy-udt.pl\/en\/wp-json\/wp\/v2\/users\/1"}],"replies":[{"embeddable":true,"href":"https:\/\/kursy-udt.pl\/en\/wp-json\/wp\/v2\/comments?post=2415"}],"version-history":[{"count":14,"href":"https:\/\/kursy-udt.pl\/en\/wp-json\/wp\/v2\/pages\/2415\/revisions"}],"predecessor-version":[{"id":4609,"href":"https:\/\/kursy-udt.pl\/en\/wp-json\/wp\/v2\/pages\/2415\/revisions\/4609"}],"up":[{"embeddable":true,"href":"https:\/\/kursy-udt.pl\/en\/wp-json\/wp\/v2\/pages\/2411"}],"wp:featuredmedia":[{"embeddable":true,"href":"https:\/\/kursy-udt.pl\/en\/wp-json\/wp\/v2\/media\/2480"}],"wp:attachment":[{"href":"https:\/\/kursy-udt.pl\/en\/wp-json\/wp\/v2\/media?parent=2415"}],"curies":[{"name":"wp","href":"https:\/\/api.w.org\/{rel}","templated":true}]}}