{"id":2413,"date":"2017-12-06T15:27:36","date_gmt":"2017-12-06T15:27:36","guid":{"rendered":"http:\/\/kursy-udt.pl\/?page_id=2413"},"modified":"2023-01-04T09:57:25","modified_gmt":"2023-01-04T09:57:25","slug":"g1","status":"publish","type":"page","link":"https:\/\/kursy-udt.pl\/en\/szkolenia\/sep-uprawnienia-do-1kv\/g1\/","title":{"rendered":"G1 (electrical) course. Get your qualifications with ERGON!"},"content":{"rendered":"<h2 class=\"naglowekh2\"><img loading=\"lazy\" decoding=\"async\" class=\"paddingleft10 wp-image-2475 alignleft\" src=\"https:\/\/kursy-udt.pl\/wp-content\/uploads\/2017\/12\/SEP_2016-1030x687-300x200.jpg\" alt=\"\" width=\"200\" height=\"133\" srcset=\"https:\/\/kursy-udt.pl\/wp-content\/uploads\/2017\/12\/SEP_2016-1030x687-300x200.jpg 300w, https:\/\/kursy-udt.pl\/wp-content\/uploads\/2017\/12\/SEP_2016-1030x687-768x512.jpg 768w, https:\/\/kursy-udt.pl\/wp-content\/uploads\/2017\/12\/SEP_2016-1030x687-1024x683.jpg 1024w, https:\/\/kursy-udt.pl\/wp-content\/uploads\/2017\/12\/SEP_2016-1030x687-624x416.jpg 624w, https:\/\/kursy-udt.pl\/wp-content\/uploads\/2017\/12\/SEP_2016-1030x687.jpg 1030w\" sizes=\"auto, (max-width: 200px) 100vw, 200px\" \/>Course G1<\/h2>\n<p>The G1 electrical training - devices, installations and power networks is intended for people who want to obtain qualifications to work in the supervision and operation of electrical power networks, installations and devices included in the G1 category.<\/p>\n<p>In our <a href=\"https:\/\/kursy-udt.pl\/en\/o-firmie\/\">ERGON Center<\/a> We provide comprehensive and professional preparation for our students. We have modern training facilities, employ qualified instructors and guarantee a service of the highest standard.<\/p>\n<p><strong>The G1 course prepares participants to pass the exam before the SEP, PSE, SIMP, SITPS committees. <\/strong><\/p>\n<ul>\n<li>generating devices connected to the national power grid, regardless of the level of the rated voltage<\/li>\n<li>devices, installations and power networks with a voltage of not more than 1 kV<\/li>\n<li>devices, installations and networks with a rated voltage above 1 kV<\/li>\n<li>generating sets with a capacity of more than 50 kW<\/li>\n<li>electrothermal devices<\/li>\n<li>electrolysis equipment<\/li>\n<li>electric street lighting networks<\/li>\n<li>electric traction network<\/li>\n<li>explosion-proof electrical equipment<\/li>\n<li>control and measurement apparatus as well as devices and installations for automatic regulation, control and protection of the devices and installations mentioned above<\/li>\n<\/ul>\n<p>The G1 training course contains comprehensive information necessary to take exams before the following certification committees: SEP (Association of Polish Electrical Engineers), Polish Electrical Installation Association (PSE), Association of Food Industry Engineers and Technicians (SITPS or SITSpo\u017c), Association of Polish Mechanical Engineers (SIMP).<\/p>\n<h2 class=\"naglowekh2\">Purpose of the training<\/h2>\n<p>After completing the G1 training and passing the exam, the participant receives a qualification certificate entitling him to service, maintenance, repair, installation at the operating position, in accordance with the ordinance of the Minister of Economy, Labor and Social Policy of April 28, 2003 on the detailed rules for confirming qualifications by persons occupying operation of devices, installations and networks (Journal of Laws No. 89 item 828; Journal of Laws No. 192 item 1184).<\/p>\n<p><a href=\"https:\/\/kursy-udt.pl\/en\/kontakt\/\">We cordially invite you to take advantage of our offer<\/a>!<\/p>\n<div class=\"button_styl\" style=\"float: right; padding-left: 15px; padding-bottom: 8px; margin-bottom: 5px;\"><a class=\"myButton myButton_maly\" href=\"https:\/\/platformaedukacji.pl\/login\/signup.php\" target=\"_blank\" rel=\"nofollow noopener noreferrer\"><span style=\"color: white;\">Sign up for training<\/span><\/a><\/div>\n<div style=\"padding-top: 70px;\">\n<h2>More information:<\/h2>\n<div style=\"text-align: center; font-size: 85%; line-height: 120%;\">\n<div style=\"float: left; margin-right: 40px; height: 290px;\">\n<p><a href=\"\/en\/training\/sep-permissions-up-to-1kv\/g1\/\"><img decoding=\"async\" style=\"width: 300px; height: 225px;\" src=\"\/wp-content\/uploads\/2017\/12\/SEP_2016-1030x687.jpg\" alt=\"\" \/><\/a><\/p>\n<div style=\"width: 300px; font-size: 130%;\"><strong>G1 (electric)<\/strong><\/div>\n<p>&nbsp;<\/p>\n<\/div>\n<div style=\"float: left; margin-right: 40px; height: 290px;\">\n<p><a href=\"\/en\/training\/sep-permissions-up-to-1kv\/g2\/\"><img decoding=\"async\" style=\"width: 300px; height: 225px;\" src=\"\/wp-content\/uploads\/2017\/12\/31.jpg\" alt=\"\" \/><\/a><\/p>\n<div style=\"width: 300px; font-size: 130%;\"><strong>G2 (thermal)<\/strong><\/div>\n<p>&nbsp;<\/p>\n<\/div>\n<\/div>\n<div style=\"clear: both;\"><\/div>\n<div style=\"text-align: center; font-size: 85%; line-height: 120%;\">\n<div style=\"float: left; margin-right: 40px; height: 290px;\">\n<p><a href=\"\/en\/training\/sep-permissions-up-to-1kv\/g3\/\"><img decoding=\"async\" style=\"width: 300px; height: 225px;\" src=\"\/wp-content\/uploads\/2017\/12\/SEP_G3_2-495x400-1.jpg\" alt=\"\" \/><\/a><\/p>\n<div style=\"width: 300px; font-size: 130%;\"><strong><a href=\"https:\/\/kursy-udt.pl\/en\/szkolenia\/sep-uprawnienia-do-1kv\/g3\/\">G3<\/a> (gas)<\/strong><\/div>\n<p>&nbsp;<\/p>\n<\/div>\n<div style=\"float: left; margin-right: 40px; height: 290px;\">\n<p><a href=\"\/en\/training\/sep-permissions-up-to-1kv\/sep-exam\/\"><img decoding=\"async\" style=\"width: 300px; height: 225px;\" src=\"\/wp-content\/uploads\/2017\/12\/4-warsztaty.jpg\" alt=\"\" \/><\/a><\/p>\n<div style=\"width: 300px; font-size: 130%;\"><strong>G1, G2, G3, PSE, SIMP, SITPS exams<\/strong><\/div>\n<p>&nbsp;<\/p>\n<\/div>\n<\/div>\n<div style=\"text-align: center; font-size: 85%; line-height: 120%;\">\n<div style=\"float: left; margin-right: 40px; height: 290px;\">\n<p><a href=\"\/en\/training\/sep-permissions-up-to-1kv\/sep-authorisations-for-how-long-are-valid\/\"><img decoding=\"async\" style=\"width: 300px; height: 225px;\" src=\"\/wp-content\/uploads\/2017\/12\/g3-4.jpg\" alt=\"\" \/><\/a><\/p>\n<div style=\"width: 300px; font-size: 130%;\"><strong><a href=\"https:\/\/kursy-udt.pl\/en\/uprawnienia-udt\/kategorie-uprawnien-2\/\">Entitlements<\/a> G1, G2, G3<\/strong><\/div>\n<div><\/div>\n<p>&nbsp;<\/p>\n<\/div>\n<\/div>\n<div style=\"text-align: center; font-size: 85%; line-height: 120%;\">\n<div style=\"float: left; margin-right: 40px; height: 290px;\">\n<p>&nbsp;<\/p>\n<\/div>\n<\/div>\n<\/div>\n<p>&nbsp;<\/p>\n<p>&nbsp;<\/p>\n<p>&nbsp;<\/p>\n<p>&nbsp;<\/p>\n<p>&nbsp;<\/p>\n<p>&nbsp;<\/p>\n<p>&nbsp;<\/p>\n<p>&nbsp;<\/p>\n<p>&nbsp;<\/p>\n<p>&nbsp;<\/p>\n<p>&nbsp;<\/p>\n<p>&nbsp;<\/p>\n<p>&nbsp;<\/p>\n<p>&nbsp;<\/p>\n<p>&nbsp;<\/p>\n<p><a href=\"https:\/\/kursy-udt.pl\/wp-content\/uploads\/2023\/01\/4-kurs-G1-elektroenergetyka-kursy-udt.pl_.png\"><img loading=\"lazy\" decoding=\"async\" class=\"aligncenter wp-image-4611\" src=\"https:\/\/kursy-udt.pl\/wp-content\/uploads\/2023\/01\/4-kurs-G1-elektroenergetyka-kursy-udt.pl_-300x188.png\" alt=\"\" width=\"750\" height=\"469\" srcset=\"https:\/\/kursy-udt.pl\/wp-content\/uploads\/2023\/01\/4-kurs-G1-elektroenergetyka-kursy-udt.pl_-300x188.png 300w, https:\/\/kursy-udt.pl\/wp-content\/uploads\/2023\/01\/4-kurs-G1-elektroenergetyka-kursy-udt.pl_-1024x640.png 1024w, https:\/\/kursy-udt.pl\/wp-content\/uploads\/2023\/01\/4-kurs-G1-elektroenergetyka-kursy-udt.pl_-768x480.png 768w, https:\/\/kursy-udt.pl\/wp-content\/uploads\/2023\/01\/4-kurs-G1-elektroenergetyka-kursy-udt.pl_-18x12.png 18w, https:\/\/kursy-udt.pl\/wp-content\/uploads\/2023\/01\/4-kurs-G1-elektroenergetyka-kursy-udt.pl_-624x390.png 624w, https:\/\/kursy-udt.pl\/wp-content\/uploads\/2023\/01\/4-kurs-G1-elektroenergetyka-kursy-udt.pl_.png 1200w\" sizes=\"auto, (max-width: 750px) 100vw, 750px\" \/><\/a><\/p>","protected":false},"excerpt":{"rendered":"<p>Kurs G1 Szkolenie elektryczne G1 \u2013 urz\u0105dzenia, instalacje i sieci energetyczne przeznaczone jest dla os\u00f3b chc\u0105cych uzyska\u0107 kwalifikacje do pracy przy dozorze i eksploatacji sieci, instalacji i urz\u0105dze\u0144 elektroenergetycznych zaliczanych do kategorii G1. W naszym O\u015brodku ERGON zapewniamy kompleksowe i profesjonalne przygotowanie dla naszych kursant\u00f3w. Dysponujemy nowoczesnym zapleczem szkoleniowym, zatrudniamy wykwalifikowanych instruktor\u00f3w i gwarantujemy obs\u0142ug\u0119 na najwy\u017cszym poziomie. Kurs G1 przygotowuj\u0105 uczestnik\u00f3w do zdania egzaminu przed komisjami SEP, PSE, SIMP, SITPS skierowany jest do os\u00f3b zajmuj\u0105cych si\u0119 eksploatacj\u0105 urz\u0105dze\u0144, instalacji i sieci energetycznych wytwarzaj\u0105cych, przetwarzaj\u0105cych, przesy\u0142aj\u0105cych i zu\u017cywaj\u0105cych energi\u0119 elektryczn\u0105 obejmuj\u0105cy nast\u0119puj\u0105ce urz\u0105dzenia, instalacje i sieci: urz\u0105dzenia pr\u0105dotw\u00f3rcze przy\u0142\u0105czone do krajowej sieci elektroenergetycznej bez wzgl\u0119du na wysoko\u015b\u0107 napi\u0119cia znamionowego urz\u0105dzenia, instalacje i sieci elektroenergetyczne o napi\u0119ciu nie wy\u017cszym ni\u017c 1 kV urz\u0105dzenia, instalacje i sieci o napi\u0119ciu znamionowym powy\u017cej 1 kV zespo\u0142y pr\u0105dotw\u00f3rcze o mocy powy\u017cej 50 kW urz\u0105dzenia elektrotermiczne urz\u0105dzenia do elektrolizy sieci elektrycznego o\u015bwietlenia ulicznego elektryczna sie\u0107 trakcyjna elektryczne urz\u0105dzenia w wykonaniu przeciwwybuchowym aparatur\u0119 kontrolno-pomiarow\u0105 oraz urz\u0105dzenia i instalacje automatycznej regulacji, sterowania i zabezpiecze\u0144 urz\u0105dze\u0144 i instalacji wymienionych powy\u017cej Szkolenie G1 zawiera kompleksowe informacje niezb\u0119dne do podej\u015bcia do egzamin\u00f3w przed nast\u0119puj\u0105cymi komisjami certyfikuj\u0105cymi: SEP (Stowarzyszenie Elektryk\u00f3w Polskich), Polskie Stowarzyszenie Elektroinstalacyjne (PSE), Stowarzyszenie In\u017cynier\u00f3w i Technik\u00f3w Przemys\u0142u Spo\u017cywczego (SITPS lub SITSpo\u017c), Stowarzyszenie In\u017cynier\u00f3w Mechanik\u00f3w Polskich (SIMP). Cel szkolenia Po zako\u0144czeniu szkolenia G1 i pozytywnym zaliczeniu egzaminu uczestnik otrzymuje \u015bwiadectwo kwalifikacyjne uprawniaj\u0105ce do obs\u0142ugi, konserwacji, remontu, monta\u017cu na stanowisku eksploatacji, zgodnie z rozporz\u0105dzeniem Ministra Gospodarki, Pracy i Polityki Spo\u0142ecznej z 28 kwietnia 2003 roku w sprawie szczeg\u00f3\u0142owych zasad stwierdzenia posiadania kwalifikacji przez osoby zajmuj\u0105ce si\u0119 [&hellip;]<\/p>\n","protected":false},"author":1,"featured_media":3437,"parent":2411,"menu_order":0,"comment_status":"closed","ping_status":"closed","template":"","meta":{"sfsi_plus_gutenberg_text_before_share":"","sfsi_plus_gutenberg_show_text_before_share":"","sfsi_plus_gutenberg_icon_type":"","sfsi_plus_gutenberg_icon_alignemt":"","sfsi_plus_gutenburg_max_per_row":"","footnotes":""},"class_list":["post-2413","page","type-page","status-publish","has-post-thumbnail","hentry","has_thumb"],"aioseo_notices":[],"_links":{"self":[{"href":"https:\/\/kursy-udt.pl\/en\/wp-json\/wp\/v2\/pages\/2413","targetHints":{"allow":["GET"]}}],"collection":[{"href":"https:\/\/kursy-udt.pl\/en\/wp-json\/wp\/v2\/pages"}],"about":[{"href":"https:\/\/kursy-udt.pl\/en\/wp-json\/wp\/v2\/types\/page"}],"author":[{"embeddable":true,"href":"https:\/\/kursy-udt.pl\/en\/wp-json\/wp\/v2\/users\/1"}],"replies":[{"embeddable":true,"href":"https:\/\/kursy-udt.pl\/en\/wp-json\/wp\/v2\/comments?post=2413"}],"version-history":[{"count":15,"href":"https:\/\/kursy-udt.pl\/en\/wp-json\/wp\/v2\/pages\/2413\/revisions"}],"predecessor-version":[{"id":4612,"href":"https:\/\/kursy-udt.pl\/en\/wp-json\/wp\/v2\/pages\/2413\/revisions\/4612"}],"up":[{"embeddable":true,"href":"https:\/\/kursy-udt.pl\/en\/wp-json\/wp\/v2\/pages\/2411"}],"wp:featuredmedia":[{"embeddable":true,"href":"https:\/\/kursy-udt.pl\/en\/wp-json\/wp\/v2\/media\/3437"}],"wp:attachment":[{"href":"https:\/\/kursy-udt.pl\/en\/wp-json\/wp\/v2\/media?parent=2413"}],"curies":[{"name":"wp","href":"https:\/\/api.w.org\/{rel}","templated":true}]}}