{"id":2370,"date":"2017-09-12T17:33:03","date_gmt":"2017-09-12T17:33:03","guid":{"rendered":"http:\/\/kursy-udt.pl\/?page_id=2370"},"modified":"2022-09-16T07:54:43","modified_gmt":"2022-09-16T07:54:43","slug":"working-on-masts","status":"publish","type":"page","link":"https:\/\/kursy-udt.pl\/en\/szkolenia\/wysokosciowe-na-uprawnienia-alpinistyczne\/praca-na-slupach-masztach\/","title":{"rendered":"Work on poles, masts, tower structures, chimneys, building structures without ceilings"},"content":{"rendered":"<p><img loading=\"lazy\" decoding=\"async\" class=\"paddingleft10 alignleft wp-image-2400\" src=\"https:\/\/kursy-udt.pl\/wp-content\/uploads\/2017\/11\/praca-na-kominach-zdjecie_m.jpeg\" alt=\"\" width=\"200\" height=\"150\" \/>The most dangerous work at height includes work on poles, masts, tower structures, chimneys, building structures without ceilings and, in addition, on galleries, platforms, landings and other elevations when the nature of the work requires the worker to lean beyond the railing or outline of the equipment on which he or she is standing, or to assume any other type of forced body position that poses a risk of falling.<\/p>\n<div class=\"wyjustuj\">\n<p>Working at height requires adequate preparation. The worker should have undergone <a href=\"https:\/\/kursy-udt.pl\/en\/szkolenia\/wysokosciowe-na-uprawnienia-alpinistyczne\/\">altitude course<\/a>which will give it the appropriate <a href=\"https:\/\/kursy-udt.pl\/en\/uprawnienia-udt\/kategorie-uprawnien-2\/\">entitlements<\/a> for working at height. There are two types of height courses - rope access and building access. It is also important to remember that height qualifications should be renewed.<\/p>\n<h2><strong>Necessary personal protective equipment<\/strong><\/h2>\n<p>When working on the above-mentioned structures, personal fall protection equipment must be used. The most common are safety harnesses with a safety line attached to fixed parts of the structure, and harnesses with a lap belt, which are used for working under support, such as on masts or poles.<\/p>\n<p>Workers are also required to wear safety helmets suitable for use at height.<\/p>\n<div class=\"filmw\">\n<div class=\"responsive-youtube\" style=\"text-align: center;\"><iframe loading=\"lazy\" title=\"YouTube video player\" src=\"https:\/\/www.youtube.com\/embed\/Lf4dfMhJft0\" width=\"560\" height=\"315\" frameborder=\"0\" allowfullscreen=\"allowfullscreen\"><\/iframe><\/div>\n<\/div>\n<h2><strong>Pre-work rules<\/strong><\/h2>\n<p>Persons working on poles, masts, tower structures, chimneys, building structures without ceilings and where the worker has to lean or take a position that poses a risk of falling should remember certain duties before starting work.<\/p>\n<h3><strong>Before starting work:<\/strong><\/h3>\n<ul>\n<li>carefully check the technical condition of the structures and equipment to be used for the work - particular attention should be paid to their strength, stability and anticipated loads<\/li>\n<li>take care to protect structures or equipment from unforeseen changes in position<\/li>\n<li>check that the fixed parts of the structure or the devices for attaching safety lines are in proper working order<\/li>\n<\/ul>\n<p>All work at height should also be properly planned. When carrying out their duties, the worker should remember to follow the rules of <a href=\"https:\/\/kursy-udt.pl\/en\/szkolenia\/bhp-bezpieczenstwo-pracy\/prawna-ochrona-pracy\/\">Health and Safety<\/a>so that working at height is completely safe.<\/p>\n<\/div>\n<h2>More information:<\/h2>\n<div style=\"text-align: center; font-size: 85%; line-height: 120%;\">\n<div style=\"float: left; margin-right: 40px; height: 290px;\">\n<p><a href=\"\/en\/training\/high-altitude-mountain-climbing-qualifications\/working-at-heights-basic-information\/\"><img decoding=\"async\" src=\"\/wp-content\/uploads\/2017\/09\/szkolenie11.png\" alt=\"\" \/><\/a><\/p>\n<div style=\"width: 300px; font-size: 130%;\"><strong>Work at height - basic information<\/strong><\/div>\n<p>&nbsp;<\/p>\n<\/div>\n<div style=\"float: left; margin-right: 40px; height: 290px;\">\n<p><a href=\"\/en\/training\/high-altitude-mountain-climbing-qualifications\/most-common-causes-of-falls-from-heights\/\"><img decoding=\"async\" src=\"\/wp-content\/uploads\/2014\/08\/wypadek.jpg\" alt=\"\" \/><\/a><\/p>\n<div style=\"width: 300px; font-size: 130%;\"><strong>The most common causes of falls from a height<\/strong><\/div>\n<p>&nbsp;<\/p>\n<\/div>\n<\/div>\n<div style=\"clear: both;\"><\/div>\n<div style=\"text-align: center; font-size: 85%; line-height: 120%;\">\n<div style=\"float: left; margin-right: 40px; height: 290px;\">\n<p><a href=\"\/en\/training\/high-altitude-mountain-climbing-qualifications\/personal-protective-equipment-for-working-at-heights\/\"><img decoding=\"async\" src=\"\/wp-content\/uploads\/2017\/11\/bezpieczenstwo-pracy-na-wysokosci-srodki-ochronne.jpeg\" alt=\"high-altitude works in Warsaw\" \/><\/a><\/p>\n<div style=\"width: 300px; font-size: 130%;\"><strong>Personal protective equipment when working at height<\/strong><\/div>\n<p>&nbsp;<\/p>\n<\/div>\n<div style=\"float: left; margin-right: 40px; height: 290px; padding-bottom: 50px;\">\n<p><a href=\"\/en\/training\/high-altitude-mountain-climbing-qualifications\/praca-na-slupach-masztach-konstrukcjach-wiezowych-kominach-konstrukcjach-budowlanych-bez-stropow\/\"><img decoding=\"async\" src=\"\/wp-content\/uploads\/2017\/11\/praca-na-kominach-zdjecie.jpeg\" alt=\"mountaineering course to prepare for work at height\" \/><\/a><\/p>\n<div style=\"width: 300px; font-size: 130%;\"><strong>Work on poles, masts, tower structures, chimneys, building structures without ceilings<\/strong><\/div>\n<p>&nbsp;<\/p>\n<\/div>\n<\/div>\n<div style=\"float: left; margin-right: 40px; height: 290px;\">\n<div style=\"text-align: center; font-size: 85%; line-height: 120%;\">\n<p><a href=\"\/en\/training\/high-altitude-mountain-climbing-qualifications\/\"><img decoding=\"async\" src=\"\/wp-content\/uploads\/2017\/09\/szkolenie11.png\" alt=\"mountaineering course to prepare for work at height\" \/><\/a><\/p>\n<div style=\"width: 300px; font-size: 130%;\"><strong>Altitude course<\/strong><\/div>\n<p>&nbsp;<\/p>\n<\/div>\n<\/div>","protected":false},"excerpt":{"rendered":"<p>Do najniebezpieczniejszych prac na wysoko\u015bci zaliczaj\u0105 si\u0119 prace na s\u0142upach, masztach, konstrukcjach wie\u017cowych, kominach, konstrukcjach budowlanych bez strop\u00f3w, a ponadto na galeriach, pomostach, podestach i innych podwy\u017cszeniach, gdy rodzaj pracy wymaga od pracownika wychylenia si\u0119 poza balustrad\u0119 lub obrys urz\u0105dzenia, na kt\u00f3rym stoi, albo przyjmowania innego rodzaju wymuszonej pozycji cia\u0142a gro\u017c\u0105cej upadkiem z wysoko\u015bci. Praca na wysoko\u015bci wymaga odpowiedniego przygotowania. Pracownik powinien odby\u0107 kurs wysoko\u015bciowy, kt\u00f3ry nada mu odpowiednie uprawnienia do pracy na wysoko\u015bci. Istniej\u0105 dwa rodzaje kurs\u00f3w wysoko\u015bciowych \u2013 dost\u0119p linowy oraz dost\u0119p budowlany. Nale\u017cy te\u017c pami\u0119ta\u0107 o tym, \u017ce uprawnienia wysoko\u015bciowe powinny by\u0107 odnawiane. Niezb\u0119dne \u015brodki ochrony indywidualnej Podczas pracy na wy\u017cej wymienionych konstrukcjach nale\u017cy stosowa\u0107 \u015brodki ochrony indywidualnej zabezpieczaj\u0105ce przed upadkiem z wysoko\u015bci. Najcz\u0119\u015bciej s\u0105 to szelki bezpiecze\u0144stwa z link\u0105 bezpiecze\u0144stwa mocowan\u0105 do sta\u0142ych element\u00f3w konstrukcji, a tak\u017ce szelki z pasem biodrowym, kt\u00f3re u\u017cywane s\u0105 do pracy w podparciu, na przyk\u0142ad na masztach czy s\u0142upach. Pracownicy zobowi\u0105zani s\u0105 te\u017c do noszenia he\u0142m\u00f3w ochronnych przystosowanych do u\u017cywania na wysoko\u015bci. Zasady przed rozpocz\u0119ciem pracy Osoby wykonuj\u0105ce prac\u0119 na s\u0142upach, masztach, konstrukcjach wie\u017cowych, kominach, konstrukcjach budowlanych bez strop\u00f3w oraz tam, gdzie pracownik musi wychyla\u0107 si\u0119 czy przyjmowa\u0107 pozycj\u0119 gro\u017c\u0105c\u0105 upadkiem z wysoko\u015bci powinny pami\u0119ta\u0107 o okre\u015blonych obowi\u0105zkach przed rozpocz\u0119ciem pracy. Przed rozpocz\u0119ciem pracy nale\u017cy: dok\u0142adnie sprawdzi\u0107 stan techniczny konstrukcji oraz urz\u0105dze\u0144, kt\u00f3re maj\u0105 s\u0142u\u017cy\u0107 do wykonywania pracy \u2013 nale\u017cy zwr\u00f3ci\u0107 szczeg\u00f3ln\u0105 uwag\u0119 na ich wytrzyma\u0142o\u015b\u0107, stabilno\u015b\u0107 i przewidywane obci\u0105\u017cenie zwr\u00f3ci\u0107 uwag\u0119 na to, aby zabezpieczy\u0107 konstrukcje lub urz\u0105dzenia przed nieprzewidzian\u0105 zmian\u0105 po\u0142o\u017cenia zobaczy\u0107, czy stan techniczny element\u00f3w sta\u0142ych konstrukcji lub urz\u0105dze\u0144 do mocowania linek bezpiecze\u0144stwa [&hellip;]<\/p>\n","protected":false},"author":1,"featured_media":2399,"parent":2263,"menu_order":0,"comment_status":"closed","ping_status":"closed","template":"","meta":{"sfsi_plus_gutenberg_text_before_share":"","sfsi_plus_gutenberg_show_text_before_share":"","sfsi_plus_gutenberg_icon_type":"","sfsi_plus_gutenberg_icon_alignemt":"","sfsi_plus_gutenburg_max_per_row":"","footnotes":""},"class_list":["post-2370","page","type-page","status-publish","has-post-thumbnail","hentry","has_thumb"],"aioseo_notices":[],"_links":{"self":[{"href":"https:\/\/kursy-udt.pl\/en\/wp-json\/wp\/v2\/pages\/2370","targetHints":{"allow":["GET"]}}],"collection":[{"href":"https:\/\/kursy-udt.pl\/en\/wp-json\/wp\/v2\/pages"}],"about":[{"href":"https:\/\/kursy-udt.pl\/en\/wp-json\/wp\/v2\/types\/page"}],"author":[{"embeddable":true,"href":"https:\/\/kursy-udt.pl\/en\/wp-json\/wp\/v2\/users\/1"}],"replies":[{"embeddable":true,"href":"https:\/\/kursy-udt.pl\/en\/wp-json\/wp\/v2\/comments?post=2370"}],"version-history":[{"count":11,"href":"https:\/\/kursy-udt.pl\/en\/wp-json\/wp\/v2\/pages\/2370\/revisions"}],"predecessor-version":[{"id":4311,"href":"https:\/\/kursy-udt.pl\/en\/wp-json\/wp\/v2\/pages\/2370\/revisions\/4311"}],"up":[{"embeddable":true,"href":"https:\/\/kursy-udt.pl\/en\/wp-json\/wp\/v2\/pages\/2263"}],"wp:featuredmedia":[{"embeddable":true,"href":"https:\/\/kursy-udt.pl\/en\/wp-json\/wp\/v2\/media\/2399"}],"wp:attachment":[{"href":"https:\/\/kursy-udt.pl\/en\/wp-json\/wp\/v2\/media?parent=2370"}],"curies":[{"name":"wp","href":"https:\/\/api.w.org\/{rel}","templated":true}]}}