{"id":2359,"date":"2017-09-12T16:32:20","date_gmt":"2017-09-12T16:32:20","guid":{"rendered":"http:\/\/kursy-udt.pl\/?page_id=2359"},"modified":"2022-09-16T07:53:51","modified_gmt":"2022-09-16T07:53:51","slug":"most-common-causes-of-falls-from-heights","status":"publish","type":"page","link":"https:\/\/kursy-udt.pl\/en\/szkolenia\/wysokosciowe-na-uprawnienia-alpinistyczne\/najczestsze-przyczyny-upadkow-z-wysokosci\/","title":{"rendered":"The most common causes of falls from a height"},"content":{"rendered":"<div style=\"float: left; padding-right: 10px;\"><img decoding=\"async\" src=\"\/wp-content\/uploads\/2014\/08\/wypadek_m.jpg\" alt=\"\" \/><\/div>\n<div class=\"wyjustuj\">Workers performing their duties at height should be particularly careful. According to the Central Statistical Office, falls from height account for up to 30% of all accidents at work in Poland. It is the responsibility of the employer and the employee to take special care when working at height.<br \/>\nIn order for a worker to be able to carry out work at height, they must undergo the appropriate <a href=\"https:\/\/kursy-udt.pl\/en\/szkolenia\/wysokosciowe-na-uprawnienia-alpinistyczne\/\">altitude course<\/a> teaching the basics of performing duties at height. In doing so, there are two types of courses: rope access and construction access.A properly trained worker with a <a href=\"https:\/\/kursy-udt.pl\/en\/uprawnienia-udt\/kategorie-uprawnien-2\/\">entitlements<\/a> to work at height should know how to behave when carrying out duties at height. Inadequate mountaineering work, lack of or incomplete training are among the serious problems behind accidents at height.<\/p>\n<div class=\"filmw\">\n<div class=\"responsive-youtube\" style=\"text-align: center;\"><iframe loading=\"lazy\" title=\"YouTube video player\" src=\"https:\/\/www.youtube.com\/embed\/Lf4dfMhJft0\" width=\"560\" height=\"315\" frameborder=\"0\" allowfullscreen=\"allowfullscreen\"><\/iframe><\/div>\n<\/div>\n<p><strong>The main causes of falls from height relate to:<\/strong><\/p>\n<ul>\n<li>low risk awareness<\/li>\n<li>starting work at height without proper planning<\/li>\n<li>inadequate communication of risks to workers, which includes failure to provide them with proper instructions and training<\/li>\n<li>inadequate supervision of the carrying out of work at height<\/li>\n<li>work at height without fall protection equipment<\/li>\n<li>failure to use or improper use of protective equipment by workers<\/li>\n<\/ul>\n<p><strong>The most common causes of fall-related accidents at work are:<\/strong><\/p>\n<ul>\n<li>inappropriate behaviour of employees at work due to irresponsibility or lack of training on <a href=\"https:\/\/kursy-udt.pl\/en\/szkolenia\/bhp-bezpieczenstwo-pracy\/prawna-ochrona-pracy\/\">Health and Safety<\/a><\/li>\n<li>absence or poor condition of protective devices<\/li>\n<li>inadequate organisation and coordination of the works<\/li>\n<li>tolerance of deviations from the basic rules by direct supervision of OSH<\/li>\n<\/ul>\n<p>The basis for the absence of accidents is therefore properly planned, safe work at height - height qualifications are very important here, but equally important is the right work culture for employees.<\/p>\n<p>It is also important to remember that people working as industrial climbers or construction workers working at height should attend refresher training courses that update them on the regulations and techniques used when working at height.<\/p>\n<\/div>\n<h2>More information:<\/h2>\n<div style=\"text-align: center; font-size: 85%; line-height: 120%;\">\n<div style=\"float: left; margin-right: 40px; height: 290px;\">\n<p><a href=\"\/en\/training\/high-altitude-mountain-climbing-qualifications\/working-at-heights-basic-information\/\"><img decoding=\"async\" src=\"\/wp-content\/uploads\/2017\/09\/szkolenie11.png\" alt=\"\" \/><\/a><\/p>\n<div style=\"width: 300px; font-size: 130%;\"><strong>Work at height - basic information<\/strong><\/div>\n<p>&nbsp;<\/p>\n<\/div>\n<div style=\"float: left; margin-right: 40px; height: 290px;\">\n<p><a href=\"\/en\/training\/high-altitude-mountain-climbing-qualifications\/most-common-causes-of-falls-from-heights\/\"><img decoding=\"async\" src=\"\/wp-content\/uploads\/2014\/08\/wypadek.jpg\" alt=\"\" \/><\/a><\/p>\n<div style=\"width: 300px; font-size: 130%;\"><strong>The most common causes of falls from a height<\/strong><\/div>\n<p>&nbsp;<\/p>\n<\/div>\n<\/div>\n<div style=\"clear: both;\"><\/div>\n<div style=\"text-align: center; font-size: 85%; line-height: 120%;\">\n<div style=\"float: left; margin-right: 40px; height: 290px;\">\n<p><a href=\"\/en\/training\/high-altitude-mountain-climbing-qualifications\/personal-protective-equipment-for-working-at-heights\/\"><img decoding=\"async\" src=\"\/wp-content\/uploads\/2017\/11\/bezpieczenstwo-pracy-na-wysokosci-srodki-ochronne.jpeg\" alt=\"high-altitude works in Warsaw\" \/><\/a><\/p>\n<div style=\"width: 300px; font-size: 130%;\"><strong>Personal protective equipment when working at height<\/strong><\/div>\n<p>&nbsp;<\/p>\n<\/div>\n<div style=\"float: left; margin-right: 40px; height: 290px; padding-bottom: 50px;\">\n<p><a href=\"\/en\/training\/high-altitude-mountain-climbing-qualifications\/working-on-masts\/\"><img loading=\"lazy\" decoding=\"async\" class=\"alignnone\" src=\"\/wp-content\/uploads\/2017\/11\/praca-na-kominach-zdjecie.jpeg\" alt=\"mountaineering course to prepare for work at height\" width=\"300\" height=\"225\" \/><\/a><\/p>\n<div style=\"width: 300px; font-size: 130%;\"><strong>Work on poles, masts, tower structures, chimneys, building structures without ceilings<\/strong><\/div>\n<p>&nbsp;<\/p>\n<\/div>\n<\/div>\n<div style=\"float: left; margin-right: 40px; height: 290px;\">\n<div style=\"text-align: center; font-size: 85%; line-height: 120%;\">\n<p><a href=\"\/en\/training\/high-altitude-mountain-climbing-qualifications\/\"><img decoding=\"async\" src=\"\/wp-content\/uploads\/2017\/09\/szkolenie11.png\" alt=\"mountaineering course to prepare for work at height\" \/><\/a><\/p>\n<div style=\"width: 300px; font-size: 130%;\"><strong>Altitude course<\/strong><\/div>\n<p>&nbsp;<\/p>\n<\/div>\n<\/div>","protected":false},"excerpt":{"rendered":"<p>Pracownicy wykonuj\u0105cy swoje obowi\u0105zki na wysoko\u015bci powinni zachowa\u0107 szczeg\u00f3ln\u0105 ostro\u017cno\u015b\u0107. Wed\u0142ug danych GUS upadek z wysoko\u015bci to nawet do 30% wszystkich wypadk\u00f3w przy pracy w Polsce. Zadaniem pracodawcy oraz pracownika jest szczeg\u00f3lna dba\u0142o\u015b\u0107 o bezpiecze\u0144stwo w trakcie wykonywania prac na wysoko\u015bci. Aby pracownik m\u00f3g\u0142 wykonywa\u0107 prace na wysoko\u015bci, musi przej\u015b\u0107 odpowiedni kurs wysoko\u015bciowy ucz\u0105cy podstawowych informacji o wykonywaniu obowi\u0105zk\u00f3w na wysoko\u015bci. Wyr\u00f3\u017cniamy przy tym dwa rodzaje kurs\u00f3w: dost\u0119p linowy oraz dost\u0119p budowlany.Odpowiednio przeszkolony pracownik posiadaj\u0105cy uprawnienia do pracy na wysoko\u015bci powinien wiedzie\u0107, jak nale\u017cy zachowywa\u0107 si\u0119 podczas wykonywania obowi\u0105zk\u00f3w na wysoko\u015bci. Nieodpowiednio prowadzone prace alpinistyczne, brak czy niepe\u0142ne przeszkolenie s\u0105 jednymi z powa\u017cnych problem\u00f3w stoj\u0105cych u podstaw wypadk\u00f3w na wysoko\u015bci. G\u0142\u00f3wne przyczyny upadk\u00f3w z wysoko\u015bci dotycz\u0105: niskiej \u015bwiadomo\u015bci zagro\u017cenia rozpoczynanie pracy na wysoko\u015bci bez jej odpowiedniego zaplanowania niedostateczne informowanie pracownik\u00f3w o zagro\u017ceniach, do czego zalicza si\u0119 niedostarczanie im w\u0142a\u015bciwych instrukcji i brak szkole\u0144 niedostateczny nadz\u00f3r nad prowadzeniem prac na wysoko\u015bci prace na wysoko\u015bci wykonywane bez sprz\u0119tu chroni\u0105cego przed upadkiem nieu\u017cywanie lub nieprawid\u0142owe stosowanie przez pracownik\u00f3w sprz\u0119tu ochronnego Najcz\u0119stsze przyczyny wypadk\u00f3w przy pracy zwi\u0105zanych z upadkiem z wysoko\u015bci s\u0105: niew\u0142a\u015bciwe zachowanie si\u0119 pracownik\u00f3w podczas pracy wywo\u0142ane nieodpowiedzialno\u015bci\u0105 lub brakiem szkole\u0144 z zakresu BHP brak urz\u0105dze\u0144 ochronnych lub ich z\u0142y stan techniczny niew\u0142a\u015bciwa organizacja i koordynacja rob\u00f3t tolerowanie odst\u0119pstw od podstawowych zasad przez bezpo\u015bredni nadz\u00f3r BHP Wobec tego podstaw\u0105 braku wypadk\u00f3w jest odpowiednio zaplanowana, bezpieczna praca na wysoko\u015bci \u2013 uprawnienia wysoko\u015bciowe s\u0105 tutaj bardzo wa\u017cne, ale r\u00f3wnie istotna jest w\u0142a\u015bciwa kultura pracy pracownik\u00f3w. Nale\u017cy te\u017c pami\u0119ta\u0107, \u017ce osoby pracuj\u0105cej jako alpinista przemys\u0142owy lub pracownik budowlany pracuj\u0105cy na [&hellip;]<\/p>\n","protected":false},"author":1,"featured_media":1306,"parent":2263,"menu_order":0,"comment_status":"closed","ping_status":"closed","template":"","meta":{"sfsi_plus_gutenberg_text_before_share":"","sfsi_plus_gutenberg_show_text_before_share":"","sfsi_plus_gutenberg_icon_type":"","sfsi_plus_gutenberg_icon_alignemt":"","sfsi_plus_gutenburg_max_per_row":"","footnotes":""},"class_list":["post-2359","page","type-page","status-publish","has-post-thumbnail","hentry","has_thumb"],"aioseo_notices":[],"_links":{"self":[{"href":"https:\/\/kursy-udt.pl\/en\/wp-json\/wp\/v2\/pages\/2359","targetHints":{"allow":["GET"]}}],"collection":[{"href":"https:\/\/kursy-udt.pl\/en\/wp-json\/wp\/v2\/pages"}],"about":[{"href":"https:\/\/kursy-udt.pl\/en\/wp-json\/wp\/v2\/types\/page"}],"author":[{"embeddable":true,"href":"https:\/\/kursy-udt.pl\/en\/wp-json\/wp\/v2\/users\/1"}],"replies":[{"embeddable":true,"href":"https:\/\/kursy-udt.pl\/en\/wp-json\/wp\/v2\/comments?post=2359"}],"version-history":[{"count":10,"href":"https:\/\/kursy-udt.pl\/en\/wp-json\/wp\/v2\/pages\/2359\/revisions"}],"predecessor-version":[{"id":4308,"href":"https:\/\/kursy-udt.pl\/en\/wp-json\/wp\/v2\/pages\/2359\/revisions\/4308"}],"up":[{"embeddable":true,"href":"https:\/\/kursy-udt.pl\/en\/wp-json\/wp\/v2\/pages\/2263"}],"wp:featuredmedia":[{"embeddable":true,"href":"https:\/\/kursy-udt.pl\/en\/wp-json\/wp\/v2\/media\/1306"}],"wp:attachment":[{"href":"https:\/\/kursy-udt.pl\/en\/wp-json\/wp\/v2\/media?parent=2359"}],"curies":[{"name":"wp","href":"https:\/\/api.w.org\/{rel}","templated":true}]}}